{"id":52,"date":"2016-02-16T00:23:09","date_gmt":"2016-02-16T00:23:09","guid":{"rendered":"http:\/\/hq-advisory.com\/?page_id=52"},"modified":"2017-12-22T01:01:59","modified_gmt":"2017-12-22T01:01:59","slug":"top-five-das-duvidas-sobre-patentes","status":"publish","type":"page","link":"http:\/\/hq-advisory.com\/en\/blog\/top-five-das-duvidas-sobre-patentes\/","title":{"rendered":"Patentes: as 5 principais d\u00favidas"},"content":{"rendered":"<p><i>A sua empresa desenvolveu algo inovador e voc\u00ea n\u00e3o quer que ningu\u00e9m copie. Provavelmente voc\u00ea pensou em patentes. E agora? Ser\u00e1 que \u00e9 esse o caminho?<\/i><\/p>\n<p><i>\u00a0<\/i><\/p>\n<h2>Pensando nisso, fizemos esse post com\u00a0as 5 perguntas mais frequentes quando o assunto \u00e9 patentes.<\/h2>\n<h2><\/h2>\n<p><img loading=\"lazy\" decoding=\"async\" class=\"aligncenter wp-image-159 size-medium\" src=\"https:\/\/hqadvisory.files.wordpress.com\/2015\/09\/5-pista.jpg?w=225\" alt=\"patentes\" width=\"225\" height=\"300\" \/><\/p>\n<p><span style=\"font-weight: 400;\">Na intera\u00e7\u00e3o e execu\u00e7\u00e3o de servi\u00e7os para diversas empresas e <em>startups<\/em>, percebemos que algumas d\u00favidas na \u00e1rea de Propriedade Intelectual s\u00e3o recorrentes.<\/span><\/p>\n<p><span style=\"font-weight: 400;\">Pensando nisso, elaboramos o TOP FIVE das perguntas que n\u00e3o querem calar na \u00e1rea de <strong>PATENTES<\/strong>.<\/span><\/p>\n<p><span style=\"font-weight: 400;\">Caso a sua d\u00favida n\u00e3o conste no nosso TOP FIVE, entre em <a href=\"http:\/\/hq-advisory.com.br\/contato\/\" target=\"_blank\" rel=\"noopener\">contato conosco <\/a>e ser\u00e1 um prazer lhe ajudar!<\/span><\/p>\n<p><b>\u00a0<\/b><strong>5. O que \u00e9 patente\u00e1vel?<\/strong><\/p>\n<p>De acordo com a lei brasileira, \u00e9 patente\u00e1vel todo produto ou processo que tenha:<\/p>\n<p><span style=\"font-weight: 400;\">a) <em>novidade:<\/em> em nenhum lugar do mundo h\u00e1 registro de uma inven\u00e7\u00e3o como a sua &#8211; o que torna essencial realizar uma busca de anterioridade em bancos de patentes.<\/span><\/p>\n<p><span style=\"font-weight: 400;\">b) <em>atividade inventiva:<\/em> tamb\u00e9m conhecido como &#8220;a grande sacada&#8221; ou &#8220;pulo do gato&#8221;, significa que a inova\u00e7\u00e3o proposta n\u00e3o pode ser evidente ou \u00f3bvia para um t\u00e9cnico no assunto.<\/span><\/p>\n<p><span style=\"font-weight: 400;\">c) <em>aplica\u00e7\u00e3o industrial:<\/em> a mat\u00e9ria da tecnologia deve ser aplic\u00e1vel em alguma ind\u00fastria (mas tamb\u00e9m pode se aplicar \u00e0 agricultura, servi\u00e7os,&#8230;).<\/span><\/p>\n<p><span style=\"font-weight: 400;\">H\u00e1 tamb\u00e9m o que \u00e9 considerado n\u00e3o patente\u00e1vel, como f\u00f3rmulas matem\u00e1ticas. Verificar o Art.10 desse link <\/span><a href=\"http:\/\/www.planalto.gov.br\/ccivil_03\/leis\/l9279.htm\"><span style=\"font-weight: 400;\">aqui<\/span><\/a><span style=\"font-weight: 400;\">.<\/span><\/p>\n<p><span style=\"font-weight: 400;\">Lembrando que outra estrat\u00e9gia de prote\u00e7\u00e3o de tecnologia \u00e9 o chamado <\/span><b>Segredo Industrial<\/b><span style=\"font-weight: 400;\">, que consiste, como o nome diz, em manter em sigilo todos os fatores inovadores do produto\/servi\u00e7o (exemplo cl\u00e1ssico \u00e9 a receita da Coca-Cola).<\/span><\/p>\n<p>4. <strong>Se eu protejo no Brasil, vale no mundo inteiro?<\/strong><\/p>\n<p>N\u00e3o, vai ser protegido apenas no Brasil. A prote\u00e7\u00e3o \u00e9 territorial, de modo que se h\u00e1 interesse de operar\/comercializar em outros pa\u00edses, \u00e9 recomendada a prote\u00e7\u00e3o em cada um desses pa\u00edses.<br \/>\nH\u00e1 procedimentos consolidados para realizar essa prote\u00e7\u00e3o, com destaque ao PCT (Patent Cooperation Treaty).<\/p>\n<p>Para maiores informa\u00e7\u00f5es sobre internacionaliza\u00e7\u00e3o de patentes, confira<a href=\"http:\/\/hq-advisory.com\/blog\/quer-patente-internacional\/\"> Voc\u00ea quer uma patente internacional?<\/a><\/p>\n<ol start=\"3\">\n<li><b>E se algu\u00e9m copiar a minha patente, o que eu fa\u00e7o?<\/b><\/li>\n<\/ol>\n<p><span style=\"font-weight: 400;\">H\u00e1 caminhos jur\u00eddicos a serem usados em tais tipos de situa\u00e7\u00f5es, desde notifica\u00e7\u00e3o extrajudicial at\u00e9 entrada de liminar na justi\u00e7a solicitando parada de comercializa\u00e7\u00e3o relacionada \u00e0 patente infringida. Cada caso \u00e9 um caso e recomenda-se fortemente a busca por apoio de um advogado com conhecimentos na \u00e1rea de Propriedade Intelectual.<\/span><\/p>\n<ol start=\"2\">\n<li><b>Eu fa\u00e7o software, tem como proteger?<\/b><\/li>\n<\/ol>\n<p><b>Sim<\/b><span style=\"font-weight: 400;\">. O INPI (Instituto Nacional da Propriedade Industrial, institui\u00e7\u00e3o respons\u00e1vel pelo registro de marcas e processo de patentes no Brasil) tem um procedimento espec\u00edfico para prote\u00e7\u00e3o de programa de computador. <\/span><br \/>\n<span style=\"font-weight: 400;\">Contudo, em grande parte dos casos, esse procedimento <\/span><b>n\u00e3o \u00e9 a melhor op\u00e7\u00e3o de prote\u00e7\u00e3o<\/b><span style=\"font-weight: 400;\">, de modo que h\u00e1 outras estrat\u00e9gias mais eficazes como:<\/span><\/p>\n<p><span style=\"font-weight: 400;\">a) patente de inven\u00e7\u00e3o quando o programa \u00e9 integrado a algum hardware &#8211; prote\u00e7\u00e3o do dispositivo com tal funcionalidade;<\/span><br \/>\n<span style=\"font-weight: 400;\">b) prote\u00e7\u00e3o da marca.<\/span><br \/>\n<span style=\"font-weight: 400;\">Novamente, cada caso possui suas peculiaridades e deve ser analisado juntamente com ajuda especializada.<\/span><\/p>\n<ol>\n<li><b>Protegi a minha inven\u00e7\u00e3o, ent\u00e3o est\u00e1 tudo garantido?<\/b><\/li>\n<\/ol>\n<p>Como esta pergunta possui diversas interpreta\u00e7\u00f5es,\u00a0vamos responder a cada uma delas!<\/p>\n<p><b>1.1. Ap\u00f3s depositar o pedido de patente, <\/b><b>a prote\u00e7\u00e3o est\u00e1 garantida<\/b><b>?<\/b><\/p>\n<p><b>N\u00e3o.<\/b><span style=\"font-weight: 400;\"> H\u00e1 diversas an\u00e1lises por parte do INPI, que podem resultar no deferimento ou n\u00e3o da patente. Sua empresa s\u00f3 poder\u00e1 dizer que tem uma \u201cpatente concedida\u201d quando o INPI terminar de examin\u00e1-la. At\u00e9 l\u00e1, voc\u00ea poder\u00e1 dizer que sua empresa tem uma \u201cpatente pendente\u201d.<\/span><\/p>\n<p><b>1.2. Ah, eu ouvi dizer que patente demora para ser analisada no Brasil\u2026 \u00c9 verdade? Eu vou ter que esperar muito para poder fazer uso dela?<\/b><\/p>\n<p><b>Sim<\/b><span style=\"font-weight: 400;\">, esse processo demora mesmo &#8211; uma patente leva em m\u00e9dia 8 anos para ser concedida no Brasil.<\/span><br \/>\n<span style=\"font-weight: 400;\">A boa not\u00edcia \u00e9 que: <\/span><b>N\u00e3o, <\/b><span style=\"font-weight: 400;\">voc\u00ea n\u00e3o precisa esperar at\u00e9 a concess\u00e3o da patente para poder fazer uso dela. Isto significa que sua empresa pode licenci\u00e1-la, vend\u00ea-la e afins desde o momento do dep\u00f3sito do pedido de patente.<\/span><\/p>\n<p><b>1.3. Maravilha! Ent\u00e3o agora \u00e9 s\u00f3 minha empresa proteger e ficar rica com a patente!<\/b><\/p>\n<p><span style=\"font-weight: 400;\">Calma a\u00ed, meu jovem!<\/span><\/p>\n<p><span style=\"font-weight: 400;\">O que define o sucesso ou n\u00e3o de uma tecnologia \u00e9 a execu\u00e7\u00e3o e diversos outros fatores de mercado.<\/span><\/p>\n<p><span style=\"font-weight: 400;\">Patente \u00e9 a prote\u00e7\u00e3o de todo esse trabalho desenvolvido, mas ela, sozinha, n\u00e3o \u00e9 garantia de que a tecnologia tem mercado, tra\u00e7\u00e3o e potencial. Quem tem que garantir esses pontos \u00e9 a sua equipe.<\/span><\/p>\n<p><span style=\"font-weight: 400;\">Este post lhe ajudou a decidir sobre entrar com pedido de patente da tecnologia da sua empresa? Restou alguma d\u00favida?<\/span><\/p>\n<p><span style=\"font-weight: 400;\">Entre em <a href=\"http:\/\/hq-advisory.com.br\/contato\/\" target=\"_blank\" rel=\"noopener\">contato conosco<\/a> e ser\u00e1 um prazer lhe ajudar.<\/span><\/p>\n<p><strong>Caro<img loading=\"lazy\" decoding=\"async\" class=\"alignleft wp-image-31 \" src=\"https:\/\/hqadvisory.files.wordpress.com\/2015\/01\/carolina_site.png?w=96&amp;h=96&amp;crop=1\" alt=\"Carolina_site\" width=\"120\" height=\"120\" \/>lina Heimann<\/strong><br \/>\n\u00e9 engenheira de bioprocessos e biotecnologista pela UFPR, e tem experi\u00eancia nas \u00e1reas de Propriedade Intelectual, Estrat\u00e9gia, Transfer\u00eancia de Tecnologia, Gest\u00e3o e Inova\u00e7\u00e3o.<\/p>\n<p><span style=\"color: #808080;\">Esse texto \u201cPatentes: as 5 principais d\u00favidas\u201d \u00e9 livre e <i>open source. <\/i>Voc\u00ea tem permiss\u00e3o para republicar esse texto sob licen\u00e7a Creative Commons (<a style=\"color: #808080;\" href=\"https:\/\/creativecommons.org\/licenses\/by\/3.0\/br\/\" target=\"_blank\" rel=\"noopener\">https:\/\/creativecommons.org\/<wbr \/>licenses\/by\/3.0\/br\/<\/a>) , atribuindo a autoria a \u201cCarolina Heimann\u201d, HQ Advisory, 16 de fevereiro\u00a0de 2016, 00h23.\u00a0Se voc\u00ea identificar algum erro de digita\u00e7\u00e3o, mande um e-mail para\u00a0<a style=\"color: #808080;\" href=\"mailto:contato@hq-advisory.com\" target=\"_blank\" rel=\"noopener\">contato@hq-advisory.com<\/a><\/span><\/p>\n","protected":false},"excerpt":{"rendered":"<p>A sua empresa desenvolveu algo inovador e voc\u00ea n\u00e3o quer que ningu\u00e9m copie. Provavelmente voc\u00ea pensou em patentes. E agora? Ser\u00e1 que \u00e9 esse o caminho? \u00a0 Pensando nisso, fizemos esse post com\u00a0as 5 perguntas mais frequentes quando o assunto \u00e9 patentes. Na intera\u00e7\u00e3o e execu\u00e7\u00e3o de servi\u00e7os para diversas empresas e startups, percebemos que &hellip; <a href=\"http:\/\/hq-advisory.com\/en\/blog\/top-five-das-duvidas-sobre-patentes\/\" class=\"more-link\">Continue reading <span class=\"screen-reader-text\">Patentes: as 5 principais d\u00favidas<\/span><\/a><\/p>\n","protected":false},"author":1,"featured_media":0,"parent":69,"menu_order":0,"comment_status":"closed","ping_status":"closed","template":"page-templates\/full-width-page.php","meta":{"_exactmetrics_skip_tracking":false,"_exactmetrics_sitenote_active":false,"_exactmetrics_sitenote_note":"","_exactmetrics_sitenote_category":0,"jetpack_post_was_ever_published":false,"footnotes":""},"class_list":["post-52","page","type-page","status-publish","hentry"],"translation":{"provider":"WPGlobus","version":"3.0.0","language":"en","enabled_languages":["br","en"],"languages":{"br":{"title":true,"content":true,"excerpt":false},"en":{"title":false,"content":false,"excerpt":false}}},"yoast_head":"<!-- This site is optimized with the Yoast SEO plugin v27.4 - https:\/\/yoast.com\/product\/yoast-seo-wordpress\/ -->\n<title>Patentes: as 5 principais d\u00favidas - HQ Advisory - The Innovation HeadQuarters<\/title>\n<meta name=\"robots\" content=\"index, follow, max-snippet:-1, max-image-preview:large, max-video-preview:-1\" \/>\n<link rel=\"canonical\" href=\"http:\/\/hq-advisory.com\/blog\/top-five-das-duvidas-sobre-patentes\/\" \/>\n<meta property=\"og:locale\" content=\"en_US\" \/>\n<meta property=\"og:type\" content=\"article\" \/>\n<meta property=\"og:title\" content=\"Patentes: as 5 principais d\u00favidas - HQ Advisory - The Innovation HeadQuarters\" \/>\n<meta property=\"og:url\" content=\"http:\/\/hq-advisory.com\/blog\/top-five-das-duvidas-sobre-patentes\/\" \/>\n<meta property=\"og:site_name\" content=\"HQ Advisory - The Innovation HeadQuarters\" \/>\n<meta property=\"article:publisher\" content=\"https:\/\/www.facebook.com\/hqadvisory\" \/>\n<meta property=\"article:modified_time\" content=\"2017-12-22T01:01:59+00:00\" \/>\n<meta property=\"og:image\" content=\"https:\/\/hqadvisory.files.wordpress.com\/2015\/09\/5-pista.jpg?w=225\" \/>\n<meta name=\"twitter:card\" content=\"summary_large_image\" \/>\n<meta name=\"twitter:label1\" content=\"Est. reading time\" \/>\n\t<meta name=\"twitter:data1\" content=\"4 minutes\" \/>\n<script type=\"application\/ld+json\" class=\"yoast-schema-graph\">{\"@context\":\"https:\\\/\\\/schema.org\",\"@graph\":[{\"@type\":\"WebPage\",\"@id\":\"http:\\\/\\\/hq-advisory.com\\\/blog\\\/top-five-das-duvidas-sobre-patentes\\\/\",\"url\":\"http:\\\/\\\/hq-advisory.com\\\/blog\\\/top-five-das-duvidas-sobre-patentes\\\/\",\"name\":\"Patentes: as 5 principais d\u00favidas - HQ Advisory - The Innovation HeadQuarters\",\"isPartOf\":{\"@id\":\"http:\\\/\\\/hq-advisory.com\\\/en\\\/#website\"},\"primaryImageOfPage\":{\"@id\":\"http:\\\/\\\/hq-advisory.com\\\/blog\\\/top-five-das-duvidas-sobre-patentes\\\/#primaryimage\"},\"image\":{\"@id\":\"http:\\\/\\\/hq-advisory.com\\\/blog\\\/top-five-das-duvidas-sobre-patentes\\\/#primaryimage\"},\"thumbnailUrl\":\"https:\\\/\\\/hqadvisory.files.wordpress.com\\\/2015\\\/09\\\/5-pista.jpg?w=225\",\"datePublished\":\"2016-02-16T00:23:09+00:00\",\"dateModified\":\"2017-12-22T01:01:59+00:00\",\"description\":\"Teve uma ideia genial e est\u00e1 com d\u00favidas em patentes? N\u00e3o deixe de ler a resposta para as 5 perguntas mais importantes na \u00e1rea de\u00a0patentes.\",\"breadcrumb\":{\"@id\":\"http:\\\/\\\/hq-advisory.com\\\/blog\\\/top-five-das-duvidas-sobre-patentes\\\/#breadcrumb\"},\"inLanguage\":\"en-US\",\"potentialAction\":[{\"@type\":\"ReadAction\",\"target\":[\"http:\\\/\\\/hq-advisory.com\\\/blog\\\/top-five-das-duvidas-sobre-patentes\\\/\"]}]},{\"@type\":\"ImageObject\",\"inLanguage\":\"en-US\",\"@id\":\"http:\\\/\\\/hq-advisory.com\\\/blog\\\/top-five-das-duvidas-sobre-patentes\\\/#primaryimage\",\"url\":\"https:\\\/\\\/hqadvisory.files.wordpress.com\\\/2015\\\/09\\\/5-pista.jpg?w=225\",\"contentUrl\":\"https:\\\/\\\/hqadvisory.files.wordpress.com\\\/2015\\\/09\\\/5-pista.jpg?w=225\"},{\"@type\":\"BreadcrumbList\",\"@id\":\"http:\\\/\\\/hq-advisory.com\\\/blog\\\/top-five-das-duvidas-sobre-patentes\\\/#breadcrumb\",\"itemListElement\":[{\"@type\":\"ListItem\",\"position\":1,\"name\":\"In\u00edcio\",\"item\":\"http:\\\/\\\/hq-advisory.com\\\/en\\\/\"},{\"@type\":\"ListItem\",\"position\":2,\"name\":\"BLOG\",\"item\":\"http:\\\/\\\/hq-advisory.com\\\/blog\\\/\"},{\"@type\":\"ListItem\",\"position\":3,\"name\":\"Patentes: as 5 principais d\u00favidas\"}]},{\"@type\":\"WebSite\",\"@id\":\"http:\\\/\\\/hq-advisory.com\\\/en\\\/#website\",\"url\":\"http:\\\/\\\/hq-advisory.com\\\/en\\\/\",\"name\":\"HQ Advisory - The Innovation HeadQuarters\",\"description\":\"A HQ Advisory oferece servi\u00e7os de valida\u00e7\u00e3o jur\u00eddica , prote\u00e7\u00e3o de propriedade Intelectual, registro de patentes e marcas, reda\u00e7\u00e3o de contratos, cursos e treinamentos. O Quartel General da Inova\u00e7\u00e3o\",\"publisher\":{\"@id\":\"http:\\\/\\\/hq-advisory.com\\\/en\\\/#organization\"},\"potentialAction\":[{\"@type\":\"SearchAction\",\"target\":{\"@type\":\"EntryPoint\",\"urlTemplate\":\"http:\\\/\\\/hq-advisory.com\\\/en\\\/?s={search_term_string}\"},\"query-input\":{\"@type\":\"PropertyValueSpecification\",\"valueRequired\":true,\"valueName\":\"search_term_string\"}}],\"inLanguage\":\"en-US\"},{\"@type\":\"Organization\",\"@id\":\"http:\\\/\\\/hq-advisory.com\\\/en\\\/#organization\",\"name\":\"HQ Advisory\",\"url\":\"http:\\\/\\\/hq-advisory.com\\\/en\\\/\",\"logo\":{\"@type\":\"ImageObject\",\"inLanguage\":\"en-US\",\"@id\":\"http:\\\/\\\/hq-advisory.com\\\/en\\\/#\\\/schema\\\/logo\\\/image\\\/\",\"url\":\"http:\\\/\\\/hq-advisory.com\\\/wp-content\\\/uploads\\\/2016\\\/02\\\/hq-logo.png\",\"contentUrl\":\"http:\\\/\\\/hq-advisory.com\\\/wp-content\\\/uploads\\\/2016\\\/02\\\/hq-logo.png\",\"width\":1252,\"height\":588,\"caption\":\"HQ Advisory\"},\"image\":{\"@id\":\"http:\\\/\\\/hq-advisory.com\\\/en\\\/#\\\/schema\\\/logo\\\/image\\\/\"},\"sameAs\":[\"https:\\\/\\\/www.facebook.com\\\/hqadvisory\",\"https:\\\/\\\/www.instagram.com\\\/hq_advisory\\\/\",\"https:\\\/\\\/www.linkedin.com\\\/company\\\/hq-advisory\"]}]}<\/script>\n<!-- \/ Yoast SEO plugin. -->","yoast_head_json":{"title":"Patentes: as 5 principais d\u00favidas - HQ Advisory - The Innovation HeadQuarters","robots":{"index":"index","follow":"follow","max-snippet":"max-snippet:-1","max-image-preview":"max-image-preview:large","max-video-preview":"max-video-preview:-1"},"canonical":"http:\/\/hq-advisory.com\/blog\/top-five-das-duvidas-sobre-patentes\/","og_locale":"en_US","og_type":"article","og_title":"Patentes: as 5 principais d\u00favidas - HQ Advisory - The Innovation HeadQuarters","og_url":"http:\/\/hq-advisory.com\/blog\/top-five-das-duvidas-sobre-patentes\/","og_site_name":"HQ Advisory - The Innovation HeadQuarters","article_publisher":"https:\/\/www.facebook.com\/hqadvisory","article_modified_time":"2017-12-22T01:01:59+00:00","og_image":[{"url":"https:\/\/hqadvisory.files.wordpress.com\/2015\/09\/5-pista.jpg?w=225","type":"","width":"","height":""}],"twitter_card":"summary_large_image","twitter_misc":{"Est. reading time":"4 minutes"},"schema":{"@context":"https:\/\/schema.org","@graph":[{"@type":"WebPage","@id":"http:\/\/hq-advisory.com\/blog\/top-five-das-duvidas-sobre-patentes\/","url":"http:\/\/hq-advisory.com\/blog\/top-five-das-duvidas-sobre-patentes\/","name":"Patentes: as 5 principais d\u00favidas - HQ Advisory - The Innovation HeadQuarters","isPartOf":{"@id":"http:\/\/hq-advisory.com\/en\/#website"},"primaryImageOfPage":{"@id":"http:\/\/hq-advisory.com\/blog\/top-five-das-duvidas-sobre-patentes\/#primaryimage"},"image":{"@id":"http:\/\/hq-advisory.com\/blog\/top-five-das-duvidas-sobre-patentes\/#primaryimage"},"thumbnailUrl":"https:\/\/hqadvisory.files.wordpress.com\/2015\/09\/5-pista.jpg?w=225","datePublished":"2016-02-16T00:23:09+00:00","dateModified":"2017-12-22T01:01:59+00:00","description":"Teve uma ideia genial e est\u00e1 com d\u00favidas em patentes? N\u00e3o deixe de ler a resposta para as 5 perguntas mais importantes na \u00e1rea de\u00a0patentes.","breadcrumb":{"@id":"http:\/\/hq-advisory.com\/blog\/top-five-das-duvidas-sobre-patentes\/#breadcrumb"},"inLanguage":"en-US","potentialAction":[{"@type":"ReadAction","target":["http:\/\/hq-advisory.com\/blog\/top-five-das-duvidas-sobre-patentes\/"]}]},{"@type":"ImageObject","inLanguage":"en-US","@id":"http:\/\/hq-advisory.com\/blog\/top-five-das-duvidas-sobre-patentes\/#primaryimage","url":"https:\/\/hqadvisory.files.wordpress.com\/2015\/09\/5-pista.jpg?w=225","contentUrl":"https:\/\/hqadvisory.files.wordpress.com\/2015\/09\/5-pista.jpg?w=225"},{"@type":"BreadcrumbList","@id":"http:\/\/hq-advisory.com\/blog\/top-five-das-duvidas-sobre-patentes\/#breadcrumb","itemListElement":[{"@type":"ListItem","position":1,"name":"In\u00edcio","item":"http:\/\/hq-advisory.com\/en\/"},{"@type":"ListItem","position":2,"name":"BLOG","item":"http:\/\/hq-advisory.com\/blog\/"},{"@type":"ListItem","position":3,"name":"Patentes: as 5 principais d\u00favidas"}]},{"@type":"WebSite","@id":"http:\/\/hq-advisory.com\/en\/#website","url":"http:\/\/hq-advisory.com\/en\/","name":"HQ Advisory - The Innovation HeadQuarters","description":"A HQ Advisory oferece servi\u00e7os de valida\u00e7\u00e3o jur\u00eddica , prote\u00e7\u00e3o de propriedade Intelectual, registro de patentes e marcas, reda\u00e7\u00e3o de contratos, cursos e treinamentos. O Quartel General da Inova\u00e7\u00e3o","publisher":{"@id":"http:\/\/hq-advisory.com\/en\/#organization"},"potentialAction":[{"@type":"SearchAction","target":{"@type":"EntryPoint","urlTemplate":"http:\/\/hq-advisory.com\/en\/?s={search_term_string}"},"query-input":{"@type":"PropertyValueSpecification","valueRequired":true,"valueName":"search_term_string"}}],"inLanguage":"en-US"},{"@type":"Organization","@id":"http:\/\/hq-advisory.com\/en\/#organization","name":"HQ Advisory","url":"http:\/\/hq-advisory.com\/en\/","logo":{"@type":"ImageObject","inLanguage":"en-US","@id":"http:\/\/hq-advisory.com\/en\/#\/schema\/logo\/image\/","url":"http:\/\/hq-advisory.com\/wp-content\/uploads\/2016\/02\/hq-logo.png","contentUrl":"http:\/\/hq-advisory.com\/wp-content\/uploads\/2016\/02\/hq-logo.png","width":1252,"height":588,"caption":"HQ Advisory"},"image":{"@id":"http:\/\/hq-advisory.com\/en\/#\/schema\/logo\/image\/"},"sameAs":["https:\/\/www.facebook.com\/hqadvisory","https:\/\/www.instagram.com\/hq_advisory\/","https:\/\/www.linkedin.com\/company\/hq-advisory"]}]}},"jetpack_sharing_enabled":true,"jetpack_shortlink":"https:\/\/wp.me\/P7Gted-Q","_links":{"self":[{"href":"http:\/\/hq-advisory.com\/en\/wp-json\/wp\/v2\/pages\/52","targetHints":{"allow":["GET"]}}],"collection":[{"href":"http:\/\/hq-advisory.com\/en\/wp-json\/wp\/v2\/pages"}],"about":[{"href":"http:\/\/hq-advisory.com\/en\/wp-json\/wp\/v2\/types\/page"}],"author":[{"embeddable":true,"href":"http:\/\/hq-advisory.com\/en\/wp-json\/wp\/v2\/users\/1"}],"replies":[{"embeddable":true,"href":"http:\/\/hq-advisory.com\/en\/wp-json\/wp\/v2\/comments?post=52"}],"version-history":[{"count":9,"href":"http:\/\/hq-advisory.com\/en\/wp-json\/wp\/v2\/pages\/52\/revisions"}],"predecessor-version":[{"id":352,"href":"http:\/\/hq-advisory.com\/en\/wp-json\/wp\/v2\/pages\/52\/revisions\/352"}],"up":[{"embeddable":true,"href":"http:\/\/hq-advisory.com\/en\/wp-json\/wp\/v2\/pages\/69"}],"wp:attachment":[{"href":"http:\/\/hq-advisory.com\/en\/wp-json\/wp\/v2\/media?parent=52"}],"curies":[{"name":"wp","href":"https:\/\/api.w.org\/{rel}","templated":true}]}}