{"id":48,"date":"2016-02-16T00:19:18","date_gmt":"2016-02-16T00:19:18","guid":{"rendered":"http:\/\/hq-advisory.com\/?page_id=48"},"modified":"2018-09-26T03:18:31","modified_gmt":"2018-09-26T03:18:31","slug":"sobre-a-hq-advisory","status":"publish","type":"page","link":"http:\/\/hq-advisory.com\/en\/sobre-a-hq-advisory\/","title":{"rendered":"About us"},"content":{"rendered":"<h2 style=\"text-align: left;\">HQ Advisory is the headquarters for your innovation.<\/h2>\n<p>The mission of HQ Advisory is to ensure that its clients undertake with the certainty that their innovations will be protected according to the strategy of the company and the current legislation.<\/p>\n<p>To achieve this mission, we seek for a <strong>strategic and global understanding<\/strong> of your business to better guide your business transactions and protect your intangible assets.<\/p>\n<p>Services are offered at all stages of the product, service or business innovation process, with emphasis on the following areas: (click for more information)<\/p>\n<p>1. <a href=\"http:\/\/hq-advisory.com.br\/servicos\/validacao-juridica\/\">Freedom to operate<\/a><\/p>\n<p>2. <a href=\"http:\/\/hq-advisory.com.br\/servicos\/propriedade-intelectual\/\">Intellectual Property, including trademark protection and patent application<\/a><\/p>\n<p>3. <a href=\"http:\/\/hq-advisory.com.br\/servicos\/contratos\/\">Contracts<\/a><\/p>\n<p>4. <a href=\"http:\/\/hq-advisory.com.br\/servicos\/cursos-e-treinamentos\/\">Courses and Workshops<\/a><\/p>\n<h2><strong><a href=\"http:\/\/hq-advisory.com.br\/contato\/\">Contact us<\/a>\u00a0and we will respond within 24 hours.<\/strong><\/h2>\n<p>HQ Advisory is a connected company that uses technology to simplify and facilitate service.<\/p>\n<p>Thus, our clients are in the most diverse points of Brazil and the world. Regardless of your geographic location, we provide an agile and broad service.<\/p>\n<p>&nbsp;<\/p>\n<p><img loading=\"lazy\" decoding=\"async\" class=\"aligncenter wp-image-246 size-medium_large\" src=\"http:\/\/hq-advisory.com\/wp-content\/uploads\/2016\/02\/mapa-HQ_br2017-e1490126876144-768x696.png\" width=\"648\" height=\"587\" srcset=\"http:\/\/hq-advisory.com\/wp-content\/uploads\/2016\/02\/mapa-HQ_br2017-e1490126876144-768x696.png 768w, http:\/\/hq-advisory.com\/wp-content\/uploads\/2016\/02\/mapa-HQ_br2017-e1490126876144-300x272.png 300w, http:\/\/hq-advisory.com\/wp-content\/uploads\/2016\/02\/mapa-HQ_br2017-e1490126876144-648x587.png 648w, http:\/\/hq-advisory.com\/wp-content\/uploads\/2016\/02\/mapa-HQ_br2017-e1490126876144-212x192.png 212w, http:\/\/hq-advisory.com\/wp-content\/uploads\/2016\/02\/mapa-HQ_br2017-e1490126876144.png 787w\" sizes=\"auto, (max-width: 648px) 100vw, 648px\" \/><\/p>\n<p>We have partners in several countries, so the protection of your intangible assets has no borders with our advice.<\/p>\n<p><img loading=\"lazy\" decoding=\"async\" class=\"aligncenter wp-image-180 size-full\" src=\"http:\/\/hq-advisory.com\/wp-content\/uploads\/2016\/02\/HQ_mundo.png\" alt=\"HQ_mundo\" width=\"1280\" height=\"720\" srcset=\"http:\/\/hq-advisory.com\/wp-content\/uploads\/2016\/02\/HQ_mundo.png 1280w, http:\/\/hq-advisory.com\/wp-content\/uploads\/2016\/02\/HQ_mundo-300x169.png 300w, http:\/\/hq-advisory.com\/wp-content\/uploads\/2016\/02\/HQ_mundo-768x432.png 768w, http:\/\/hq-advisory.com\/wp-content\/uploads\/2016\/02\/HQ_mundo-1024x576.png 1024w, http:\/\/hq-advisory.com\/wp-content\/uploads\/2016\/02\/HQ_mundo-648x365.png 648w, http:\/\/hq-advisory.com\/wp-content\/uploads\/2016\/02\/HQ_mundo-341x192.png 341w\" sizes=\"auto, (max-width: 1280px) 100vw, 1280px\" \/><\/p>\n<h4>HQ Advisory is the ideal partner to ensure the legal security of the intellectual assets of your company!<\/h4>\n<h4><strong><a href=\"http:\/\/hq-advisory.com.br\/contato\/\">Contact us<\/a>\u00a0and we will respond within 24 hours.<\/strong><\/h4>\n","protected":false},"excerpt":{"rendered":"<p>HQ Advisory is the headquarters for your innovation. The mission of HQ Advisory is to ensure that its clients undertake with the certainty that their innovations will be protected according to the strategy of the company and the current legislation. To achieve this mission, we seek for a strategic and global understanding of your business &hellip; <a href=\"http:\/\/hq-advisory.com\/en\/sobre-a-hq-advisory\/\" class=\"more-link\">Continue reading <span class=\"screen-reader-text\">About us<\/span><\/a><\/p>\n","protected":false},"author":1,"featured_media":141,"parent":0,"menu_order":0,"comment_status":"closed","ping_status":"closed","template":"page-templates\/full-width-page.php","meta":{"_exactmetrics_skip_tracking":false,"_exactmetrics_sitenote_active":false,"_exactmetrics_sitenote_note":"","_exactmetrics_sitenote_category":0,"jetpack_post_was_ever_published":false,"footnotes":""},"class_list":["post-48","page","type-page","status-publish","has-post-thumbnail","hentry"],"translation":{"provider":"WPGlobus","version":"3.0.0","language":"en","enabled_languages":["br","en"],"languages":{"br":{"title":true,"content":true,"excerpt":false},"en":{"title":true,"content":true,"excerpt":false}}},"yoast_head":"<!-- This site is optimized with the Yoast SEO plugin v27.4 - https:\/\/yoast.com\/product\/yoast-seo-wordpress\/ -->\n<title>Sobre a HQ Advisory - o Quartel-General da Inova\u00e7\u00e3o<\/title>\n<meta name=\"robots\" content=\"index, follow, max-snippet:-1, max-image-preview:large, max-video-preview:-1\" \/>\n<link rel=\"canonical\" href=\"http:\/\/hq-advisory.com\/sobre-a-hq-advisory\/\" \/>\n<meta property=\"og:locale\" content=\"en_US\" \/>\n<meta property=\"og:type\" content=\"article\" \/>\n<meta property=\"og:title\" content=\"About us - HQ Advisory - The Innovation HeadQuarters\" \/>\n<meta property=\"og:url\" content=\"http:\/\/hq-advisory.com\/sobre-a-hq-advisory\/\" \/>\n<meta property=\"og:site_name\" content=\"HQ Advisory - The Innovation HeadQuarters\" \/>\n<meta property=\"article:publisher\" content=\"https:\/\/www.facebook.com\/hqadvisory\" \/>\n<meta property=\"article:modified_time\" content=\"2018-09-26T03:18:31+00:00\" \/>\n<meta property=\"og:image\" content=\"http:\/\/hq-advisory.com\/wp-content\/uploads\/2016\/02\/5.png\" \/>\n\t<meta property=\"og:image:width\" content=\"729\" \/>\n\t<meta property=\"og:image:height\" content=\"307\" \/>\n\t<meta property=\"og:image:type\" content=\"image\/png\" \/>\n<meta name=\"twitter:card\" content=\"summary_large_image\" \/>\n<meta name=\"twitter:label1\" content=\"Est. reading time\" \/>\n\t<meta name=\"twitter:data1\" content=\"3 minutes\" \/>\n<script type=\"application\/ld+json\" class=\"yoast-schema-graph\">{\"@context\":\"https:\\\/\\\/schema.org\",\"@graph\":[{\"@type\":\"WebPage\",\"@id\":\"http:\\\/\\\/hq-advisory.com\\\/sobre-a-hq-advisory\\\/\",\"url\":\"http:\\\/\\\/hq-advisory.com\\\/sobre-a-hq-advisory\\\/\",\"name\":\"Sobre a HQ Advisory - o Quartel-General da Inova\u00e7\u00e3o\",\"isPartOf\":{\"@id\":\"http:\\\/\\\/hq-advisory.com\\\/en\\\/#website\"},\"primaryImageOfPage\":{\"@id\":\"http:\\\/\\\/hq-advisory.com\\\/sobre-a-hq-advisory\\\/#primaryimage\"},\"image\":{\"@id\":\"http:\\\/\\\/hq-advisory.com\\\/sobre-a-hq-advisory\\\/#primaryimage\"},\"thumbnailUrl\":\"http:\\\/\\\/hq-advisory.com\\\/wp-content\\\/uploads\\\/2016\\\/02\\\/5.png\",\"datePublished\":\"2016-02-16T00:19:18+00:00\",\"dateModified\":\"2018-09-26T03:18:31+00:00\",\"description\":\"A HQ Advisory \u00e9 o Quartel General da Inova\u00e7\u00e3o: proteja a sua marca, patenteie suas tecnologias e monitore a concorr\u00eancia.\",\"breadcrumb\":{\"@id\":\"http:\\\/\\\/hq-advisory.com\\\/sobre-a-hq-advisory\\\/#breadcrumb\"},\"inLanguage\":\"en-US\",\"potentialAction\":[{\"@type\":\"ReadAction\",\"target\":[\"http:\\\/\\\/hq-advisory.com\\\/sobre-a-hq-advisory\\\/\"]}]},{\"@type\":\"ImageObject\",\"inLanguage\":\"en-US\",\"@id\":\"http:\\\/\\\/hq-advisory.com\\\/sobre-a-hq-advisory\\\/#primaryimage\",\"url\":\"http:\\\/\\\/hq-advisory.com\\\/wp-content\\\/uploads\\\/2016\\\/02\\\/5.png\",\"contentUrl\":\"http:\\\/\\\/hq-advisory.com\\\/wp-content\\\/uploads\\\/2016\\\/02\\\/5.png\",\"width\":729,\"height\":307},{\"@type\":\"BreadcrumbList\",\"@id\":\"http:\\\/\\\/hq-advisory.com\\\/sobre-a-hq-advisory\\\/#breadcrumb\",\"itemListElement\":[{\"@type\":\"ListItem\",\"position\":1,\"name\":\"In\u00edcio\",\"item\":\"http:\\\/\\\/hq-advisory.com\\\/en\\\/\"},{\"@type\":\"ListItem\",\"position\":2,\"name\":\"Sobre a HQ Advisory\"}]},{\"@type\":\"WebSite\",\"@id\":\"http:\\\/\\\/hq-advisory.com\\\/en\\\/#website\",\"url\":\"http:\\\/\\\/hq-advisory.com\\\/en\\\/\",\"name\":\"HQ Advisory - The Innovation HeadQuarters\",\"description\":\"A HQ Advisory oferece servi\u00e7os de valida\u00e7\u00e3o jur\u00eddica , prote\u00e7\u00e3o de propriedade Intelectual, registro de patentes e marcas, reda\u00e7\u00e3o de contratos, cursos e treinamentos. O Quartel General da Inova\u00e7\u00e3o\",\"publisher\":{\"@id\":\"http:\\\/\\\/hq-advisory.com\\\/en\\\/#organization\"},\"potentialAction\":[{\"@type\":\"SearchAction\",\"target\":{\"@type\":\"EntryPoint\",\"urlTemplate\":\"http:\\\/\\\/hq-advisory.com\\\/en\\\/?s={search_term_string}\"},\"query-input\":{\"@type\":\"PropertyValueSpecification\",\"valueRequired\":true,\"valueName\":\"search_term_string\"}}],\"inLanguage\":\"en-US\"},{\"@type\":\"Organization\",\"@id\":\"http:\\\/\\\/hq-advisory.com\\\/en\\\/#organization\",\"name\":\"HQ Advisory\",\"url\":\"http:\\\/\\\/hq-advisory.com\\\/en\\\/\",\"logo\":{\"@type\":\"ImageObject\",\"inLanguage\":\"en-US\",\"@id\":\"http:\\\/\\\/hq-advisory.com\\\/en\\\/#\\\/schema\\\/logo\\\/image\\\/\",\"url\":\"http:\\\/\\\/hq-advisory.com\\\/wp-content\\\/uploads\\\/2016\\\/02\\\/hq-logo.png\",\"contentUrl\":\"http:\\\/\\\/hq-advisory.com\\\/wp-content\\\/uploads\\\/2016\\\/02\\\/hq-logo.png\",\"width\":1252,\"height\":588,\"caption\":\"HQ Advisory\"},\"image\":{\"@id\":\"http:\\\/\\\/hq-advisory.com\\\/en\\\/#\\\/schema\\\/logo\\\/image\\\/\"},\"sameAs\":[\"https:\\\/\\\/www.facebook.com\\\/hqadvisory\",\"https:\\\/\\\/www.instagram.com\\\/hq_advisory\\\/\",\"https:\\\/\\\/www.linkedin.com\\\/company\\\/hq-advisory\"]}]}<\/script>\n<!-- \/ Yoast SEO plugin. -->","yoast_head_json":{"title":"Sobre a HQ Advisory - o Quartel-General da Inova\u00e7\u00e3o","robots":{"index":"index","follow":"follow","max-snippet":"max-snippet:-1","max-image-preview":"max-image-preview:large","max-video-preview":"max-video-preview:-1"},"canonical":"http:\/\/hq-advisory.com\/sobre-a-hq-advisory\/","og_locale":"en_US","og_type":"article","og_title":"About us - HQ Advisory - The Innovation HeadQuarters","og_url":"http:\/\/hq-advisory.com\/sobre-a-hq-advisory\/","og_site_name":"HQ Advisory - The Innovation HeadQuarters","article_publisher":"https:\/\/www.facebook.com\/hqadvisory","article_modified_time":"2018-09-26T03:18:31+00:00","og_image":[{"width":729,"height":307,"url":"http:\/\/hq-advisory.com\/wp-content\/uploads\/2016\/02\/5.png","type":"image\/png"}],"twitter_card":"summary_large_image","twitter_misc":{"Est. reading time":"3 minutes"},"schema":{"@context":"https:\/\/schema.org","@graph":[{"@type":"WebPage","@id":"http:\/\/hq-advisory.com\/sobre-a-hq-advisory\/","url":"http:\/\/hq-advisory.com\/sobre-a-hq-advisory\/","name":"Sobre a HQ Advisory - o Quartel-General da Inova\u00e7\u00e3o","isPartOf":{"@id":"http:\/\/hq-advisory.com\/en\/#website"},"primaryImageOfPage":{"@id":"http:\/\/hq-advisory.com\/sobre-a-hq-advisory\/#primaryimage"},"image":{"@id":"http:\/\/hq-advisory.com\/sobre-a-hq-advisory\/#primaryimage"},"thumbnailUrl":"http:\/\/hq-advisory.com\/wp-content\/uploads\/2016\/02\/5.png","datePublished":"2016-02-16T00:19:18+00:00","dateModified":"2018-09-26T03:18:31+00:00","description":"A HQ Advisory \u00e9 o Quartel General da Inova\u00e7\u00e3o: proteja a sua marca, patenteie suas tecnologias e monitore a concorr\u00eancia.","breadcrumb":{"@id":"http:\/\/hq-advisory.com\/sobre-a-hq-advisory\/#breadcrumb"},"inLanguage":"en-US","potentialAction":[{"@type":"ReadAction","target":["http:\/\/hq-advisory.com\/sobre-a-hq-advisory\/"]}]},{"@type":"ImageObject","inLanguage":"en-US","@id":"http:\/\/hq-advisory.com\/sobre-a-hq-advisory\/#primaryimage","url":"http:\/\/hq-advisory.com\/wp-content\/uploads\/2016\/02\/5.png","contentUrl":"http:\/\/hq-advisory.com\/wp-content\/uploads\/2016\/02\/5.png","width":729,"height":307},{"@type":"BreadcrumbList","@id":"http:\/\/hq-advisory.com\/sobre-a-hq-advisory\/#breadcrumb","itemListElement":[{"@type":"ListItem","position":1,"name":"In\u00edcio","item":"http:\/\/hq-advisory.com\/en\/"},{"@type":"ListItem","position":2,"name":"Sobre a HQ Advisory"}]},{"@type":"WebSite","@id":"http:\/\/hq-advisory.com\/en\/#website","url":"http:\/\/hq-advisory.com\/en\/","name":"HQ Advisory - The Innovation HeadQuarters","description":"A HQ Advisory oferece servi\u00e7os de valida\u00e7\u00e3o jur\u00eddica , prote\u00e7\u00e3o de propriedade Intelectual, registro de patentes e marcas, reda\u00e7\u00e3o de contratos, cursos e treinamentos. O Quartel General da Inova\u00e7\u00e3o","publisher":{"@id":"http:\/\/hq-advisory.com\/en\/#organization"},"potentialAction":[{"@type":"SearchAction","target":{"@type":"EntryPoint","urlTemplate":"http:\/\/hq-advisory.com\/en\/?s={search_term_string}"},"query-input":{"@type":"PropertyValueSpecification","valueRequired":true,"valueName":"search_term_string"}}],"inLanguage":"en-US"},{"@type":"Organization","@id":"http:\/\/hq-advisory.com\/en\/#organization","name":"HQ Advisory","url":"http:\/\/hq-advisory.com\/en\/","logo":{"@type":"ImageObject","inLanguage":"en-US","@id":"http:\/\/hq-advisory.com\/en\/#\/schema\/logo\/image\/","url":"http:\/\/hq-advisory.com\/wp-content\/uploads\/2016\/02\/hq-logo.png","contentUrl":"http:\/\/hq-advisory.com\/wp-content\/uploads\/2016\/02\/hq-logo.png","width":1252,"height":588,"caption":"HQ Advisory"},"image":{"@id":"http:\/\/hq-advisory.com\/en\/#\/schema\/logo\/image\/"},"sameAs":["https:\/\/www.facebook.com\/hqadvisory","https:\/\/www.instagram.com\/hq_advisory\/","https:\/\/www.linkedin.com\/company\/hq-advisory"]}]}},"jetpack_sharing_enabled":true,"jetpack_shortlink":"https:\/\/wp.me\/P7Gted-M","_links":{"self":[{"href":"http:\/\/hq-advisory.com\/en\/wp-json\/wp\/v2\/pages\/48","targetHints":{"allow":["GET"]}}],"collection":[{"href":"http:\/\/hq-advisory.com\/en\/wp-json\/wp\/v2\/pages"}],"about":[{"href":"http:\/\/hq-advisory.com\/en\/wp-json\/wp\/v2\/types\/page"}],"author":[{"embeddable":true,"href":"http:\/\/hq-advisory.com\/en\/wp-json\/wp\/v2\/users\/1"}],"replies":[{"embeddable":true,"href":"http:\/\/hq-advisory.com\/en\/wp-json\/wp\/v2\/comments?post=48"}],"version-history":[{"count":15,"href":"http:\/\/hq-advisory.com\/en\/wp-json\/wp\/v2\/pages\/48\/revisions"}],"predecessor-version":[{"id":359,"href":"http:\/\/hq-advisory.com\/en\/wp-json\/wp\/v2\/pages\/48\/revisions\/359"}],"wp:featuredmedia":[{"embeddable":true,"href":"http:\/\/hq-advisory.com\/en\/wp-json\/wp\/v2\/media\/141"}],"wp:attachment":[{"href":"http:\/\/hq-advisory.com\/en\/wp-json\/wp\/v2\/media?parent=48"}],"curies":[{"name":"wp","href":"https:\/\/api.w.org\/{rel}","templated":true}]}}