{"id":437,"date":"2019-08-23T19:31:20","date_gmt":"2019-08-23T19:31:20","guid":{"rendered":"http:\/\/hq-advisory.com\/?page_id=437"},"modified":"2019-09-25T04:18:06","modified_gmt":"2019-09-25T04:18:06","slug":"a-adesao-do-brasil-ao-protocolo-de-madri","status":"publish","type":"page","link":"http:\/\/hq-advisory.com\/en\/blog\/a-adesao-do-brasil-ao-protocolo-de-madri\/","title":{"rendered":"A ades\u00e3o do Brasil ao Protocolo de Madri"},"content":{"rendered":"\n<p><em>O Brasil agora faz parte do Sistema do Protocolo de Madri, tratado internacional para facilitar o registro de marcas em m\u00faltiplos pa\u00edses. Se sua empresa  pretende proteger marcas em outros pa\u00edses, confira como essa novidade pode afetar esses planos.<\/em><\/p>\n\n\n\n<blockquote class=\"wp-block-quote is-layout-flow wp-block-quote-is-layout-flow\"><p>A implementa\u00e7\u00e3o do Protocolo de Madri no Brasil possibilitar\u00e1 a uma empresa brasileira depositar um \u00fanico processo [de registro de marca] que pode ser v\u00e1lido em at\u00e9 120 pa\u00edses. Isso \u00e9 uma grande economia e efici\u00eancia.  E \u00e9, se me permitem, completamente apropriado que um pa\u00eds com o tamanho e poder econ\u00f4mico do Brasil proporcione a suas empresas a possibilidade de explorar 120 mercados exportadores para o prop\u00f3sito de prote\u00e7\u00e3o de marcas. <\/p><cite>Francis Gurry, Diretor Geral da Organiza\u00e7\u00e3o Mundial de Propriedade Intelectual (WIPO) [1]<\/cite><\/blockquote>\n\n\n\n<figure class=\"wp-block-image\"><img loading=\"lazy\" decoding=\"async\" width=\"845\" height=\"703\" src=\"http:\/\/hq-advisory.com\/wp-content\/uploads\/2019\/09\/protocolo_madri.jpeg\" alt=\"\" class=\"wp-image-459\" srcset=\"http:\/\/hq-advisory.com\/wp-content\/uploads\/2019\/09\/protocolo_madri.jpeg 845w, http:\/\/hq-advisory.com\/wp-content\/uploads\/2019\/09\/protocolo_madri-300x250.jpeg 300w, http:\/\/hq-advisory.com\/wp-content\/uploads\/2019\/09\/protocolo_madri-768x639.jpeg 768w, http:\/\/hq-advisory.com\/wp-content\/uploads\/2019\/09\/protocolo_madri-648x539.jpeg 648w, http:\/\/hq-advisory.com\/wp-content\/uploads\/2019\/09\/protocolo_madri-231x192.jpeg 231w\" sizes=\"auto, (max-width: 845px) 100vw, 845px\" \/><figcaption>Carta de Ades\u00e3o do Brasil ao Protocolo de Madri, entregue na WIPO em 03 de julho de 2019.<\/figcaption><\/figure>\n\n\n\n<p>O Brasil formalizou a sua ades\u00e3o ao Protocolo de Madri, sistema gerenciado pela Organiza\u00e7\u00e3o Mundial de Propriedade Intelectual (WIPO) e que permitir\u00e1 que empresas brasileiras possam estender a prote\u00e7\u00e3o de registros de marcas para at\u00e9 outros 120 pa\u00edses participantes desse sistema.<\/p>\n\n\n\n<p>O INPI s\u00f3 ir\u00e1 iniciar a operar o tratado em outubro de 2019, mas, at\u00e9 l\u00e1, vamos responder a seguir as principais d\u00favidas que observamos desde a divulga\u00e7\u00e3o da ades\u00e3o do Brasil ao Protocolo de Madri.<\/p>\n\n\n\n<h3> Quais s\u00e3o as vantagens de utilizar o Sistema de Madri para proteger uma marca em outros pa\u00edses? <\/h3>\n\n\n\n<p>Ao contr\u00e1rio do procedimento atual, que demanda que o pedido de registro de marca seja conduzido separadamente em cada pa\u00eds de interesse, o uso desse sistema possui as seguintes vantagens:<\/p>\n\n\n\n<ul class=\"wp-block-list\"><li>Uma moeda para os principais pagamentos;<\/li><li>Um idioma; e<\/li><li> Centraliza\u00e7\u00e3o do gerenciamento de marcas globais.<\/li><\/ul>\n\n\n\n<h3> Utilizar o sistema do Protocolo de Madri implica que meu registro de marca ser\u00e1 v\u00e1lido nos 120 pa\u00edses membros?<\/h3>\n\n\n\n<p>Dois pontos importantes s\u00e3o relacionados a essa pergunta:<\/p>\n\n\n\n<ul class=\"wp-block-list\"><li><strong>Voc\u00ea ir\u00e1 precisar escolher quais pa\u00edses voc\u00ea tem interesse em proteger a marca<\/strong>: uma das etapas do processo de proteger uma marca por meio do Sistema de Madri \u00e9 escolher quais os pa\u00edses de interesse para prote\u00e7\u00e3o. Voc\u00ea poder\u00e1 escolher entre os 120 pa\u00edses signat\u00e1rios desse sistema.<\/li><li><strong>Cada pa\u00eds escolhido ir\u00e1 analisar o seu pedido de registro de marca antes de conceder a prote\u00e7\u00e3o no respectivo territ\u00f3rio<\/strong>: Cada pa\u00eds \u00e9 soberano em decidir sobre a concess\u00e3o ou n\u00e3o de uma marca em seu territ\u00f3rio. Apesar de existirem semelhan\u00e7as entre os pa\u00edses sobre os requisitos para se aprovar uma marca, \u00e9 poss\u00edvel que ela seja deferida em um pa\u00eds e indeferida em outro. <\/li><\/ul>\n\n\n\n<p>Logo, se voc\u00ea quiser proteger uma marca nos 120 pa\u00edses signat\u00e1rios do acordo, ser\u00e1 necess\u00e1rio que: (i) voc\u00ea selecione os 120 pa\u00edses para registro da marca (e pague as taxas associadas); e (ii) que a sua marca seja aprovada em todos os territ\u00f3rios.<\/p>\n\n\n\n<p>Uma lista dos pa\u00edses membros do Sistema de Madri est\u00e1 dispon\u00edvel <a href=\"https:\/\/www.wipo.int\/treaties\/en\/ShowResults.jsp?lang=en&amp;treaty_id=8\">aqui<\/a>.<\/p>\n\n\n\n<h3> H\u00e1 outras op\u00e7\u00f5es al\u00e9m do sistema do Protocolo de Madri se eu quiser registrar a minha marca em outros pa\u00edses? <\/h3>\n\n\n\n<p>A implementa\u00e7\u00e3o do Sistema de Madri n\u00e3o impede o atual procedimento para prote\u00e7\u00e3o da marca em outros territ\u00f3rios. Atualmente, \u00e9 necess\u00e1rio estabelecer um procurador e apresentar a documenta\u00e7\u00e3o espec\u00edfica em cada pa\u00eds de interesse de prote\u00e7\u00e3o.<\/p>\n\n\n\n<p>Para registrar uma marca em pa\u00edses n\u00e3o signat\u00e1rios do Sistema de Madri, essa continuar\u00e1 sendo a alternativa existente. Al\u00e9m disso, como \u00e9 frequente em quest\u00f5es de Propriedade Intelectual, essa alternativa pode ser mais interessante do que o Sistema de Madri, dependendo de seus planos e estrat\u00e9gias.<\/p>\n\n\n\n<p>Proteger a sua marca em outros pa\u00edses \u00e9 um procedimento importante na internacionaliza\u00e7\u00e3o das atividades de sua empresa. Entre em <a href=\"http:\/\/hq-advisory.com\/contato\/\">contato conosco<\/a> para definirmos qual \u00e9 a estrat\u00e9gia mais eficiente para realizarmos esse procedimento. Inclusive, se voc\u00ea possui alguma d\u00favida que n\u00e3o foi esclarecida neste post, ser\u00e1 um prazer respond\u00ea-la!<\/p>\n\n\n\n<p>Refer\u00eancia:<\/p>\n\n<p>1. Brazil Joins WIPO&#8217;s International Trademark System. World Intellectual Property Organization. Dispon\u00edvel em: https:\/\/www.wipo.int\/pressroom\/en\/articles\/2019\/article_0007.html<\/p>\n\nAcesso em: 23 agosto 2019.\n\n\n\n<div class=\"wp-block-image\"><figure class=\"alignleft\"><img decoding=\"async\" src=\"https:\/\/hqadvisory.files.wordpress.com\/2015\/01\/carolina_site.png?w=96&amp;h=96&amp;crop=1\" alt=\"Carolina_site\" class=\"wp-image-31\"\/><\/figure><\/div>\n\n\n\n<p><strong>Carolina Heimann<\/strong><br>\u00e9 a respons\u00e1vel pela \u00e1rea de Patentes na HQ Advisory. Ela \u00e9 engenheira de bioprocessos e biotecnologista pela UFPR, e tem experi\u00eancia nas \u00e1reas de Propriedade Intelectual, Estrat\u00e9gia, Transfer\u00eancia de Tecnologia, Gest\u00e3o e Inova\u00e7\u00e3o.<\/p>\n\n\n\n<p><em>Esse texto \u201cA ades\u00e3o do Brasil ao Sistema Internacional de Registro de Marca\u201d \u00e9 livre e&nbsp;open source.&nbsp;Voc\u00ea tem permiss\u00e3o para republicar esse texto sob licen\u00e7a Creative Commons (<\/em><a rel=\"noreferrer noopener\" href=\"https:\/\/creativecommons.org\/licenses\/by\/3.0\/br\/\" target=\"_blank\"><em>https:\/\/creativecommons.org\/licenses\/by\/3.0\/br\/<\/em><\/a><em>) , atribuindo a autoria a \u201cCarolina Heimann\u201d, HQ Advisory, 23 de agosto de 2019.&nbsp;Se voc\u00ea identificar algum erro de digita\u00e7\u00e3o, mande um e-mail para&nbsp;<\/em><a rel=\"noreferrer noopener\" href=\"mailto:contato@hq-advisory.com\" target=\"_blank\"><em>contato@hq-advisory.com<\/em><\/a><\/p>\n","protected":false},"excerpt":{"rendered":"<p>O Brasil agora faz parte do Sistema do Protocolo de Madri, tratado internacional para facilitar o registro de marcas em m\u00faltiplos pa\u00edses. Se sua empresa pretende proteger marcas em outros pa\u00edses, confira como essa novidade pode afetar esses planos. A implementa\u00e7\u00e3o do Protocolo de Madri no Brasil possibilitar\u00e1 a uma empresa brasileira depositar um \u00fanico &hellip; <a href=\"http:\/\/hq-advisory.com\/en\/blog\/a-adesao-do-brasil-ao-protocolo-de-madri\/\" class=\"more-link\">Continue reading <span class=\"screen-reader-text\">A ades\u00e3o do Brasil ao Protocolo de Madri<\/span><\/a><\/p>\n","protected":false},"author":1,"featured_media":0,"parent":69,"menu_order":0,"comment_status":"closed","ping_status":"closed","template":"page-templates\/full-width-page.php","meta":{"_exactmetrics_skip_tracking":false,"_exactmetrics_sitenote_active":false,"_exactmetrics_sitenote_note":"","_exactmetrics_sitenote_category":0,"jetpack_post_was_ever_published":false,"footnotes":""},"class_list":["post-437","page","type-page","status-publish","hentry"],"translation":{"provider":"WPGlobus","version":"3.0.0","language":"en","enabled_languages":["br","en"],"languages":{"br":{"title":true,"content":true,"excerpt":false},"en":{"title":false,"content":false,"excerpt":false}}},"yoast_head":"<!-- This site is optimized with the Yoast SEO plugin v27.4 - https:\/\/yoast.com\/product\/yoast-seo-wordpress\/ -->\n<title>{:0}A ades\u00e3o do Brasil ao Protocolo de Madri<\/title>\n<meta name=\"robots\" content=\"index, follow, max-snippet:-1, max-image-preview:large, max-video-preview:-1\" \/>\n<link rel=\"canonical\" href=\"http:\/\/hq-advisory.com\/blog\/a-adesao-do-brasil-ao-protocolo-de-madri\/\" \/>\n<meta property=\"og:locale\" content=\"en_US\" \/>\n<meta property=\"og:type\" content=\"article\" \/>\n<meta property=\"og:title\" content=\"A ades\u00e3o do Brasil ao Protocolo de Madri - HQ Advisory - The Innovation HeadQuarters\" \/>\n<meta property=\"og:url\" content=\"http:\/\/hq-advisory.com\/blog\/a-adesao-do-brasil-ao-protocolo-de-madri\/\" \/>\n<meta property=\"og:site_name\" content=\"HQ Advisory - The Innovation HeadQuarters\" \/>\n<meta property=\"article:publisher\" content=\"https:\/\/www.facebook.com\/hqadvisory\" \/>\n<meta property=\"article:modified_time\" content=\"2019-09-25T04:18:06+00:00\" \/>\n<meta property=\"og:image\" content=\"http:\/\/hq-advisory.com\/wp-content\/uploads\/2019\/09\/protocolo_madri.jpeg\" \/>\n<meta name=\"twitter:card\" content=\"summary_large_image\" \/>\n<meta name=\"twitter:label1\" content=\"Est. reading time\" \/>\n\t<meta name=\"twitter:data1\" content=\"4 minutes\" \/>\n<script type=\"application\/ld+json\" class=\"yoast-schema-graph\">{\"@context\":\"https:\\\/\\\/schema.org\",\"@graph\":[{\"@type\":\"WebPage\",\"@id\":\"http:\\\/\\\/hq-advisory.com\\\/blog\\\/a-adesao-do-brasil-ao-protocolo-de-madri\\\/\",\"url\":\"http:\\\/\\\/hq-advisory.com\\\/blog\\\/a-adesao-do-brasil-ao-protocolo-de-madri\\\/\",\"name\":\"{:0}A ades\u00e3o do Brasil ao Protocolo de Madri\",\"isPartOf\":{\"@id\":\"http:\\\/\\\/hq-advisory.com\\\/en\\\/#website\"},\"primaryImageOfPage\":{\"@id\":\"http:\\\/\\\/hq-advisory.com\\\/blog\\\/a-adesao-do-brasil-ao-protocolo-de-madri\\\/#primaryimage\"},\"image\":{\"@id\":\"http:\\\/\\\/hq-advisory.com\\\/blog\\\/a-adesao-do-brasil-ao-protocolo-de-madri\\\/#primaryimage\"},\"thumbnailUrl\":\"http:\\\/\\\/hq-advisory.com\\\/wp-content\\\/uploads\\\/2019\\\/09\\\/protocolo_madri.jpeg\",\"datePublished\":\"2019-08-23T19:31:20+00:00\",\"dateModified\":\"2019-09-25T04:18:06+00:00\",\"description\":\"{:0}O Brasil agora faz parte do Protocolo de Madri, tratado internacional para facilitar o registro de marcas em m\u00faltiplos pa\u00edses.\",\"breadcrumb\":{\"@id\":\"http:\\\/\\\/hq-advisory.com\\\/blog\\\/a-adesao-do-brasil-ao-protocolo-de-madri\\\/#breadcrumb\"},\"inLanguage\":\"en-US\",\"potentialAction\":[{\"@type\":\"ReadAction\",\"target\":[\"http:\\\/\\\/hq-advisory.com\\\/blog\\\/a-adesao-do-brasil-ao-protocolo-de-madri\\\/\"]}]},{\"@type\":\"ImageObject\",\"inLanguage\":\"en-US\",\"@id\":\"http:\\\/\\\/hq-advisory.com\\\/blog\\\/a-adesao-do-brasil-ao-protocolo-de-madri\\\/#primaryimage\",\"url\":\"http:\\\/\\\/hq-advisory.com\\\/wp-content\\\/uploads\\\/2019\\\/09\\\/protocolo_madri.jpeg\",\"contentUrl\":\"http:\\\/\\\/hq-advisory.com\\\/wp-content\\\/uploads\\\/2019\\\/09\\\/protocolo_madri.jpeg\"},{\"@type\":\"BreadcrumbList\",\"@id\":\"http:\\\/\\\/hq-advisory.com\\\/blog\\\/a-adesao-do-brasil-ao-protocolo-de-madri\\\/#breadcrumb\",\"itemListElement\":[{\"@type\":\"ListItem\",\"position\":1,\"name\":\"In\u00edcio\",\"item\":\"http:\\\/\\\/hq-advisory.com\\\/en\\\/\"},{\"@type\":\"ListItem\",\"position\":2,\"name\":\"BLOG\",\"item\":\"http:\\\/\\\/hq-advisory.com\\\/blog\\\/\"},{\"@type\":\"ListItem\",\"position\":3,\"name\":\"A ades\u00e3o do Brasil ao Protocolo de Madri\"}]},{\"@type\":\"WebSite\",\"@id\":\"http:\\\/\\\/hq-advisory.com\\\/en\\\/#website\",\"url\":\"http:\\\/\\\/hq-advisory.com\\\/en\\\/\",\"name\":\"HQ Advisory - The Innovation HeadQuarters\",\"description\":\"A HQ Advisory oferece servi\u00e7os de valida\u00e7\u00e3o jur\u00eddica , prote\u00e7\u00e3o de propriedade Intelectual, registro de patentes e marcas, reda\u00e7\u00e3o de contratos, cursos e treinamentos. O Quartel General da Inova\u00e7\u00e3o\",\"publisher\":{\"@id\":\"http:\\\/\\\/hq-advisory.com\\\/en\\\/#organization\"},\"potentialAction\":[{\"@type\":\"SearchAction\",\"target\":{\"@type\":\"EntryPoint\",\"urlTemplate\":\"http:\\\/\\\/hq-advisory.com\\\/en\\\/?s={search_term_string}\"},\"query-input\":{\"@type\":\"PropertyValueSpecification\",\"valueRequired\":true,\"valueName\":\"search_term_string\"}}],\"inLanguage\":\"en-US\"},{\"@type\":\"Organization\",\"@id\":\"http:\\\/\\\/hq-advisory.com\\\/en\\\/#organization\",\"name\":\"HQ Advisory\",\"url\":\"http:\\\/\\\/hq-advisory.com\\\/en\\\/\",\"logo\":{\"@type\":\"ImageObject\",\"inLanguage\":\"en-US\",\"@id\":\"http:\\\/\\\/hq-advisory.com\\\/en\\\/#\\\/schema\\\/logo\\\/image\\\/\",\"url\":\"http:\\\/\\\/hq-advisory.com\\\/wp-content\\\/uploads\\\/2016\\\/02\\\/hq-logo.png\",\"contentUrl\":\"http:\\\/\\\/hq-advisory.com\\\/wp-content\\\/uploads\\\/2016\\\/02\\\/hq-logo.png\",\"width\":1252,\"height\":588,\"caption\":\"HQ Advisory\"},\"image\":{\"@id\":\"http:\\\/\\\/hq-advisory.com\\\/en\\\/#\\\/schema\\\/logo\\\/image\\\/\"},\"sameAs\":[\"https:\\\/\\\/www.facebook.com\\\/hqadvisory\",\"https:\\\/\\\/www.instagram.com\\\/hq_advisory\\\/\",\"https:\\\/\\\/www.linkedin.com\\\/company\\\/hq-advisory\"]}]}<\/script>\n<!-- \/ Yoast SEO plugin. -->","yoast_head_json":{"title":"{:0}A ades\u00e3o do Brasil ao Protocolo de Madri","robots":{"index":"index","follow":"follow","max-snippet":"max-snippet:-1","max-image-preview":"max-image-preview:large","max-video-preview":"max-video-preview:-1"},"canonical":"http:\/\/hq-advisory.com\/blog\/a-adesao-do-brasil-ao-protocolo-de-madri\/","og_locale":"en_US","og_type":"article","og_title":"A ades\u00e3o do Brasil ao Protocolo de Madri - HQ Advisory - The Innovation HeadQuarters","og_url":"http:\/\/hq-advisory.com\/blog\/a-adesao-do-brasil-ao-protocolo-de-madri\/","og_site_name":"HQ Advisory - The Innovation HeadQuarters","article_publisher":"https:\/\/www.facebook.com\/hqadvisory","article_modified_time":"2019-09-25T04:18:06+00:00","og_image":[{"url":"http:\/\/hq-advisory.com\/wp-content\/uploads\/2019\/09\/protocolo_madri.jpeg","type":"","width":"","height":""}],"twitter_card":"summary_large_image","twitter_misc":{"Est. reading time":"4 minutes"},"schema":{"@context":"https:\/\/schema.org","@graph":[{"@type":"WebPage","@id":"http:\/\/hq-advisory.com\/blog\/a-adesao-do-brasil-ao-protocolo-de-madri\/","url":"http:\/\/hq-advisory.com\/blog\/a-adesao-do-brasil-ao-protocolo-de-madri\/","name":"{:0}A ades\u00e3o do Brasil ao Protocolo de Madri","isPartOf":{"@id":"http:\/\/hq-advisory.com\/en\/#website"},"primaryImageOfPage":{"@id":"http:\/\/hq-advisory.com\/blog\/a-adesao-do-brasil-ao-protocolo-de-madri\/#primaryimage"},"image":{"@id":"http:\/\/hq-advisory.com\/blog\/a-adesao-do-brasil-ao-protocolo-de-madri\/#primaryimage"},"thumbnailUrl":"http:\/\/hq-advisory.com\/wp-content\/uploads\/2019\/09\/protocolo_madri.jpeg","datePublished":"2019-08-23T19:31:20+00:00","dateModified":"2019-09-25T04:18:06+00:00","description":"{:0}O Brasil agora faz parte do Protocolo de Madri, tratado internacional para facilitar o registro de marcas em m\u00faltiplos pa\u00edses.","breadcrumb":{"@id":"http:\/\/hq-advisory.com\/blog\/a-adesao-do-brasil-ao-protocolo-de-madri\/#breadcrumb"},"inLanguage":"en-US","potentialAction":[{"@type":"ReadAction","target":["http:\/\/hq-advisory.com\/blog\/a-adesao-do-brasil-ao-protocolo-de-madri\/"]}]},{"@type":"ImageObject","inLanguage":"en-US","@id":"http:\/\/hq-advisory.com\/blog\/a-adesao-do-brasil-ao-protocolo-de-madri\/#primaryimage","url":"http:\/\/hq-advisory.com\/wp-content\/uploads\/2019\/09\/protocolo_madri.jpeg","contentUrl":"http:\/\/hq-advisory.com\/wp-content\/uploads\/2019\/09\/protocolo_madri.jpeg"},{"@type":"BreadcrumbList","@id":"http:\/\/hq-advisory.com\/blog\/a-adesao-do-brasil-ao-protocolo-de-madri\/#breadcrumb","itemListElement":[{"@type":"ListItem","position":1,"name":"In\u00edcio","item":"http:\/\/hq-advisory.com\/en\/"},{"@type":"ListItem","position":2,"name":"BLOG","item":"http:\/\/hq-advisory.com\/blog\/"},{"@type":"ListItem","position":3,"name":"A ades\u00e3o do Brasil ao Protocolo de Madri"}]},{"@type":"WebSite","@id":"http:\/\/hq-advisory.com\/en\/#website","url":"http:\/\/hq-advisory.com\/en\/","name":"HQ Advisory - The Innovation HeadQuarters","description":"A HQ Advisory oferece servi\u00e7os de valida\u00e7\u00e3o jur\u00eddica , prote\u00e7\u00e3o de propriedade Intelectual, registro de patentes e marcas, reda\u00e7\u00e3o de contratos, cursos e treinamentos. O Quartel General da Inova\u00e7\u00e3o","publisher":{"@id":"http:\/\/hq-advisory.com\/en\/#organization"},"potentialAction":[{"@type":"SearchAction","target":{"@type":"EntryPoint","urlTemplate":"http:\/\/hq-advisory.com\/en\/?s={search_term_string}"},"query-input":{"@type":"PropertyValueSpecification","valueRequired":true,"valueName":"search_term_string"}}],"inLanguage":"en-US"},{"@type":"Organization","@id":"http:\/\/hq-advisory.com\/en\/#organization","name":"HQ Advisory","url":"http:\/\/hq-advisory.com\/en\/","logo":{"@type":"ImageObject","inLanguage":"en-US","@id":"http:\/\/hq-advisory.com\/en\/#\/schema\/logo\/image\/","url":"http:\/\/hq-advisory.com\/wp-content\/uploads\/2016\/02\/hq-logo.png","contentUrl":"http:\/\/hq-advisory.com\/wp-content\/uploads\/2016\/02\/hq-logo.png","width":1252,"height":588,"caption":"HQ Advisory"},"image":{"@id":"http:\/\/hq-advisory.com\/en\/#\/schema\/logo\/image\/"},"sameAs":["https:\/\/www.facebook.com\/hqadvisory","https:\/\/www.instagram.com\/hq_advisory\/","https:\/\/www.linkedin.com\/company\/hq-advisory"]}]}},"jetpack_sharing_enabled":true,"jetpack_shortlink":"https:\/\/wp.me\/P7Gted-73","_links":{"self":[{"href":"http:\/\/hq-advisory.com\/en\/wp-json\/wp\/v2\/pages\/437","targetHints":{"allow":["GET"]}}],"collection":[{"href":"http:\/\/hq-advisory.com\/en\/wp-json\/wp\/v2\/pages"}],"about":[{"href":"http:\/\/hq-advisory.com\/en\/wp-json\/wp\/v2\/types\/page"}],"author":[{"embeddable":true,"href":"http:\/\/hq-advisory.com\/en\/wp-json\/wp\/v2\/users\/1"}],"replies":[{"embeddable":true,"href":"http:\/\/hq-advisory.com\/en\/wp-json\/wp\/v2\/comments?post=437"}],"version-history":[{"count":10,"href":"http:\/\/hq-advisory.com\/en\/wp-json\/wp\/v2\/pages\/437\/revisions"}],"predecessor-version":[{"id":460,"href":"http:\/\/hq-advisory.com\/en\/wp-json\/wp\/v2\/pages\/437\/revisions\/460"}],"up":[{"embeddable":true,"href":"http:\/\/hq-advisory.com\/en\/wp-json\/wp\/v2\/pages\/69"}],"wp:attachment":[{"href":"http:\/\/hq-advisory.com\/en\/wp-json\/wp\/v2\/media?parent=437"}],"curies":[{"name":"wp","href":"https:\/\/api.w.org\/{rel}","templated":true}]}}