{"id":399,"date":"2019-03-26T19:19:19","date_gmt":"2019-03-26T19:19:19","guid":{"rendered":"http:\/\/hq-advisory.com\/?page_id=399"},"modified":"2019-03-26T19:30:46","modified_gmt":"2019-03-26T19:30:46","slug":"wto-members-need-to-put-intellectual-property-first-on-the-necessary-reforms-to-avoid-chaos-in-global-markets","status":"publish","type":"page","link":"http:\/\/hq-advisory.com\/en\/blog\/wto-members-need-to-put-intellectual-property-first-on-the-necessary-reforms-to-avoid-chaos-in-global-markets\/","title":{"rendered":"WTO Members need to put intellectual property first on the necessary reforms to avoid chaos in global markets"},"content":{"rendered":"\n<p class=\"has-drop-cap\"> The multilateral trading system established by the World Trade Organization (WTO) has supported global prosperity. Recent events, though, have introduced new unpredictability, leaving businesses unable to plan for the future. This context highlights limitations in investment rules and enforcement urging WTO Members to pay attention to the issues regarding intellectual property rights, and agree on necessary reforms to improve the WTO&#8217;s functioning and avoid chaos in global markets.<\/p>\n\n\n\n<p>Predictability, well-regulation and cooperation became the cornerstone of a current global trade regime that aims to benefit all nations. To achieve this goal, the WTO and its predecessor, the General Agreement on Tariffs and Trade (GATT), have provided the structures for trade negotiations, global trade rules, and dispute resolution since 1947, fostering globalization and international trade. In addition, impacts of WTO to global trade are positive even for non-industrialized countries. Not only the imposition of low tariffs on all the countries of the agreement aided in the commerce of the developing world, but the framework created by WTO simplified the access of the agricultural countries to the industrialized markets.<br><\/p>\n\n\n\n<p>Recent events, specially the tariff war between the U.S. and China brought WTO reform to the top of the G20, US, EU, as well as Brazil\u2019s agenda. [1] Much of the tension has its origin from U.S. accusations that the WTO has not hold China to account for delaying to open up its economy when it joined the body in 2001. The U.S. imposition of punitive tariffs on China in response to concerns about intellectual property rights, and the resulting retaliatory tariffs, in JONES 2019 words \u201cflies in the face of one of the WTO system\u2019s main goals: to put an end to the unchecked escalation of self-destructive tariff wars \u201d. [2]<\/p>\n\n\n\n<p>U.S. trade representatives gave a different interpretation to the GATT article XXI [3] , that allows tariffs in wartime and national security emergencies, to impose unilateral protectionist tariffs on steel and aluminum imports. The argument is that unemployment in an industry counts as a national security threat. The U.S. also brought back to life the use of voluntary export restraints directly violating WTO regulations. In addition to roundabout and breaking WTO rules, the U.S. has rejected the organization\u2019s system for dispute resolution. In its place invoked the Section 301 of the American Trade Act [4] to resolve conflicts through unilateral tariffs, a practice vastly used by the U.S. before WTO.<\/p>\n\n\n\n<p>In Doha 2001 there was an attempt to update trading rules. A central problem was the difficulty of getting the WTO Members to reach a consensus. For a WTO 2.0, it is imperative for its Members to reach a common understanding that the new multilateral agreements should include rules that promote not only the practice of traditional trade but also the new modus operandi of trade with the new chains value.<br><\/p>\n\n\n\n<p>One third of the value of manufactured goods sold globally, $ 5.9 trillion, comes from intangible capital, highlighting the importance of IP to the current global economy. However, counterfeit and pirated products account for 2.5% of global trade, according to WIPO 2017 report. Therefore, to ensure that modern trade and investment can continue on non-discriminatory terms for all, the WTO must put intellectual property first.<br><\/p>\n\n\n\n<p>The global trading system needs to be updated and reformed, but its underlying principles are solid. A reality where economic actors cannot make plans within a predictable, rules-based system &#8211; meaning chaos &#8211; will lead to markets, businesses, investors, and consumers suffer. The international economy has become dependent on the WTO order and, at some point, the Members will reach an agreement to improve its functioning and stability that leads to international investment and growth.<\/p>\n\n\n\n<hr class=\"wp-block-separator\"\/>\n\n\n<p><span style=\"color: #808080;\">1. The WTO Reform and Brazilian engagement on the subject, were part of the Brazilian President, Jair Bolsonaro, speech during the FWO meeting in Davos, CH, the 22-Jan-2019. Available at: http:\/\/www.itamaraty.gov.br\/pt-BR\/discursos-artigos-e-entrevistas-categoria\/presidente-da-republica-federativa-do-brasil-discursos\/19984-discurso-do-presidente-da-republica-jair-bolsonaro-durante-a-sessao-plenaria-do-forum-economico-mundial-davos Last access: 17-Feb-2019<\/span><\/p>\n<p><span style=\"color: #808080;\">2. JONES, Kent. Is This the End of the WTO as We Know It? Published at the Barron\u2019s Magazine in 29-Jan-2019. Available at: https:\/\/www.barrons.com\/articles\/the-world-trade-organization-is-weakening-and-thats-not-good-51548770447. Last access: 17-Feb-2019<\/span><\/p>\n<p><span style=\"color: #808080;\">3. GATT Article XXI \u2013 \u201cNothing in this Agreement shall be construed (\u2026) (b) to prevent any contracting party from taking any action which it considers necessary for the protection of its essential security; (\u2026) (iii) taken in time of war or other emergency in international relations;\u201d OMC. GATT. Available at: https:\/\/www.wto.org\/english\/docs_e\/legal_e\/gatt.pdf. Last access: 17-Feb-<\/span><br><span style=\"color: #808080;\">2019<\/span><\/p>\n<p><span style=\"color: #808080;\">4. The article \u201cSection 301 And The New WTO Dispute Settlement Understanding\u201d by Susana Hernandez Puente, from 1996, gives a deeper view of the U.S\u2019s approach to the Section 301 as a <\/span><span style=\"color: #808080;\">means of securing broad trade liberalization and its use to secure US companies overseas IP rights, which was justified by understanding that the dispute settlement procedure as weak and the <\/span><span style=\"color: #808080;\">inadequate scope of the GATT.<\/span><\/p>\n\n\n<div class=\"wp-block-image\"><figure class=\"alignleft\"><img loading=\"lazy\" decoding=\"async\" width=\"150\" height=\"150\" src=\"http:\/\/hq-advisory.com\/wp-content\/uploads\/2016\/04\/aline-150x150.png\" alt=\"aline\" class=\"wp-image-126\" srcset=\"http:\/\/hq-advisory.com\/wp-content\/uploads\/2016\/04\/aline-150x150.png 150w, http:\/\/hq-advisory.com\/wp-content\/uploads\/2016\/04\/aline-96x96.png 96w, http:\/\/hq-advisory.com\/wp-content\/uploads\/2016\/04\/aline-192x192.png 192w, http:\/\/hq-advisory.com\/wp-content\/uploads\/2016\/04\/aline.png 252w\" sizes=\"auto, (max-width: 150px) 100vw, 150px\" \/><\/figure><\/div>\n\n\n\n<p><strong>Aline Schraier de Quadros<\/strong><\/p>\n\n\n\n<p>\u00e9 advogada de Propriedade Intelectual, formada na UFPR e Universidade de Coimbra, tem experi\u00eancia nas \u00e1reas de Propriedade Intelectual, Estrat\u00e9gia, Transfer\u00eancia de Tecnologia, Contratos e Direito Empresarial. Conecte-se com Aline pelo&nbsp;<a href=\"https:\/\/goo.gl\/XPwCTI\">LinkedIn<\/a>.<\/p>\n\n\n\n<p class=\"has-text-color has-cyan-bluish-gray-color\">Esse texto \u201cWTO Members need to put intellectual property first on the necessary reforms to avoid chaos in global markets\u201d \u00e9 livre e&nbsp;<em>open source<\/em>.&nbsp;Voc\u00ea tem permiss\u00e3o para republicar esse texto sob licen\u00e7a Creative Commons (<a rel=\"noreferrer noopener\" href=\"https:\/\/creativecommons.org\/licenses\/by\/3.0\/br\/\" target=\"_blank\">https:\/\/creativecommons.org\/licenses\/by\/3.0\/br\/<\/a>) , atribuindo a autoria a \u201cAline Schraier de Quadros\u201d, HQ Advisory, 26 de mar\u00e7o de 2019, 14h45. Se voc\u00ea identificar algum erro de digita\u00e7\u00e3o, mande um e-mail para <a rel=\"noreferrer noopener\" href=\"mailto:contato@hq-advisory.com\" target=\"_blank\">contato@hq-advisory.com<\/a><\/p>\n","protected":false},"excerpt":{"rendered":"<p>The multilateral trading system established by the World Trade Organization (WTO) has supported global prosperity. Recent events, though, have introduced new unpredictability, leaving businesses unable to plan for the future. This context highlights limitations in investment rules and enforcement urging WTO Members to pay attention to the issues regarding intellectual property rights, and agree on &hellip; <a href=\"http:\/\/hq-advisory.com\/en\/blog\/wto-members-need-to-put-intellectual-property-first-on-the-necessary-reforms-to-avoid-chaos-in-global-markets\/\" class=\"more-link\">Continue reading <span class=\"screen-reader-text\">WTO Members need to put intellectual property first on the necessary reforms to avoid chaos in global markets<\/span><\/a><\/p>\n","protected":false},"author":1,"featured_media":0,"parent":69,"menu_order":0,"comment_status":"closed","ping_status":"closed","template":"page-templates\/full-width-page.php","meta":{"_exactmetrics_skip_tracking":false,"_exactmetrics_sitenote_active":false,"_exactmetrics_sitenote_note":"","_exactmetrics_sitenote_category":0,"jetpack_post_was_ever_published":false,"footnotes":""},"class_list":["post-399","page","type-page","status-publish","hentry"],"translation":{"provider":"WPGlobus","version":"3.0.0","language":"en","enabled_languages":["br","en"],"languages":{"br":{"title":true,"content":true,"excerpt":false},"en":{"title":false,"content":false,"excerpt":false}}},"yoast_head":"<!-- This site is optimized with the Yoast SEO plugin v27.4 - https:\/\/yoast.com\/product\/yoast-seo-wordpress\/ -->\n<title>WTO Members need to put intellectual property first on the necessary reforms to avoid chaos in global markets - HQ Advisory - The Innovation HeadQuarters<\/title>\n<meta name=\"robots\" content=\"index, follow, max-snippet:-1, max-image-preview:large, max-video-preview:-1\" \/>\n<link rel=\"canonical\" href=\"http:\/\/hq-advisory.com\/en\/blog\/wto-members-need-to-put-intellectual-property-first-on-the-necessary-reforms-to-avoid-chaos-in-global-markets\/\" \/>\n<meta property=\"og:locale\" content=\"en_US\" \/>\n<meta property=\"og:type\" content=\"article\" \/>\n<meta property=\"og:title\" content=\"WTO Members need to put intellectual property first on the necessary reforms to avoid chaos in global markets - HQ Advisory - The Innovation HeadQuarters\" \/>\n<meta property=\"og:url\" content=\"http:\/\/hq-advisory.com\/en\/blog\/wto-members-need-to-put-intellectual-property-first-on-the-necessary-reforms-to-avoid-chaos-in-global-markets\/\" \/>\n<meta property=\"og:site_name\" content=\"HQ Advisory - The Innovation HeadQuarters\" \/>\n<meta property=\"article:publisher\" content=\"https:\/\/www.facebook.com\/hqadvisory\" \/>\n<meta property=\"article:modified_time\" content=\"2019-03-26T19:30:46+00:00\" \/>\n<meta property=\"og:image\" content=\"http:\/\/hq-advisory.com\/wp-content\/uploads\/2016\/04\/aline-150x150.png\" \/>\n<meta name=\"twitter:card\" content=\"summary_large_image\" \/>\n<meta name=\"twitter:label1\" content=\"Est. reading time\" \/>\n\t<meta name=\"twitter:data1\" content=\"5 minutes\" \/>\n<script type=\"application\/ld+json\" class=\"yoast-schema-graph\">{\"@context\":\"https:\\\/\\\/schema.org\",\"@graph\":[{\"@type\":\"WebPage\",\"@id\":\"http:\\\/\\\/hq-advisory.com\\\/en\\\/blog\\\/wto-members-need-to-put-intellectual-property-first-on-the-necessary-reforms-to-avoid-chaos-in-global-markets\\\/\",\"url\":\"http:\\\/\\\/hq-advisory.com\\\/en\\\/blog\\\/wto-members-need-to-put-intellectual-property-first-on-the-necessary-reforms-to-avoid-chaos-in-global-markets\\\/\",\"name\":\"WTO Members need to put intellectual property first on the necessary reforms to avoid chaos in global markets - HQ Advisory - The Innovation HeadQuarters\",\"isPartOf\":{\"@id\":\"http:\\\/\\\/hq-advisory.com\\\/en\\\/#website\"},\"primaryImageOfPage\":{\"@id\":\"http:\\\/\\\/hq-advisory.com\\\/en\\\/blog\\\/wto-members-need-to-put-intellectual-property-first-on-the-necessary-reforms-to-avoid-chaos-in-global-markets\\\/#primaryimage\"},\"image\":{\"@id\":\"http:\\\/\\\/hq-advisory.com\\\/en\\\/blog\\\/wto-members-need-to-put-intellectual-property-first-on-the-necessary-reforms-to-avoid-chaos-in-global-markets\\\/#primaryimage\"},\"thumbnailUrl\":\"http:\\\/\\\/hq-advisory.com\\\/wp-content\\\/uploads\\\/2016\\\/04\\\/aline-150x150.png\",\"datePublished\":\"2019-03-26T19:19:19+00:00\",\"dateModified\":\"2019-03-26T19:30:46+00:00\",\"breadcrumb\":{\"@id\":\"http:\\\/\\\/hq-advisory.com\\\/en\\\/blog\\\/wto-members-need-to-put-intellectual-property-first-on-the-necessary-reforms-to-avoid-chaos-in-global-markets\\\/#breadcrumb\"},\"inLanguage\":\"en-US\",\"potentialAction\":[{\"@type\":\"ReadAction\",\"target\":[\"http:\\\/\\\/hq-advisory.com\\\/en\\\/blog\\\/wto-members-need-to-put-intellectual-property-first-on-the-necessary-reforms-to-avoid-chaos-in-global-markets\\\/\"]}]},{\"@type\":\"ImageObject\",\"inLanguage\":\"en-US\",\"@id\":\"http:\\\/\\\/hq-advisory.com\\\/en\\\/blog\\\/wto-members-need-to-put-intellectual-property-first-on-the-necessary-reforms-to-avoid-chaos-in-global-markets\\\/#primaryimage\",\"url\":\"http:\\\/\\\/hq-advisory.com\\\/wp-content\\\/uploads\\\/2016\\\/04\\\/aline-150x150.png\",\"contentUrl\":\"http:\\\/\\\/hq-advisory.com\\\/wp-content\\\/uploads\\\/2016\\\/04\\\/aline-150x150.png\"},{\"@type\":\"BreadcrumbList\",\"@id\":\"http:\\\/\\\/hq-advisory.com\\\/en\\\/blog\\\/wto-members-need-to-put-intellectual-property-first-on-the-necessary-reforms-to-avoid-chaos-in-global-markets\\\/#breadcrumb\",\"itemListElement\":[{\"@type\":\"ListItem\",\"position\":1,\"name\":\"In\u00edcio\",\"item\":\"http:\\\/\\\/hq-advisory.com\\\/en\\\/\"},{\"@type\":\"ListItem\",\"position\":2,\"name\":\"BLOG\",\"item\":\"http:\\\/\\\/hq-advisory.com\\\/blog\\\/\"},{\"@type\":\"ListItem\",\"position\":3,\"name\":\"WTO Members need to put intellectual property first on the necessary reforms to avoid chaos in global markets\"}]},{\"@type\":\"WebSite\",\"@id\":\"http:\\\/\\\/hq-advisory.com\\\/en\\\/#website\",\"url\":\"http:\\\/\\\/hq-advisory.com\\\/en\\\/\",\"name\":\"HQ Advisory - The Innovation HeadQuarters\",\"description\":\"A HQ Advisory oferece servi\u00e7os de valida\u00e7\u00e3o jur\u00eddica , prote\u00e7\u00e3o de propriedade Intelectual, registro de patentes e marcas, reda\u00e7\u00e3o de contratos, cursos e treinamentos. O Quartel General da Inova\u00e7\u00e3o\",\"publisher\":{\"@id\":\"http:\\\/\\\/hq-advisory.com\\\/en\\\/#organization\"},\"potentialAction\":[{\"@type\":\"SearchAction\",\"target\":{\"@type\":\"EntryPoint\",\"urlTemplate\":\"http:\\\/\\\/hq-advisory.com\\\/en\\\/?s={search_term_string}\"},\"query-input\":{\"@type\":\"PropertyValueSpecification\",\"valueRequired\":true,\"valueName\":\"search_term_string\"}}],\"inLanguage\":\"en-US\"},{\"@type\":\"Organization\",\"@id\":\"http:\\\/\\\/hq-advisory.com\\\/en\\\/#organization\",\"name\":\"HQ Advisory\",\"url\":\"http:\\\/\\\/hq-advisory.com\\\/en\\\/\",\"logo\":{\"@type\":\"ImageObject\",\"inLanguage\":\"en-US\",\"@id\":\"http:\\\/\\\/hq-advisory.com\\\/en\\\/#\\\/schema\\\/logo\\\/image\\\/\",\"url\":\"http:\\\/\\\/hq-advisory.com\\\/wp-content\\\/uploads\\\/2016\\\/02\\\/hq-logo.png\",\"contentUrl\":\"http:\\\/\\\/hq-advisory.com\\\/wp-content\\\/uploads\\\/2016\\\/02\\\/hq-logo.png\",\"width\":1252,\"height\":588,\"caption\":\"HQ Advisory\"},\"image\":{\"@id\":\"http:\\\/\\\/hq-advisory.com\\\/en\\\/#\\\/schema\\\/logo\\\/image\\\/\"},\"sameAs\":[\"https:\\\/\\\/www.facebook.com\\\/hqadvisory\",\"https:\\\/\\\/www.instagram.com\\\/hq_advisory\\\/\",\"https:\\\/\\\/www.linkedin.com\\\/company\\\/hq-advisory\"]}]}<\/script>\n<!-- \/ Yoast SEO plugin. -->","yoast_head_json":{"title":"WTO Members need to put intellectual property first on the necessary reforms to avoid chaos in global markets - HQ Advisory - The Innovation HeadQuarters","robots":{"index":"index","follow":"follow","max-snippet":"max-snippet:-1","max-image-preview":"max-image-preview:large","max-video-preview":"max-video-preview:-1"},"canonical":"http:\/\/hq-advisory.com\/en\/blog\/wto-members-need-to-put-intellectual-property-first-on-the-necessary-reforms-to-avoid-chaos-in-global-markets\/","og_locale":"en_US","og_type":"article","og_title":"WTO Members need to put intellectual property first on the necessary reforms to avoid chaos in global markets - HQ Advisory - The Innovation HeadQuarters","og_url":"http:\/\/hq-advisory.com\/en\/blog\/wto-members-need-to-put-intellectual-property-first-on-the-necessary-reforms-to-avoid-chaos-in-global-markets\/","og_site_name":"HQ Advisory - The Innovation HeadQuarters","article_publisher":"https:\/\/www.facebook.com\/hqadvisory","article_modified_time":"2019-03-26T19:30:46+00:00","og_image":[{"url":"http:\/\/hq-advisory.com\/wp-content\/uploads\/2016\/04\/aline-150x150.png","type":"","width":"","height":""}],"twitter_card":"summary_large_image","twitter_misc":{"Est. reading time":"5 minutes"},"schema":{"@context":"https:\/\/schema.org","@graph":[{"@type":"WebPage","@id":"http:\/\/hq-advisory.com\/en\/blog\/wto-members-need-to-put-intellectual-property-first-on-the-necessary-reforms-to-avoid-chaos-in-global-markets\/","url":"http:\/\/hq-advisory.com\/en\/blog\/wto-members-need-to-put-intellectual-property-first-on-the-necessary-reforms-to-avoid-chaos-in-global-markets\/","name":"WTO Members need to put intellectual property first on the necessary reforms to avoid chaos in global markets - HQ Advisory - The Innovation HeadQuarters","isPartOf":{"@id":"http:\/\/hq-advisory.com\/en\/#website"},"primaryImageOfPage":{"@id":"http:\/\/hq-advisory.com\/en\/blog\/wto-members-need-to-put-intellectual-property-first-on-the-necessary-reforms-to-avoid-chaos-in-global-markets\/#primaryimage"},"image":{"@id":"http:\/\/hq-advisory.com\/en\/blog\/wto-members-need-to-put-intellectual-property-first-on-the-necessary-reforms-to-avoid-chaos-in-global-markets\/#primaryimage"},"thumbnailUrl":"http:\/\/hq-advisory.com\/wp-content\/uploads\/2016\/04\/aline-150x150.png","datePublished":"2019-03-26T19:19:19+00:00","dateModified":"2019-03-26T19:30:46+00:00","breadcrumb":{"@id":"http:\/\/hq-advisory.com\/en\/blog\/wto-members-need-to-put-intellectual-property-first-on-the-necessary-reforms-to-avoid-chaos-in-global-markets\/#breadcrumb"},"inLanguage":"en-US","potentialAction":[{"@type":"ReadAction","target":["http:\/\/hq-advisory.com\/en\/blog\/wto-members-need-to-put-intellectual-property-first-on-the-necessary-reforms-to-avoid-chaos-in-global-markets\/"]}]},{"@type":"ImageObject","inLanguage":"en-US","@id":"http:\/\/hq-advisory.com\/en\/blog\/wto-members-need-to-put-intellectual-property-first-on-the-necessary-reforms-to-avoid-chaos-in-global-markets\/#primaryimage","url":"http:\/\/hq-advisory.com\/wp-content\/uploads\/2016\/04\/aline-150x150.png","contentUrl":"http:\/\/hq-advisory.com\/wp-content\/uploads\/2016\/04\/aline-150x150.png"},{"@type":"BreadcrumbList","@id":"http:\/\/hq-advisory.com\/en\/blog\/wto-members-need-to-put-intellectual-property-first-on-the-necessary-reforms-to-avoid-chaos-in-global-markets\/#breadcrumb","itemListElement":[{"@type":"ListItem","position":1,"name":"In\u00edcio","item":"http:\/\/hq-advisory.com\/en\/"},{"@type":"ListItem","position":2,"name":"BLOG","item":"http:\/\/hq-advisory.com\/blog\/"},{"@type":"ListItem","position":3,"name":"WTO Members need to put intellectual property first on the necessary reforms to avoid chaos in global markets"}]},{"@type":"WebSite","@id":"http:\/\/hq-advisory.com\/en\/#website","url":"http:\/\/hq-advisory.com\/en\/","name":"HQ Advisory - The Innovation HeadQuarters","description":"A HQ Advisory oferece servi\u00e7os de valida\u00e7\u00e3o jur\u00eddica , prote\u00e7\u00e3o de propriedade Intelectual, registro de patentes e marcas, reda\u00e7\u00e3o de contratos, cursos e treinamentos. O Quartel General da Inova\u00e7\u00e3o","publisher":{"@id":"http:\/\/hq-advisory.com\/en\/#organization"},"potentialAction":[{"@type":"SearchAction","target":{"@type":"EntryPoint","urlTemplate":"http:\/\/hq-advisory.com\/en\/?s={search_term_string}"},"query-input":{"@type":"PropertyValueSpecification","valueRequired":true,"valueName":"search_term_string"}}],"inLanguage":"en-US"},{"@type":"Organization","@id":"http:\/\/hq-advisory.com\/en\/#organization","name":"HQ Advisory","url":"http:\/\/hq-advisory.com\/en\/","logo":{"@type":"ImageObject","inLanguage":"en-US","@id":"http:\/\/hq-advisory.com\/en\/#\/schema\/logo\/image\/","url":"http:\/\/hq-advisory.com\/wp-content\/uploads\/2016\/02\/hq-logo.png","contentUrl":"http:\/\/hq-advisory.com\/wp-content\/uploads\/2016\/02\/hq-logo.png","width":1252,"height":588,"caption":"HQ Advisory"},"image":{"@id":"http:\/\/hq-advisory.com\/en\/#\/schema\/logo\/image\/"},"sameAs":["https:\/\/www.facebook.com\/hqadvisory","https:\/\/www.instagram.com\/hq_advisory\/","https:\/\/www.linkedin.com\/company\/hq-advisory"]}]}},"jetpack_sharing_enabled":true,"jetpack_shortlink":"https:\/\/wp.me\/P7Gted-6r","_links":{"self":[{"href":"http:\/\/hq-advisory.com\/en\/wp-json\/wp\/v2\/pages\/399","targetHints":{"allow":["GET"]}}],"collection":[{"href":"http:\/\/hq-advisory.com\/en\/wp-json\/wp\/v2\/pages"}],"about":[{"href":"http:\/\/hq-advisory.com\/en\/wp-json\/wp\/v2\/types\/page"}],"author":[{"embeddable":true,"href":"http:\/\/hq-advisory.com\/en\/wp-json\/wp\/v2\/users\/1"}],"replies":[{"embeddable":true,"href":"http:\/\/hq-advisory.com\/en\/wp-json\/wp\/v2\/comments?post=399"}],"version-history":[{"count":8,"href":"http:\/\/hq-advisory.com\/en\/wp-json\/wp\/v2\/pages\/399\/revisions"}],"predecessor-version":[{"id":408,"href":"http:\/\/hq-advisory.com\/en\/wp-json\/wp\/v2\/pages\/399\/revisions\/408"}],"up":[{"embeddable":true,"href":"http:\/\/hq-advisory.com\/en\/wp-json\/wp\/v2\/pages\/69"}],"wp:attachment":[{"href":"http:\/\/hq-advisory.com\/en\/wp-json\/wp\/v2\/media?parent=399"}],"curies":[{"name":"wp","href":"https:\/\/api.w.org\/{rel}","templated":true}]}}