{"id":384,"date":"2019-03-21T18:06:13","date_gmt":"2019-03-21T18:06:13","guid":{"rendered":"http:\/\/hq-advisory.com\/?page_id=384"},"modified":"2019-03-21T18:06:13","modified_gmt":"2019-03-21T18:06:13","slug":"direitos-autorais-inteligencia-artificial","status":"publish","type":"page","link":"http:\/\/hq-advisory.com\/en\/blog\/direitos-autorais-inteligencia-artificial\/","title":{"rendered":"Qual \u00e9 a rela\u00e7\u00e3o entre Direitos Autorais e obras geradas por intelig\u00eancia artificial?"},"content":{"rendered":"<p><em>A quest\u00e3o de autoria de obras geradas por Intelig\u00eancia Artificial cria uma s\u00e9rie de desafios para as leis atuais de Direito Autoral. O posicionamento em rela\u00e7\u00e3o ao tema, atualmente,\u00a0 varia entre os pa\u00edses e possui interessantes peculiaridades.<\/em><\/p>\n<p>Para mais informa\u00e7\u00f5es sobre o tema, confira tamb\u00e9m:<\/p>\n<h6 class=\"page-title\"><a href=\"http:\/\/hq-advisory.com\/blog\/autor-obra-gerada-inteligencia-artificial\/\">Quem \u00e9 autor de obras geradas por intelig\u00eancia artificial? O rob\u00f4, o desenvolvedor, ningu\u00e9m?<\/a><\/h6>\n<h6 class=\"page-title\"><a href=\"http:\/\/hq-advisory.com\/blog\/um-robo-pode-ser-autor\/\">Qual o conceito de autoria? Quem \u00e9 autor? Um rob\u00f4 pode ser autor?<\/a><\/h6>\n<p>&nbsp;<\/p>\n<h2>Qual \u00e9 a rela\u00e7\u00e3o entre Direitos Autorais e obras geradas por intelig\u00eancia artificial?<\/h2>\n<p>Existem duas maneiras pelas quais a lei de direitos autorais pode lidar com trabalhos em que a intera\u00e7\u00e3o humana \u00e9 m\u00ednima ou inexistente. Ele pode negar a prote\u00e7\u00e3o de direitos autorais para obras que foram geradas por um computador ou pode atribuir a autoria de tais obras ao criador do programa. Uma vez que \u00e9 dif\u00edcil identificar o autor humano, essas obras poderiam, em teoria, ser consideradas livres de direitos autorais. Nesse cen\u00e1rio, essas obras poderiam ser usadas livremente e reutilizados por qualquer pessoa. Um panorama desses n\u00e3o seria muito vantajoso para as empresas que vendem as obras.<\/p>\n<p>Conceder direitos autorais \u00e0 pessoa que tornou poss\u00edvel a opera\u00e7\u00e3o da intelig\u00eancia artificial parece ser a abordagem mais sensata, com o modelo do Reino Unido mais eficiente. Essa abordagem garantir\u00e1 que as empresas continuem investindo na tecnologia, com a certeza de que obter\u00e3o um retorno sobre seu investimento.<\/p>\n<p>A maioria das jurisdi\u00e7\u00f5es, incluindo a Espanha e a Alemanha, entendem que somente obras criadas por um ser humano podem ser protegidas por direitos autorais, o mesmo se d\u00e1 no Brasil. Outros pa\u00edses como Hong Kong, \u00cdndia, Irlanda, Nova Zel\u00e2ndia e Reino Unido atribuem a autoria ao programador.<\/p>\n<p>Os mais recentes tipos de intelig\u00eancia artificial, o programa de computador n\u00e3o \u00e9 mais uma ferramenta; na verdade, toma muitas das decis\u00f5es envolvidas no processo criativo sem interven\u00e7\u00e3o humana. E com dado poder de computa\u00e7\u00e3o suficiente, em breve ser\u00e1 poss\u00edvel distinguir entre conte\u00fado gerado por pessoas e gerado por m\u00e1quinas. Ainda n\u00e3o \u00e9 esse o est\u00e1gio, mas se e quando ele for atingido, ser\u00e1 necess\u00e1rio decidir que tipo de prote\u00e7\u00e3o, se houver, devemos dar a trabalhos criados por algoritmos inteligentes emergentes com pouca ou nenhuma interven\u00e7\u00e3o humana. O sistema internacional de propriedade intelectual precisar\u00e1 ser repensado para admitir autoria de obras que n\u00e3o necessariamente foram fruto do intelecto ou espirito criativo humano.<\/p>\n<p>&nbsp;<\/p>\n<p><img loading=\"lazy\" decoding=\"async\" class=\"alignleft wp-image-126 \" src=\"http:\/\/hq-advisory.com\/wp-content\/uploads\/2016\/04\/aline-150x150.png\" sizes=\"auto, (max-width: 100px) 100vw, 100px\" srcset=\"http:\/\/hq-advisory.com\/wp-content\/uploads\/2016\/04\/aline-150x150.png 150w, http:\/\/hq-advisory.com\/wp-content\/uploads\/2016\/04\/aline-96x96.png 96w, http:\/\/hq-advisory.com\/wp-content\/uploads\/2016\/04\/aline-192x192.png 192w, http:\/\/hq-advisory.com\/wp-content\/uploads\/2016\/04\/aline.png 252w\" alt=\"aline\" width=\"100\" height=\"100\" \/><\/p>\n<p><strong>Aline Schraier de Quadros<\/strong><\/p>\n<p>\u00e9 advogada de Propriedade Intelectual, formada na UFPR e Universidade de Coimbra, tem experi\u00eancia nas \u00e1reas de Propriedade Intelectual, Estrat\u00e9gia, Transfer\u00eancia de Tecnologia, Contratos e Direito Empresarial. Conecte-se com Aline pelo\u00a0<a href=\"https:\/\/goo.gl\/XPwCTI\">LinkedIn<\/a>.<\/p>\n<p><span style=\"color: #808080;\">Esse texto \u201cQual \u00e9 a rela\u00e7\u00e3o entre Direitos Autorais e obras geradas por intelig\u00eancia artificial?\u201d \u00e9 livre e <i>open source. <\/i>Voc\u00ea tem permiss\u00e3o para republicar esse texto sob licen\u00e7a Creative Commons (<a style=\"color: #808080;\" href=\"https:\/\/creativecommons.org\/licenses\/by\/3.0\/br\/\" target=\"_blank\" rel=\"noopener\">https:\/\/creativecommons.org\/<wbr \/>licenses\/by\/3.0\/br\/<\/a>) , atribuindo a autoria a \u201cAline Schraier de Quadros\u201d, HQ Advisory, 21 de mar\u00e7o de 2019, 15h.\u00a0Se voc\u00ea identificar algum erro de digita\u00e7\u00e3o, mande um e-mail para <a style=\"color: #808080;\" href=\"mailto:contato@hq-advisory.com\" target=\"_blank\" rel=\"noopener\">contato@hq-advisory.com<\/a><\/span><\/p>\n","protected":false},"excerpt":{"rendered":"<p>A quest\u00e3o de autoria de obras geradas por Intelig\u00eancia Artificial cria uma s\u00e9rie de desafios para as leis atuais de Direito Autoral. O posicionamento em rela\u00e7\u00e3o ao tema, atualmente,\u00a0 varia entre os pa\u00edses e possui interessantes peculiaridades. Para mais informa\u00e7\u00f5es sobre o tema, confira tamb\u00e9m: Quem \u00e9 autor de obras geradas por intelig\u00eancia artificial? O &hellip; <a href=\"http:\/\/hq-advisory.com\/en\/blog\/direitos-autorais-inteligencia-artificial\/\" class=\"more-link\">Continue reading <span class=\"screen-reader-text\">Qual \u00e9 a rela\u00e7\u00e3o entre Direitos Autorais e obras geradas por intelig\u00eancia artificial?<\/span><\/a><\/p>\n","protected":false},"author":1,"featured_media":0,"parent":69,"menu_order":3,"comment_status":"closed","ping_status":"closed","template":"page-templates\/full-width-page.php","meta":{"_exactmetrics_skip_tracking":false,"_exactmetrics_sitenote_active":false,"_exactmetrics_sitenote_note":"","_exactmetrics_sitenote_category":0,"jetpack_post_was_ever_published":false,"footnotes":""},"class_list":["post-384","page","type-page","status-publish","hentry"],"translation":{"provider":"WPGlobus","version":"3.0.0","language":"en","enabled_languages":["br","en"],"languages":{"br":{"title":true,"content":true,"excerpt":false},"en":{"title":false,"content":false,"excerpt":false}}},"yoast_head":"<!-- This site is optimized with the Yoast SEO plugin v27.4 - https:\/\/yoast.com\/product\/yoast-seo-wordpress\/ -->\n<title>Qual \u00e9 a rela\u00e7\u00e3o entre Direitos Autorais e obras geradas por intelig\u00eancia artificial?<\/title>\n<meta name=\"robots\" content=\"index, follow, max-snippet:-1, max-image-preview:large, max-video-preview:-1\" \/>\n<link rel=\"canonical\" href=\"http:\/\/hq-advisory.com\/blog\/direitos-autorais-inteligencia-artificial\/\" \/>\n<meta property=\"og:locale\" content=\"en_US\" \/>\n<meta property=\"og:type\" content=\"article\" \/>\n<meta property=\"og:title\" content=\"Qual \u00e9 a rela\u00e7\u00e3o entre Direitos Autorais e obras geradas por intelig\u00eancia artificial? - HQ Advisory - The Innovation HeadQuarters\" \/>\n<meta property=\"og:url\" content=\"http:\/\/hq-advisory.com\/blog\/direitos-autorais-inteligencia-artificial\/\" \/>\n<meta property=\"og:site_name\" content=\"HQ Advisory - The Innovation HeadQuarters\" \/>\n<meta property=\"article:publisher\" content=\"https:\/\/www.facebook.com\/hqadvisory\" \/>\n<meta property=\"og:image\" content=\"http:\/\/hq-advisory.com\/wp-content\/uploads\/2016\/04\/aline-150x150.png\" \/>\n<meta name=\"twitter:card\" content=\"summary_large_image\" \/>\n<meta name=\"twitter:label1\" content=\"Est. reading time\" \/>\n\t<meta name=\"twitter:data1\" content=\"3 minutes\" \/>\n<script type=\"application\/ld+json\" class=\"yoast-schema-graph\">{\"@context\":\"https:\\\/\\\/schema.org\",\"@graph\":[{\"@type\":\"WebPage\",\"@id\":\"http:\\\/\\\/hq-advisory.com\\\/blog\\\/direitos-autorais-inteligencia-artificial\\\/\",\"url\":\"http:\\\/\\\/hq-advisory.com\\\/blog\\\/direitos-autorais-inteligencia-artificial\\\/\",\"name\":\"Qual \u00e9 a rela\u00e7\u00e3o entre Direitos Autorais e obras geradas por intelig\u00eancia artificial?\",\"isPartOf\":{\"@id\":\"http:\\\/\\\/hq-advisory.com\\\/en\\\/#website\"},\"primaryImageOfPage\":{\"@id\":\"http:\\\/\\\/hq-advisory.com\\\/blog\\\/direitos-autorais-inteligencia-artificial\\\/#primaryimage\"},\"image\":{\"@id\":\"http:\\\/\\\/hq-advisory.com\\\/blog\\\/direitos-autorais-inteligencia-artificial\\\/#primaryimage\"},\"thumbnailUrl\":\"http:\\\/\\\/hq-advisory.com\\\/wp-content\\\/uploads\\\/2016\\\/04\\\/aline-150x150.png\",\"datePublished\":\"2019-03-21T18:06:13+00:00\",\"description\":\"Existem duas maneiras pelas quais a lei de direitos autorais pode lidar com obras geradas por Intelig\u00eancia Artificial. Ele pode negar a prote\u00e7\u00e3o de direitos autorais para obras que foram geradas por um computador ou pode atribuir a autoria de tais obras ao criador do programa.\",\"breadcrumb\":{\"@id\":\"http:\\\/\\\/hq-advisory.com\\\/blog\\\/direitos-autorais-inteligencia-artificial\\\/#breadcrumb\"},\"inLanguage\":\"en-US\",\"potentialAction\":[{\"@type\":\"ReadAction\",\"target\":[\"http:\\\/\\\/hq-advisory.com\\\/blog\\\/direitos-autorais-inteligencia-artificial\\\/\"]}]},{\"@type\":\"ImageObject\",\"inLanguage\":\"en-US\",\"@id\":\"http:\\\/\\\/hq-advisory.com\\\/blog\\\/direitos-autorais-inteligencia-artificial\\\/#primaryimage\",\"url\":\"http:\\\/\\\/hq-advisory.com\\\/wp-content\\\/uploads\\\/2016\\\/04\\\/aline-150x150.png\",\"contentUrl\":\"http:\\\/\\\/hq-advisory.com\\\/wp-content\\\/uploads\\\/2016\\\/04\\\/aline-150x150.png\"},{\"@type\":\"BreadcrumbList\",\"@id\":\"http:\\\/\\\/hq-advisory.com\\\/blog\\\/direitos-autorais-inteligencia-artificial\\\/#breadcrumb\",\"itemListElement\":[{\"@type\":\"ListItem\",\"position\":1,\"name\":\"In\u00edcio\",\"item\":\"http:\\\/\\\/hq-advisory.com\\\/en\\\/\"},{\"@type\":\"ListItem\",\"position\":2,\"name\":\"BLOG\",\"item\":\"http:\\\/\\\/hq-advisory.com\\\/blog\\\/\"},{\"@type\":\"ListItem\",\"position\":3,\"name\":\"Qual \u00e9 a rela\u00e7\u00e3o entre Direitos Autorais e obras geradas por intelig\u00eancia artificial?\"}]},{\"@type\":\"WebSite\",\"@id\":\"http:\\\/\\\/hq-advisory.com\\\/en\\\/#website\",\"url\":\"http:\\\/\\\/hq-advisory.com\\\/en\\\/\",\"name\":\"HQ Advisory - The Innovation HeadQuarters\",\"description\":\"A HQ Advisory oferece servi\u00e7os de valida\u00e7\u00e3o jur\u00eddica , prote\u00e7\u00e3o de propriedade Intelectual, registro de patentes e marcas, reda\u00e7\u00e3o de contratos, cursos e treinamentos. O Quartel General da Inova\u00e7\u00e3o\",\"publisher\":{\"@id\":\"http:\\\/\\\/hq-advisory.com\\\/en\\\/#organization\"},\"potentialAction\":[{\"@type\":\"SearchAction\",\"target\":{\"@type\":\"EntryPoint\",\"urlTemplate\":\"http:\\\/\\\/hq-advisory.com\\\/en\\\/?s={search_term_string}\"},\"query-input\":{\"@type\":\"PropertyValueSpecification\",\"valueRequired\":true,\"valueName\":\"search_term_string\"}}],\"inLanguage\":\"en-US\"},{\"@type\":\"Organization\",\"@id\":\"http:\\\/\\\/hq-advisory.com\\\/en\\\/#organization\",\"name\":\"HQ Advisory\",\"url\":\"http:\\\/\\\/hq-advisory.com\\\/en\\\/\",\"logo\":{\"@type\":\"ImageObject\",\"inLanguage\":\"en-US\",\"@id\":\"http:\\\/\\\/hq-advisory.com\\\/en\\\/#\\\/schema\\\/logo\\\/image\\\/\",\"url\":\"http:\\\/\\\/hq-advisory.com\\\/wp-content\\\/uploads\\\/2016\\\/02\\\/hq-logo.png\",\"contentUrl\":\"http:\\\/\\\/hq-advisory.com\\\/wp-content\\\/uploads\\\/2016\\\/02\\\/hq-logo.png\",\"width\":1252,\"height\":588,\"caption\":\"HQ Advisory\"},\"image\":{\"@id\":\"http:\\\/\\\/hq-advisory.com\\\/en\\\/#\\\/schema\\\/logo\\\/image\\\/\"},\"sameAs\":[\"https:\\\/\\\/www.facebook.com\\\/hqadvisory\",\"https:\\\/\\\/www.instagram.com\\\/hq_advisory\\\/\",\"https:\\\/\\\/www.linkedin.com\\\/company\\\/hq-advisory\"]}]}<\/script>\n<!-- \/ Yoast SEO plugin. -->","yoast_head_json":{"title":"Qual \u00e9 a rela\u00e7\u00e3o entre Direitos Autorais e obras geradas por intelig\u00eancia artificial?","robots":{"index":"index","follow":"follow","max-snippet":"max-snippet:-1","max-image-preview":"max-image-preview:large","max-video-preview":"max-video-preview:-1"},"canonical":"http:\/\/hq-advisory.com\/blog\/direitos-autorais-inteligencia-artificial\/","og_locale":"en_US","og_type":"article","og_title":"Qual \u00e9 a rela\u00e7\u00e3o entre Direitos Autorais e obras geradas por intelig\u00eancia artificial? - HQ Advisory - The Innovation HeadQuarters","og_url":"http:\/\/hq-advisory.com\/blog\/direitos-autorais-inteligencia-artificial\/","og_site_name":"HQ Advisory - The Innovation HeadQuarters","article_publisher":"https:\/\/www.facebook.com\/hqadvisory","og_image":[{"url":"http:\/\/hq-advisory.com\/wp-content\/uploads\/2016\/04\/aline-150x150.png","type":"","width":"","height":""}],"twitter_card":"summary_large_image","twitter_misc":{"Est. reading time":"3 minutes"},"schema":{"@context":"https:\/\/schema.org","@graph":[{"@type":"WebPage","@id":"http:\/\/hq-advisory.com\/blog\/direitos-autorais-inteligencia-artificial\/","url":"http:\/\/hq-advisory.com\/blog\/direitos-autorais-inteligencia-artificial\/","name":"Qual \u00e9 a rela\u00e7\u00e3o entre Direitos Autorais e obras geradas por intelig\u00eancia artificial?","isPartOf":{"@id":"http:\/\/hq-advisory.com\/en\/#website"},"primaryImageOfPage":{"@id":"http:\/\/hq-advisory.com\/blog\/direitos-autorais-inteligencia-artificial\/#primaryimage"},"image":{"@id":"http:\/\/hq-advisory.com\/blog\/direitos-autorais-inteligencia-artificial\/#primaryimage"},"thumbnailUrl":"http:\/\/hq-advisory.com\/wp-content\/uploads\/2016\/04\/aline-150x150.png","datePublished":"2019-03-21T18:06:13+00:00","description":"Existem duas maneiras pelas quais a lei de direitos autorais pode lidar com obras geradas por Intelig\u00eancia Artificial. Ele pode negar a prote\u00e7\u00e3o de direitos autorais para obras que foram geradas por um computador ou pode atribuir a autoria de tais obras ao criador do programa.","breadcrumb":{"@id":"http:\/\/hq-advisory.com\/blog\/direitos-autorais-inteligencia-artificial\/#breadcrumb"},"inLanguage":"en-US","potentialAction":[{"@type":"ReadAction","target":["http:\/\/hq-advisory.com\/blog\/direitos-autorais-inteligencia-artificial\/"]}]},{"@type":"ImageObject","inLanguage":"en-US","@id":"http:\/\/hq-advisory.com\/blog\/direitos-autorais-inteligencia-artificial\/#primaryimage","url":"http:\/\/hq-advisory.com\/wp-content\/uploads\/2016\/04\/aline-150x150.png","contentUrl":"http:\/\/hq-advisory.com\/wp-content\/uploads\/2016\/04\/aline-150x150.png"},{"@type":"BreadcrumbList","@id":"http:\/\/hq-advisory.com\/blog\/direitos-autorais-inteligencia-artificial\/#breadcrumb","itemListElement":[{"@type":"ListItem","position":1,"name":"In\u00edcio","item":"http:\/\/hq-advisory.com\/en\/"},{"@type":"ListItem","position":2,"name":"BLOG","item":"http:\/\/hq-advisory.com\/blog\/"},{"@type":"ListItem","position":3,"name":"Qual \u00e9 a rela\u00e7\u00e3o entre Direitos Autorais e obras geradas por intelig\u00eancia artificial?"}]},{"@type":"WebSite","@id":"http:\/\/hq-advisory.com\/en\/#website","url":"http:\/\/hq-advisory.com\/en\/","name":"HQ Advisory - The Innovation HeadQuarters","description":"A HQ Advisory oferece servi\u00e7os de valida\u00e7\u00e3o jur\u00eddica , prote\u00e7\u00e3o de propriedade Intelectual, registro de patentes e marcas, reda\u00e7\u00e3o de contratos, cursos e treinamentos. O Quartel General da Inova\u00e7\u00e3o","publisher":{"@id":"http:\/\/hq-advisory.com\/en\/#organization"},"potentialAction":[{"@type":"SearchAction","target":{"@type":"EntryPoint","urlTemplate":"http:\/\/hq-advisory.com\/en\/?s={search_term_string}"},"query-input":{"@type":"PropertyValueSpecification","valueRequired":true,"valueName":"search_term_string"}}],"inLanguage":"en-US"},{"@type":"Organization","@id":"http:\/\/hq-advisory.com\/en\/#organization","name":"HQ Advisory","url":"http:\/\/hq-advisory.com\/en\/","logo":{"@type":"ImageObject","inLanguage":"en-US","@id":"http:\/\/hq-advisory.com\/en\/#\/schema\/logo\/image\/","url":"http:\/\/hq-advisory.com\/wp-content\/uploads\/2016\/02\/hq-logo.png","contentUrl":"http:\/\/hq-advisory.com\/wp-content\/uploads\/2016\/02\/hq-logo.png","width":1252,"height":588,"caption":"HQ Advisory"},"image":{"@id":"http:\/\/hq-advisory.com\/en\/#\/schema\/logo\/image\/"},"sameAs":["https:\/\/www.facebook.com\/hqadvisory","https:\/\/www.instagram.com\/hq_advisory\/","https:\/\/www.linkedin.com\/company\/hq-advisory"]}]}},"jetpack_sharing_enabled":true,"jetpack_shortlink":"https:\/\/wp.me\/P7Gted-6c","_links":{"self":[{"href":"http:\/\/hq-advisory.com\/en\/wp-json\/wp\/v2\/pages\/384","targetHints":{"allow":["GET"]}}],"collection":[{"href":"http:\/\/hq-advisory.com\/en\/wp-json\/wp\/v2\/pages"}],"about":[{"href":"http:\/\/hq-advisory.com\/en\/wp-json\/wp\/v2\/types\/page"}],"author":[{"embeddable":true,"href":"http:\/\/hq-advisory.com\/en\/wp-json\/wp\/v2\/users\/1"}],"replies":[{"embeddable":true,"href":"http:\/\/hq-advisory.com\/en\/wp-json\/wp\/v2\/comments?post=384"}],"version-history":[{"count":2,"href":"http:\/\/hq-advisory.com\/en\/wp-json\/wp\/v2\/pages\/384\/revisions"}],"predecessor-version":[{"id":386,"href":"http:\/\/hq-advisory.com\/en\/wp-json\/wp\/v2\/pages\/384\/revisions\/386"}],"up":[{"embeddable":true,"href":"http:\/\/hq-advisory.com\/en\/wp-json\/wp\/v2\/pages\/69"}],"wp:attachment":[{"href":"http:\/\/hq-advisory.com\/en\/wp-json\/wp\/v2\/media?parent=384"}],"curies":[{"name":"wp","href":"https:\/\/api.w.org\/{rel}","templated":true}]}}