{"id":374,"date":"2019-03-15T17:29:24","date_gmt":"2019-03-15T17:29:24","guid":{"rendered":"http:\/\/hq-advisory.com\/?page_id=374"},"modified":"2019-03-15T17:30:01","modified_gmt":"2019-03-15T17:30:01","slug":"um-robo-pode-ser-autor","status":"publish","type":"page","link":"http:\/\/hq-advisory.com\/en\/blog\/um-robo-pode-ser-autor\/","title":{"rendered":"Qual o conceito de autoria? Quem \u00e9 autor? Um rob\u00f4 pode ser autor?"},"content":{"rendered":"<p>N\u00e3o h\u00e1 um conceito de autoria nos diplomas legais internacionais que comp\u00f5em o arquip\u00e9lago da prote\u00e7\u00e3o de propriedade intelectual, dando pouco suporte em n\u00edvel internacional\u00a0para a resolu\u00e7\u00e3o dos desafios inerentes \u00e0 identifica\u00e7\u00e3o de autoria de obras geradas por intelig\u00eancia artificial. Cabe pois aos direitos internos, considerando par\u00e2metros m\u00ednimos conferidos no<br \/>\nsistema internacional, estruturar a prote\u00e7\u00e3o a n\u00edvel nacional.<\/p>\n<p>A autoria \u00e9 cerne da prote\u00e7\u00e3o dos direitos morais e materiais conferidos pelo atual sistema internacional de propriedade intelectual. Apesar da aus\u00eancia de um conceito legislado de autoria nos tratados que comp\u00f5em o sistema internacional de propriedade intelectual, entende-se que o elemento humano \u00e9 o centro irradiador de efeitos para prote\u00e7\u00e3o de direitos autorais.<\/p>\n<p>Ainda, para compreender o que se tem hoje como conceito de autoria vale lembrar a sempre torturante quest\u00e3o do embate entre as concep\u00e7\u00f5es que abrangem direitos autorais. O direito de autor, <em>droit d\u2019auteur<\/em>, corresponde ao sistema franc\u00eas ou continental, que originalmente, se ocupava da criatividade da obra a ser copiada e dos direitos morais do criador da obra. No<br \/>\ndireito de c\u00f3pia, ou <em>copyright<\/em>, do sistema anglo-americano, o direito a ser protegido \u00e9 a reprodu\u00e7\u00e3o de c\u00f3pias, e originalmente enfatizava mais a prote\u00e7\u00e3o do editor do que do autor. Ressalta-se que no Brasil, a t\u00edtulo ilustrativo, por for\u00e7a da tradi\u00e7\u00e3o de direito romano, adotou-se o direito do autor, como pessoa f\u00edsica, e \u00e9 dele o direito de reprodu\u00e7\u00e3o.<\/p>\n<p>Tradicionalmente, a propriedade de direitos autorais em obras geradas por computador n\u00e3o estava em quest\u00e3o porque o programa era apenas uma ferramenta que apoiava o processo criativo, muito parecido com uma caneta e um papel.<\/p>\n<p>Os trabalhos criativos se qualificam para prote\u00e7\u00e3o de direitos autorais se forem originais, com a maioria das defini\u00e7\u00f5es de originalidade exigindo um autor humano. Os mais recentes tipos de intelig\u00eancia artificial, o programa de computador n\u00e3o \u00e9 mais uma ferramenta; na verdade, toma muitas das decis\u00f5es envolvidas no processo criativo sem interven\u00e7\u00e3o humana. E com dado poder de computa\u00e7\u00e3o suficiente, em breve ser\u00e1 imposs\u00edvel distinguir entre conte\u00fado gerado por pessoas e gerado por m\u00e1quinas.<\/p>\n<p>Ainda n\u00e3o \u00e9 esse o est\u00e1gio, mas se e quando ele for atingido, ser\u00e1 necess\u00e1rio decidir que tipo de prote\u00e7\u00e3o, se houver, devemos dar a trabalhos criados por algoritmos inteligentes emergentes com pouca ou nenhuma interven\u00e7\u00e3o humana. O sistema internacional de propriedade intelectual precisar\u00e1 ser repensado para admitir autoria de obras que n\u00e3o necessariamente foram fruto do intelecto ou espirito criativo humano.<\/p>\n<p><img loading=\"lazy\" decoding=\"async\" class=\"alignleft wp-image-126 \" src=\"http:\/\/hq-advisory.com\/wp-content\/uploads\/2016\/04\/aline-150x150.png\" sizes=\"auto, (max-width: 100px) 100vw, 100px\" srcset=\"http:\/\/hq-advisory.com\/wp-content\/uploads\/2016\/04\/aline-150x150.png 150w, http:\/\/hq-advisory.com\/wp-content\/uploads\/2016\/04\/aline-96x96.png 96w, http:\/\/hq-advisory.com\/wp-content\/uploads\/2016\/04\/aline-192x192.png 192w, http:\/\/hq-advisory.com\/wp-content\/uploads\/2016\/04\/aline.png 252w\" alt=\"aline\" width=\"100\" height=\"100\" \/><\/p>\n<p><strong>Aline Schraier de Quadros<\/strong><\/p>\n<p>\u00e9 advogada de Propriedade Intelectual, formada na UFPR e Universidade de Coimbra, tem experi\u00eancia nas \u00e1reas de Propriedade Intelectual, Estrat\u00e9gia, Transfer\u00eancia de Tecnologia, Contratos e Direito Empresarial. Conecte-se com Aline pelo\u00a0<a href=\"https:\/\/goo.gl\/XPwCTI\">LinkedIn<\/a>.<\/p>\n<p><span style=\"color: #808080;\">Esse texto \u201cQual o conceito de autoria? Quem \u00e9 autor? Um rob\u00f4 pode ser autor?\u201d \u00e9 livre e <i>open source. <\/i>Voc\u00ea tem permiss\u00e3o para republicar esse texto sob licen\u00e7a Creative Commons (<a style=\"color: #808080;\" href=\"https:\/\/creativecommons.org\/licenses\/by\/3.0\/br\/\" target=\"_blank\" rel=\"noopener\">https:\/\/creativecommons.org\/<wbr \/>licenses\/by\/3.0\/br\/<\/a>) , atribuindo a autoria a \u201cAline Schraier de Quadros\u201d, HQ Advisory, 15 de mar\u00e7o de 2019, 14h30.\u00a0Se voc\u00ea identificar algum erro de digita\u00e7\u00e3o, mande um e-mail para <a style=\"color: #808080;\" href=\"mailto:contato@hq-advisory.com\" target=\"_blank\" rel=\"noopener\">contato@hq-advisory.com<\/a><\/span><\/p>\n","protected":false},"excerpt":{"rendered":"<p>N\u00e3o h\u00e1 um conceito de autoria nos diplomas legais internacionais que comp\u00f5em o arquip\u00e9lago da prote\u00e7\u00e3o de propriedade intelectual, dando pouco suporte em n\u00edvel internacional\u00a0para a resolu\u00e7\u00e3o dos desafios inerentes \u00e0 identifica\u00e7\u00e3o de autoria de obras geradas por intelig\u00eancia artificial. Cabe pois aos direitos internos, considerando par\u00e2metros m\u00ednimos conferidos no sistema internacional, estruturar a prote\u00e7\u00e3o &hellip; <a href=\"http:\/\/hq-advisory.com\/en\/blog\/um-robo-pode-ser-autor\/\" class=\"more-link\">Continue reading <span class=\"screen-reader-text\">Qual o conceito de autoria? Quem \u00e9 autor? Um rob\u00f4 pode ser autor?<\/span><\/a><\/p>\n","protected":false},"author":1,"featured_media":0,"parent":69,"menu_order":2,"comment_status":"closed","ping_status":"closed","template":"page-templates\/full-width-page.php","meta":{"_exactmetrics_skip_tracking":false,"_exactmetrics_sitenote_active":false,"_exactmetrics_sitenote_note":"","_exactmetrics_sitenote_category":0,"jetpack_post_was_ever_published":false,"footnotes":""},"class_list":["post-374","page","type-page","status-publish","hentry"],"translation":{"provider":"WPGlobus","version":"3.0.0","language":"en","enabled_languages":["br","en"],"languages":{"br":{"title":true,"content":true,"excerpt":false},"en":{"title":false,"content":false,"excerpt":false}}},"yoast_head":"<!-- This site is optimized with the Yoast SEO plugin v27.4 - https:\/\/yoast.com\/product\/yoast-seo-wordpress\/ -->\n<title>Qual o conceito de autoria? Quem \u00e9 autor? Um rob\u00f4 pode ser autor? - HQ Advisory - The Innovation HeadQuarters<\/title>\n<meta name=\"robots\" content=\"index, follow, max-snippet:-1, max-image-preview:large, max-video-preview:-1\" \/>\n<link rel=\"canonical\" href=\"http:\/\/hq-advisory.com\/blog\/um-robo-pode-ser-autor\/\" \/>\n<meta property=\"og:locale\" content=\"en_US\" \/>\n<meta property=\"og:type\" content=\"article\" \/>\n<meta property=\"og:title\" content=\"Qual o conceito de autoria? Quem \u00e9 autor? Um rob\u00f4 pode ser autor? - HQ Advisory - The Innovation HeadQuarters\" \/>\n<meta property=\"og:url\" content=\"http:\/\/hq-advisory.com\/blog\/um-robo-pode-ser-autor\/\" \/>\n<meta property=\"og:site_name\" content=\"HQ Advisory - The Innovation HeadQuarters\" \/>\n<meta property=\"article:publisher\" content=\"https:\/\/www.facebook.com\/hqadvisory\" \/>\n<meta property=\"article:modified_time\" content=\"2019-03-15T17:30:01+00:00\" \/>\n<meta property=\"og:image\" content=\"http:\/\/hq-advisory.com\/wp-content\/uploads\/2016\/04\/aline-150x150.png\" \/>\n<meta name=\"twitter:card\" content=\"summary_large_image\" \/>\n<meta name=\"twitter:label1\" content=\"Est. reading time\" \/>\n\t<meta name=\"twitter:data1\" content=\"3 minutes\" \/>\n<script type=\"application\/ld+json\" class=\"yoast-schema-graph\">{\"@context\":\"https:\\\/\\\/schema.org\",\"@graph\":[{\"@type\":\"WebPage\",\"@id\":\"http:\\\/\\\/hq-advisory.com\\\/blog\\\/um-robo-pode-ser-autor\\\/\",\"url\":\"http:\\\/\\\/hq-advisory.com\\\/blog\\\/um-robo-pode-ser-autor\\\/\",\"name\":\"Qual o conceito de autoria? Quem \u00e9 autor? Um rob\u00f4 pode ser autor? - HQ Advisory - The Innovation HeadQuarters\",\"isPartOf\":{\"@id\":\"http:\\\/\\\/hq-advisory.com\\\/en\\\/#website\"},\"primaryImageOfPage\":{\"@id\":\"http:\\\/\\\/hq-advisory.com\\\/blog\\\/um-robo-pode-ser-autor\\\/#primaryimage\"},\"image\":{\"@id\":\"http:\\\/\\\/hq-advisory.com\\\/blog\\\/um-robo-pode-ser-autor\\\/#primaryimage\"},\"thumbnailUrl\":\"http:\\\/\\\/hq-advisory.com\\\/wp-content\\\/uploads\\\/2016\\\/04\\\/aline-150x150.png\",\"datePublished\":\"2019-03-15T17:29:24+00:00\",\"dateModified\":\"2019-03-15T17:30:01+00:00\",\"description\":\"Tradicionalmente, direitos autorais em obras geradas por computador n\u00e3o estava em quest\u00e3o porque o programa era apenas uma ferramenta que apoiava o processo criativo. Entretanto, recentes tipos de intelig\u00eancia artificial toma muitas das decis\u00f5es envolvidas no processo criativo sem interven\u00e7\u00e3o humana.\",\"breadcrumb\":{\"@id\":\"http:\\\/\\\/hq-advisory.com\\\/blog\\\/um-robo-pode-ser-autor\\\/#breadcrumb\"},\"inLanguage\":\"en-US\",\"potentialAction\":[{\"@type\":\"ReadAction\",\"target\":[\"http:\\\/\\\/hq-advisory.com\\\/blog\\\/um-robo-pode-ser-autor\\\/\"]}]},{\"@type\":\"ImageObject\",\"inLanguage\":\"en-US\",\"@id\":\"http:\\\/\\\/hq-advisory.com\\\/blog\\\/um-robo-pode-ser-autor\\\/#primaryimage\",\"url\":\"http:\\\/\\\/hq-advisory.com\\\/wp-content\\\/uploads\\\/2016\\\/04\\\/aline-150x150.png\",\"contentUrl\":\"http:\\\/\\\/hq-advisory.com\\\/wp-content\\\/uploads\\\/2016\\\/04\\\/aline-150x150.png\"},{\"@type\":\"BreadcrumbList\",\"@id\":\"http:\\\/\\\/hq-advisory.com\\\/blog\\\/um-robo-pode-ser-autor\\\/#breadcrumb\",\"itemListElement\":[{\"@type\":\"ListItem\",\"position\":1,\"name\":\"In\u00edcio\",\"item\":\"http:\\\/\\\/hq-advisory.com\\\/en\\\/\"},{\"@type\":\"ListItem\",\"position\":2,\"name\":\"BLOG\",\"item\":\"http:\\\/\\\/hq-advisory.com\\\/blog\\\/\"},{\"@type\":\"ListItem\",\"position\":3,\"name\":\"Qual o conceito de autoria? Quem \u00e9 autor? Um rob\u00f4 pode ser autor?\"}]},{\"@type\":\"WebSite\",\"@id\":\"http:\\\/\\\/hq-advisory.com\\\/en\\\/#website\",\"url\":\"http:\\\/\\\/hq-advisory.com\\\/en\\\/\",\"name\":\"HQ Advisory - The Innovation HeadQuarters\",\"description\":\"A HQ Advisory oferece servi\u00e7os de valida\u00e7\u00e3o jur\u00eddica , prote\u00e7\u00e3o de propriedade Intelectual, registro de patentes e marcas, reda\u00e7\u00e3o de contratos, cursos e treinamentos. O Quartel General da Inova\u00e7\u00e3o\",\"publisher\":{\"@id\":\"http:\\\/\\\/hq-advisory.com\\\/en\\\/#organization\"},\"potentialAction\":[{\"@type\":\"SearchAction\",\"target\":{\"@type\":\"EntryPoint\",\"urlTemplate\":\"http:\\\/\\\/hq-advisory.com\\\/en\\\/?s={search_term_string}\"},\"query-input\":{\"@type\":\"PropertyValueSpecification\",\"valueRequired\":true,\"valueName\":\"search_term_string\"}}],\"inLanguage\":\"en-US\"},{\"@type\":\"Organization\",\"@id\":\"http:\\\/\\\/hq-advisory.com\\\/en\\\/#organization\",\"name\":\"HQ Advisory\",\"url\":\"http:\\\/\\\/hq-advisory.com\\\/en\\\/\",\"logo\":{\"@type\":\"ImageObject\",\"inLanguage\":\"en-US\",\"@id\":\"http:\\\/\\\/hq-advisory.com\\\/en\\\/#\\\/schema\\\/logo\\\/image\\\/\",\"url\":\"http:\\\/\\\/hq-advisory.com\\\/wp-content\\\/uploads\\\/2016\\\/02\\\/hq-logo.png\",\"contentUrl\":\"http:\\\/\\\/hq-advisory.com\\\/wp-content\\\/uploads\\\/2016\\\/02\\\/hq-logo.png\",\"width\":1252,\"height\":588,\"caption\":\"HQ Advisory\"},\"image\":{\"@id\":\"http:\\\/\\\/hq-advisory.com\\\/en\\\/#\\\/schema\\\/logo\\\/image\\\/\"},\"sameAs\":[\"https:\\\/\\\/www.facebook.com\\\/hqadvisory\",\"https:\\\/\\\/www.instagram.com\\\/hq_advisory\\\/\",\"https:\\\/\\\/www.linkedin.com\\\/company\\\/hq-advisory\"]}]}<\/script>\n<!-- \/ Yoast SEO plugin. -->","yoast_head_json":{"title":"Qual o conceito de autoria? Quem \u00e9 autor? Um rob\u00f4 pode ser autor? - HQ Advisory - The Innovation HeadQuarters","robots":{"index":"index","follow":"follow","max-snippet":"max-snippet:-1","max-image-preview":"max-image-preview:large","max-video-preview":"max-video-preview:-1"},"canonical":"http:\/\/hq-advisory.com\/blog\/um-robo-pode-ser-autor\/","og_locale":"en_US","og_type":"article","og_title":"Qual o conceito de autoria? Quem \u00e9 autor? Um rob\u00f4 pode ser autor? - HQ Advisory - The Innovation HeadQuarters","og_url":"http:\/\/hq-advisory.com\/blog\/um-robo-pode-ser-autor\/","og_site_name":"HQ Advisory - The Innovation HeadQuarters","article_publisher":"https:\/\/www.facebook.com\/hqadvisory","article_modified_time":"2019-03-15T17:30:01+00:00","og_image":[{"url":"http:\/\/hq-advisory.com\/wp-content\/uploads\/2016\/04\/aline-150x150.png","type":"","width":"","height":""}],"twitter_card":"summary_large_image","twitter_misc":{"Est. reading time":"3 minutes"},"schema":{"@context":"https:\/\/schema.org","@graph":[{"@type":"WebPage","@id":"http:\/\/hq-advisory.com\/blog\/um-robo-pode-ser-autor\/","url":"http:\/\/hq-advisory.com\/blog\/um-robo-pode-ser-autor\/","name":"Qual o conceito de autoria? Quem \u00e9 autor? Um rob\u00f4 pode ser autor? - HQ Advisory - The Innovation HeadQuarters","isPartOf":{"@id":"http:\/\/hq-advisory.com\/en\/#website"},"primaryImageOfPage":{"@id":"http:\/\/hq-advisory.com\/blog\/um-robo-pode-ser-autor\/#primaryimage"},"image":{"@id":"http:\/\/hq-advisory.com\/blog\/um-robo-pode-ser-autor\/#primaryimage"},"thumbnailUrl":"http:\/\/hq-advisory.com\/wp-content\/uploads\/2016\/04\/aline-150x150.png","datePublished":"2019-03-15T17:29:24+00:00","dateModified":"2019-03-15T17:30:01+00:00","description":"Tradicionalmente, direitos autorais em obras geradas por computador n\u00e3o estava em quest\u00e3o porque o programa era apenas uma ferramenta que apoiava o processo criativo. Entretanto, recentes tipos de intelig\u00eancia artificial toma muitas das decis\u00f5es envolvidas no processo criativo sem interven\u00e7\u00e3o humana.","breadcrumb":{"@id":"http:\/\/hq-advisory.com\/blog\/um-robo-pode-ser-autor\/#breadcrumb"},"inLanguage":"en-US","potentialAction":[{"@type":"ReadAction","target":["http:\/\/hq-advisory.com\/blog\/um-robo-pode-ser-autor\/"]}]},{"@type":"ImageObject","inLanguage":"en-US","@id":"http:\/\/hq-advisory.com\/blog\/um-robo-pode-ser-autor\/#primaryimage","url":"http:\/\/hq-advisory.com\/wp-content\/uploads\/2016\/04\/aline-150x150.png","contentUrl":"http:\/\/hq-advisory.com\/wp-content\/uploads\/2016\/04\/aline-150x150.png"},{"@type":"BreadcrumbList","@id":"http:\/\/hq-advisory.com\/blog\/um-robo-pode-ser-autor\/#breadcrumb","itemListElement":[{"@type":"ListItem","position":1,"name":"In\u00edcio","item":"http:\/\/hq-advisory.com\/en\/"},{"@type":"ListItem","position":2,"name":"BLOG","item":"http:\/\/hq-advisory.com\/blog\/"},{"@type":"ListItem","position":3,"name":"Qual o conceito de autoria? Quem \u00e9 autor? Um rob\u00f4 pode ser autor?"}]},{"@type":"WebSite","@id":"http:\/\/hq-advisory.com\/en\/#website","url":"http:\/\/hq-advisory.com\/en\/","name":"HQ Advisory - The Innovation HeadQuarters","description":"A HQ Advisory oferece servi\u00e7os de valida\u00e7\u00e3o jur\u00eddica , prote\u00e7\u00e3o de propriedade Intelectual, registro de patentes e marcas, reda\u00e7\u00e3o de contratos, cursos e treinamentos. O Quartel General da Inova\u00e7\u00e3o","publisher":{"@id":"http:\/\/hq-advisory.com\/en\/#organization"},"potentialAction":[{"@type":"SearchAction","target":{"@type":"EntryPoint","urlTemplate":"http:\/\/hq-advisory.com\/en\/?s={search_term_string}"},"query-input":{"@type":"PropertyValueSpecification","valueRequired":true,"valueName":"search_term_string"}}],"inLanguage":"en-US"},{"@type":"Organization","@id":"http:\/\/hq-advisory.com\/en\/#organization","name":"HQ Advisory","url":"http:\/\/hq-advisory.com\/en\/","logo":{"@type":"ImageObject","inLanguage":"en-US","@id":"http:\/\/hq-advisory.com\/en\/#\/schema\/logo\/image\/","url":"http:\/\/hq-advisory.com\/wp-content\/uploads\/2016\/02\/hq-logo.png","contentUrl":"http:\/\/hq-advisory.com\/wp-content\/uploads\/2016\/02\/hq-logo.png","width":1252,"height":588,"caption":"HQ Advisory"},"image":{"@id":"http:\/\/hq-advisory.com\/en\/#\/schema\/logo\/image\/"},"sameAs":["https:\/\/www.facebook.com\/hqadvisory","https:\/\/www.instagram.com\/hq_advisory\/","https:\/\/www.linkedin.com\/company\/hq-advisory"]}]}},"jetpack_sharing_enabled":true,"jetpack_shortlink":"https:\/\/wp.me\/P7Gted-62","_links":{"self":[{"href":"http:\/\/hq-advisory.com\/en\/wp-json\/wp\/v2\/pages\/374","targetHints":{"allow":["GET"]}}],"collection":[{"href":"http:\/\/hq-advisory.com\/en\/wp-json\/wp\/v2\/pages"}],"about":[{"href":"http:\/\/hq-advisory.com\/en\/wp-json\/wp\/v2\/types\/page"}],"author":[{"embeddable":true,"href":"http:\/\/hq-advisory.com\/en\/wp-json\/wp\/v2\/users\/1"}],"replies":[{"embeddable":true,"href":"http:\/\/hq-advisory.com\/en\/wp-json\/wp\/v2\/comments?post=374"}],"version-history":[{"count":2,"href":"http:\/\/hq-advisory.com\/en\/wp-json\/wp\/v2\/pages\/374\/revisions"}],"predecessor-version":[{"id":376,"href":"http:\/\/hq-advisory.com\/en\/wp-json\/wp\/v2\/pages\/374\/revisions\/376"}],"up":[{"embeddable":true,"href":"http:\/\/hq-advisory.com\/en\/wp-json\/wp\/v2\/pages\/69"}],"wp:attachment":[{"href":"http:\/\/hq-advisory.com\/en\/wp-json\/wp\/v2\/media?parent=374"}],"curies":[{"name":"wp","href":"https:\/\/api.w.org\/{rel}","templated":true}]}}