{"id":372,"date":"2019-03-15T17:07:49","date_gmt":"2019-03-15T17:07:49","guid":{"rendered":"http:\/\/hq-advisory.com\/?page_id=372"},"modified":"2019-08-26T20:36:26","modified_gmt":"2019-08-26T20:36:26","slug":"autor-obra-gerada-inteligencia-artificial","status":"publish","type":"page","link":"http:\/\/hq-advisory.com\/en\/blog\/autor-obra-gerada-inteligencia-artificial\/","title":{"rendered":"Quem \u00e9 autor de obras geradas por intelig\u00eancia artificial? O rob\u00f4, o desenvolvedor, ningu\u00e9m?"},"content":{"rendered":"<p><em>A populariza\u00e7\u00e3o da intelig\u00eancia artificial trouxe \u00e0 tona o fato de que humanos n\u00e3o s\u00e3o mais, a princ\u00edpio, a \u00fanica fonte do trabalho criativo. Os resultados do uso de intelig\u00eancia artificial por artistas, muitas vezes consistem em obras liter\u00e1rias, art\u00edsticas e cient\u00edficas reconhecidas como tal, trazem, no entanto, em uma primeira vista, a dificuldade para diferenciar se criadas por humanos ou por computadores.<\/em><\/p>\n<p>Esse fato, por si s\u00f3 j\u00e1 bem curioso e cheio de implica\u00e7\u00f5es sociais, econ\u00f4micas e jur\u00eddicas, desencadeia uma s\u00e9rie de dificuldades para o sistema de prote\u00e7\u00e3o da propriedade intelectual, e principalmente para os direitos autorais. Isso pois, trata-se de um sistema constru\u00eddo em torno da\u00a0figura do indiv\u00edduo criativo e suas obras criadas pelo espirito e intelecto humano. As obras geradas por intelig\u00eancia artificial possuem valor e, independentemente do reconhecimento de computadores como autores, \u00e9 importante pensarmos em como proteger essas cria\u00e7\u00f5es, seja por meio da legisla\u00e7\u00e3o autoral existente ou atrav\u00e9s de futuras revis\u00f5es.<\/p>\n<p>A quest\u00e3o da intelig\u00eancia artificial, no \u00e2mbito dos direitos autorais, \u00e9 evidentemente complexa, pois os conceitos normativos, concretizados em \u00e2mbito internacional e no direito interno dos pa\u00edses, n\u00e3o abarcam situa\u00e7\u00f5es criadas por aplica\u00e7\u00f5es de intelig\u00eancia artificial.<\/p>\n<p>N\u00e3o h\u00e1 um conceito de autoria nos diplomas legais internacionais que comp\u00f5em o arquip\u00e9lago da prote\u00e7\u00e3o de propriedade intelectual, dando pouco suporte em n\u00edvel internacional para a resolu\u00e7\u00e3o dos desafios inerentes \u00e0 identifica\u00e7\u00e3o de autoria de obras geradas por intelig\u00eancia artificial. Cabe pois aos direitos internos, considerando par\u00e2metros m\u00ednimos conferidos no sistema internacional, estruturar a prote\u00e7\u00e3o a n\u00edvel nacional.<\/p>\n<p>Tradicionalmente, a propriedade de direitos autorais em obras geradas por computador n\u00e3o estava em quest\u00e3o porque o programa era apenas uma ferramenta que apoiava o processo criativo, muito parecido com uma caneta e um papel.<\/p>\n<p>A parte da discuss\u00e3o se obras geradas por intelig\u00eancia artificial merecem ou n\u00e3o prote\u00e7\u00e3o por meio do sistema de direito autorais, existem a problem\u00e1tica de entender o real papel que esses algoritmos exercem para o processo criativo. Uma segunda abordagem \u00e0 autoria algor\u00edtmica \u00e9, portanto, considerar os autores humanos do algoritmo como, de alguma forma, co-autores do trabalho resultante.<\/p>\n<p>Desse modo, para fins pr\u00e1ticos, pelo menos no futuro pr\u00f3ximo, a quest\u00e3o central da autoria algor\u00edtmica provavelmente ser\u00e1 entre compreender se o algoritmo se parece mais com uma ferramenta, ou se os programadores do algoritmo se parecem mais com co-autores.<\/p>\n<p>Para mais informa\u00e7\u00f5es sobre o tema, confira tamb\u00e9m:<\/p>\n<h6 class=\"page-title\"><a href=\"http:\/\/hq-advisory.com\/blog\/um-robo-pode-ser-autor\/\">Qual o conceito de autoria? Quem \u00e9 autor? Um rob\u00f4 pode ser autor?<\/a><\/h6>\n<h6><a href=\"http:\/\/hq-advisory.com\/blog\/inteligencia-artificial-original\/\">Mas o que \u00e9 intelig\u00eancia artificial? Um rob\u00f4 pode mesmo criar algo original?<\/a><\/h6>\n<h6 class=\"page-title\"><a href=\"http:\/\/hq-advisory.com\/blog\/direitos-autorais-inteligencia-artificial\/\">Qual \u00e9 a rela\u00e7\u00e3o entre Direitos Autorais e obras geradas por intelig\u00eancia artificial?<\/a><\/h6>\n<p><img loading=\"lazy\" decoding=\"async\" class=\"alignleft wp-image-126 \" src=\"http:\/\/hq-advisory.com\/wp-content\/uploads\/2016\/04\/aline-150x150.png\" alt=\"aline\" width=\"100\" height=\"100\" srcset=\"http:\/\/hq-advisory.com\/wp-content\/uploads\/2016\/04\/aline-150x150.png 150w, http:\/\/hq-advisory.com\/wp-content\/uploads\/2016\/04\/aline-96x96.png 96w, http:\/\/hq-advisory.com\/wp-content\/uploads\/2016\/04\/aline-192x192.png 192w, http:\/\/hq-advisory.com\/wp-content\/uploads\/2016\/04\/aline.png 252w\" sizes=\"auto, (max-width: 100px) 100vw, 100px\" \/><\/p>\n<p><strong>Aline Schraier de Quadros<\/strong><\/p>\n<p>\u00e9 advogada de Propriedade Intelectual, formada na UFPR e Universidade de Coimbra, tem experi\u00eancia nas \u00e1reas de Propriedade Intelectual, Estrat\u00e9gia, Transfer\u00eancia de Tecnologia, Contratos e Direito Empresarial. Conecte-se com Aline pelo\u00a0<a href=\"https:\/\/goo.gl\/XPwCTI\">LinkedIn<\/a>.<\/p>\n<p><span style=\"color: #808080;\">Esse texto &#8220;Quem \u00e9 autor de obras geradas por intelig\u00eancia artificial? O rob\u00f4, o desenvolvedor, ningu\u00e9m?&#8221; \u00e9 livre e <i>open source. <\/i>Voc\u00ea tem permiss\u00e3o para republicar esse texto sob licen\u00e7a Creative Commons (<a style=\"color: #808080;\" href=\"https:\/\/creativecommons.org\/licenses\/by\/3.0\/br\/\" target=\"_blank\" rel=\"noopener noreferrer\">https:\/\/creativecommons.org\/<wbr \/>licenses\/by\/3.0\/br\/<\/a>), atribuindo a autoria a &#8220;Aline Schraier de Quadros&#8221;, HQ Advisory, 15 de mar\u00e7o de 2019, 14h.\u00a0<span style=\"font-size: 16px; line-height: 1.5;\">Se voc\u00ea identificar algum erro de digita\u00e7\u00e3o, mande um e-mail para <\/span><a style=\"font-size: 16px; line-height: 1.5; color: #808080;\" href=\"mailto:contato@hq-advisory.com\" target=\"_blank\" rel=\"noopener noreferrer\">contato@hq-advisory.com<\/a><\/span><\/p>\n","protected":false},"excerpt":{"rendered":"<p>A populariza\u00e7\u00e3o da intelig\u00eancia artificial trouxe \u00e0 tona o fato de que humanos n\u00e3o s\u00e3o mais, a princ\u00edpio, a \u00fanica fonte do trabalho criativo. Os resultados do uso de intelig\u00eancia artificial por artistas, muitas vezes consistem em obras liter\u00e1rias, art\u00edsticas e cient\u00edficas reconhecidas como tal, trazem, no entanto, em uma primeira vista, a dificuldade para &hellip; <a href=\"http:\/\/hq-advisory.com\/en\/blog\/autor-obra-gerada-inteligencia-artificial\/\" class=\"more-link\">Continue reading <span class=\"screen-reader-text\">Quem \u00e9 autor de obras geradas por intelig\u00eancia artificial? O rob\u00f4, o desenvolvedor, ningu\u00e9m?<\/span><\/a><\/p>\n","protected":false},"author":1,"featured_media":0,"parent":69,"menu_order":1,"comment_status":"closed","ping_status":"closed","template":"page-templates\/full-width-page.php","meta":{"_exactmetrics_skip_tracking":false,"_exactmetrics_sitenote_active":false,"_exactmetrics_sitenote_note":"","_exactmetrics_sitenote_category":0,"jetpack_post_was_ever_published":false,"footnotes":""},"class_list":["post-372","page","type-page","status-publish","hentry"],"translation":{"provider":"WPGlobus","version":"3.0.0","language":"en","enabled_languages":["br","en"],"languages":{"br":{"title":true,"content":true,"excerpt":false},"en":{"title":false,"content":false,"excerpt":false}}},"yoast_head":"<!-- This site is optimized with the Yoast SEO plugin v27.4 - https:\/\/yoast.com\/product\/yoast-seo-wordpress\/ -->\n<title>Quem \u00e9 autor de obras geradas por intelig\u00eancia artificial? O rob\u00f4, o desenvolvedor, ningu\u00e9m? - HQ Advisory - The Innovation HeadQuarters<\/title>\n<meta name=\"robots\" content=\"index, follow, max-snippet:-1, max-image-preview:large, max-video-preview:-1\" \/>\n<link rel=\"canonical\" href=\"http:\/\/hq-advisory.com\/blog\/autor-obra-gerada-inteligencia-artificial\/\" \/>\n<meta property=\"og:locale\" content=\"en_US\" \/>\n<meta property=\"og:type\" content=\"article\" \/>\n<meta property=\"og:title\" content=\"Quem \u00e9 autor de obras geradas por intelig\u00eancia artificial? O rob\u00f4, o desenvolvedor, ningu\u00e9m? - HQ Advisory - The Innovation HeadQuarters\" \/>\n<meta property=\"og:url\" content=\"http:\/\/hq-advisory.com\/blog\/autor-obra-gerada-inteligencia-artificial\/\" \/>\n<meta property=\"og:site_name\" content=\"HQ Advisory - The Innovation HeadQuarters\" \/>\n<meta property=\"article:publisher\" content=\"https:\/\/www.facebook.com\/hqadvisory\" \/>\n<meta property=\"article:modified_time\" content=\"2019-08-26T20:36:26+00:00\" \/>\n<meta property=\"og:image\" content=\"http:\/\/hq-advisory.com\/wp-content\/uploads\/2016\/04\/aline-150x150.png\" \/>\n<meta name=\"twitter:card\" content=\"summary_large_image\" \/>\n<meta name=\"twitter:label1\" content=\"Est. reading time\" \/>\n\t<meta name=\"twitter:data1\" content=\"3 minutes\" \/>\n<script type=\"application\/ld+json\" class=\"yoast-schema-graph\">{\"@context\":\"https:\\\/\\\/schema.org\",\"@graph\":[{\"@type\":\"WebPage\",\"@id\":\"http:\\\/\\\/hq-advisory.com\\\/blog\\\/autor-obra-gerada-inteligencia-artificial\\\/\",\"url\":\"http:\\\/\\\/hq-advisory.com\\\/blog\\\/autor-obra-gerada-inteligencia-artificial\\\/\",\"name\":\"Quem \u00e9 autor de obras geradas por intelig\u00eancia artificial? O rob\u00f4, o desenvolvedor, ningu\u00e9m? - HQ Advisory - The Innovation HeadQuarters\",\"isPartOf\":{\"@id\":\"http:\\\/\\\/hq-advisory.com\\\/en\\\/#website\"},\"primaryImageOfPage\":{\"@id\":\"http:\\\/\\\/hq-advisory.com\\\/blog\\\/autor-obra-gerada-inteligencia-artificial\\\/#primaryimage\"},\"image\":{\"@id\":\"http:\\\/\\\/hq-advisory.com\\\/blog\\\/autor-obra-gerada-inteligencia-artificial\\\/#primaryimage\"},\"thumbnailUrl\":\"http:\\\/\\\/hq-advisory.com\\\/wp-content\\\/uploads\\\/2016\\\/04\\\/aline-150x150.png\",\"datePublished\":\"2019-03-15T17:07:49+00:00\",\"dateModified\":\"2019-08-26T20:36:26+00:00\",\"description\":\"A populariza\u00e7\u00e3o da intelig\u00eancia artificial trouxe \u00e0 tona o fato de que humanos n\u00e3o s\u00e3o mais, a princ\u00edpio, a \u00fanica fonte do trabalho criativo. Obras geradas por intelig\u00eancia artificial merecem ou n\u00e3o prote\u00e7\u00e3o por meio do sistema de direito autorais?\",\"breadcrumb\":{\"@id\":\"http:\\\/\\\/hq-advisory.com\\\/blog\\\/autor-obra-gerada-inteligencia-artificial\\\/#breadcrumb\"},\"inLanguage\":\"en-US\",\"potentialAction\":[{\"@type\":\"ReadAction\",\"target\":[\"http:\\\/\\\/hq-advisory.com\\\/blog\\\/autor-obra-gerada-inteligencia-artificial\\\/\"]}]},{\"@type\":\"ImageObject\",\"inLanguage\":\"en-US\",\"@id\":\"http:\\\/\\\/hq-advisory.com\\\/blog\\\/autor-obra-gerada-inteligencia-artificial\\\/#primaryimage\",\"url\":\"http:\\\/\\\/hq-advisory.com\\\/wp-content\\\/uploads\\\/2016\\\/04\\\/aline-150x150.png\",\"contentUrl\":\"http:\\\/\\\/hq-advisory.com\\\/wp-content\\\/uploads\\\/2016\\\/04\\\/aline-150x150.png\"},{\"@type\":\"BreadcrumbList\",\"@id\":\"http:\\\/\\\/hq-advisory.com\\\/blog\\\/autor-obra-gerada-inteligencia-artificial\\\/#breadcrumb\",\"itemListElement\":[{\"@type\":\"ListItem\",\"position\":1,\"name\":\"In\u00edcio\",\"item\":\"http:\\\/\\\/hq-advisory.com\\\/en\\\/\"},{\"@type\":\"ListItem\",\"position\":2,\"name\":\"BLOG\",\"item\":\"http:\\\/\\\/hq-advisory.com\\\/blog\\\/\"},{\"@type\":\"ListItem\",\"position\":3,\"name\":\"Quem \u00e9 autor de obras geradas por intelig\u00eancia artificial? O rob\u00f4, o desenvolvedor, ningu\u00e9m?\"}]},{\"@type\":\"WebSite\",\"@id\":\"http:\\\/\\\/hq-advisory.com\\\/en\\\/#website\",\"url\":\"http:\\\/\\\/hq-advisory.com\\\/en\\\/\",\"name\":\"HQ Advisory - The Innovation HeadQuarters\",\"description\":\"A HQ Advisory oferece servi\u00e7os de valida\u00e7\u00e3o jur\u00eddica , prote\u00e7\u00e3o de propriedade Intelectual, registro de patentes e marcas, reda\u00e7\u00e3o de contratos, cursos e treinamentos. O Quartel General da Inova\u00e7\u00e3o\",\"publisher\":{\"@id\":\"http:\\\/\\\/hq-advisory.com\\\/en\\\/#organization\"},\"potentialAction\":[{\"@type\":\"SearchAction\",\"target\":{\"@type\":\"EntryPoint\",\"urlTemplate\":\"http:\\\/\\\/hq-advisory.com\\\/en\\\/?s={search_term_string}\"},\"query-input\":{\"@type\":\"PropertyValueSpecification\",\"valueRequired\":true,\"valueName\":\"search_term_string\"}}],\"inLanguage\":\"en-US\"},{\"@type\":\"Organization\",\"@id\":\"http:\\\/\\\/hq-advisory.com\\\/en\\\/#organization\",\"name\":\"HQ Advisory\",\"url\":\"http:\\\/\\\/hq-advisory.com\\\/en\\\/\",\"logo\":{\"@type\":\"ImageObject\",\"inLanguage\":\"en-US\",\"@id\":\"http:\\\/\\\/hq-advisory.com\\\/en\\\/#\\\/schema\\\/logo\\\/image\\\/\",\"url\":\"http:\\\/\\\/hq-advisory.com\\\/wp-content\\\/uploads\\\/2016\\\/02\\\/hq-logo.png\",\"contentUrl\":\"http:\\\/\\\/hq-advisory.com\\\/wp-content\\\/uploads\\\/2016\\\/02\\\/hq-logo.png\",\"width\":1252,\"height\":588,\"caption\":\"HQ Advisory\"},\"image\":{\"@id\":\"http:\\\/\\\/hq-advisory.com\\\/en\\\/#\\\/schema\\\/logo\\\/image\\\/\"},\"sameAs\":[\"https:\\\/\\\/www.facebook.com\\\/hqadvisory\",\"https:\\\/\\\/www.instagram.com\\\/hq_advisory\\\/\",\"https:\\\/\\\/www.linkedin.com\\\/company\\\/hq-advisory\"]}]}<\/script>\n<!-- \/ Yoast SEO plugin. -->","yoast_head_json":{"title":"Quem \u00e9 autor de obras geradas por intelig\u00eancia artificial? O rob\u00f4, o desenvolvedor, ningu\u00e9m? - HQ Advisory - The Innovation HeadQuarters","robots":{"index":"index","follow":"follow","max-snippet":"max-snippet:-1","max-image-preview":"max-image-preview:large","max-video-preview":"max-video-preview:-1"},"canonical":"http:\/\/hq-advisory.com\/blog\/autor-obra-gerada-inteligencia-artificial\/","og_locale":"en_US","og_type":"article","og_title":"Quem \u00e9 autor de obras geradas por intelig\u00eancia artificial? O rob\u00f4, o desenvolvedor, ningu\u00e9m? - HQ Advisory - The Innovation HeadQuarters","og_url":"http:\/\/hq-advisory.com\/blog\/autor-obra-gerada-inteligencia-artificial\/","og_site_name":"HQ Advisory - The Innovation HeadQuarters","article_publisher":"https:\/\/www.facebook.com\/hqadvisory","article_modified_time":"2019-08-26T20:36:26+00:00","og_image":[{"url":"http:\/\/hq-advisory.com\/wp-content\/uploads\/2016\/04\/aline-150x150.png","type":"","width":"","height":""}],"twitter_card":"summary_large_image","twitter_misc":{"Est. reading time":"3 minutes"},"schema":{"@context":"https:\/\/schema.org","@graph":[{"@type":"WebPage","@id":"http:\/\/hq-advisory.com\/blog\/autor-obra-gerada-inteligencia-artificial\/","url":"http:\/\/hq-advisory.com\/blog\/autor-obra-gerada-inteligencia-artificial\/","name":"Quem \u00e9 autor de obras geradas por intelig\u00eancia artificial? O rob\u00f4, o desenvolvedor, ningu\u00e9m? - HQ Advisory - The Innovation HeadQuarters","isPartOf":{"@id":"http:\/\/hq-advisory.com\/en\/#website"},"primaryImageOfPage":{"@id":"http:\/\/hq-advisory.com\/blog\/autor-obra-gerada-inteligencia-artificial\/#primaryimage"},"image":{"@id":"http:\/\/hq-advisory.com\/blog\/autor-obra-gerada-inteligencia-artificial\/#primaryimage"},"thumbnailUrl":"http:\/\/hq-advisory.com\/wp-content\/uploads\/2016\/04\/aline-150x150.png","datePublished":"2019-03-15T17:07:49+00:00","dateModified":"2019-08-26T20:36:26+00:00","description":"A populariza\u00e7\u00e3o da intelig\u00eancia artificial trouxe \u00e0 tona o fato de que humanos n\u00e3o s\u00e3o mais, a princ\u00edpio, a \u00fanica fonte do trabalho criativo. Obras geradas por intelig\u00eancia artificial merecem ou n\u00e3o prote\u00e7\u00e3o por meio do sistema de direito autorais?","breadcrumb":{"@id":"http:\/\/hq-advisory.com\/blog\/autor-obra-gerada-inteligencia-artificial\/#breadcrumb"},"inLanguage":"en-US","potentialAction":[{"@type":"ReadAction","target":["http:\/\/hq-advisory.com\/blog\/autor-obra-gerada-inteligencia-artificial\/"]}]},{"@type":"ImageObject","inLanguage":"en-US","@id":"http:\/\/hq-advisory.com\/blog\/autor-obra-gerada-inteligencia-artificial\/#primaryimage","url":"http:\/\/hq-advisory.com\/wp-content\/uploads\/2016\/04\/aline-150x150.png","contentUrl":"http:\/\/hq-advisory.com\/wp-content\/uploads\/2016\/04\/aline-150x150.png"},{"@type":"BreadcrumbList","@id":"http:\/\/hq-advisory.com\/blog\/autor-obra-gerada-inteligencia-artificial\/#breadcrumb","itemListElement":[{"@type":"ListItem","position":1,"name":"In\u00edcio","item":"http:\/\/hq-advisory.com\/en\/"},{"@type":"ListItem","position":2,"name":"BLOG","item":"http:\/\/hq-advisory.com\/blog\/"},{"@type":"ListItem","position":3,"name":"Quem \u00e9 autor de obras geradas por intelig\u00eancia artificial? O rob\u00f4, o desenvolvedor, ningu\u00e9m?"}]},{"@type":"WebSite","@id":"http:\/\/hq-advisory.com\/en\/#website","url":"http:\/\/hq-advisory.com\/en\/","name":"HQ Advisory - The Innovation HeadQuarters","description":"A HQ Advisory oferece servi\u00e7os de valida\u00e7\u00e3o jur\u00eddica , prote\u00e7\u00e3o de propriedade Intelectual, registro de patentes e marcas, reda\u00e7\u00e3o de contratos, cursos e treinamentos. O Quartel General da Inova\u00e7\u00e3o","publisher":{"@id":"http:\/\/hq-advisory.com\/en\/#organization"},"potentialAction":[{"@type":"SearchAction","target":{"@type":"EntryPoint","urlTemplate":"http:\/\/hq-advisory.com\/en\/?s={search_term_string}"},"query-input":{"@type":"PropertyValueSpecification","valueRequired":true,"valueName":"search_term_string"}}],"inLanguage":"en-US"},{"@type":"Organization","@id":"http:\/\/hq-advisory.com\/en\/#organization","name":"HQ Advisory","url":"http:\/\/hq-advisory.com\/en\/","logo":{"@type":"ImageObject","inLanguage":"en-US","@id":"http:\/\/hq-advisory.com\/en\/#\/schema\/logo\/image\/","url":"http:\/\/hq-advisory.com\/wp-content\/uploads\/2016\/02\/hq-logo.png","contentUrl":"http:\/\/hq-advisory.com\/wp-content\/uploads\/2016\/02\/hq-logo.png","width":1252,"height":588,"caption":"HQ Advisory"},"image":{"@id":"http:\/\/hq-advisory.com\/en\/#\/schema\/logo\/image\/"},"sameAs":["https:\/\/www.facebook.com\/hqadvisory","https:\/\/www.instagram.com\/hq_advisory\/","https:\/\/www.linkedin.com\/company\/hq-advisory"]}]}},"jetpack_sharing_enabled":true,"jetpack_shortlink":"https:\/\/wp.me\/P7Gted-60","_links":{"self":[{"href":"http:\/\/hq-advisory.com\/en\/wp-json\/wp\/v2\/pages\/372","targetHints":{"allow":["GET"]}}],"collection":[{"href":"http:\/\/hq-advisory.com\/en\/wp-json\/wp\/v2\/pages"}],"about":[{"href":"http:\/\/hq-advisory.com\/en\/wp-json\/wp\/v2\/types\/page"}],"author":[{"embeddable":true,"href":"http:\/\/hq-advisory.com\/en\/wp-json\/wp\/v2\/users\/1"}],"replies":[{"embeddable":true,"href":"http:\/\/hq-advisory.com\/en\/wp-json\/wp\/v2\/comments?post=372"}],"version-history":[{"count":3,"href":"http:\/\/hq-advisory.com\/en\/wp-json\/wp\/v2\/pages\/372\/revisions"}],"predecessor-version":[{"id":455,"href":"http:\/\/hq-advisory.com\/en\/wp-json\/wp\/v2\/pages\/372\/revisions\/455"}],"up":[{"embeddable":true,"href":"http:\/\/hq-advisory.com\/en\/wp-json\/wp\/v2\/pages\/69"}],"wp:attachment":[{"href":"http:\/\/hq-advisory.com\/en\/wp-json\/wp\/v2\/media?parent=372"}],"curies":[{"name":"wp","href":"https:\/\/api.w.org\/{rel}","templated":true}]}}