{"id":346,"date":"2017-12-22T00:54:11","date_gmt":"2017-12-22T00:54:11","guid":{"rendered":"http:\/\/hq-advisory.com\/?page_id=346"},"modified":"2017-12-22T00:58:45","modified_gmt":"2017-12-22T00:58:45","slug":"quer-patente-internacional","status":"publish","type":"page","link":"http:\/\/hq-advisory.com\/en\/blog\/quer-patente-internacional\/","title":{"rendered":"Voc\u00ea quer uma patente internacional?"},"content":{"rendered":"<h2><em><span style=\"font-weight: 400;\">Imposs\u00edvel, n\u00e3o existe uma patente internacional. Mas existem maneiras de internacionalizar a sua patente &#8211; confira aqui quais s\u00e3o elas!<\/span><\/em><\/h2>\n<p><em>N\u00e3o deixe de conferir tamb\u00e9m o nosso<a href=\"http:\/\/hq-advisory.com\/blog\/top-five-das-duvidas-sobre-patentes\/\"> TOP 5 das perguntas sobre patentes<\/a>.<\/em><\/p>\n<p>Uma das preocupa\u00e7\u00f5es ao se tra\u00e7ar uma estrat\u00e9gia eficiente para a prote\u00e7\u00e3o de patente para uma nova tecnologia deve levar em conta a seguinte pergunta:<\/p>\n<p><b>Voc\u00ea tem planos de explorar essa tecnologia em outros pa\u00edses?<\/b><\/p>\n<p><span style=\"font-weight: 400;\">Caso positivo, um ponto de extrema import\u00e2ncia relacionado a patentes \u00e9 que essa prote\u00e7\u00e3o \u00e9 <\/span><b>territorial<\/b><span style=\"font-weight: 400;\">. Ou seja, se voc\u00ea depositou o pedido de patente no Brasil, a prote\u00e7\u00e3o \u00e9 v\u00e1lida apenas para esse pa\u00eds. Se voc\u00ea quer explorar essa patente em outros pa\u00edses, voc\u00ea vai <\/span><span style=\"font-weight: 400;\">precisar pedir <span style=\"text-decoration: underline;\">prote\u00e7\u00e3o de patente em cada pa\u00eds<\/span><\/span><span style=\"font-weight: 400;\"><span style=\"text-decoration: underline;\"> de interesse<\/span>.<\/span><\/p>\n<h5 style=\"text-align: center;\"><i><span style=\"font-weight: 400;\">Puxa vida, que chato isso! N\u00e3o tem algo como uma <strong>patente internacional<\/strong> que seja v\u00e1lida para todos os pa\u00edses de uma vez?<\/span><\/i><\/h5>\n<p><span style=\"font-weight: 400;\">N\u00e3o, n\u00e3o tem. Vai ser necess\u00e1rio definir quais pa\u00edses voc\u00ea tem interesse de explorar a tecnologia e, depois disso, solicitar a prote\u00e7\u00e3o patent\u00e1ria em cada um deles. <\/span><\/p>\n<p><span style=\"font-weight: 400;\">Pode parecer complicado, mas h\u00e1 acordos internacionais com procedimentos para facilitar a internacionaliza\u00e7\u00e3o da prote\u00e7\u00e3o de patentes e para garantir que a data de prioridade ser\u00e1 a mesma em todos os pa\u00edses. <\/span><\/p>\n<p><span style=\"font-weight: 400;\">H\u00e1 duas formas de requerer a extens\u00e3o da prote\u00e7\u00e3o de uma inven\u00e7\u00e3o para outros pa\u00edses:<\/span><\/p>\n<ol>\n<li style=\"font-weight: 400;\"><span style=\"font-weight: 400;\">Diretamente no pa\u00eds aonde se deseja obter a prote\u00e7\u00e3o via Conven\u00e7\u00e3o da Uni\u00e3o de Paris \u2013 CUP; ou<\/span><\/li>\n<li style=\"font-weight: 400;\"><span style=\"font-weight: 400;\">Por meio do Tratado de Coopera\u00e7\u00e3o em Mat\u00e9ria de Patentes (<\/span><i><span style=\"font-weight: 400;\">Patent Cooperation Treaty<\/span><\/i><span style=\"font-weight: 400;\"> \u2013 PCT).<\/span><\/li>\n<\/ol>\n<p><span style=\"font-weight: 400;\">Via CUP, o pedido em cada pa\u00eds estrangeiro dever\u00e1 ser requerido, separadamente, em at\u00e9 <\/span><b>12 meses<\/b><span style=\"font-weight: 400;\"> contados da data do protocolo do pedido de patente no Brasil (data de prioridade).<\/span><\/p>\n<p><span style=\"font-weight: 400;\">Por sua vez, via PCT \u00e9 poss\u00edvel realizar um dep\u00f3sito internacional \u00fanico, o pedido internacional de patente, o qual tamb\u00e9m dever\u00e1 ser requerido em at\u00e9 12 meses contados da data do protocolo do pedido de patente no Brasil. <\/span><\/p>\n<h5 style=\"text-align: center;\"><i><span style=\"font-weight: 400;\">U\u00e9, voc\u00ea n\u00e3o acabou de falar que n\u00e3o existe uma <strong>patente internacional<\/strong>? O que \u00e9 isso a\u00ed, ent\u00e3o?<\/span><\/i><\/h5>\n<p><span style=\"font-weight: 400;\">A fase de \u201cpedido internacional de patente\u201d do PCT se refere ao fato de que o pedido em quest\u00e3o iniciou seu procedimento de internacionaliza\u00e7\u00e3o. Durante essa fase, a prote\u00e7\u00e3o do pedido de patente continua v\u00e1lido <\/span><b>apenas<\/b><span style=\"font-weight: 400;\"> no pa\u00eds de dep\u00f3sito. <\/span><\/p>\n<p><span style=\"font-weight: 400;\">Al\u00e9m disso, o pedido \u00fanico n\u00e3o elimina a necessidade de requerer a prote\u00e7\u00e3o junto a cada pa\u00eds\/regi\u00e3o de interesse, nas chamadas fases nacionais\/regionais. Essa fase deve ser iniciada em torno de 30 meses, contados a partir da data de prioridade, e consiste na requisi\u00e7\u00e3o de prote\u00e7\u00e3o nos pa\u00edses em que h\u00e1 interesse de explorar a tecnologia. <\/span><\/p>\n<p>Geralment, o PCT \u00e9 uma estrat\u00e9gia interessante para &#8220;ganhar tempo&#8221; e definir com mais assertividade os pa\u00edses nos quais ser\u00e1 requisitada a prote\u00e7\u00e3o de patente. Contudo, h\u00e1 diversos casos em que o dep\u00f3sito via CUP \u00e9 recomendado, assim como casos em que ele \u00e9 a \u00fanica op\u00e7\u00e3o.<\/p>\n<p>Para decidir qual \u00e9 o melhor ou mais vi\u00e1vel, \u00e9 importante considerar diversos fatores, como o motivo para internacionaliza\u00e7\u00e3o, para qual(is) pa\u00eds(es) ser\u00e1 estendida a prote\u00e7\u00e3o. Como sempre, cada caso \u00e9 um caso, ent\u00e3o n\u00e3o deixe de procurar por apoio na hora de planejar a internacionaliza\u00e7\u00e3o da sua patente!<\/p>\n<p><span style=\"font-weight: 400;\">Este post lhe ajudou a tirar d\u00favidas sobre patente internacional &#8211; ou melhor, sobre como internacionalizar a sua patente? Restou alguma d\u00favida?<\/span><\/p>\n<p><span style=\"font-weight: 400;\">Entre em <a href=\"http:\/\/hq-advisory.com.br\/contato\/\" target=\"_blank\" rel=\"noopener\">contato conosco<\/a> e ser\u00e1 um prazer lhe ajudar.<\/span><\/p>\n<p><strong>Caro<img loading=\"lazy\" decoding=\"async\" class=\"alignleft wp-image-31 \" src=\"https:\/\/hqadvisory.files.wordpress.com\/2015\/01\/carolina_site.png?w=96&amp;h=96&amp;crop=1\" alt=\"Carolina_site\" width=\"120\" height=\"120\" \/>lina Heimann<\/strong><br \/>\n\u00e9 a respons\u00e1vel pela \u00e1rea de Patentes na HQ Advisory. Ela \u00e9 engenheira de bioprocessos e biotecnologista pela UFPR, e tem experi\u00eancia nas \u00e1reas de Propriedade Intelectual, Estrat\u00e9gia, Transfer\u00eancia de Tecnologia, Gest\u00e3o e Inova\u00e7\u00e3o.<\/p>\n<p><span style=\"color: #808080;\">Esse texto \u201cVoc\u00ea quer uma patente internacional?\u201d \u00e9 livre e <i>open source. <\/i>Voc\u00ea tem permiss\u00e3o para republicar esse texto sob licen\u00e7a Creative Commons (<a style=\"color: #808080;\" href=\"https:\/\/creativecommons.org\/licenses\/by\/3.0\/br\/\" target=\"_blank\" rel=\"noopener\">https:\/\/creativecommons.org\/<wbr \/>licenses\/by\/3.0\/br\/<\/a>) , atribuindo a autoria a \u201cCarolina Heimann\u201d, HQ Advisory, 21 de dezembro de 2017.\u00a0Se voc\u00ea identificar algum erro de digita\u00e7\u00e3o, mande um e-mail para\u00a0<a style=\"color: #808080;\" href=\"mailto:contato@hq-advisory.com\" target=\"_blank\" rel=\"noopener\">contato@hq-advisory.com<\/a><\/span><\/p>\n","protected":false},"excerpt":{"rendered":"<p>Imposs\u00edvel, n\u00e3o existe uma patente internacional. Mas existem maneiras de internacionalizar a sua patente &#8211; confira aqui quais s\u00e3o elas! N\u00e3o deixe de conferir tamb\u00e9m o nosso TOP 5 das perguntas sobre patentes. Uma das preocupa\u00e7\u00f5es ao se tra\u00e7ar uma estrat\u00e9gia eficiente para a prote\u00e7\u00e3o de patente para uma nova tecnologia deve levar em conta &hellip; <a href=\"http:\/\/hq-advisory.com\/en\/blog\/quer-patente-internacional\/\" class=\"more-link\">Continue reading <span class=\"screen-reader-text\">Voc\u00ea quer uma patente internacional?<\/span><\/a><\/p>\n","protected":false},"author":1,"featured_media":0,"parent":69,"menu_order":0,"comment_status":"closed","ping_status":"closed","template":"page-templates\/full-width-page.php","meta":{"_exactmetrics_skip_tracking":false,"_exactmetrics_sitenote_active":false,"_exactmetrics_sitenote_note":"","_exactmetrics_sitenote_category":0,"jetpack_post_was_ever_published":false,"footnotes":""},"class_list":["post-346","page","type-page","status-publish","hentry"],"translation":{"provider":"WPGlobus","version":"3.0.0","language":"en","enabled_languages":["br","en"],"languages":{"br":{"title":true,"content":true,"excerpt":false},"en":{"title":false,"content":false,"excerpt":false}}},"yoast_head":"<!-- This site is optimized with the Yoast SEO plugin v27.4 - https:\/\/yoast.com\/product\/yoast-seo-wordpress\/ -->\n<title>Voc\u00ea quer uma patente internacional? - HQ Advisory - The Innovation HeadQuarters<\/title>\n<meta name=\"robots\" content=\"index, follow, max-snippet:-1, max-image-preview:large, max-video-preview:-1\" \/>\n<link rel=\"canonical\" href=\"http:\/\/hq-advisory.com\/blog\/quer-patente-internacional\/\" \/>\n<meta property=\"og:locale\" content=\"en_US\" \/>\n<meta property=\"og:type\" content=\"article\" \/>\n<meta property=\"og:title\" content=\"Voc\u00ea quer uma patente internacional? - HQ Advisory - The Innovation HeadQuarters\" \/>\n<meta property=\"og:url\" content=\"http:\/\/hq-advisory.com\/blog\/quer-patente-internacional\/\" \/>\n<meta property=\"og:site_name\" content=\"HQ Advisory - The Innovation HeadQuarters\" \/>\n<meta property=\"article:publisher\" content=\"https:\/\/www.facebook.com\/hqadvisory\" \/>\n<meta property=\"article:modified_time\" content=\"2017-12-22T00:58:45+00:00\" \/>\n<meta property=\"og:image\" content=\"https:\/\/hqadvisory.files.wordpress.com\/2015\/01\/carolina_site.png?w=96&amp;h=96&amp;crop=1\" \/>\n<meta name=\"twitter:card\" content=\"summary_large_image\" \/>\n<meta name=\"twitter:label1\" content=\"Est. reading time\" \/>\n\t<meta name=\"twitter:data1\" content=\"4 minutes\" \/>\n<script type=\"application\/ld+json\" class=\"yoast-schema-graph\">{\"@context\":\"https:\\\/\\\/schema.org\",\"@graph\":[{\"@type\":\"WebPage\",\"@id\":\"http:\\\/\\\/hq-advisory.com\\\/blog\\\/quer-patente-internacional\\\/\",\"url\":\"http:\\\/\\\/hq-advisory.com\\\/blog\\\/quer-patente-internacional\\\/\",\"name\":\"Voc\u00ea quer uma patente internacional? - HQ Advisory - The Innovation HeadQuarters\",\"isPartOf\":{\"@id\":\"http:\\\/\\\/hq-advisory.com\\\/en\\\/#website\"},\"primaryImageOfPage\":{\"@id\":\"http:\\\/\\\/hq-advisory.com\\\/blog\\\/quer-patente-internacional\\\/#primaryimage\"},\"image\":{\"@id\":\"http:\\\/\\\/hq-advisory.com\\\/blog\\\/quer-patente-internacional\\\/#primaryimage\"},\"thumbnailUrl\":\"https:\\\/\\\/hqadvisory.files.wordpress.com\\\/2015\\\/01\\\/carolina_site.png?w=96&amp;h=96&amp;crop=1\",\"datePublished\":\"2017-12-22T00:54:11+00:00\",\"dateModified\":\"2017-12-22T00:58:45+00:00\",\"description\":\"Imposs\u00edvel, n\u00e3o existe uma patente internacional. Mas existem maneiras de internacionalizar a sua patente - confira aqui quais s\u00e3o elas!\",\"breadcrumb\":{\"@id\":\"http:\\\/\\\/hq-advisory.com\\\/blog\\\/quer-patente-internacional\\\/#breadcrumb\"},\"inLanguage\":\"en-US\",\"potentialAction\":[{\"@type\":\"ReadAction\",\"target\":[\"http:\\\/\\\/hq-advisory.com\\\/blog\\\/quer-patente-internacional\\\/\"]}]},{\"@type\":\"ImageObject\",\"inLanguage\":\"en-US\",\"@id\":\"http:\\\/\\\/hq-advisory.com\\\/blog\\\/quer-patente-internacional\\\/#primaryimage\",\"url\":\"https:\\\/\\\/hqadvisory.files.wordpress.com\\\/2015\\\/01\\\/carolina_site.png?w=96&amp;h=96&amp;crop=1\",\"contentUrl\":\"https:\\\/\\\/hqadvisory.files.wordpress.com\\\/2015\\\/01\\\/carolina_site.png?w=96&amp;h=96&amp;crop=1\"},{\"@type\":\"BreadcrumbList\",\"@id\":\"http:\\\/\\\/hq-advisory.com\\\/blog\\\/quer-patente-internacional\\\/#breadcrumb\",\"itemListElement\":[{\"@type\":\"ListItem\",\"position\":1,\"name\":\"In\u00edcio\",\"item\":\"http:\\\/\\\/hq-advisory.com\\\/en\\\/\"},{\"@type\":\"ListItem\",\"position\":2,\"name\":\"BLOG\",\"item\":\"http:\\\/\\\/hq-advisory.com\\\/blog\\\/\"},{\"@type\":\"ListItem\",\"position\":3,\"name\":\"Voc\u00ea quer uma patente internacional?\"}]},{\"@type\":\"WebSite\",\"@id\":\"http:\\\/\\\/hq-advisory.com\\\/en\\\/#website\",\"url\":\"http:\\\/\\\/hq-advisory.com\\\/en\\\/\",\"name\":\"HQ Advisory - The Innovation HeadQuarters\",\"description\":\"A HQ Advisory oferece servi\u00e7os de valida\u00e7\u00e3o jur\u00eddica , prote\u00e7\u00e3o de propriedade Intelectual, registro de patentes e marcas, reda\u00e7\u00e3o de contratos, cursos e treinamentos. O Quartel General da Inova\u00e7\u00e3o\",\"publisher\":{\"@id\":\"http:\\\/\\\/hq-advisory.com\\\/en\\\/#organization\"},\"potentialAction\":[{\"@type\":\"SearchAction\",\"target\":{\"@type\":\"EntryPoint\",\"urlTemplate\":\"http:\\\/\\\/hq-advisory.com\\\/en\\\/?s={search_term_string}\"},\"query-input\":{\"@type\":\"PropertyValueSpecification\",\"valueRequired\":true,\"valueName\":\"search_term_string\"}}],\"inLanguage\":\"en-US\"},{\"@type\":\"Organization\",\"@id\":\"http:\\\/\\\/hq-advisory.com\\\/en\\\/#organization\",\"name\":\"HQ Advisory\",\"url\":\"http:\\\/\\\/hq-advisory.com\\\/en\\\/\",\"logo\":{\"@type\":\"ImageObject\",\"inLanguage\":\"en-US\",\"@id\":\"http:\\\/\\\/hq-advisory.com\\\/en\\\/#\\\/schema\\\/logo\\\/image\\\/\",\"url\":\"http:\\\/\\\/hq-advisory.com\\\/wp-content\\\/uploads\\\/2016\\\/02\\\/hq-logo.png\",\"contentUrl\":\"http:\\\/\\\/hq-advisory.com\\\/wp-content\\\/uploads\\\/2016\\\/02\\\/hq-logo.png\",\"width\":1252,\"height\":588,\"caption\":\"HQ Advisory\"},\"image\":{\"@id\":\"http:\\\/\\\/hq-advisory.com\\\/en\\\/#\\\/schema\\\/logo\\\/image\\\/\"},\"sameAs\":[\"https:\\\/\\\/www.facebook.com\\\/hqadvisory\",\"https:\\\/\\\/www.instagram.com\\\/hq_advisory\\\/\",\"https:\\\/\\\/www.linkedin.com\\\/company\\\/hq-advisory\"]}]}<\/script>\n<!-- \/ Yoast SEO plugin. -->","yoast_head_json":{"title":"Voc\u00ea quer uma patente internacional? - HQ Advisory - The Innovation HeadQuarters","robots":{"index":"index","follow":"follow","max-snippet":"max-snippet:-1","max-image-preview":"max-image-preview:large","max-video-preview":"max-video-preview:-1"},"canonical":"http:\/\/hq-advisory.com\/blog\/quer-patente-internacional\/","og_locale":"en_US","og_type":"article","og_title":"Voc\u00ea quer uma patente internacional? - HQ Advisory - The Innovation HeadQuarters","og_url":"http:\/\/hq-advisory.com\/blog\/quer-patente-internacional\/","og_site_name":"HQ Advisory - The Innovation HeadQuarters","article_publisher":"https:\/\/www.facebook.com\/hqadvisory","article_modified_time":"2017-12-22T00:58:45+00:00","og_image":[{"url":"https:\/\/hqadvisory.files.wordpress.com\/2015\/01\/carolina_site.png?w=96&amp;h=96&amp;crop=1","type":"","width":"","height":""}],"twitter_card":"summary_large_image","twitter_misc":{"Est. reading time":"4 minutes"},"schema":{"@context":"https:\/\/schema.org","@graph":[{"@type":"WebPage","@id":"http:\/\/hq-advisory.com\/blog\/quer-patente-internacional\/","url":"http:\/\/hq-advisory.com\/blog\/quer-patente-internacional\/","name":"Voc\u00ea quer uma patente internacional? - HQ Advisory - The Innovation HeadQuarters","isPartOf":{"@id":"http:\/\/hq-advisory.com\/en\/#website"},"primaryImageOfPage":{"@id":"http:\/\/hq-advisory.com\/blog\/quer-patente-internacional\/#primaryimage"},"image":{"@id":"http:\/\/hq-advisory.com\/blog\/quer-patente-internacional\/#primaryimage"},"thumbnailUrl":"https:\/\/hqadvisory.files.wordpress.com\/2015\/01\/carolina_site.png?w=96&amp;h=96&amp;crop=1","datePublished":"2017-12-22T00:54:11+00:00","dateModified":"2017-12-22T00:58:45+00:00","description":"Imposs\u00edvel, n\u00e3o existe uma patente internacional. Mas existem maneiras de internacionalizar a sua patente - confira aqui quais s\u00e3o elas!","breadcrumb":{"@id":"http:\/\/hq-advisory.com\/blog\/quer-patente-internacional\/#breadcrumb"},"inLanguage":"en-US","potentialAction":[{"@type":"ReadAction","target":["http:\/\/hq-advisory.com\/blog\/quer-patente-internacional\/"]}]},{"@type":"ImageObject","inLanguage":"en-US","@id":"http:\/\/hq-advisory.com\/blog\/quer-patente-internacional\/#primaryimage","url":"https:\/\/hqadvisory.files.wordpress.com\/2015\/01\/carolina_site.png?w=96&amp;h=96&amp;crop=1","contentUrl":"https:\/\/hqadvisory.files.wordpress.com\/2015\/01\/carolina_site.png?w=96&amp;h=96&amp;crop=1"},{"@type":"BreadcrumbList","@id":"http:\/\/hq-advisory.com\/blog\/quer-patente-internacional\/#breadcrumb","itemListElement":[{"@type":"ListItem","position":1,"name":"In\u00edcio","item":"http:\/\/hq-advisory.com\/en\/"},{"@type":"ListItem","position":2,"name":"BLOG","item":"http:\/\/hq-advisory.com\/blog\/"},{"@type":"ListItem","position":3,"name":"Voc\u00ea quer uma patente internacional?"}]},{"@type":"WebSite","@id":"http:\/\/hq-advisory.com\/en\/#website","url":"http:\/\/hq-advisory.com\/en\/","name":"HQ Advisory - The Innovation HeadQuarters","description":"A HQ Advisory oferece servi\u00e7os de valida\u00e7\u00e3o jur\u00eddica , prote\u00e7\u00e3o de propriedade Intelectual, registro de patentes e marcas, reda\u00e7\u00e3o de contratos, cursos e treinamentos. O Quartel General da Inova\u00e7\u00e3o","publisher":{"@id":"http:\/\/hq-advisory.com\/en\/#organization"},"potentialAction":[{"@type":"SearchAction","target":{"@type":"EntryPoint","urlTemplate":"http:\/\/hq-advisory.com\/en\/?s={search_term_string}"},"query-input":{"@type":"PropertyValueSpecification","valueRequired":true,"valueName":"search_term_string"}}],"inLanguage":"en-US"},{"@type":"Organization","@id":"http:\/\/hq-advisory.com\/en\/#organization","name":"HQ Advisory","url":"http:\/\/hq-advisory.com\/en\/","logo":{"@type":"ImageObject","inLanguage":"en-US","@id":"http:\/\/hq-advisory.com\/en\/#\/schema\/logo\/image\/","url":"http:\/\/hq-advisory.com\/wp-content\/uploads\/2016\/02\/hq-logo.png","contentUrl":"http:\/\/hq-advisory.com\/wp-content\/uploads\/2016\/02\/hq-logo.png","width":1252,"height":588,"caption":"HQ Advisory"},"image":{"@id":"http:\/\/hq-advisory.com\/en\/#\/schema\/logo\/image\/"},"sameAs":["https:\/\/www.facebook.com\/hqadvisory","https:\/\/www.instagram.com\/hq_advisory\/","https:\/\/www.linkedin.com\/company\/hq-advisory"]}]}},"jetpack_sharing_enabled":true,"jetpack_shortlink":"https:\/\/wp.me\/P7Gted-5A","_links":{"self":[{"href":"http:\/\/hq-advisory.com\/en\/wp-json\/wp\/v2\/pages\/346","targetHints":{"allow":["GET"]}}],"collection":[{"href":"http:\/\/hq-advisory.com\/en\/wp-json\/wp\/v2\/pages"}],"about":[{"href":"http:\/\/hq-advisory.com\/en\/wp-json\/wp\/v2\/types\/page"}],"author":[{"embeddable":true,"href":"http:\/\/hq-advisory.com\/en\/wp-json\/wp\/v2\/users\/1"}],"replies":[{"embeddable":true,"href":"http:\/\/hq-advisory.com\/en\/wp-json\/wp\/v2\/comments?post=346"}],"version-history":[{"count":5,"href":"http:\/\/hq-advisory.com\/en\/wp-json\/wp\/v2\/pages\/346\/revisions"}],"predecessor-version":[{"id":351,"href":"http:\/\/hq-advisory.com\/en\/wp-json\/wp\/v2\/pages\/346\/revisions\/351"}],"up":[{"embeddable":true,"href":"http:\/\/hq-advisory.com\/en\/wp-json\/wp\/v2\/pages\/69"}],"wp:attachment":[{"href":"http:\/\/hq-advisory.com\/en\/wp-json\/wp\/v2\/media?parent=346"}],"curies":[{"name":"wp","href":"https:\/\/api.w.org\/{rel}","templated":true}]}}