{"id":293,"date":"2017-04-24T14:07:10","date_gmt":"2017-04-24T14:07:10","guid":{"rendered":"http:\/\/hq-advisory.com\/?page_id=293"},"modified":"2017-04-24T14:08:16","modified_gmt":"2017-04-24T14:08:16","slug":"patent-license-agreement-brazil","status":"publish","type":"page","link":"http:\/\/hq-advisory.com\/en\/blog\/patent-license-agreement-brazil\/","title":{"rendered":"Main Rules regarding Patent License Agreements in Brazil"},"content":{"rendered":"<p id=\"E83\"><span id=\"E84\" class=\"qowt-font1-Calibri\">A foreign company interested in <\/span><span id=\"E85\" class=\"qowt-font1-Calibri\">setting its trade or production operation in <\/span><span id=\"E86\" class=\"qowt-font1-Calibri\">the Brazilian<\/span><span id=\"E87\" class=\"qowt-font1-Calibri\"> market,<\/span><span id=\"E88\" class=\"qowt-font1-Calibri\"> will need to transfer its technology, by <\/span><span id=\"E89\" class=\"qowt-font1-Calibri\">grant<\/span><span id=\"E90\" class=\"qowt-font1-Calibri\">ing<\/span><span id=\"E91\" class=\"qowt-font1-Calibri\"> licenses of its patents, trademarks, software, know how, and others IPR, to the <\/span><span id=\"E92\" class=\"qowt-font1-Calibri\">Brazilian Company. Technology Transfer Agreements are known worldwide<\/span><span id=\"E93\" class=\"qowt-font1-Calibri\">,<\/span><span id=\"E94\" class=\"qowt-font1-Calibri\"> <\/span><span id=\"E95\" class=\"qowt-font1-Calibri\">and defined by the World Intellectual Property Organization \u2013 WIPO<\/span><span id=\"E96\" class=\"qowt-font1-Calibri\">,<\/span><span id=\"E97\" class=\"qowt-font1-Calibri\"> as the right instrument<\/span><span id=\"E98\" class=\"qowt-font1-Calibri\"> in order to guarantee that <\/span><span id=\"E99\" class=\"qowt-font1-Calibri\">a Company\u2019s<\/span><span id=\"E100\" class=\"qowt-font1-Calibri\"> technology will be correctly applied and the products have the same quality standard when sold to the final client<\/span><span id=\"E101\" class=\"qowt-font1-Calibri\"> in the new trade market. <\/span><\/p>\n<p id=\"E102\"><span id=\"E103\" class=\"qowt-font1-Calibri\">Considering that the main technology transfer contract in this situations are the Patent License Agreement, bellow we remark the main rules and key points that an international company should pay attention when setting its operation in Brazil and grant license of its <\/span><span id=\"E104\" class=\"qowt-font1-Calibri\">patent to<\/span><span id=\"E105\" class=\"qowt-font1-Calibri\"> the Brazilian company.<\/span><\/p>\n<p>&nbsp;<\/p>\n<p id=\"E106\"><span id=\"E107\" class=\"qowt-font1-Calibri\">1. <\/span><span id=\"E108\" class=\"qowt-font1-Calibri\">First of all, the patents being licensed have to be duly protected, being it granted or at least the application filed before the Brazilian PTO <\/span><span id=\"E109\" class=\"qowt-font1-Calibri\">(Instituto National de <\/span><span id=\"E111\" class=\"qowt-font1-Calibri\">Propriedade<\/span><span id=\"E113\" class=\"qowt-font1-Calibri\"> <\/span><span id=\"E115\" class=\"qowt-font1-Calibri\">Intelectual<\/span><span id=\"E117\" class=\"qowt-font1-Calibri\"> \u2013 INPI).<\/span><span id=\"E118\" class=\"qowt-font1-Calibri\"> <\/span><span id=\"E118\" class=\"qowt-font1-Calibri\">So, in order to have a valid Patent License Agreement in Brazil <\/span><span id=\"E119\" class=\"qowt-font1-Calibri\">a foreign Company have to in the moment of deciding the patent strategy of internationalization, include Brazil, and file the national application.<\/span><\/p>\n<p id=\"E120\" class=\"qowt-stl-NormalWeb\"><span id=\"E121\" class=\"qowt-font1-Calibri\">2. A Patent License Agreement <\/span><span id=\"E122\" class=\"qowt-font1-Calibri\">shall in the object session specifically mention the Brazilian patent application or grant number, as well as the conditions related to exclusivity or not and the permit to license granting to third parties.<\/span><span id=\"E123\" class=\"qowt-font1-Calibri\"> <\/span><\/p>\n<p id=\"E124\"><span id=\"E125\" class=\"qowt-font1-Calibri\">3. <\/span><span id=\"E126\" class=\"qowt-font1-Calibri\">Regarding the payment, Patent License Agreements usually establish <\/span><span id=\"E127\" class=\"qowt-font1-Calibri\">royalties calculated in the following ways: (<\/span><span id=\"E129\" class=\"qowt-font1-Calibri\">i<\/span><span id=\"E131\" class=\"qowt-font1-Calibri\">) a fix value per unit sold and (ii) a percentage of the selling net price.<\/span><span id=\"E132\" class=\"qowt-font1-Calibri\"> <\/span><span id=\"E133\" class=\"qowt-font1-Calibri\">Although, the payment, <\/span><span id=\"E134\" class=\"qowt-font1-Calibri\">especially<\/span><span id=\"E135\" class=\"qowt-font1-Calibri\"> if <\/span><span id=\"E136\" class=\"qowt-font1-Calibri\">it<\/span><span id=\"E137\" class=\"qowt-font1-Calibri\"> will be sent to a foreign country, <\/span><span id=\"E138\" class=\"qowt-font1-Calibri\">will<\/span><span id=\"E139\" class=\"qowt-font1-Calibri\"> only be possible after the patent grant. Patent <\/span><span id=\"E140\" class=\"qowt-font1-Calibri\">applications<\/span><span id=\"E141\" class=\"qowt-font1-Calibri\"> <\/span><span id=\"E142\" class=\"qowt-font1-Calibri\">cannot<\/span><span id=\"E143\" class=\"qowt-font1-Calibri\"> be object of a payed license, but, when the patent is granted the owner shall file before INPI an alteration session, and from that moment the payment will <\/span><span id=\"E144\" class=\"qowt-font1-Calibri\">retroact to the day of the contract filing before the Brazilian PTO. <\/span><\/p>\n<p id=\"E146\"><span id=\"E147\" class=\"qowt-font1-Calibri\">4. <\/span><span id=\"E148\" class=\"qowt-font1-Calibri\">Patent License Agreements will be valid only until the patent is in force, in the moment a patent becomes state of art there will be no more reason for an agreement in this matter.<\/span><\/p>\n<p id=\"E149\" class=\"qowt-stl-NormalWeb\"><span id=\"E150\" class=\"qowt-font1-Calibri\">5. These Agreements shall respect the dispositions in the Brazilian Industrial Property Law No. 9.279\/96. For example, only the owner of the patent can celebrate a Patent License Agreement, although the licensee can be given the permit to act in behalf of the patent<\/span><span id=\"E151\" class=\"qowt-font1-Calibri qowt-stl-Refdenotaderodap\"><\/span><span id=\"E153\" class=\"qowt-font1-Calibri\">. Any new development to the technology protected by the patent will be property of who developed it, being assured the right of first refusal to the other party of the Agreement<\/span><span id=\"E154\" class=\"qowt-font1-Calibri qowt-stl-Refdenotaderodap\"><\/span><span id=\"E156\" class=\"qowt-font1-Calibri\">.<\/span><\/p>\n<p id=\"E157\" class=\"qowt-stl-NormalWeb\"><span id=\"E158\" class=\"qowt-font1-Calibri\">6. A Patent License Agreement shall be <\/span><span id=\"E159\" class=\"qowt-font1-Calibri\">registered<\/span><span id=\"E160\" class=\"qowt-font1-Calibri\"> before INPI in order to be valid to third parties<\/span><span id=\"E161\" class=\"qowt-font1-Calibri qowt-stl-Refdenotaderodap\"><\/span><span id=\"E163\" class=\"qowt-font1-Calibri\">. <\/span><span id=\"E164\" class=\"qowt-font1-Calibri\">The general rule is that royalties expenses will only be considered to the tax calculation when necessary,<\/span><span id=\"E165\" class=\"qowt-font1-Calibri\"> recurring and<\/span><span id=\"E166\" class=\"qowt-font1-Calibri\"> <\/span><span id=\"E167\" class=\"qowt-font1-Calibri\">normal to the <\/span><span id=\"E168\" class=\"qowt-font1-Calibri\">to the business<\/span><span id=\"E169\" class=\"qowt-font1-Calibri\">. The amount of royalties can only be deductible until the maximum limit of 5% of the net income from the products using the technology, considering, as well, the maximum limits fixated to the industry<\/span><span id=\"E170\" class=\"qowt-font1-Calibri qowt-stl-Refdenotaderodap\"><\/span><span id=\"E172\" class=\"qowt-font1-Calibri\">. <\/span><span id=\"E173\" class=\"qowt-font1-Calibri\">Only the Agreements <\/span><span id=\"E174\" class=\"qowt-font1-Calibri\">registered<\/span><span id=\"E175\" class=\"qowt-font1-Calibri\"> before INPI and before the Brazilian Central Bank can send <\/span><span id=\"E176\" class=\"qowt-font1-Calibri\">royalties<\/span><span id=\"E177\" class=\"qowt-font1-Calibri\"> amounts to a foreign country and <\/span><span id=\"E178\" class=\"qowt-font1-Calibri\">deduct<\/span><span id=\"E179\" class=\"qowt-font1-Calibri\"> from the <\/span><span id=\"E180\" class=\"qowt-font1-Calibri\">calculus<\/span><span id=\"E181\" class=\"qowt-font1-Calibri\"> b<\/span><span id=\"E182\" class=\"qowt-font1-Calibri\">ases of the taxes.<\/span><\/p>\n<p id=\"E183\"><span id=\"E184\" class=\"qowt-font1-Calibri\">7. The main taxes <\/span><span id=\"E185\" class=\"qowt-font1-Calibri\">applied<\/span><span id=\"E186\" class=\"qowt-font1-Calibri\"> to royalties sent to a foreign country are: (<\/span><span id=\"E188\" class=\"qowt-font1-Calibri\">i<\/span><span id=\"E190\" class=\"qowt-font1-Calibri\">) Income Tax <\/span><span id=\"E191\" class=\"qowt-font1-Calibri\">(<\/span><span id=\"E193\" class=\"qowt-font1-Calibri\">Imposto<\/span><span id=\"E195\" class=\"qowt-font1-Calibri\"> de Renda <\/span><span id=\"E197\" class=\"qowt-font1-Calibri\">na<\/span><span id=\"E199\" class=\"qowt-font1-Calibri\"> Fonte <\/span><span id=\"E200\" class=\"qowt-font1-Calibri\">\u2013 IRF)<\/span><span id=\"E201\" class=\"qowt-font1-Calibri\"> which rate is 15%<\/span><span id=\"E202\" class=\"qowt-font1-Calibri qowt-stl-Refdenotaderodap\"><\/span><span id=\"E204\" class=\"qowt-font1-Calibri\">; <\/span><span id=\"E205\" class=\"qowt-font1-Calibri\">(ii) Contribution of Intervention in the Economic Domain <\/span><span id=\"E206\" class=\"qowt-font1-Calibri\">(<\/span><span id=\"E208\" class=\"qowt-font1-Calibri\">Contribui\u00e7\u00e3o<\/span><span id=\"E210\" class=\"qowt-font1-Calibri\"> de <\/span><span id=\"E212\" class=\"qowt-font1-Calibri\">Interven\u00e7\u00e3o<\/span><span id=\"E214\" class=\"qowt-font1-Calibri\"> no <\/span><span id=\"E216\" class=\"qowt-font1-Calibri\">Dom\u00ednio<\/span><span id=\"E218\" class=\"qowt-font1-Calibri\"> <\/span><span id=\"E220\" class=\"qowt-font1-Calibri\">Econ\u00f4mico<\/span><span id=\"E222\" class=\"qowt-font1-Calibri\"> \u2013 CIDE)<\/span><span id=\"E223\" class=\"qowt-font1-Calibri\">, which rate is 10%<\/span><span id=\"E224\" class=\"qowt-font1-Calibri qowt-stl-Refdenotaderodap\"><\/span><span id=\"E226\" class=\"qowt-font1-Calibri\">; <\/span><span id=\"E227\" class=\"qowt-font1-Calibri\">and Financial Transaction Tax <\/span><span id=\"E228\" class=\"qowt-font1-Calibri\">(<\/span><span id=\"E230\" class=\"qowt-font1-Calibri\">Imposto<\/span><span id=\"E232\" class=\"qowt-font1-Calibri\"> <\/span><span id=\"E234\" class=\"qowt-font1-Calibri\">sobre<\/span><span id=\"E236\" class=\"qowt-font1-Calibri\"> <\/span><span id=\"E238\" class=\"qowt-font1-Calibri\">Transa\u00e7\u00f5es<\/span><span id=\"E240\" class=\"qowt-font1-Calibri\"> <\/span><span id=\"E242\" class=\"qowt-font1-Calibri\">Financeiras<\/span><span id=\"E244\" class=\"qowt-font1-Calibri\"> \u2013 IOF)<\/span><span id=\"E245\" class=\"qowt-font1-Calibri\">, which rate is 0,038%<\/span><span id=\"E246\" class=\"qowt-font1-Calibri qowt-stl-Refdenotaderodap\"><\/span><span id=\"E248\" class=\"qowt-font1-Calibri\">.<\/span><\/p>\n<p><img loading=\"lazy\" decoding=\"async\" class=\"alignleft wp-image-126 \" src=\"http:\/\/hq-advisory.com\/wp-content\/uploads\/2016\/04\/aline-150x150.png\" sizes=\"auto, (max-width: 100px) 100vw, 100px\" srcset=\"http:\/\/hq-advisory.com\/wp-content\/uploads\/2016\/04\/aline-150x150.png 150w, http:\/\/hq-advisory.com\/wp-content\/uploads\/2016\/04\/aline-96x96.png 96w, http:\/\/hq-advisory.com\/wp-content\/uploads\/2016\/04\/aline-192x192.png 192w, http:\/\/hq-advisory.com\/wp-content\/uploads\/2016\/04\/aline.png 252w\" alt=\"aline\" width=\"100\" height=\"100\" \/><\/p>\n<p><strong>Aline Schraier de Quadros<\/strong><\/p>\n<p>\u00e9 advogada de Propriedade Intelectual, formada na UFPR e Universidade de Coimbra, tem experi\u00eancia nas \u00e1reas de Propriedade Intelectual, Estrat\u00e9gia, Transfer\u00eancia de Tecnologia, Contratos e Direito Empresarial. Conecte-se com Aline pelo\u00a0<a href=\"https:\/\/goo.gl\/XPwCTI\">LinkedIn<\/a>.<\/p>\n<p>&nbsp;<\/p>\n<p>Esse texto \u201cMain Rules regarding Patent License Agreements in Brazil\u201d \u00e9 livre e <i>open source. <\/i>Voc\u00ea tem permiss\u00e3o para republicar esse texto sob licen\u00e7a Creative Commons (<a href=\"https:\/\/creativecommons.org\/licenses\/by\/3.0\/br\/\" target=\"_blank\">https:\/\/creativecommons.org\/<wbr \/>licenses\/by\/3.0\/br\/<\/a>) , atribuindo a autoria a \u201cAline Schraier de Quadros\u201d, HQ Advisory, 20 de abril de 2017, 22h39.\u00a0Se voc\u00ea identificar algum erro de digita\u00e7\u00e3o, mande um e-mail para <a href=\"mailto:contato@hq-advisory.com\" target=\"_blank\">contato@hq-advisory.com<\/a><\/p>\n","protected":false},"excerpt":{"rendered":"<p>A foreign company interested in setting its trade or production operation in the Brazilian market, will need to transfer its technology, by granting licenses of its patents, trademarks, software, know how, and others IPR, to the Brazilian Company. Technology Transfer Agreements are known worldwide, and defined by the World Intellectual Property Organization \u2013 WIPO, as &hellip; <a href=\"http:\/\/hq-advisory.com\/en\/blog\/patent-license-agreement-brazil\/\" class=\"more-link\">Continue reading <span class=\"screen-reader-text\">Main Rules regarding Patent License Agreements in Brazil<\/span><\/a><\/p>\n","protected":false},"author":1,"featured_media":0,"parent":69,"menu_order":0,"comment_status":"closed","ping_status":"closed","template":"page-templates\/full-width-page.php","meta":{"_exactmetrics_skip_tracking":false,"_exactmetrics_sitenote_active":false,"_exactmetrics_sitenote_note":"","_exactmetrics_sitenote_category":0,"jetpack_post_was_ever_published":false,"footnotes":""},"class_list":["post-293","page","type-page","status-publish","hentry"],"translation":{"provider":"WPGlobus","version":"3.0.0","language":"en","enabled_languages":["br","en"],"languages":{"br":{"title":true,"content":true,"excerpt":false},"en":{"title":false,"content":false,"excerpt":false}}},"yoast_head":"<!-- This site is optimized with the Yoast SEO plugin v27.4 - https:\/\/yoast.com\/product\/yoast-seo-wordpress\/ -->\n<title>Main Rules regarding Patent License Agreements in Brazil - HQ Advisory - The Innovation HeadQuarters<\/title>\n<meta name=\"robots\" content=\"index, follow, max-snippet:-1, max-image-preview:large, max-video-preview:-1\" \/>\n<link rel=\"canonical\" href=\"http:\/\/hq-advisory.com\/en\/blog\/patent-license-agreement-brazil\/\" \/>\n<meta property=\"og:locale\" content=\"en_US\" \/>\n<meta property=\"og:type\" content=\"article\" \/>\n<meta property=\"og:title\" content=\"Main Rules regarding Patent License Agreements in Brazil - HQ Advisory - The Innovation HeadQuarters\" \/>\n<meta property=\"og:url\" content=\"http:\/\/hq-advisory.com\/en\/blog\/patent-license-agreement-brazil\/\" \/>\n<meta property=\"og:site_name\" content=\"HQ Advisory - The Innovation HeadQuarters\" \/>\n<meta property=\"article:publisher\" content=\"https:\/\/www.facebook.com\/hqadvisory\" \/>\n<meta property=\"article:modified_time\" content=\"2017-04-24T14:08:16+00:00\" \/>\n<meta property=\"og:image\" content=\"http:\/\/hq-advisory.com\/wp-content\/uploads\/2016\/04\/aline-150x150.png\" \/>\n<meta name=\"twitter:card\" content=\"summary_large_image\" \/>\n<meta name=\"twitter:label1\" content=\"Est. reading time\" \/>\n\t<meta name=\"twitter:data1\" content=\"4 minutes\" \/>\n<script type=\"application\/ld+json\" class=\"yoast-schema-graph\">{\"@context\":\"https:\\\/\\\/schema.org\",\"@graph\":[{\"@type\":\"WebPage\",\"@id\":\"http:\\\/\\\/hq-advisory.com\\\/en\\\/blog\\\/patent-license-agreement-brazil\\\/\",\"url\":\"http:\\\/\\\/hq-advisory.com\\\/en\\\/blog\\\/patent-license-agreement-brazil\\\/\",\"name\":\"Main Rules regarding Patent License Agreements in Brazil - HQ Advisory - The Innovation HeadQuarters\",\"isPartOf\":{\"@id\":\"http:\\\/\\\/hq-advisory.com\\\/en\\\/#website\"},\"primaryImageOfPage\":{\"@id\":\"http:\\\/\\\/hq-advisory.com\\\/en\\\/blog\\\/patent-license-agreement-brazil\\\/#primaryimage\"},\"image\":{\"@id\":\"http:\\\/\\\/hq-advisory.com\\\/en\\\/blog\\\/patent-license-agreement-brazil\\\/#primaryimage\"},\"thumbnailUrl\":\"http:\\\/\\\/hq-advisory.com\\\/wp-content\\\/uploads\\\/2016\\\/04\\\/aline-150x150.png\",\"datePublished\":\"2017-04-24T14:07:10+00:00\",\"dateModified\":\"2017-04-24T14:08:16+00:00\",\"description\":\"We remark the main rules when setting Technology Transfer Agreements in Brazil and grant license of its patent to the Brazilian company.\",\"breadcrumb\":{\"@id\":\"http:\\\/\\\/hq-advisory.com\\\/en\\\/blog\\\/patent-license-agreement-brazil\\\/#breadcrumb\"},\"inLanguage\":\"en-US\",\"potentialAction\":[{\"@type\":\"ReadAction\",\"target\":[\"http:\\\/\\\/hq-advisory.com\\\/en\\\/blog\\\/patent-license-agreement-brazil\\\/\"]}]},{\"@type\":\"ImageObject\",\"inLanguage\":\"en-US\",\"@id\":\"http:\\\/\\\/hq-advisory.com\\\/en\\\/blog\\\/patent-license-agreement-brazil\\\/#primaryimage\",\"url\":\"http:\\\/\\\/hq-advisory.com\\\/wp-content\\\/uploads\\\/2016\\\/04\\\/aline-150x150.png\",\"contentUrl\":\"http:\\\/\\\/hq-advisory.com\\\/wp-content\\\/uploads\\\/2016\\\/04\\\/aline-150x150.png\"},{\"@type\":\"BreadcrumbList\",\"@id\":\"http:\\\/\\\/hq-advisory.com\\\/en\\\/blog\\\/patent-license-agreement-brazil\\\/#breadcrumb\",\"itemListElement\":[{\"@type\":\"ListItem\",\"position\":1,\"name\":\"In\u00edcio\",\"item\":\"http:\\\/\\\/hq-advisory.com\\\/en\\\/\"},{\"@type\":\"ListItem\",\"position\":2,\"name\":\"BLOG\",\"item\":\"http:\\\/\\\/hq-advisory.com\\\/blog\\\/\"},{\"@type\":\"ListItem\",\"position\":3,\"name\":\"Main Rules regarding Patent License Agreements in Brazil\"}]},{\"@type\":\"WebSite\",\"@id\":\"http:\\\/\\\/hq-advisory.com\\\/en\\\/#website\",\"url\":\"http:\\\/\\\/hq-advisory.com\\\/en\\\/\",\"name\":\"HQ Advisory - The Innovation HeadQuarters\",\"description\":\"A HQ Advisory oferece servi\u00e7os de valida\u00e7\u00e3o jur\u00eddica , prote\u00e7\u00e3o de propriedade Intelectual, registro de patentes e marcas, reda\u00e7\u00e3o de contratos, cursos e treinamentos. O Quartel General da Inova\u00e7\u00e3o\",\"publisher\":{\"@id\":\"http:\\\/\\\/hq-advisory.com\\\/en\\\/#organization\"},\"potentialAction\":[{\"@type\":\"SearchAction\",\"target\":{\"@type\":\"EntryPoint\",\"urlTemplate\":\"http:\\\/\\\/hq-advisory.com\\\/en\\\/?s={search_term_string}\"},\"query-input\":{\"@type\":\"PropertyValueSpecification\",\"valueRequired\":true,\"valueName\":\"search_term_string\"}}],\"inLanguage\":\"en-US\"},{\"@type\":\"Organization\",\"@id\":\"http:\\\/\\\/hq-advisory.com\\\/en\\\/#organization\",\"name\":\"HQ Advisory\",\"url\":\"http:\\\/\\\/hq-advisory.com\\\/en\\\/\",\"logo\":{\"@type\":\"ImageObject\",\"inLanguage\":\"en-US\",\"@id\":\"http:\\\/\\\/hq-advisory.com\\\/en\\\/#\\\/schema\\\/logo\\\/image\\\/\",\"url\":\"http:\\\/\\\/hq-advisory.com\\\/wp-content\\\/uploads\\\/2016\\\/02\\\/hq-logo.png\",\"contentUrl\":\"http:\\\/\\\/hq-advisory.com\\\/wp-content\\\/uploads\\\/2016\\\/02\\\/hq-logo.png\",\"width\":1252,\"height\":588,\"caption\":\"HQ Advisory\"},\"image\":{\"@id\":\"http:\\\/\\\/hq-advisory.com\\\/en\\\/#\\\/schema\\\/logo\\\/image\\\/\"},\"sameAs\":[\"https:\\\/\\\/www.facebook.com\\\/hqadvisory\",\"https:\\\/\\\/www.instagram.com\\\/hq_advisory\\\/\",\"https:\\\/\\\/www.linkedin.com\\\/company\\\/hq-advisory\"]}]}<\/script>\n<!-- \/ Yoast SEO plugin. -->","yoast_head_json":{"title":"Main Rules regarding Patent License Agreements in Brazil - HQ Advisory - The Innovation HeadQuarters","robots":{"index":"index","follow":"follow","max-snippet":"max-snippet:-1","max-image-preview":"max-image-preview:large","max-video-preview":"max-video-preview:-1"},"canonical":"http:\/\/hq-advisory.com\/en\/blog\/patent-license-agreement-brazil\/","og_locale":"en_US","og_type":"article","og_title":"Main Rules regarding Patent License Agreements in Brazil - HQ Advisory - The Innovation HeadQuarters","og_url":"http:\/\/hq-advisory.com\/en\/blog\/patent-license-agreement-brazil\/","og_site_name":"HQ Advisory - The Innovation HeadQuarters","article_publisher":"https:\/\/www.facebook.com\/hqadvisory","article_modified_time":"2017-04-24T14:08:16+00:00","og_image":[{"url":"http:\/\/hq-advisory.com\/wp-content\/uploads\/2016\/04\/aline-150x150.png","type":"","width":"","height":""}],"twitter_card":"summary_large_image","twitter_misc":{"Est. reading time":"4 minutes"},"schema":{"@context":"https:\/\/schema.org","@graph":[{"@type":"WebPage","@id":"http:\/\/hq-advisory.com\/en\/blog\/patent-license-agreement-brazil\/","url":"http:\/\/hq-advisory.com\/en\/blog\/patent-license-agreement-brazil\/","name":"Main Rules regarding Patent License Agreements in Brazil - HQ Advisory - The Innovation HeadQuarters","isPartOf":{"@id":"http:\/\/hq-advisory.com\/en\/#website"},"primaryImageOfPage":{"@id":"http:\/\/hq-advisory.com\/en\/blog\/patent-license-agreement-brazil\/#primaryimage"},"image":{"@id":"http:\/\/hq-advisory.com\/en\/blog\/patent-license-agreement-brazil\/#primaryimage"},"thumbnailUrl":"http:\/\/hq-advisory.com\/wp-content\/uploads\/2016\/04\/aline-150x150.png","datePublished":"2017-04-24T14:07:10+00:00","dateModified":"2017-04-24T14:08:16+00:00","description":"We remark the main rules when setting Technology Transfer Agreements in Brazil and grant license of its patent to the Brazilian company.","breadcrumb":{"@id":"http:\/\/hq-advisory.com\/en\/blog\/patent-license-agreement-brazil\/#breadcrumb"},"inLanguage":"en-US","potentialAction":[{"@type":"ReadAction","target":["http:\/\/hq-advisory.com\/en\/blog\/patent-license-agreement-brazil\/"]}]},{"@type":"ImageObject","inLanguage":"en-US","@id":"http:\/\/hq-advisory.com\/en\/blog\/patent-license-agreement-brazil\/#primaryimage","url":"http:\/\/hq-advisory.com\/wp-content\/uploads\/2016\/04\/aline-150x150.png","contentUrl":"http:\/\/hq-advisory.com\/wp-content\/uploads\/2016\/04\/aline-150x150.png"},{"@type":"BreadcrumbList","@id":"http:\/\/hq-advisory.com\/en\/blog\/patent-license-agreement-brazil\/#breadcrumb","itemListElement":[{"@type":"ListItem","position":1,"name":"In\u00edcio","item":"http:\/\/hq-advisory.com\/en\/"},{"@type":"ListItem","position":2,"name":"BLOG","item":"http:\/\/hq-advisory.com\/blog\/"},{"@type":"ListItem","position":3,"name":"Main Rules regarding Patent License Agreements in Brazil"}]},{"@type":"WebSite","@id":"http:\/\/hq-advisory.com\/en\/#website","url":"http:\/\/hq-advisory.com\/en\/","name":"HQ Advisory - The Innovation HeadQuarters","description":"A HQ Advisory oferece servi\u00e7os de valida\u00e7\u00e3o jur\u00eddica , prote\u00e7\u00e3o de propriedade Intelectual, registro de patentes e marcas, reda\u00e7\u00e3o de contratos, cursos e treinamentos. O Quartel General da Inova\u00e7\u00e3o","publisher":{"@id":"http:\/\/hq-advisory.com\/en\/#organization"},"potentialAction":[{"@type":"SearchAction","target":{"@type":"EntryPoint","urlTemplate":"http:\/\/hq-advisory.com\/en\/?s={search_term_string}"},"query-input":{"@type":"PropertyValueSpecification","valueRequired":true,"valueName":"search_term_string"}}],"inLanguage":"en-US"},{"@type":"Organization","@id":"http:\/\/hq-advisory.com\/en\/#organization","name":"HQ Advisory","url":"http:\/\/hq-advisory.com\/en\/","logo":{"@type":"ImageObject","inLanguage":"en-US","@id":"http:\/\/hq-advisory.com\/en\/#\/schema\/logo\/image\/","url":"http:\/\/hq-advisory.com\/wp-content\/uploads\/2016\/02\/hq-logo.png","contentUrl":"http:\/\/hq-advisory.com\/wp-content\/uploads\/2016\/02\/hq-logo.png","width":1252,"height":588,"caption":"HQ Advisory"},"image":{"@id":"http:\/\/hq-advisory.com\/en\/#\/schema\/logo\/image\/"},"sameAs":["https:\/\/www.facebook.com\/hqadvisory","https:\/\/www.instagram.com\/hq_advisory\/","https:\/\/www.linkedin.com\/company\/hq-advisory"]}]}},"jetpack_sharing_enabled":true,"jetpack_shortlink":"https:\/\/wp.me\/P7Gted-4J","_links":{"self":[{"href":"http:\/\/hq-advisory.com\/en\/wp-json\/wp\/v2\/pages\/293","targetHints":{"allow":["GET"]}}],"collection":[{"href":"http:\/\/hq-advisory.com\/en\/wp-json\/wp\/v2\/pages"}],"about":[{"href":"http:\/\/hq-advisory.com\/en\/wp-json\/wp\/v2\/types\/page"}],"author":[{"embeddable":true,"href":"http:\/\/hq-advisory.com\/en\/wp-json\/wp\/v2\/users\/1"}],"replies":[{"embeddable":true,"href":"http:\/\/hq-advisory.com\/en\/wp-json\/wp\/v2\/comments?post=293"}],"version-history":[{"count":2,"href":"http:\/\/hq-advisory.com\/en\/wp-json\/wp\/v2\/pages\/293\/revisions"}],"predecessor-version":[{"id":297,"href":"http:\/\/hq-advisory.com\/en\/wp-json\/wp\/v2\/pages\/293\/revisions\/297"}],"up":[{"embeddable":true,"href":"http:\/\/hq-advisory.com\/en\/wp-json\/wp\/v2\/pages\/69"}],"wp:attachment":[{"href":"http:\/\/hq-advisory.com\/en\/wp-json\/wp\/v2\/media?parent=293"}],"curies":[{"name":"wp","href":"https:\/\/api.w.org\/{rel}","templated":true}]}}