{"id":289,"date":"2017-04-24T13:17:26","date_gmt":"2017-04-24T13:17:26","guid":{"rendered":"http:\/\/hq-advisory.com\/?page_id=289"},"modified":"2017-12-22T01:03:43","modified_gmt":"2017-12-22T01:03:43","slug":"patentear-marca-patente-internacional","status":"publish","type":"page","link":"http:\/\/hq-advisory.com\/en\/blog\/patentear-marca-patente-internacional\/","title":{"rendered":"Patentear Marca e Patente Internacional: onde est\u00e1 o erro nesses termos?"},"content":{"rendered":"<h2>Patentear Marca e Patente Internacional: <em>d<\/em><em>uas grandes \u201cgafes\u201d comuns no universo de propriedade intelectual<\/em><\/h2>\n<p><span style=\"font-weight: 400;\">O universo da propriedade intelectual \u00e9 ainda pouco conhecido pelos empreendedores e atores do mercado. Por isso \u00e9 comum se deparar com falas no dia-a-dia que na verdade representam usos equivocados dos institutos de propriedade intelectual.<\/span><\/p>\n<p>Mas fique tranquilo, a HQ Advisory vai apresentar e explicar duas das \u201cgafes\u201d mais comuns no mundo da Propriedade Intelectual para voc\u00ea nunca mais repetir esse erro.<\/p>\n<h1><span style=\"font-weight: 400;\">GAFE n\u00b01 &#8211; &#8220;Patentear marca&#8221;<\/span><\/h1>\n<p><span style=\"font-weight: 400;\">Se voc\u00ea j\u00e1 falou &#8220;vou patentear a minha marca&#8221;, compreenda a franqueza, mas voc\u00ea cometeu uma gafe. Essa \u00e9, provavelmente, a mais comuns das gafes, aparecendo em v\u00e1rios artigos de jornais e de blogs, falas de empreendedores, ou mesmo mat\u00e9rias na televis\u00e3o. <\/span><\/p>\n<p>Antes de tudo \u00e9 importante ressaltar que &#8220;Patente&#8221; e &#8220;Marca&#8221; s\u00e3o categorias diferentes de prote\u00e7\u00e3o de propriedade intelectual, com objetivos e procedimentos diferentes.<\/p>\n<p>Voc\u00ea <em>registra <\/em>uma marca.<\/p>\n<p>Isso quer dizer que voc\u00ea leva ao conhecimento do \u00f3rg\u00e3o do Estado respons\u00e1vel &#8211; o Instituto Nacional de Propriedade Intelectual &#8211; INPI e ao preencher os requisitos de novidade e distintividade ele confere o certificado de registro.<\/p>\n<p><span style=\"font-weight: 400;\">A partir dai voc\u00ea pode chamar a sua marca de \u201cmarca registrada\u201d e usar o famoso <\/span><span style=\"font-weight: 400;\">\u00ae.<\/span><\/p>\n<p>Por outro lado, voc\u00ea <em>patenteia<\/em> uma inven\u00e7\u00e3o ou um modelo de utilidade.<\/p>\n<p>Al\u00e9m do procedimento ser diferente o significado \u00e9 outro tamb\u00e9m. Quando voc\u00ea desenvolve uma tecnologia disruptiva \u00e9 natural que voc\u00ea pense em ganhar dinheiro com ela no mercado, afinal voc\u00ea investiu tempo e dinheiro para obt\u00ea-la. Nesse contexto, caso a sua tecnologia re\u00fana os requisitos de patenteabilidade: novidade, atividade inventiva e aplica\u00e7\u00e3o industrial, voc\u00ea poder\u00e1 obter do Estado uma patente de uso e explora\u00e7\u00e3o exclusivos dessa tecnologia. Ter uma patente significa que voc\u00ea tem um direito a ser o \u00fanico a ganhar dinheiro com aquela tecnologia em um mercado de um dado pa\u00eds.<\/p>\n<p>Se voc\u00ea quer saber mais sobre patentes e requisitos de patenteabilidade n\u00e3o deixe de consultar nosso post:<\/p>\n<ul>\n<li><a href=\"http:\/\/hq-advisory.com\/blog\/top-five-das-duvidas-sobre-patentes\/\">Patente: as 5 principais d\u00favidas<\/a><\/li>\n<\/ul>\n<h1><\/h1>\n<h1><span style=\"font-weight: 400;\">GAFE n\u00b02 &#8211; &#8220;Patente Internacional&#8221;<\/span><\/h1>\n<p><span style=\"font-weight: 400;\">Grande parte das ferramentas da Propriedade Intelectual s\u00e3o territoriais, ou seja, se voc\u00ea solicitou uma patente no Brasil, ela s\u00f3 \u00e9 v\u00e1lida aqui. O direito que voc\u00ea recebe \u00e9 de uso e explora\u00e7\u00e3o de uma tecnologia em um pa\u00eds apenas. Caso voc\u00ea tenha interesse em comercializ\u00e1-la em outros pa\u00edses, ser\u00e1 necess\u00e1rio pedir a prote\u00e7\u00e3o em cada um dos pa\u00edses que sejam do seu interesse.<\/span><\/p>\n<p>Por isso que n\u00e3o existe uma categoria de &#8220;Patente Internacional&#8221; que tenha validade no mundo inteiro. Existem mecanismos que facilitam esses tr\u00e2mites, como o Patent Cooperation Treaty &#8211; PCT ou Tratado de Coopera\u00e7\u00e3o em Patentes que estabelece um sistema para agilizar a internacionaliza\u00e7\u00e3o de uma tecnologia patenteada. Muitas pessoas confundem patente internacional com pedido de patente internacional, uma das fases do sistema PCT.<\/p>\n<p>No final das contas, ser\u00e1 necess\u00e1rio escolher qual(is) pa\u00eds(es) voc\u00ea quer garantir a prote\u00e7\u00e3o do capital intelectual da sua empresa de acordo com sua estrat\u00e9gia de comercializa\u00e7\u00e3o.<\/p>\n<p>Para mais informa\u00e7\u00f5es sobre a internacionaliza\u00e7\u00e3o de uma patente, confira <a href=\"http:\/\/hq-advisory.com\/blog\/quer-patente-internacional\/\">Voc\u00ea quer uma patente internacional?<\/a><\/p>\n<p>Agora que voc\u00ea j\u00e1 sabe que n\u00e3o existe patentear uma marca e nem patente internacional, n\u00e3o deixe de passar essa informa\u00e7\u00e3o adiante.<\/p>\n<p>Para aprender mais sobre propriedade intelectual n\u00e3o deixe de conferir as <a href=\"http:\/\/hq-advisory.com\/blog\/propriedade-intelectual-com-o-filme-joy\/\">5 li\u00e7\u00f5es de propriedade intelectual que podemos aprender com o filme Joy<\/a>.<\/p>\n<p><img loading=\"lazy\" decoding=\"async\" class=\"alignleft wp-image-126 \" src=\"http:\/\/hq-advisory.com\/wp-content\/uploads\/2016\/04\/aline-150x150.png\" sizes=\"auto, (max-width: 100px) 100vw, 100px\" srcset=\"http:\/\/hq-advisory.com\/wp-content\/uploads\/2016\/04\/aline-150x150.png 150w, http:\/\/hq-advisory.com\/wp-content\/uploads\/2016\/04\/aline-96x96.png 96w, http:\/\/hq-advisory.com\/wp-content\/uploads\/2016\/04\/aline-192x192.png 192w, http:\/\/hq-advisory.com\/wp-content\/uploads\/2016\/04\/aline.png 252w\" alt=\"aline\" width=\"100\" height=\"100\" \/><\/p>\n<p><strong>Aline Schraier de Quadros<\/strong><\/p>\n<p>\u00e9 advogada de Propriedade Intelectual, formada na UFPR e Universidade de Coimbra, tem experi\u00eancia nas \u00e1reas de Propriedade Intelectual, Estrat\u00e9gia, Transfer\u00eancia de Tecnologia, Contratos e Direito Empresarial. Conecte-se com Aline pelo\u00a0<a href=\"https:\/\/goo.gl\/XPwCTI\">LinkedIn<\/a>.<\/p>\n<p><img loading=\"lazy\" decoding=\"async\" class=\"wp-image-309 alignleft\" src=\"http:\/\/hq-advisory.com\/wp-content\/uploads\/2017\/04\/Taise-cirulo-sem-fundo-294x300.jpg\" alt=\"\" width=\"120\" height=\"122\" srcset=\"http:\/\/hq-advisory.com\/wp-content\/uploads\/2017\/04\/Taise-cirulo-sem-fundo-294x300.jpg 294w, http:\/\/hq-advisory.com\/wp-content\/uploads\/2017\/04\/Taise-cirulo-sem-fundo-768x784.jpg 768w, http:\/\/hq-advisory.com\/wp-content\/uploads\/2017\/04\/Taise-cirulo-sem-fundo-648x661.jpg 648w, http:\/\/hq-advisory.com\/wp-content\/uploads\/2017\/04\/Taise-cirulo-sem-fundo-188x192.jpg 188w, http:\/\/hq-advisory.com\/wp-content\/uploads\/2017\/04\/Taise-cirulo-sem-fundo.jpg 834w\" sizes=\"auto, (max-width: 120px) 100vw, 120px\" \/><\/p>\n<p><strong>Taise Schraier de Quadros<\/strong><\/p>\n<p>\u00e9 estudante de Engenharia Bioqu\u00edmica na Universidade de S\u00e3o Paulo, EEL-USP, faz parte da equipe HQ Advisory. Conecte-se com Taise pelo\u00a0<a href=\"https:\/\/goo.gl\/h6YHC7\">LinkedIn<\/a>.<\/p>\n<p>&nbsp;<\/p>\n<p><span style=\"color: #808080;\">Esse texto \u201cDescomplicando propriedade intelectual\u201d \u00e9 livre e <i>open source. <\/i>Voc\u00ea tem permiss\u00e3o para republicar esse texto sob licen\u00e7a Creative Commons (<a style=\"color: #808080;\" href=\"https:\/\/creativecommons.org\/licenses\/by\/3.0\/br\/\" target=\"_blank\" rel=\"noopener\">https:\/\/creativecommons.org\/<wbr \/>licenses\/by\/3.0\/br\/<\/a>) , atribuindo a autoria a \u201cAline Schraier de Quadros\u201d, HQ Advisory, 23 de abril de 2017, 19h02.\u00a0Se voc\u00ea identificar algum erro de digita\u00e7\u00e3o, mande um e-mail para <a style=\"color: #808080;\" href=\"mailto:contato@hq-advisory.com\" target=\"_blank\" rel=\"noopener\">contato@hq-advisory.com<\/a><\/span><\/p>\n","protected":false},"excerpt":{"rendered":"<p>Patentear Marca e Patente Internacional: duas grandes \u201cgafes\u201d comuns no universo de propriedade intelectual O universo da propriedade intelectual \u00e9 ainda pouco conhecido pelos empreendedores e atores do mercado. Por isso \u00e9 comum se deparar com falas no dia-a-dia que na verdade representam usos equivocados dos institutos de propriedade intelectual. Mas fique tranquilo, a HQ &hellip; <a href=\"http:\/\/hq-advisory.com\/en\/blog\/patentear-marca-patente-internacional\/\" class=\"more-link\">Continue reading <span class=\"screen-reader-text\">Patentear Marca e Patente Internacional: onde est\u00e1 o erro nesses termos?<\/span><\/a><\/p>\n","protected":false},"author":1,"featured_media":0,"parent":69,"menu_order":0,"comment_status":"closed","ping_status":"closed","template":"page-templates\/full-width-page.php","meta":{"_exactmetrics_skip_tracking":false,"_exactmetrics_sitenote_active":false,"_exactmetrics_sitenote_note":"","_exactmetrics_sitenote_category":0,"jetpack_post_was_ever_published":false,"footnotes":""},"class_list":["post-289","page","type-page","status-publish","hentry"],"translation":{"provider":"WPGlobus","version":"3.0.0","language":"en","enabled_languages":["br","en"],"languages":{"br":{"title":true,"content":true,"excerpt":false},"en":{"title":false,"content":false,"excerpt":false}}},"yoast_head":"<!-- This site is optimized with the Yoast SEO plugin v27.4 - https:\/\/yoast.com\/product\/yoast-seo-wordpress\/ -->\n<title>Patentear Marca e Patente Internacional: onde est\u00e1 o erro nesses termos? - HQ Advisory - The Innovation HeadQuarters<\/title>\n<meta name=\"robots\" content=\"index, follow, max-snippet:-1, max-image-preview:large, max-video-preview:-1\" \/>\n<link rel=\"canonical\" href=\"http:\/\/hq-advisory.com\/en\/blog\/patentear-marca-patente-internacional\/\" \/>\n<meta property=\"og:locale\" content=\"en_US\" \/>\n<meta property=\"og:type\" content=\"article\" \/>\n<meta property=\"og:title\" content=\"Patentear Marca e Patente Internacional: onde est\u00e1 o erro nesses termos? - HQ Advisory - The Innovation HeadQuarters\" \/>\n<meta property=\"og:url\" content=\"http:\/\/hq-advisory.com\/en\/blog\/patentear-marca-patente-internacional\/\" \/>\n<meta property=\"og:site_name\" content=\"HQ Advisory - The Innovation HeadQuarters\" \/>\n<meta property=\"article:publisher\" content=\"https:\/\/www.facebook.com\/hqadvisory\" \/>\n<meta property=\"article:modified_time\" content=\"2017-12-22T01:03:43+00:00\" \/>\n<meta property=\"og:image\" content=\"http:\/\/hq-advisory.com\/wp-content\/uploads\/2016\/04\/aline-150x150.png\" \/>\n<meta name=\"twitter:card\" content=\"summary_large_image\" \/>\n<meta name=\"twitter:label1\" content=\"Est. reading time\" \/>\n\t<meta name=\"twitter:data1\" content=\"4 minutes\" \/>\n<script type=\"application\/ld+json\" class=\"yoast-schema-graph\">{\"@context\":\"https:\\\/\\\/schema.org\",\"@graph\":[{\"@type\":\"WebPage\",\"@id\":\"http:\\\/\\\/hq-advisory.com\\\/en\\\/blog\\\/patentear-marca-patente-internacional\\\/\",\"url\":\"http:\\\/\\\/hq-advisory.com\\\/en\\\/blog\\\/patentear-marca-patente-internacional\\\/\",\"name\":\"Patentear Marca e Patente Internacional: onde est\u00e1 o erro nesses termos? - HQ Advisory - The Innovation HeadQuarters\",\"isPartOf\":{\"@id\":\"http:\\\/\\\/hq-advisory.com\\\/en\\\/#website\"},\"primaryImageOfPage\":{\"@id\":\"http:\\\/\\\/hq-advisory.com\\\/en\\\/blog\\\/patentear-marca-patente-internacional\\\/#primaryimage\"},\"image\":{\"@id\":\"http:\\\/\\\/hq-advisory.com\\\/en\\\/blog\\\/patentear-marca-patente-internacional\\\/#primaryimage\"},\"thumbnailUrl\":\"http:\\\/\\\/hq-advisory.com\\\/wp-content\\\/uploads\\\/2016\\\/04\\\/aline-150x150.png\",\"datePublished\":\"2017-04-24T13:17:26+00:00\",\"dateModified\":\"2017-12-22T01:03:43+00:00\",\"description\":\"Se voc\u00ea j\u00e1 falou \\\"vou patentear a minha marca\\\" ou \\\"patente internacional\\\", compreenda a franqueza, mas voc\u00ea cometeu uma gafe.\",\"breadcrumb\":{\"@id\":\"http:\\\/\\\/hq-advisory.com\\\/en\\\/blog\\\/patentear-marca-patente-internacional\\\/#breadcrumb\"},\"inLanguage\":\"en-US\",\"potentialAction\":[{\"@type\":\"ReadAction\",\"target\":[\"http:\\\/\\\/hq-advisory.com\\\/en\\\/blog\\\/patentear-marca-patente-internacional\\\/\"]}]},{\"@type\":\"ImageObject\",\"inLanguage\":\"en-US\",\"@id\":\"http:\\\/\\\/hq-advisory.com\\\/en\\\/blog\\\/patentear-marca-patente-internacional\\\/#primaryimage\",\"url\":\"http:\\\/\\\/hq-advisory.com\\\/wp-content\\\/uploads\\\/2016\\\/04\\\/aline-150x150.png\",\"contentUrl\":\"http:\\\/\\\/hq-advisory.com\\\/wp-content\\\/uploads\\\/2016\\\/04\\\/aline-150x150.png\"},{\"@type\":\"BreadcrumbList\",\"@id\":\"http:\\\/\\\/hq-advisory.com\\\/en\\\/blog\\\/patentear-marca-patente-internacional\\\/#breadcrumb\",\"itemListElement\":[{\"@type\":\"ListItem\",\"position\":1,\"name\":\"In\u00edcio\",\"item\":\"http:\\\/\\\/hq-advisory.com\\\/en\\\/\"},{\"@type\":\"ListItem\",\"position\":2,\"name\":\"BLOG\",\"item\":\"http:\\\/\\\/hq-advisory.com\\\/blog\\\/\"},{\"@type\":\"ListItem\",\"position\":3,\"name\":\"Patentear Marca e Patente Internacional: onde est\u00e1 o erro nesses termos?\"}]},{\"@type\":\"WebSite\",\"@id\":\"http:\\\/\\\/hq-advisory.com\\\/en\\\/#website\",\"url\":\"http:\\\/\\\/hq-advisory.com\\\/en\\\/\",\"name\":\"HQ Advisory - The Innovation HeadQuarters\",\"description\":\"A HQ Advisory oferece servi\u00e7os de valida\u00e7\u00e3o jur\u00eddica , prote\u00e7\u00e3o de propriedade Intelectual, registro de patentes e marcas, reda\u00e7\u00e3o de contratos, cursos e treinamentos. O Quartel General da Inova\u00e7\u00e3o\",\"publisher\":{\"@id\":\"http:\\\/\\\/hq-advisory.com\\\/en\\\/#organization\"},\"potentialAction\":[{\"@type\":\"SearchAction\",\"target\":{\"@type\":\"EntryPoint\",\"urlTemplate\":\"http:\\\/\\\/hq-advisory.com\\\/en\\\/?s={search_term_string}\"},\"query-input\":{\"@type\":\"PropertyValueSpecification\",\"valueRequired\":true,\"valueName\":\"search_term_string\"}}],\"inLanguage\":\"en-US\"},{\"@type\":\"Organization\",\"@id\":\"http:\\\/\\\/hq-advisory.com\\\/en\\\/#organization\",\"name\":\"HQ Advisory\",\"url\":\"http:\\\/\\\/hq-advisory.com\\\/en\\\/\",\"logo\":{\"@type\":\"ImageObject\",\"inLanguage\":\"en-US\",\"@id\":\"http:\\\/\\\/hq-advisory.com\\\/en\\\/#\\\/schema\\\/logo\\\/image\\\/\",\"url\":\"http:\\\/\\\/hq-advisory.com\\\/wp-content\\\/uploads\\\/2016\\\/02\\\/hq-logo.png\",\"contentUrl\":\"http:\\\/\\\/hq-advisory.com\\\/wp-content\\\/uploads\\\/2016\\\/02\\\/hq-logo.png\",\"width\":1252,\"height\":588,\"caption\":\"HQ Advisory\"},\"image\":{\"@id\":\"http:\\\/\\\/hq-advisory.com\\\/en\\\/#\\\/schema\\\/logo\\\/image\\\/\"},\"sameAs\":[\"https:\\\/\\\/www.facebook.com\\\/hqadvisory\",\"https:\\\/\\\/www.instagram.com\\\/hq_advisory\\\/\",\"https:\\\/\\\/www.linkedin.com\\\/company\\\/hq-advisory\"]}]}<\/script>\n<!-- \/ Yoast SEO plugin. -->","yoast_head_json":{"title":"Patentear Marca e Patente Internacional: onde est\u00e1 o erro nesses termos? - HQ Advisory - The Innovation HeadQuarters","robots":{"index":"index","follow":"follow","max-snippet":"max-snippet:-1","max-image-preview":"max-image-preview:large","max-video-preview":"max-video-preview:-1"},"canonical":"http:\/\/hq-advisory.com\/en\/blog\/patentear-marca-patente-internacional\/","og_locale":"en_US","og_type":"article","og_title":"Patentear Marca e Patente Internacional: onde est\u00e1 o erro nesses termos? - HQ Advisory - The Innovation HeadQuarters","og_url":"http:\/\/hq-advisory.com\/en\/blog\/patentear-marca-patente-internacional\/","og_site_name":"HQ Advisory - The Innovation HeadQuarters","article_publisher":"https:\/\/www.facebook.com\/hqadvisory","article_modified_time":"2017-12-22T01:03:43+00:00","og_image":[{"url":"http:\/\/hq-advisory.com\/wp-content\/uploads\/2016\/04\/aline-150x150.png","type":"","width":"","height":""}],"twitter_card":"summary_large_image","twitter_misc":{"Est. reading time":"4 minutes"},"schema":{"@context":"https:\/\/schema.org","@graph":[{"@type":"WebPage","@id":"http:\/\/hq-advisory.com\/en\/blog\/patentear-marca-patente-internacional\/","url":"http:\/\/hq-advisory.com\/en\/blog\/patentear-marca-patente-internacional\/","name":"Patentear Marca e Patente Internacional: onde est\u00e1 o erro nesses termos? - HQ Advisory - The Innovation HeadQuarters","isPartOf":{"@id":"http:\/\/hq-advisory.com\/en\/#website"},"primaryImageOfPage":{"@id":"http:\/\/hq-advisory.com\/en\/blog\/patentear-marca-patente-internacional\/#primaryimage"},"image":{"@id":"http:\/\/hq-advisory.com\/en\/blog\/patentear-marca-patente-internacional\/#primaryimage"},"thumbnailUrl":"http:\/\/hq-advisory.com\/wp-content\/uploads\/2016\/04\/aline-150x150.png","datePublished":"2017-04-24T13:17:26+00:00","dateModified":"2017-12-22T01:03:43+00:00","description":"Se voc\u00ea j\u00e1 falou \"vou patentear a minha marca\" ou \"patente internacional\", compreenda a franqueza, mas voc\u00ea cometeu uma gafe.","breadcrumb":{"@id":"http:\/\/hq-advisory.com\/en\/blog\/patentear-marca-patente-internacional\/#breadcrumb"},"inLanguage":"en-US","potentialAction":[{"@type":"ReadAction","target":["http:\/\/hq-advisory.com\/en\/blog\/patentear-marca-patente-internacional\/"]}]},{"@type":"ImageObject","inLanguage":"en-US","@id":"http:\/\/hq-advisory.com\/en\/blog\/patentear-marca-patente-internacional\/#primaryimage","url":"http:\/\/hq-advisory.com\/wp-content\/uploads\/2016\/04\/aline-150x150.png","contentUrl":"http:\/\/hq-advisory.com\/wp-content\/uploads\/2016\/04\/aline-150x150.png"},{"@type":"BreadcrumbList","@id":"http:\/\/hq-advisory.com\/en\/blog\/patentear-marca-patente-internacional\/#breadcrumb","itemListElement":[{"@type":"ListItem","position":1,"name":"In\u00edcio","item":"http:\/\/hq-advisory.com\/en\/"},{"@type":"ListItem","position":2,"name":"BLOG","item":"http:\/\/hq-advisory.com\/blog\/"},{"@type":"ListItem","position":3,"name":"Patentear Marca e Patente Internacional: onde est\u00e1 o erro nesses termos?"}]},{"@type":"WebSite","@id":"http:\/\/hq-advisory.com\/en\/#website","url":"http:\/\/hq-advisory.com\/en\/","name":"HQ Advisory - The Innovation HeadQuarters","description":"A HQ Advisory oferece servi\u00e7os de valida\u00e7\u00e3o jur\u00eddica , prote\u00e7\u00e3o de propriedade Intelectual, registro de patentes e marcas, reda\u00e7\u00e3o de contratos, cursos e treinamentos. O Quartel General da Inova\u00e7\u00e3o","publisher":{"@id":"http:\/\/hq-advisory.com\/en\/#organization"},"potentialAction":[{"@type":"SearchAction","target":{"@type":"EntryPoint","urlTemplate":"http:\/\/hq-advisory.com\/en\/?s={search_term_string}"},"query-input":{"@type":"PropertyValueSpecification","valueRequired":true,"valueName":"search_term_string"}}],"inLanguage":"en-US"},{"@type":"Organization","@id":"http:\/\/hq-advisory.com\/en\/#organization","name":"HQ Advisory","url":"http:\/\/hq-advisory.com\/en\/","logo":{"@type":"ImageObject","inLanguage":"en-US","@id":"http:\/\/hq-advisory.com\/en\/#\/schema\/logo\/image\/","url":"http:\/\/hq-advisory.com\/wp-content\/uploads\/2016\/02\/hq-logo.png","contentUrl":"http:\/\/hq-advisory.com\/wp-content\/uploads\/2016\/02\/hq-logo.png","width":1252,"height":588,"caption":"HQ Advisory"},"image":{"@id":"http:\/\/hq-advisory.com\/en\/#\/schema\/logo\/image\/"},"sameAs":["https:\/\/www.facebook.com\/hqadvisory","https:\/\/www.instagram.com\/hq_advisory\/","https:\/\/www.linkedin.com\/company\/hq-advisory"]}]}},"jetpack_sharing_enabled":true,"jetpack_shortlink":"https:\/\/wp.me\/P7Gted-4F","_links":{"self":[{"href":"http:\/\/hq-advisory.com\/en\/wp-json\/wp\/v2\/pages\/289","targetHints":{"allow":["GET"]}}],"collection":[{"href":"http:\/\/hq-advisory.com\/en\/wp-json\/wp\/v2\/pages"}],"about":[{"href":"http:\/\/hq-advisory.com\/en\/wp-json\/wp\/v2\/types\/page"}],"author":[{"embeddable":true,"href":"http:\/\/hq-advisory.com\/en\/wp-json\/wp\/v2\/users\/1"}],"replies":[{"embeddable":true,"href":"http:\/\/hq-advisory.com\/en\/wp-json\/wp\/v2\/comments?post=289"}],"version-history":[{"count":9,"href":"http:\/\/hq-advisory.com\/en\/wp-json\/wp\/v2\/pages\/289\/revisions"}],"predecessor-version":[{"id":353,"href":"http:\/\/hq-advisory.com\/en\/wp-json\/wp\/v2\/pages\/289\/revisions\/353"}],"up":[{"embeddable":true,"href":"http:\/\/hq-advisory.com\/en\/wp-json\/wp\/v2\/pages\/69"}],"wp:attachment":[{"href":"http:\/\/hq-advisory.com\/en\/wp-json\/wp\/v2\/media?parent=289"}],"curies":[{"name":"wp","href":"https:\/\/api.w.org\/{rel}","templated":true}]}}