{"id":27,"date":"2016-02-16T00:08:24","date_gmt":"2016-02-16T00:08:24","guid":{"rendered":"http:\/\/hq-advisory.com\/?page_id=27"},"modified":"2017-07-12T00:12:31","modified_gmt":"2017-07-12T00:12:31","slug":"propriedade-intelectual","status":"publish","type":"page","link":"http:\/\/hq-advisory.com\/en\/servicos\/propriedade-intelectual\/","title":{"rendered":"Intellectual Property"},"content":{"rendered":"<p>The team of HQ Advisory is qualified to provide consultancy in several fields of knowledge in the following areas of Intellectual Property.<\/p>\n<ol>\n<li><strong>Trademark Registration<\/strong><\/li>\n<\/ol>\n<p>When you plan to create and establish a new brand for your company, product or service, it is advisable to conduct brand protection research and analysis. A search for availability for brand protection is not only about checking that it is available, but about what ways to ensure it is protected according to company strategies.<\/p>\n<p>HQ Advisory is the ideal partner to help you clearly and precisely define the strategy for protecting your brand, performing the procedures of search and analysis of priority, filing and tracking of trademark applications in Brazil and abroad.<\/p>\n<p><strong>2. Patents<\/strong><\/p>\n<p>Is your new product or method patentable? What is the potential scope available to protect your technology?<\/p>\n<p>To answer these questions, HQ Advisory conducts the patent search service and compiles a report with an analysis of applicable strategies for possible patent protection.<\/p>\n<p>HQ Advisory allocates a responsible and exclusive engineer to follow the initial process of analysis, development of patentability strategy and writing of Description of patent. It also carries out the procedures for filing and monitoring the patent application in Brazil and abroad.<\/p>\n<p><strong>3. Copyrights<\/strong><\/p>\n<p>Has your company produced any book, training or e-book? This type of material can be registered by Copyright, reinforcing the protection of its content. HQ Advisory has the expertise to help you perform this protection.<\/p>\n<p><strong>4. Non-Disclosure Agreements (NDAs)<\/strong><\/p>\n<p>Are you going to deal with potential partners, suppliers and \/ or service providers and want to ensure the security of your strategic information? The legal area of \u200b\u200bHQ Advisory has extensive experience in drawing up the necessary contracts for this protection.<\/p>\n<p><strong><a href=\"http:\/\/hq-advisory.com.br\/contato\/\">Contact us<\/a>\u00a0and we will answer you within 24 hours.<\/strong><\/p>\n<p><strong>Check out for more content related to Intellectual Property in\u00a0<a href=\"http:\/\/hq-advisory.com.br\/blog\/\" target=\"_blank\" rel=\"noopener\">Blog HQ<\/a>.\u00a0<\/strong><\/p>\n","protected":false},"excerpt":{"rendered":"<p>The team of HQ Advisory is qualified to provide consultancy in several fields of knowledge in the following areas of Intellectual Property. Trademark Registration When you plan to create and establish a new brand for your company, product or service, it is advisable to conduct brand protection research and analysis. A search for availability for &hellip; <a href=\"http:\/\/hq-advisory.com\/en\/servicos\/propriedade-intelectual\/\" class=\"more-link\">Continue reading <span class=\"screen-reader-text\">Intellectual Property<\/span><\/a><\/p>\n","protected":false},"author":1,"featured_media":28,"parent":18,"menu_order":0,"comment_status":"closed","ping_status":"closed","template":"page-templates\/full-width-page.php","meta":{"_exactmetrics_skip_tracking":false,"_exactmetrics_sitenote_active":false,"_exactmetrics_sitenote_note":"","_exactmetrics_sitenote_category":0,"jetpack_post_was_ever_published":false,"footnotes":""},"class_list":["post-27","page","type-page","status-publish","has-post-thumbnail","hentry"],"translation":{"provider":"WPGlobus","version":"3.0.0","language":"en","enabled_languages":["br","en"],"languages":{"br":{"title":true,"content":true,"excerpt":false},"en":{"title":true,"content":true,"excerpt":false}}},"yoast_head":"<!-- This site is optimized with the Yoast SEO plugin v27.4 - https:\/\/yoast.com\/product\/yoast-seo-wordpress\/ -->\n<title>Intellectual Property - HQ Advisory - The Innovation HeadQuarters<\/title>\n<meta name=\"robots\" content=\"index, follow, max-snippet:-1, max-image-preview:large, max-video-preview:-1\" \/>\n<link rel=\"canonical\" href=\"http:\/\/hq-advisory.com\/servicos\/propriedade-intelectual\/\" \/>\n<meta property=\"og:locale\" content=\"en_US\" \/>\n<meta property=\"og:type\" content=\"article\" \/>\n<meta property=\"og:title\" content=\"Intellectual Property - HQ Advisory - The Innovation HeadQuarters\" \/>\n<meta property=\"og:url\" content=\"http:\/\/hq-advisory.com\/servicos\/propriedade-intelectual\/\" \/>\n<meta property=\"og:site_name\" content=\"HQ Advisory - The Innovation HeadQuarters\" \/>\n<meta property=\"article:publisher\" content=\"https:\/\/www.facebook.com\/hqadvisory\" \/>\n<meta property=\"article:modified_time\" content=\"2017-07-12T00:12:31+00:00\" \/>\n<meta property=\"og:image\" content=\"http:\/\/hq-advisory.com\/wp-content\/uploads\/2016\/02\/hq_pi_02.jpg\" \/>\n\t<meta property=\"og:image:width\" content=\"1648\" \/>\n\t<meta property=\"og:image:height\" content=\"1200\" \/>\n\t<meta property=\"og:image:type\" content=\"image\/jpeg\" \/>\n<meta name=\"twitter:card\" content=\"summary_large_image\" \/>\n<meta name=\"twitter:label1\" content=\"Est. reading time\" \/>\n\t<meta name=\"twitter:data1\" content=\"3 minutes\" \/>\n<script type=\"application\/ld+json\" class=\"yoast-schema-graph\">{\"@context\":\"https:\\\/\\\/schema.org\",\"@graph\":[{\"@type\":\"WebPage\",\"@id\":\"http:\\\/\\\/hq-advisory.com\\\/servicos\\\/propriedade-intelectual\\\/\",\"url\":\"http:\\\/\\\/hq-advisory.com\\\/servicos\\\/propriedade-intelectual\\\/\",\"name\":\"Intellectual Property - HQ Advisory - The Innovation HeadQuarters\",\"isPartOf\":{\"@id\":\"http:\\\/\\\/hq-advisory.com\\\/en\\\/#website\"},\"primaryImageOfPage\":{\"@id\":\"http:\\\/\\\/hq-advisory.com\\\/servicos\\\/propriedade-intelectual\\\/#primaryimage\"},\"image\":{\"@id\":\"http:\\\/\\\/hq-advisory.com\\\/servicos\\\/propriedade-intelectual\\\/#primaryimage\"},\"thumbnailUrl\":\"http:\\\/\\\/hq-advisory.com\\\/wp-content\\\/uploads\\\/2016\\\/02\\\/hq_pi_02.jpg\",\"datePublished\":\"2016-02-16T00:08:24+00:00\",\"dateModified\":\"2017-07-12T00:12:31+00:00\",\"description\":\"Garanta a prote\u00e7\u00e3o do capital intelectual da sua empresa: proteja sua marca, patenteie suas tecnologias e monitore a concorr\u00eancia com o apoio da HQ Advisory\",\"breadcrumb\":{\"@id\":\"http:\\\/\\\/hq-advisory.com\\\/servicos\\\/propriedade-intelectual\\\/#breadcrumb\"},\"inLanguage\":\"en-US\",\"potentialAction\":[{\"@type\":\"ReadAction\",\"target\":[\"http:\\\/\\\/hq-advisory.com\\\/servicos\\\/propriedade-intelectual\\\/\"]}]},{\"@type\":\"ImageObject\",\"inLanguage\":\"en-US\",\"@id\":\"http:\\\/\\\/hq-advisory.com\\\/servicos\\\/propriedade-intelectual\\\/#primaryimage\",\"url\":\"http:\\\/\\\/hq-advisory.com\\\/wp-content\\\/uploads\\\/2016\\\/02\\\/hq_pi_02.jpg\",\"contentUrl\":\"http:\\\/\\\/hq-advisory.com\\\/wp-content\\\/uploads\\\/2016\\\/02\\\/hq_pi_02.jpg\",\"width\":1648,\"height\":1200},{\"@type\":\"BreadcrumbList\",\"@id\":\"http:\\\/\\\/hq-advisory.com\\\/servicos\\\/propriedade-intelectual\\\/#breadcrumb\",\"itemListElement\":[{\"@type\":\"ListItem\",\"position\":1,\"name\":\"In\u00edcio\",\"item\":\"http:\\\/\\\/hq-advisory.com\\\/en\\\/\"},{\"@type\":\"ListItem\",\"position\":2,\"name\":\"Servi\u00e7os\",\"item\":\"http:\\\/\\\/hq-advisory.com\\\/en\\\/servicos\\\/\"},{\"@type\":\"ListItem\",\"position\":3,\"name\":\"Propriedade Intelectual\"}]},{\"@type\":\"WebSite\",\"@id\":\"http:\\\/\\\/hq-advisory.com\\\/en\\\/#website\",\"url\":\"http:\\\/\\\/hq-advisory.com\\\/en\\\/\",\"name\":\"HQ Advisory - The Innovation HeadQuarters\",\"description\":\"A HQ Advisory oferece servi\u00e7os de valida\u00e7\u00e3o jur\u00eddica , prote\u00e7\u00e3o de propriedade Intelectual, registro de patentes e marcas, reda\u00e7\u00e3o de contratos, cursos e treinamentos. O Quartel General da Inova\u00e7\u00e3o\",\"publisher\":{\"@id\":\"http:\\\/\\\/hq-advisory.com\\\/en\\\/#organization\"},\"potentialAction\":[{\"@type\":\"SearchAction\",\"target\":{\"@type\":\"EntryPoint\",\"urlTemplate\":\"http:\\\/\\\/hq-advisory.com\\\/en\\\/?s={search_term_string}\"},\"query-input\":{\"@type\":\"PropertyValueSpecification\",\"valueRequired\":true,\"valueName\":\"search_term_string\"}}],\"inLanguage\":\"en-US\"},{\"@type\":\"Organization\",\"@id\":\"http:\\\/\\\/hq-advisory.com\\\/en\\\/#organization\",\"name\":\"HQ Advisory\",\"url\":\"http:\\\/\\\/hq-advisory.com\\\/en\\\/\",\"logo\":{\"@type\":\"ImageObject\",\"inLanguage\":\"en-US\",\"@id\":\"http:\\\/\\\/hq-advisory.com\\\/en\\\/#\\\/schema\\\/logo\\\/image\\\/\",\"url\":\"http:\\\/\\\/hq-advisory.com\\\/wp-content\\\/uploads\\\/2016\\\/02\\\/hq-logo.png\",\"contentUrl\":\"http:\\\/\\\/hq-advisory.com\\\/wp-content\\\/uploads\\\/2016\\\/02\\\/hq-logo.png\",\"width\":1252,\"height\":588,\"caption\":\"HQ Advisory\"},\"image\":{\"@id\":\"http:\\\/\\\/hq-advisory.com\\\/en\\\/#\\\/schema\\\/logo\\\/image\\\/\"},\"sameAs\":[\"https:\\\/\\\/www.facebook.com\\\/hqadvisory\",\"https:\\\/\\\/www.instagram.com\\\/hq_advisory\\\/\",\"https:\\\/\\\/www.linkedin.com\\\/company\\\/hq-advisory\"]}]}<\/script>\n<!-- \/ Yoast SEO plugin. -->","yoast_head_json":{"title":"Intellectual Property - HQ Advisory - The Innovation HeadQuarters","robots":{"index":"index","follow":"follow","max-snippet":"max-snippet:-1","max-image-preview":"max-image-preview:large","max-video-preview":"max-video-preview:-1"},"canonical":"http:\/\/hq-advisory.com\/servicos\/propriedade-intelectual\/","og_locale":"en_US","og_type":"article","og_title":"Intellectual Property - HQ Advisory - The Innovation HeadQuarters","og_url":"http:\/\/hq-advisory.com\/servicos\/propriedade-intelectual\/","og_site_name":"HQ Advisory - The Innovation HeadQuarters","article_publisher":"https:\/\/www.facebook.com\/hqadvisory","article_modified_time":"2017-07-12T00:12:31+00:00","og_image":[{"width":1648,"height":1200,"url":"http:\/\/hq-advisory.com\/wp-content\/uploads\/2016\/02\/hq_pi_02.jpg","type":"image\/jpeg"}],"twitter_card":"summary_large_image","twitter_misc":{"Est. reading time":"3 minutes"},"schema":{"@context":"https:\/\/schema.org","@graph":[{"@type":"WebPage","@id":"http:\/\/hq-advisory.com\/servicos\/propriedade-intelectual\/","url":"http:\/\/hq-advisory.com\/servicos\/propriedade-intelectual\/","name":"Intellectual Property - HQ Advisory - The Innovation HeadQuarters","isPartOf":{"@id":"http:\/\/hq-advisory.com\/en\/#website"},"primaryImageOfPage":{"@id":"http:\/\/hq-advisory.com\/servicos\/propriedade-intelectual\/#primaryimage"},"image":{"@id":"http:\/\/hq-advisory.com\/servicos\/propriedade-intelectual\/#primaryimage"},"thumbnailUrl":"http:\/\/hq-advisory.com\/wp-content\/uploads\/2016\/02\/hq_pi_02.jpg","datePublished":"2016-02-16T00:08:24+00:00","dateModified":"2017-07-12T00:12:31+00:00","description":"Garanta a prote\u00e7\u00e3o do capital intelectual da sua empresa: proteja sua marca, patenteie suas tecnologias e monitore a concorr\u00eancia com o apoio da HQ Advisory","breadcrumb":{"@id":"http:\/\/hq-advisory.com\/servicos\/propriedade-intelectual\/#breadcrumb"},"inLanguage":"en-US","potentialAction":[{"@type":"ReadAction","target":["http:\/\/hq-advisory.com\/servicos\/propriedade-intelectual\/"]}]},{"@type":"ImageObject","inLanguage":"en-US","@id":"http:\/\/hq-advisory.com\/servicos\/propriedade-intelectual\/#primaryimage","url":"http:\/\/hq-advisory.com\/wp-content\/uploads\/2016\/02\/hq_pi_02.jpg","contentUrl":"http:\/\/hq-advisory.com\/wp-content\/uploads\/2016\/02\/hq_pi_02.jpg","width":1648,"height":1200},{"@type":"BreadcrumbList","@id":"http:\/\/hq-advisory.com\/servicos\/propriedade-intelectual\/#breadcrumb","itemListElement":[{"@type":"ListItem","position":1,"name":"In\u00edcio","item":"http:\/\/hq-advisory.com\/en\/"},{"@type":"ListItem","position":2,"name":"Servi\u00e7os","item":"http:\/\/hq-advisory.com\/en\/servicos\/"},{"@type":"ListItem","position":3,"name":"Propriedade Intelectual"}]},{"@type":"WebSite","@id":"http:\/\/hq-advisory.com\/en\/#website","url":"http:\/\/hq-advisory.com\/en\/","name":"HQ Advisory - The Innovation HeadQuarters","description":"A HQ Advisory oferece servi\u00e7os de valida\u00e7\u00e3o jur\u00eddica , prote\u00e7\u00e3o de propriedade Intelectual, registro de patentes e marcas, reda\u00e7\u00e3o de contratos, cursos e treinamentos. O Quartel General da Inova\u00e7\u00e3o","publisher":{"@id":"http:\/\/hq-advisory.com\/en\/#organization"},"potentialAction":[{"@type":"SearchAction","target":{"@type":"EntryPoint","urlTemplate":"http:\/\/hq-advisory.com\/en\/?s={search_term_string}"},"query-input":{"@type":"PropertyValueSpecification","valueRequired":true,"valueName":"search_term_string"}}],"inLanguage":"en-US"},{"@type":"Organization","@id":"http:\/\/hq-advisory.com\/en\/#organization","name":"HQ Advisory","url":"http:\/\/hq-advisory.com\/en\/","logo":{"@type":"ImageObject","inLanguage":"en-US","@id":"http:\/\/hq-advisory.com\/en\/#\/schema\/logo\/image\/","url":"http:\/\/hq-advisory.com\/wp-content\/uploads\/2016\/02\/hq-logo.png","contentUrl":"http:\/\/hq-advisory.com\/wp-content\/uploads\/2016\/02\/hq-logo.png","width":1252,"height":588,"caption":"HQ Advisory"},"image":{"@id":"http:\/\/hq-advisory.com\/en\/#\/schema\/logo\/image\/"},"sameAs":["https:\/\/www.facebook.com\/hqadvisory","https:\/\/www.instagram.com\/hq_advisory\/","https:\/\/www.linkedin.com\/company\/hq-advisory"]}]}},"jetpack_sharing_enabled":true,"jetpack_shortlink":"https:\/\/wp.me\/P7Gted-r","_links":{"self":[{"href":"http:\/\/hq-advisory.com\/en\/wp-json\/wp\/v2\/pages\/27","targetHints":{"allow":["GET"]}}],"collection":[{"href":"http:\/\/hq-advisory.com\/en\/wp-json\/wp\/v2\/pages"}],"about":[{"href":"http:\/\/hq-advisory.com\/en\/wp-json\/wp\/v2\/types\/page"}],"author":[{"embeddable":true,"href":"http:\/\/hq-advisory.com\/en\/wp-json\/wp\/v2\/users\/1"}],"replies":[{"embeddable":true,"href":"http:\/\/hq-advisory.com\/en\/wp-json\/wp\/v2\/comments?post=27"}],"version-history":[{"count":6,"href":"http:\/\/hq-advisory.com\/en\/wp-json\/wp\/v2\/pages\/27\/revisions"}],"predecessor-version":[{"id":327,"href":"http:\/\/hq-advisory.com\/en\/wp-json\/wp\/v2\/pages\/27\/revisions\/327"}],"up":[{"embeddable":true,"href":"http:\/\/hq-advisory.com\/en\/wp-json\/wp\/v2\/pages\/18"}],"wp:featuredmedia":[{"embeddable":true,"href":"http:\/\/hq-advisory.com\/en\/wp-json\/wp\/v2\/media\/28"}],"wp:attachment":[{"href":"http:\/\/hq-advisory.com\/en\/wp-json\/wp\/v2\/media?parent=27"}],"curies":[{"name":"wp","href":"https:\/\/api.w.org\/{rel}","templated":true}]}}