{"id":253,"date":"2017-04-19T19:49:29","date_gmt":"2017-04-19T19:49:29","guid":{"rendered":"http:\/\/hq-advisory.com\/?page_id=253"},"modified":"2017-04-19T20:38:57","modified_gmt":"2017-04-19T20:38:57","slug":"alem-de-patente","status":"publish","type":"page","link":"http:\/\/hq-advisory.com\/en\/blog\/alem-de-patente\/","title":{"rendered":"Quando patente n\u00e3o \u00e9 a melhor maneira de proteger a sua ideia"},"content":{"rendered":"<p><em>Patente<\/em> praticamente virou sin\u00f4nimo de <em>prote\u00e7\u00e3o<\/em>. Contudo, patente n\u00e3o \u00e9 a \u00fanica maneira de se proteger um produto ou processo inovador. Al\u00e9m de n\u00e3o ser a \u00fanica estrat\u00e9gia de prote\u00e7\u00e3o, h\u00e1 diversos casos em que uma patente pode <strong>n\u00e3o ser aplic\u00e1vel<\/strong> ou <strong>n\u00e3o ser a melhor maneira<\/strong> de proteger a sua inova\u00e7\u00e3o.<\/p>\n<p>Para explicar melhor essas situa\u00e7\u00f5es, vamos dividir esse artigo em tr\u00eas partes:<\/p>\n<h6>1. Quais s\u00e3o as outras ferramentas de Propriedade Intelectual?<br \/>\n2. Quando algo n\u00e3o pode ser patenteado?<br \/>\n3. Quando uma patente n\u00e3o \u00e9 a op\u00e7\u00e3o mais estrat\u00e9gica de prote\u00e7\u00e3o tecnol\u00f3gica?<\/h6>\n<p>Antes de continuar, se voc\u00ea tem d\u00favidas sobre o que \u00e9 patente, n\u00e3o deixe de ler o conte\u00fado a seguir:<\/p>\n<ul>\n<li><a href=\"http:\/\/hq-advisory.com\/blog\/top-five-das-duvidas-sobre-patentes\/\">Patente: as 5 principais d\u00favidas<\/a><\/li>\n<\/ul>\n<h2>1. Quais s\u00e3o as outras ferramentas de Propriedade Intelectual?<\/h2>\n<p>&nbsp;<\/p>\n<p>Existem v\u00e1rios mecanismos de Propriedade Intelectual, com diferentes escopos e direitos.<\/p>\n<p><img loading=\"lazy\" decoding=\"async\" class=\"aligncenter size-medium wp-image-260\" src=\"http:\/\/hq-advisory.com\/wp-content\/uploads\/2017\/04\/HQ-tipos-de-propriedade-intelectual-01-300x268.png\" alt=\"\" width=\"300\" height=\"268\" srcset=\"http:\/\/hq-advisory.com\/wp-content\/uploads\/2017\/04\/HQ-tipos-de-propriedade-intelectual-01-300x268.png 300w, http:\/\/hq-advisory.com\/wp-content\/uploads\/2017\/04\/HQ-tipos-de-propriedade-intelectual-01-768x686.png 768w, http:\/\/hq-advisory.com\/wp-content\/uploads\/2017\/04\/HQ-tipos-de-propriedade-intelectual-01-1024x915.png 1024w, http:\/\/hq-advisory.com\/wp-content\/uploads\/2017\/04\/HQ-tipos-de-propriedade-intelectual-01-648x579.png 648w, http:\/\/hq-advisory.com\/wp-content\/uploads\/2017\/04\/HQ-tipos-de-propriedade-intelectual-01-215x192.png 215w\" sizes=\"auto, (max-width: 300px) 100vw, 300px\" \/><\/p>\n<p>Para maiores informa\u00e7\u00f5es sobre cada um dos mecanismos de Propriedade Intelectual,\u00a0confira o seguinte material:<\/p>\n<ul>\n<li>Quantas maneiras existem para proteger o capital intelectual da sua empresa?<\/li>\n<\/ul>\n<h2>2. Quando algo <strong><span style=\"text-decoration: underline;\">n\u00e3o pode<\/span> ser patenteado?<\/strong><\/h2>\n<p>Essa pergunta \u00e9 essencial para garantir que voc\u00ea n\u00e3o vai come\u00e7ar um processo de pedido de patente de algo que talvez nem possa ser patenteado. H\u00e1 leis que norteiam a an\u00e1lise de uma patente, e \u00e9 importante ter conhecimento disso para saber se \u00e9 vi\u00e1vel ou n\u00e3o patentear a sua tecnologia. Para descobrir se a sua tecnologia pode ser patenteada, h\u00e1 duas etapas de an\u00e1lises:<\/p>\n<h3><strong>1\u00b0 Sua tecnologia pode ser patenteada?<\/strong><\/h3>\n<p>A Lei de Propriedade Industrial (Lei 9.279\/96) estabelece que h\u00e1 materiais que simplesmente n\u00e3o podem ser o objeto de uma patente. Teorias cient\u00edficas, <strong>programas de computador<\/strong> e m\u00e9todos operat\u00f3rios est\u00e3o dentre os materiais que <u>n\u00e3o podem ser patenteados<\/u>. Para ver a lista completa, basta ver o Art.10 do link <a href=\"http:\/\/www.planalto.gov.br\/ccivil_03\/leis\/l9279.htm\">aqui<\/a>.<\/p>\n<p>A tecnologia da sua empresa n\u00e3o est\u00e1 nessa lista?<br \/>\nMaravilha, ent\u00e3o vamos para a segunda etapa:<\/p>\n<h3><strong>2\u00b0 Sua inven\u00e7\u00e3o atende aos requisitos de patenteabilidade?<\/strong><\/h3>\n<p>Antes de mostrarmos quais s\u00e3o os requisitos de patenteabilidade, responda sinceramente \u00e0s seguintes quest\u00f5es:<\/p>\n<p>&nbsp;<\/p>\n<p><em>Voc\u00ea j\u00e1 tornou p\u00fablico qual \u00e9 a sua inova\u00e7\u00e3o (mat\u00e9ria de jornal, artigo cient\u00edfico, defesa de mestrado e doutorado sem banca fechada)? Essa divulga\u00e7\u00e3o foi h\u00e1 mais de um ano?<\/em><\/p>\n<p><em>H\u00e1 produtos e\/ou tecnologias semelhantes?<\/em><\/p>\n<p><em>Uma pessoa com conhecimento t\u00e9cnico na sua \u00e1rea consideraria como \u201ctrivial\u201d a solu\u00e7\u00e3o elaborada? <\/em><\/p>\n<p>&nbsp;<\/p>\n<p>Se alguma das respostas \u00e9 \u201cSim\u201d, ent\u00e3o <strong>talvez<\/strong> a sua inven\u00e7\u00e3o n\u00e3o atenda aos requisitos de patenteabilidade.<\/p>\n<p>Gostaria de enfatizar o <strong>talvez<\/strong>, j\u00e1 que se voc\u00ea respondeu \u201cSim\u201d (principalmente na segunda e terceira perguntas) <strong>talvez <\/strong>nem tudo esteja perdido, mas ser\u00e1 necess\u00e1rio analisar com muito mais cuidado a sua inova\u00e7\u00e3o e o estado da t\u00e9cnica associado.<\/p>\n<p>Essas perguntas s\u00e3o essenciais para analisar se a sua inova\u00e7\u00e3o atende aos requisitos de patenteabilidade, essenciais para a aprova\u00e7\u00e3o de uma patente:<\/p>\n<p>a)\u00a0<em>novidade:\u00a0<\/em>em nenhum lugar do mundo h\u00e1 registro de uma inven\u00e7\u00e3o como a sua \u2013 o que torna essencial realizar uma busca de anterioridade em bancos de patentes.<\/p>\n<p>b)\u00a0<em>atividade inventiva:\u00a0<\/em>tamb\u00e9m conhecido como \u201ca grande sacada\u201d ou \u201cpulo do gato\u201d, significa que a inova\u00e7\u00e3o proposta n\u00e3o pode ser evidente ou \u00f3bvia para um t\u00e9cnico no assunto.<\/p>\n<p>c)\u00a0<em>aplica\u00e7\u00e3o industrial:\u00a0<\/em>a mat\u00e9ria da tecnologia deve ser aplic\u00e1vel em alguma ind\u00fastria (mas tamb\u00e9m pode se aplicar \u00e0 agricultura, servi\u00e7os,\u2026).<\/p>\n<p>Essa etapa \u00e9 um pouco mais trabalhosa de decidir, e uma das a\u00e7\u00f5es mais essenciais para se fazer \u00e9 uma <strong>busca em bancos de patentes<\/strong>.<\/p>\n<p>\u00c9 nesse momento em que geralmente vem a afirma\u00e7\u00e3o: \u201c<em>Ah, eu j\u00e1 pesquisei na internet inteira e n\u00e3o encontrei algo parecido<\/em>\u201d.<\/p>\n<p>A gente s\u00f3 vai acreditar que \u201cn\u00e3o encontrei algo parecido\u201d quando for realizada uma pesquisa em bancos de patentes (pelo menos no Brasil, Estados Unidos e Europa). E n\u00e3o \u00e9 picuinha, n\u00e3o. A Organiza\u00e7\u00e3o Mundial de Propriedade Intelectual estima que cerca de 80% da informa\u00e7\u00e3o tecnol\u00f3gica do mundo est\u00e1 apenas em bancos de patentes [1]. Deixar de pesquisar em bancos de patentes \u00e9 deixar de olhar para uma importante fonte de informa\u00e7\u00e3o.<\/p>\n<h3>3. Quando uma patente <strong>n\u00e3o \u00e9 a op\u00e7\u00e3o mais estrat\u00e9gica<\/strong> de prote\u00e7\u00e3o?<\/h3>\n<p>Agora que voc\u00ea j\u00e1 sabe que h\u00e1 diversos mecanismos de Propriedade Intelectual e que h\u00e1 casos em que patentes n\u00e3o s\u00e3o aplic\u00e1veis, vem a quest\u00e3o que deu origem ao t\u00edtulo desse artigo: h\u00e1 situa\u00e7\u00f5es em que \u00e9 poss\u00edvel patentear, mas essa n\u00e3o ser a melhor alternativa de prote\u00e7\u00e3o?<\/p>\n<p>Sim, existem.<\/p>\n<p>N\u00e3o existe uma f\u00f3rmula m\u00e1gica para determinar quando \u00e9 ou n\u00e3o \u00e9 estrat\u00e9gico fazer uma patente. H\u00e1 muitos fatores que influenciam essa decis\u00e3o: estrat\u00e9gia da empresa, tempo de vida da tecnologia, facilidade da concorr\u00eancia em realizar engenharia reversa, entre v\u00e1rios outros.<\/p>\n<p>Considerando que h\u00e1 diversas vari\u00e1veis a serem analisadas para essa decis\u00e3o, a seguir ser\u00e3o apresentados dois pontos cr\u00edticos que fazem parte dessa an\u00e1lise.<\/p>\n<p>Uma das primeiras quest\u00f5es a ser considerada nessa an\u00e1lise \u00e9 o fato de que ao depositar uma patente, <u>voc\u00ea vai tornar p\u00fablico como \u00e9 o funcionamento da tecnologia<\/u> que voc\u00ea elaborou. Essa \u00e9 uma das bases de todo o sistema patent\u00e1rio e \u00e9 a contrapartida da concess\u00e3o de exclusividade de explora\u00e7\u00e3o de uma nova tecnologia.<\/p>\n<p>Por fim, o outro ponto importante \u00e9 analisar quais s\u00e3o os reais ativos da empresa. N\u00e3o s\u00e3o raros os casos que investimentos em prote\u00e7\u00e3o de marca e de desenho industrial s\u00e3o essenciais para potencializar a prote\u00e7\u00e3o da patente.<\/p>\n<p><span style=\"font-weight: 400;\">Este post lhe ajudou a decidir se um pedido de patente da tecnologia \u00e9 a melhor alternativa para a prote\u00e7\u00e3o do capital intelectual da sua empresa? Restou alguma d\u00favida?<\/span><\/p>\n<p><span style=\"font-weight: 400;\">Entre em <a href=\"http:\/\/hq-advisory.com.br\/contato\/\" target=\"_blank\">contato conosco<\/a> e ser\u00e1 um prazer lhe ajudar.<\/span><\/p>\n<p>&nbsp;<\/p>\n<p>[1] WIPO PATENT REPORT. Statistics on Worldwide Patent Activities. <em>W<\/em><em>orld Intellectual Property Organization<\/em>, 2007.<\/p>\n<p>&nbsp;<\/p>\n<p><strong>Caro<img loading=\"lazy\" decoding=\"async\" class=\"alignleft wp-image-31 \" src=\"https:\/\/hqadvisory.files.wordpress.com\/2015\/01\/carolina_site.png?w=96&amp;h=96&amp;crop=1\" alt=\"Carolina_site\" width=\"120\" height=\"120\" \/>lina Heimann<\/strong><br \/>\n\u00e9 engenheira de bioprocessos e biotecnologista pela UFPR, e tem experi\u00eancia nas \u00e1reas de Propriedade Intelectual, Estrat\u00e9gia, Transfer\u00eancia de Tecnologia, Gest\u00e3o e Inova\u00e7\u00e3o.<\/p>\n<p>&nbsp;<\/p>\n<p><span style=\"color: #808080;\">Esse texto \u201cQuando patente n\u00e3o \u00e9 a melhor maneira de proteger a sua ideia\u201d \u00e9 livre e <i>open source. <\/i>Voc\u00ea tem permiss\u00e3o para republicar esse texto sob licen\u00e7a Creative Commons (<a style=\"color: #808080;\" href=\"https:\/\/creativecommons.org\/licenses\/by\/3.0\/br\/\" target=\"_blank\">https:\/\/creativecommons.org\/<wbr \/>licenses\/by\/3.0\/br\/<\/a>) , atribuindo a autoria a \u201cCarolina Heimann\u201d, HQ Advisory, 19\u00a0de abril de 2017, 16h49.\u00a0Se voc\u00ea identificar algum erro de digita\u00e7\u00e3o, mande um e-mail para\u00a0<a style=\"color: #808080;\" href=\"mailto:contato@hq-advisory.com\" target=\"_blank\">contato@hq-advisory.com<\/a><\/span><\/p>\n","protected":false},"excerpt":{"rendered":"<p>Patente praticamente virou sin\u00f4nimo de prote\u00e7\u00e3o. Contudo, patente n\u00e3o \u00e9 a \u00fanica maneira de se proteger um produto ou processo inovador. Al\u00e9m de n\u00e3o ser a \u00fanica estrat\u00e9gia de prote\u00e7\u00e3o, h\u00e1 diversos casos em que uma patente pode n\u00e3o ser aplic\u00e1vel ou n\u00e3o ser a melhor maneira de proteger a sua inova\u00e7\u00e3o. Para explicar melhor &hellip; <a href=\"http:\/\/hq-advisory.com\/en\/blog\/alem-de-patente\/\" class=\"more-link\">Continue reading <span class=\"screen-reader-text\">Quando patente n\u00e3o \u00e9 a melhor maneira de proteger a sua ideia<\/span><\/a><\/p>\n","protected":false},"author":1,"featured_media":0,"parent":69,"menu_order":2,"comment_status":"closed","ping_status":"closed","template":"page-templates\/full-width-page.php","meta":{"_exactmetrics_skip_tracking":false,"_exactmetrics_sitenote_active":false,"_exactmetrics_sitenote_note":"","_exactmetrics_sitenote_category":0,"jetpack_post_was_ever_published":false,"footnotes":""},"class_list":["post-253","page","type-page","status-publish","hentry"],"translation":{"provider":"WPGlobus","version":"3.0.0","language":"en","enabled_languages":["br","en"],"languages":{"br":{"title":true,"content":true,"excerpt":false},"en":{"title":false,"content":false,"excerpt":false}}},"yoast_head":"<!-- This site is optimized with the Yoast SEO plugin v27.4 - https:\/\/yoast.com\/product\/yoast-seo-wordpress\/ -->\n<title>Quando patente n\u00e3o \u00e9 a melhor maneira de proteger a sua ideia - HQ Advisory - The Innovation HeadQuarters<\/title>\n<meta name=\"robots\" content=\"index, follow, max-snippet:-1, max-image-preview:large, max-video-preview:-1\" \/>\n<link rel=\"canonical\" href=\"http:\/\/hq-advisory.com\/en\/blog\/alem-de-patente\/\" \/>\n<meta property=\"og:locale\" content=\"en_US\" \/>\n<meta property=\"og:type\" content=\"article\" \/>\n<meta property=\"og:title\" content=\"Quando patente n\u00e3o \u00e9 a melhor maneira de proteger a sua ideia - HQ Advisory - The Innovation HeadQuarters\" \/>\n<meta property=\"og:url\" content=\"http:\/\/hq-advisory.com\/en\/blog\/alem-de-patente\/\" \/>\n<meta property=\"og:site_name\" content=\"HQ Advisory - The Innovation HeadQuarters\" \/>\n<meta property=\"article:publisher\" content=\"https:\/\/www.facebook.com\/hqadvisory\" \/>\n<meta property=\"article:modified_time\" content=\"2017-04-19T20:38:57+00:00\" \/>\n<meta property=\"og:image\" content=\"http:\/\/hq-advisory.com\/wp-content\/uploads\/2017\/04\/HQ-tipos-de-propriedade-intelectual-01-300x268.png\" \/>\n<meta name=\"twitter:card\" content=\"summary_large_image\" \/>\n<meta name=\"twitter:label1\" content=\"Est. reading time\" \/>\n\t<meta name=\"twitter:data1\" content=\"6 minutes\" \/>\n<script type=\"application\/ld+json\" class=\"yoast-schema-graph\">{\"@context\":\"https:\\\/\\\/schema.org\",\"@graph\":[{\"@type\":\"WebPage\",\"@id\":\"http:\\\/\\\/hq-advisory.com\\\/en\\\/blog\\\/alem-de-patente\\\/\",\"url\":\"http:\\\/\\\/hq-advisory.com\\\/en\\\/blog\\\/alem-de-patente\\\/\",\"name\":\"Quando patente n\u00e3o \u00e9 a melhor maneira de proteger a sua ideia - HQ Advisory - The Innovation HeadQuarters\",\"isPartOf\":{\"@id\":\"http:\\\/\\\/hq-advisory.com\\\/en\\\/#website\"},\"primaryImageOfPage\":{\"@id\":\"http:\\\/\\\/hq-advisory.com\\\/en\\\/blog\\\/alem-de-patente\\\/#primaryimage\"},\"image\":{\"@id\":\"http:\\\/\\\/hq-advisory.com\\\/en\\\/blog\\\/alem-de-patente\\\/#primaryimage\"},\"thumbnailUrl\":\"http:\\\/\\\/hq-advisory.com\\\/wp-content\\\/uploads\\\/2017\\\/04\\\/HQ-tipos-de-propriedade-intelectual-01-300x268.png\",\"datePublished\":\"2017-04-19T19:49:29+00:00\",\"dateModified\":\"2017-04-19T20:38:57+00:00\",\"description\":\"Patente \u00e9 uma das estrat\u00e9gias de prote\u00e7\u00e3o intelectual mais conhecidas. Mas h\u00e1 casos em que patente pode n\u00e3o ser a melhor maneira de proteger uma tecnologia.\",\"breadcrumb\":{\"@id\":\"http:\\\/\\\/hq-advisory.com\\\/en\\\/blog\\\/alem-de-patente\\\/#breadcrumb\"},\"inLanguage\":\"en-US\",\"potentialAction\":[{\"@type\":\"ReadAction\",\"target\":[\"http:\\\/\\\/hq-advisory.com\\\/en\\\/blog\\\/alem-de-patente\\\/\"]}]},{\"@type\":\"ImageObject\",\"inLanguage\":\"en-US\",\"@id\":\"http:\\\/\\\/hq-advisory.com\\\/en\\\/blog\\\/alem-de-patente\\\/#primaryimage\",\"url\":\"http:\\\/\\\/hq-advisory.com\\\/wp-content\\\/uploads\\\/2017\\\/04\\\/HQ-tipos-de-propriedade-intelectual-01-300x268.png\",\"contentUrl\":\"http:\\\/\\\/hq-advisory.com\\\/wp-content\\\/uploads\\\/2017\\\/04\\\/HQ-tipos-de-propriedade-intelectual-01-300x268.png\"},{\"@type\":\"BreadcrumbList\",\"@id\":\"http:\\\/\\\/hq-advisory.com\\\/en\\\/blog\\\/alem-de-patente\\\/#breadcrumb\",\"itemListElement\":[{\"@type\":\"ListItem\",\"position\":1,\"name\":\"In\u00edcio\",\"item\":\"http:\\\/\\\/hq-advisory.com\\\/en\\\/\"},{\"@type\":\"ListItem\",\"position\":2,\"name\":\"BLOG\",\"item\":\"http:\\\/\\\/hq-advisory.com\\\/blog\\\/\"},{\"@type\":\"ListItem\",\"position\":3,\"name\":\"Quando patente n\u00e3o \u00e9 a melhor maneira de proteger a sua ideia\"}]},{\"@type\":\"WebSite\",\"@id\":\"http:\\\/\\\/hq-advisory.com\\\/en\\\/#website\",\"url\":\"http:\\\/\\\/hq-advisory.com\\\/en\\\/\",\"name\":\"HQ Advisory - The Innovation HeadQuarters\",\"description\":\"A HQ Advisory oferece servi\u00e7os de valida\u00e7\u00e3o jur\u00eddica , prote\u00e7\u00e3o de propriedade Intelectual, registro de patentes e marcas, reda\u00e7\u00e3o de contratos, cursos e treinamentos. O Quartel General da Inova\u00e7\u00e3o\",\"publisher\":{\"@id\":\"http:\\\/\\\/hq-advisory.com\\\/en\\\/#organization\"},\"potentialAction\":[{\"@type\":\"SearchAction\",\"target\":{\"@type\":\"EntryPoint\",\"urlTemplate\":\"http:\\\/\\\/hq-advisory.com\\\/en\\\/?s={search_term_string}\"},\"query-input\":{\"@type\":\"PropertyValueSpecification\",\"valueRequired\":true,\"valueName\":\"search_term_string\"}}],\"inLanguage\":\"en-US\"},{\"@type\":\"Organization\",\"@id\":\"http:\\\/\\\/hq-advisory.com\\\/en\\\/#organization\",\"name\":\"HQ Advisory\",\"url\":\"http:\\\/\\\/hq-advisory.com\\\/en\\\/\",\"logo\":{\"@type\":\"ImageObject\",\"inLanguage\":\"en-US\",\"@id\":\"http:\\\/\\\/hq-advisory.com\\\/en\\\/#\\\/schema\\\/logo\\\/image\\\/\",\"url\":\"http:\\\/\\\/hq-advisory.com\\\/wp-content\\\/uploads\\\/2016\\\/02\\\/hq-logo.png\",\"contentUrl\":\"http:\\\/\\\/hq-advisory.com\\\/wp-content\\\/uploads\\\/2016\\\/02\\\/hq-logo.png\",\"width\":1252,\"height\":588,\"caption\":\"HQ Advisory\"},\"image\":{\"@id\":\"http:\\\/\\\/hq-advisory.com\\\/en\\\/#\\\/schema\\\/logo\\\/image\\\/\"},\"sameAs\":[\"https:\\\/\\\/www.facebook.com\\\/hqadvisory\",\"https:\\\/\\\/www.instagram.com\\\/hq_advisory\\\/\",\"https:\\\/\\\/www.linkedin.com\\\/company\\\/hq-advisory\"]}]}<\/script>\n<!-- \/ Yoast SEO plugin. -->","yoast_head_json":{"title":"Quando patente n\u00e3o \u00e9 a melhor maneira de proteger a sua ideia - HQ Advisory - The Innovation HeadQuarters","robots":{"index":"index","follow":"follow","max-snippet":"max-snippet:-1","max-image-preview":"max-image-preview:large","max-video-preview":"max-video-preview:-1"},"canonical":"http:\/\/hq-advisory.com\/en\/blog\/alem-de-patente\/","og_locale":"en_US","og_type":"article","og_title":"Quando patente n\u00e3o \u00e9 a melhor maneira de proteger a sua ideia - HQ Advisory - The Innovation HeadQuarters","og_url":"http:\/\/hq-advisory.com\/en\/blog\/alem-de-patente\/","og_site_name":"HQ Advisory - The Innovation HeadQuarters","article_publisher":"https:\/\/www.facebook.com\/hqadvisory","article_modified_time":"2017-04-19T20:38:57+00:00","og_image":[{"url":"http:\/\/hq-advisory.com\/wp-content\/uploads\/2017\/04\/HQ-tipos-de-propriedade-intelectual-01-300x268.png","type":"","width":"","height":""}],"twitter_card":"summary_large_image","twitter_misc":{"Est. reading time":"6 minutes"},"schema":{"@context":"https:\/\/schema.org","@graph":[{"@type":"WebPage","@id":"http:\/\/hq-advisory.com\/en\/blog\/alem-de-patente\/","url":"http:\/\/hq-advisory.com\/en\/blog\/alem-de-patente\/","name":"Quando patente n\u00e3o \u00e9 a melhor maneira de proteger a sua ideia - HQ Advisory - The Innovation HeadQuarters","isPartOf":{"@id":"http:\/\/hq-advisory.com\/en\/#website"},"primaryImageOfPage":{"@id":"http:\/\/hq-advisory.com\/en\/blog\/alem-de-patente\/#primaryimage"},"image":{"@id":"http:\/\/hq-advisory.com\/en\/blog\/alem-de-patente\/#primaryimage"},"thumbnailUrl":"http:\/\/hq-advisory.com\/wp-content\/uploads\/2017\/04\/HQ-tipos-de-propriedade-intelectual-01-300x268.png","datePublished":"2017-04-19T19:49:29+00:00","dateModified":"2017-04-19T20:38:57+00:00","description":"Patente \u00e9 uma das estrat\u00e9gias de prote\u00e7\u00e3o intelectual mais conhecidas. Mas h\u00e1 casos em que patente pode n\u00e3o ser a melhor maneira de proteger uma tecnologia.","breadcrumb":{"@id":"http:\/\/hq-advisory.com\/en\/blog\/alem-de-patente\/#breadcrumb"},"inLanguage":"en-US","potentialAction":[{"@type":"ReadAction","target":["http:\/\/hq-advisory.com\/en\/blog\/alem-de-patente\/"]}]},{"@type":"ImageObject","inLanguage":"en-US","@id":"http:\/\/hq-advisory.com\/en\/blog\/alem-de-patente\/#primaryimage","url":"http:\/\/hq-advisory.com\/wp-content\/uploads\/2017\/04\/HQ-tipos-de-propriedade-intelectual-01-300x268.png","contentUrl":"http:\/\/hq-advisory.com\/wp-content\/uploads\/2017\/04\/HQ-tipos-de-propriedade-intelectual-01-300x268.png"},{"@type":"BreadcrumbList","@id":"http:\/\/hq-advisory.com\/en\/blog\/alem-de-patente\/#breadcrumb","itemListElement":[{"@type":"ListItem","position":1,"name":"In\u00edcio","item":"http:\/\/hq-advisory.com\/en\/"},{"@type":"ListItem","position":2,"name":"BLOG","item":"http:\/\/hq-advisory.com\/blog\/"},{"@type":"ListItem","position":3,"name":"Quando patente n\u00e3o \u00e9 a melhor maneira de proteger a sua ideia"}]},{"@type":"WebSite","@id":"http:\/\/hq-advisory.com\/en\/#website","url":"http:\/\/hq-advisory.com\/en\/","name":"HQ Advisory - The Innovation HeadQuarters","description":"A HQ Advisory oferece servi\u00e7os de valida\u00e7\u00e3o jur\u00eddica , prote\u00e7\u00e3o de propriedade Intelectual, registro de patentes e marcas, reda\u00e7\u00e3o de contratos, cursos e treinamentos. O Quartel General da Inova\u00e7\u00e3o","publisher":{"@id":"http:\/\/hq-advisory.com\/en\/#organization"},"potentialAction":[{"@type":"SearchAction","target":{"@type":"EntryPoint","urlTemplate":"http:\/\/hq-advisory.com\/en\/?s={search_term_string}"},"query-input":{"@type":"PropertyValueSpecification","valueRequired":true,"valueName":"search_term_string"}}],"inLanguage":"en-US"},{"@type":"Organization","@id":"http:\/\/hq-advisory.com\/en\/#organization","name":"HQ Advisory","url":"http:\/\/hq-advisory.com\/en\/","logo":{"@type":"ImageObject","inLanguage":"en-US","@id":"http:\/\/hq-advisory.com\/en\/#\/schema\/logo\/image\/","url":"http:\/\/hq-advisory.com\/wp-content\/uploads\/2016\/02\/hq-logo.png","contentUrl":"http:\/\/hq-advisory.com\/wp-content\/uploads\/2016\/02\/hq-logo.png","width":1252,"height":588,"caption":"HQ Advisory"},"image":{"@id":"http:\/\/hq-advisory.com\/en\/#\/schema\/logo\/image\/"},"sameAs":["https:\/\/www.facebook.com\/hqadvisory","https:\/\/www.instagram.com\/hq_advisory\/","https:\/\/www.linkedin.com\/company\/hq-advisory"]}]}},"jetpack_sharing_enabled":true,"jetpack_shortlink":"https:\/\/wp.me\/P7Gted-45","_links":{"self":[{"href":"http:\/\/hq-advisory.com\/en\/wp-json\/wp\/v2\/pages\/253","targetHints":{"allow":["GET"]}}],"collection":[{"href":"http:\/\/hq-advisory.com\/en\/wp-json\/wp\/v2\/pages"}],"about":[{"href":"http:\/\/hq-advisory.com\/en\/wp-json\/wp\/v2\/types\/page"}],"author":[{"embeddable":true,"href":"http:\/\/hq-advisory.com\/en\/wp-json\/wp\/v2\/users\/1"}],"replies":[{"embeddable":true,"href":"http:\/\/hq-advisory.com\/en\/wp-json\/wp\/v2\/comments?post=253"}],"version-history":[{"count":7,"href":"http:\/\/hq-advisory.com\/en\/wp-json\/wp\/v2\/pages\/253\/revisions"}],"predecessor-version":[{"id":264,"href":"http:\/\/hq-advisory.com\/en\/wp-json\/wp\/v2\/pages\/253\/revisions\/264"}],"up":[{"embeddable":true,"href":"http:\/\/hq-advisory.com\/en\/wp-json\/wp\/v2\/pages\/69"}],"wp:attachment":[{"href":"http:\/\/hq-advisory.com\/en\/wp-json\/wp\/v2\/media?parent=253"}],"curies":[{"name":"wp","href":"https:\/\/api.w.org\/{rel}","templated":true}]}}