{"id":18,"date":"2016-02-16T00:05:03","date_gmt":"2016-02-16T00:05:03","guid":{"rendered":"http:\/\/hq-advisory.com\/?page_id=18"},"modified":"2016-02-16T01:45:10","modified_gmt":"2016-02-16T01:45:10","slug":"servicos","status":"publish","type":"page","link":"http:\/\/hq-advisory.com\/en\/servicos\/","title":{"rendered":"Servi\u00e7os"},"content":{"rendered":"<p>Desde a an\u00e1lise de viabilidade jur\u00eddica de uma opera\u00e7\u00e3o empresarial at\u00e9 a elabora\u00e7\u00e3o de patentes, a HQ Advisory \u00e9 o quartel general das solu\u00e7\u00f5es para prote\u00e7\u00e3o jur\u00eddica na \u00e1rea intelectual para empresas.<\/p>\n<p>A HQ Advisory presta servi\u00e7os em todas as etapas do processo de inova\u00e7\u00e3o de produto, servi\u00e7o ou neg\u00f3cio, com destaque \u00e0s seguintes \u00e1reas:<\/p>\n<p><strong><a href=\"http:\/\/hq-advisory.com\/servicos\/validacao-juridica\/\">1. Valida\u00e7\u00e3o jur\u00eddica<\/a><\/strong><\/p>\n<p><strong><a href=\"http:\/\/hq-advisory.com\/servicos\/propriedade-intelectual\/\">2. Propriedade Intelectual<\/a><\/strong><\/p>\n<p>Prote\u00e7\u00e3o\u00a0de marcas, patentes, desenho industrial, prote\u00e7\u00e3o de programa de computador.<\/p>\n<p><strong><a href=\"http:\/\/hq-advisory.com\/servicos\/contratos\/\">3. Contratos<\/a><\/strong><\/p>\n<p><strong><a href=\"http:\/\/hq-advisory.com\/servicos\/cursos-e-treinamentos\/\">4. Cursos e treinamentos<\/a><\/strong><\/p>\n<p>Inova\u00e7\u00e3o \u00e9 algo que em cada situa\u00e7\u00e3o traz desafios <strong>\u00fanicos<\/strong>.<\/p>\n<p>Os servi\u00e7os da HQ Advisory n\u00e3o fogem a essa regra: s\u00e3o totalmente <strong>personalizados<\/strong> para cada cliente.<\/p>\n<p>Se voc\u00ea precisar de algum servi\u00e7o relacionado \u00e0 inova\u00e7\u00e3o e que n\u00e3o foi mencionado, entre em contato conosco que ser\u00e1 um prazer analisar a sua situa\u00e7\u00e3o e verificar as melhores alternativas poss\u00edveis, desde possibilidades de atua\u00e7\u00e3o at\u00e9 indica\u00e7\u00e3o de parceiros.<\/p>\n","protected":false},"excerpt":{"rendered":"<p>Desde a an\u00e1lise de viabilidade jur\u00eddica de uma opera\u00e7\u00e3o empresarial at\u00e9 a elabora\u00e7\u00e3o de patentes, a HQ Advisory \u00e9 o quartel general das solu\u00e7\u00f5es para prote\u00e7\u00e3o jur\u00eddica na \u00e1rea intelectual para empresas. A HQ Advisory presta servi\u00e7os em todas as etapas do processo de inova\u00e7\u00e3o de produto, servi\u00e7o ou neg\u00f3cio, com destaque \u00e0s seguintes \u00e1reas: &hellip; <a href=\"http:\/\/hq-advisory.com\/en\/servicos\/\" class=\"more-link\">Continue reading <span class=\"screen-reader-text\">Servi\u00e7os<\/span><\/a><\/p>\n","protected":false},"author":1,"featured_media":138,"parent":0,"menu_order":0,"comment_status":"closed","ping_status":"closed","template":"page-templates\/grid-page.php","meta":{"_exactmetrics_skip_tracking":false,"_exactmetrics_sitenote_active":false,"_exactmetrics_sitenote_note":"","_exactmetrics_sitenote_category":0,"jetpack_post_was_ever_published":false,"footnotes":""},"class_list":["post-18","page","type-page","status-publish","has-post-thumbnail","hentry"],"translation":{"provider":"WPGlobus","version":"3.0.0","language":"en","enabled_languages":["br","en"],"languages":{"br":{"title":true,"content":true,"excerpt":false},"en":{"title":false,"content":false,"excerpt":false}}},"yoast_head":"<!-- This site is optimized with the Yoast SEO plugin v27.4 - https:\/\/yoast.com\/product\/yoast-seo-wordpress\/ -->\n<title>Servi\u00e7os - HQ Advisory - The Innovation HeadQuarters<\/title>\n<meta name=\"robots\" content=\"index, follow, max-snippet:-1, max-image-preview:large, max-video-preview:-1\" \/>\n<link rel=\"canonical\" href=\"http:\/\/hq-advisory.com\/en\/servicos\/\" \/>\n<meta property=\"og:locale\" content=\"en_US\" \/>\n<meta property=\"og:type\" content=\"article\" \/>\n<meta property=\"og:title\" content=\"Servi\u00e7os - HQ Advisory - The Innovation HeadQuarters\" \/>\n<meta property=\"og:url\" content=\"http:\/\/hq-advisory.com\/en\/servicos\/\" \/>\n<meta property=\"og:site_name\" content=\"HQ Advisory - The Innovation HeadQuarters\" \/>\n<meta property=\"article:publisher\" content=\"https:\/\/www.facebook.com\/hqadvisory\" \/>\n<meta property=\"article:modified_time\" content=\"2016-02-16T01:45:10+00:00\" \/>\n<meta property=\"og:image\" content=\"http:\/\/hq-advisory.com\/wp-content\/uploads\/2016\/02\/Slide4.png\" \/>\n\t<meta property=\"og:image:width\" content=\"729\" \/>\n\t<meta property=\"og:image:height\" content=\"307\" \/>\n\t<meta property=\"og:image:type\" content=\"image\/png\" \/>\n<meta name=\"twitter:card\" content=\"summary_large_image\" \/>\n<meta name=\"twitter:label1\" content=\"Est. reading time\" \/>\n\t<meta name=\"twitter:data1\" content=\"1 minute\" \/>\n<script type=\"application\/ld+json\" class=\"yoast-schema-graph\">{\"@context\":\"https:\\\/\\\/schema.org\",\"@graph\":[{\"@type\":\"WebPage\",\"@id\":\"http:\\\/\\\/hq-advisory.com\\\/en\\\/servicos\\\/\",\"url\":\"http:\\\/\\\/hq-advisory.com\\\/en\\\/servicos\\\/\",\"name\":\"Servi\u00e7os - HQ Advisory - The Innovation HeadQuarters\",\"isPartOf\":{\"@id\":\"http:\\\/\\\/hq-advisory.com\\\/en\\\/#website\"},\"primaryImageOfPage\":{\"@id\":\"http:\\\/\\\/hq-advisory.com\\\/en\\\/servicos\\\/#primaryimage\"},\"image\":{\"@id\":\"http:\\\/\\\/hq-advisory.com\\\/en\\\/servicos\\\/#primaryimage\"},\"thumbnailUrl\":\"http:\\\/\\\/hq-advisory.com\\\/wp-content\\\/uploads\\\/2016\\\/02\\\/Slide4.png\",\"datePublished\":\"2016-02-16T00:05:03+00:00\",\"dateModified\":\"2016-02-16T01:45:10+00:00\",\"description\":\"A HQ Advisory \u00e9 o quartel general para a prote\u00e7\u00e3o da inova\u00e7\u00e3o da sua empresa: proteja sua marca, tenha contratos eficazes e patentes para suas tecnologias.\",\"breadcrumb\":{\"@id\":\"http:\\\/\\\/hq-advisory.com\\\/en\\\/servicos\\\/#breadcrumb\"},\"inLanguage\":\"en-US\",\"potentialAction\":[{\"@type\":\"ReadAction\",\"target\":[\"http:\\\/\\\/hq-advisory.com\\\/en\\\/servicos\\\/\"]}]},{\"@type\":\"ImageObject\",\"inLanguage\":\"en-US\",\"@id\":\"http:\\\/\\\/hq-advisory.com\\\/en\\\/servicos\\\/#primaryimage\",\"url\":\"http:\\\/\\\/hq-advisory.com\\\/wp-content\\\/uploads\\\/2016\\\/02\\\/Slide4.png\",\"contentUrl\":\"http:\\\/\\\/hq-advisory.com\\\/wp-content\\\/uploads\\\/2016\\\/02\\\/Slide4.png\",\"width\":729,\"height\":307},{\"@type\":\"BreadcrumbList\",\"@id\":\"http:\\\/\\\/hq-advisory.com\\\/en\\\/servicos\\\/#breadcrumb\",\"itemListElement\":[{\"@type\":\"ListItem\",\"position\":1,\"name\":\"In\u00edcio\",\"item\":\"http:\\\/\\\/hq-advisory.com\\\/en\\\/\"},{\"@type\":\"ListItem\",\"position\":2,\"name\":\"Servi\u00e7os\"}]},{\"@type\":\"WebSite\",\"@id\":\"http:\\\/\\\/hq-advisory.com\\\/en\\\/#website\",\"url\":\"http:\\\/\\\/hq-advisory.com\\\/en\\\/\",\"name\":\"HQ Advisory - The Innovation HeadQuarters\",\"description\":\"A HQ Advisory oferece servi\u00e7os de valida\u00e7\u00e3o jur\u00eddica , prote\u00e7\u00e3o de propriedade Intelectual, registro de patentes e marcas, reda\u00e7\u00e3o de contratos, cursos e treinamentos. O Quartel General da Inova\u00e7\u00e3o\",\"publisher\":{\"@id\":\"http:\\\/\\\/hq-advisory.com\\\/en\\\/#organization\"},\"potentialAction\":[{\"@type\":\"SearchAction\",\"target\":{\"@type\":\"EntryPoint\",\"urlTemplate\":\"http:\\\/\\\/hq-advisory.com\\\/en\\\/?s={search_term_string}\"},\"query-input\":{\"@type\":\"PropertyValueSpecification\",\"valueRequired\":true,\"valueName\":\"search_term_string\"}}],\"inLanguage\":\"en-US\"},{\"@type\":\"Organization\",\"@id\":\"http:\\\/\\\/hq-advisory.com\\\/en\\\/#organization\",\"name\":\"HQ Advisory\",\"url\":\"http:\\\/\\\/hq-advisory.com\\\/en\\\/\",\"logo\":{\"@type\":\"ImageObject\",\"inLanguage\":\"en-US\",\"@id\":\"http:\\\/\\\/hq-advisory.com\\\/en\\\/#\\\/schema\\\/logo\\\/image\\\/\",\"url\":\"http:\\\/\\\/hq-advisory.com\\\/wp-content\\\/uploads\\\/2016\\\/02\\\/hq-logo.png\",\"contentUrl\":\"http:\\\/\\\/hq-advisory.com\\\/wp-content\\\/uploads\\\/2016\\\/02\\\/hq-logo.png\",\"width\":1252,\"height\":588,\"caption\":\"HQ Advisory\"},\"image\":{\"@id\":\"http:\\\/\\\/hq-advisory.com\\\/en\\\/#\\\/schema\\\/logo\\\/image\\\/\"},\"sameAs\":[\"https:\\\/\\\/www.facebook.com\\\/hqadvisory\",\"https:\\\/\\\/www.instagram.com\\\/hq_advisory\\\/\",\"https:\\\/\\\/www.linkedin.com\\\/company\\\/hq-advisory\"]}]}<\/script>\n<!-- \/ Yoast SEO plugin. -->","yoast_head_json":{"title":"Servi\u00e7os - HQ Advisory - The Innovation HeadQuarters","robots":{"index":"index","follow":"follow","max-snippet":"max-snippet:-1","max-image-preview":"max-image-preview:large","max-video-preview":"max-video-preview:-1"},"canonical":"http:\/\/hq-advisory.com\/en\/servicos\/","og_locale":"en_US","og_type":"article","og_title":"Servi\u00e7os - HQ Advisory - The Innovation HeadQuarters","og_url":"http:\/\/hq-advisory.com\/en\/servicos\/","og_site_name":"HQ Advisory - The Innovation HeadQuarters","article_publisher":"https:\/\/www.facebook.com\/hqadvisory","article_modified_time":"2016-02-16T01:45:10+00:00","og_image":[{"width":729,"height":307,"url":"http:\/\/hq-advisory.com\/wp-content\/uploads\/2016\/02\/Slide4.png","type":"image\/png"}],"twitter_card":"summary_large_image","twitter_misc":{"Est. reading time":"1 minute"},"schema":{"@context":"https:\/\/schema.org","@graph":[{"@type":"WebPage","@id":"http:\/\/hq-advisory.com\/en\/servicos\/","url":"http:\/\/hq-advisory.com\/en\/servicos\/","name":"Servi\u00e7os - HQ Advisory - The Innovation HeadQuarters","isPartOf":{"@id":"http:\/\/hq-advisory.com\/en\/#website"},"primaryImageOfPage":{"@id":"http:\/\/hq-advisory.com\/en\/servicos\/#primaryimage"},"image":{"@id":"http:\/\/hq-advisory.com\/en\/servicos\/#primaryimage"},"thumbnailUrl":"http:\/\/hq-advisory.com\/wp-content\/uploads\/2016\/02\/Slide4.png","datePublished":"2016-02-16T00:05:03+00:00","dateModified":"2016-02-16T01:45:10+00:00","description":"A HQ Advisory \u00e9 o quartel general para a prote\u00e7\u00e3o da inova\u00e7\u00e3o da sua empresa: proteja sua marca, tenha contratos eficazes e patentes para suas tecnologias.","breadcrumb":{"@id":"http:\/\/hq-advisory.com\/en\/servicos\/#breadcrumb"},"inLanguage":"en-US","potentialAction":[{"@type":"ReadAction","target":["http:\/\/hq-advisory.com\/en\/servicos\/"]}]},{"@type":"ImageObject","inLanguage":"en-US","@id":"http:\/\/hq-advisory.com\/en\/servicos\/#primaryimage","url":"http:\/\/hq-advisory.com\/wp-content\/uploads\/2016\/02\/Slide4.png","contentUrl":"http:\/\/hq-advisory.com\/wp-content\/uploads\/2016\/02\/Slide4.png","width":729,"height":307},{"@type":"BreadcrumbList","@id":"http:\/\/hq-advisory.com\/en\/servicos\/#breadcrumb","itemListElement":[{"@type":"ListItem","position":1,"name":"In\u00edcio","item":"http:\/\/hq-advisory.com\/en\/"},{"@type":"ListItem","position":2,"name":"Servi\u00e7os"}]},{"@type":"WebSite","@id":"http:\/\/hq-advisory.com\/en\/#website","url":"http:\/\/hq-advisory.com\/en\/","name":"HQ Advisory - The Innovation HeadQuarters","description":"A HQ Advisory oferece servi\u00e7os de valida\u00e7\u00e3o jur\u00eddica , prote\u00e7\u00e3o de propriedade Intelectual, registro de patentes e marcas, reda\u00e7\u00e3o de contratos, cursos e treinamentos. O Quartel General da Inova\u00e7\u00e3o","publisher":{"@id":"http:\/\/hq-advisory.com\/en\/#organization"},"potentialAction":[{"@type":"SearchAction","target":{"@type":"EntryPoint","urlTemplate":"http:\/\/hq-advisory.com\/en\/?s={search_term_string}"},"query-input":{"@type":"PropertyValueSpecification","valueRequired":true,"valueName":"search_term_string"}}],"inLanguage":"en-US"},{"@type":"Organization","@id":"http:\/\/hq-advisory.com\/en\/#organization","name":"HQ Advisory","url":"http:\/\/hq-advisory.com\/en\/","logo":{"@type":"ImageObject","inLanguage":"en-US","@id":"http:\/\/hq-advisory.com\/en\/#\/schema\/logo\/image\/","url":"http:\/\/hq-advisory.com\/wp-content\/uploads\/2016\/02\/hq-logo.png","contentUrl":"http:\/\/hq-advisory.com\/wp-content\/uploads\/2016\/02\/hq-logo.png","width":1252,"height":588,"caption":"HQ Advisory"},"image":{"@id":"http:\/\/hq-advisory.com\/en\/#\/schema\/logo\/image\/"},"sameAs":["https:\/\/www.facebook.com\/hqadvisory","https:\/\/www.instagram.com\/hq_advisory\/","https:\/\/www.linkedin.com\/company\/hq-advisory"]}]}},"jetpack_sharing_enabled":true,"jetpack_shortlink":"https:\/\/wp.me\/P7Gted-i","_links":{"self":[{"href":"http:\/\/hq-advisory.com\/en\/wp-json\/wp\/v2\/pages\/18","targetHints":{"allow":["GET"]}}],"collection":[{"href":"http:\/\/hq-advisory.com\/en\/wp-json\/wp\/v2\/pages"}],"about":[{"href":"http:\/\/hq-advisory.com\/en\/wp-json\/wp\/v2\/types\/page"}],"author":[{"embeddable":true,"href":"http:\/\/hq-advisory.com\/en\/wp-json\/wp\/v2\/users\/1"}],"replies":[{"embeddable":true,"href":"http:\/\/hq-advisory.com\/en\/wp-json\/wp\/v2\/comments?post=18"}],"version-history":[{"count":4,"href":"http:\/\/hq-advisory.com\/en\/wp-json\/wp\/v2\/pages\/18\/revisions"}],"predecessor-version":[{"id":90,"href":"http:\/\/hq-advisory.com\/en\/wp-json\/wp\/v2\/pages\/18\/revisions\/90"}],"wp:featuredmedia":[{"embeddable":true,"href":"http:\/\/hq-advisory.com\/en\/wp-json\/wp\/v2\/media\/138"}],"wp:attachment":[{"href":"http:\/\/hq-advisory.com\/en\/wp-json\/wp\/v2\/media?parent=18"}],"curies":[{"name":"wp","href":"https:\/\/api.w.org\/{rel}","templated":true}]}}