{"id":122,"date":"2016-04-30T22:39:42","date_gmt":"2016-04-30T22:39:42","guid":{"rendered":"http:\/\/hq-advisory.com\/?page_id=122"},"modified":"2016-06-30T19:42:25","modified_gmt":"2016-06-30T19:42:25","slug":"futuro-da-pi","status":"publish","type":"page","link":"http:\/\/hq-advisory.com\/en\/blog\/futuro-da-pi\/","title":{"rendered":"Os desafios do futuro da Propriedade Intelectual"},"content":{"rendered":"<p><span style=\"font-weight: 400;\">A produ\u00e7\u00e3o de conte\u00fado digital e a velocidade e facilidade com que esse conte\u00fado circula, se adapta e se transforma, t\u00eam alterado a<\/span><span style=\"font-weight: 400;\"> nossa percep\u00e7\u00e3o de propriedade de modo geral. Ora, n\u00e3o era de se estranhar que o nosso entendimento de o que \u00e9 propriedade intelectual, e como ela deve ser garantida, sofresse abalos diante da efervesc\u00eancia tecnol\u00f3gica em que vivemos hoje.<\/span><\/p>\n<p><span style=\"font-weight: 400;\">\u201cCriatividade digital, a Cultura Re-imaginada\u201d, foi o tema das comemora\u00e7\u00f5es do Dia Mundial da Propriedade Intelectual, 26\/04\/2016, organizadas pela OMPI &#8211; Organiza\u00e7\u00e3o Mundial da Propriedade Intelectual. N\u00e3o podia ser diferente! <\/span><span style=\"font-weight: 400;\">Com a internet, e as novas tecnologias, faz-se urgente repensar qual ser\u00e1 o papel da propriedade intelectual no futuro da cultura e do desenvolvimento tecnol\u00f3gico da humanidade.<\/span><\/p>\n<p>Direitos autorais e internet, novas estrat\u00e9gias de prote\u00e7\u00e3o de marca e prote\u00e7\u00e3o intelectual no mundo da impress\u00e3o 3D: s\u00e3o esses os pontos que ser\u00e3o abordados a seguir.<\/p>\n<h2><b>Direitos autorais e internet<\/b><\/h2>\n<p><span style=\"font-weight: 400;\">As manifesta\u00e7\u00f5es da personalidades, as cria\u00e7\u00f5es art\u00edsticas, s\u00e3o tradicionalmente protegidas por<em> direitos autorais<\/em>, uma esp\u00e9cie do g\u00eanero da Propriedade Intelectual. O direito autoral sobre uma cria\u00e7\u00e3o confere o direito personal\u00edssimo de atribui\u00e7\u00e3o de autoria, assim como o direito patrimonial de exclusividade de uso e explora\u00e7\u00e3o econ\u00f4mica.<\/span><\/p>\n<p><span style=\"font-weight: 400;\">Mas a\u00ed veio a internet! A internet se desenvolveu e se apresenta hoje como um poderoso instrumento para as mentes criativas. Esse meio de liberdade criativa deu espa\u00e7o para a prolifera\u00e7\u00e3o de reprodu\u00e7\u00e3o digital de conte\u00fado n\u00e3o autorizado, a famigerada pirataria na internet. Esse ponto por si s\u00f3 j\u00e1 tem tirado o sono dos estudiosos da propriedade intelectual. <\/span><\/p>\n<p><span style=\"font-weight: 400;\">Mas precisamos pensar tamb\u00e9m sobre o mito de que conte\u00fado intelectual produzido na forma digital n\u00e3o tem valor econ\u00f4mico, n\u00e3o vale dinheiro. Essa no\u00e7\u00e3o est\u00e1 errada e exige que as no\u00e7\u00f5es de propriedade intelectual evoluam a ponto de corrigir esse contrassenso. <\/span><\/p>\n<p><span style=\"font-weight: 400;\">Realmente, \u00e9 ainda menos palp\u00e1vel a propriedade sobre conte\u00fado, art\u00edstico ou n\u00e3o, produzido na internet, como textos de blogs, videos, grava\u00e7\u00f5es, figuras, fotografias compartilhadas. Mas isso n\u00e3o quer dizer que quem produziu esse conte\u00fado n\u00e3o tenha a autoria reconhecida, da mesma forma com que um escritor, um pintor, um m\u00fasico profissional tem.<\/span><\/p>\n<p><span style=\"font-weight: 400;\">A princ\u00edpio, recaem direitos autorais sim sobre conte\u00fado digital, e garantir a seu criador a exclusividade de explora\u00e7\u00e3o econ\u00f4mica de suas obras para que ele continue se sentindo estimulado a criar \u00e9 uma forma de valida\u00e7\u00e3o, reconhecimento, de que a sua arte tem valor. <\/span><\/p>\n<h2><b>Marcas e presen\u00e7a digital<\/b><\/h2>\n<p><span style=\"font-weight: 400;\">Mas n\u00e3o s\u00e3o apenas os direitos autorias que precisam ser repensados quando se trata de internet. Hoje as marcas &#8211; sinais que distinguem um produto ou servi\u00e7o em um mesmo segmento de mercado &#8211; valem-se da internet como meio para alcan\u00e7arem seus consumidores, obterem seu reconhecimento e demonstrarem seu diferencial. <\/span><\/p>\n<p><span style=\"font-weight: 400;\">A presen\u00e7a digital \u00e9 hoje um grande fator para a constru\u00e7\u00e3o do renome de uma empresa. Mas assim como pode ser um instrumento positivo, se n\u00e3o for bem utilizado, pode trazer grandes preju\u00edzos para a sua reputa\u00e7\u00e3o. <\/span><\/p>\n<p><span style=\"font-weight: 400;\">Al\u00e9m disso, j\u00e1 n\u00e3o basta a prote\u00e7\u00e3o por registro de um nome, um logotipo, um sinal para identificar uma marca na internet. A presen\u00e7a digital exige que as empresas garantam seus nomes de dom\u00ednio, perfis nas redes sociais, al\u00e9m do uso de hashtags em suas postagens. Deslizes na prote\u00e7\u00e3o desses pontos, que hoje j\u00e1 constituem ativos intang\u00edveis das empresas, podem trazer preju\u00edzos irrepar\u00e1veis tanto monet\u00e1rios quanto de reputa\u00e7\u00e3o.<\/span><\/p>\n<h2><b>Impress\u00e3o 3D e Propriedade Intelectual\u00a0<\/b><\/h2>\n<p><span style=\"font-weight: 400;\">E o que dizer da impress\u00e3o 3D? Hoje, a principio, qualquer cria\u00e7\u00e3o humana pode ser materializada, em praticamente qualquer material, a partir do ligar ou desligar de um bot\u00e3o. Quem imaginaria isso l\u00e1 no passado quando os primeiros direitos de propriedade intelectual foram introduzidos nas legisla\u00e7\u00f5es dos Estados?<\/span><\/p>\n<p><span style=\"font-weight: 400;\">Poder imprimir praticamente qualquer coisa com impress\u00e3o 3D, significa uma liberdade de cria\u00e7\u00e3o inigual\u00e1vel. J\u00e1 estamos desfrutando esses efeitos com pr\u00f3teses \u00f3sseas espec\u00edficas para cada paciente, ou produtos com <em>designs<\/em> cada vez mais arrojados ou \u00fateis. Formas que antes eram consideradas imposs\u00edveis, hoje se materializam.<\/span><\/p>\n<p><span style=\"font-weight: 400;\">Mas, como fica a quest\u00e3o daquele produto que antes seria muito dif\u00edcil de ser reproduzido sem autoriza\u00e7\u00e3o do detentor da patente, por exemplo, e que hoje com uma simples impressora 3D consegue se materializar em sua casa. Os freios de reprodu\u00e7\u00e3o de propriedade intelectual de terceiro de antes, que j\u00e1 apresentavam suas dificuldades, est\u00e3o cada vez mais frouxos. <\/span><\/p>\n<p><span style=\"font-weight: 400;\">Que isso \u00e9 bom para o avan\u00e7o criativo da humanidade, n\u00e3o h\u00e1 d\u00favida. Mas quem e como ser\u00e3o remunerados os criadores? E os produtos de impress\u00e3o 3D ser\u00e3o proteg\u00edveis por direitos autorais ou propriedade industrial: patente, desenho industrial? Quem ir\u00e1 assegurar, e principalmente como ser\u00e1 assegurada a propriedade intelectual alheia frente a reprodu\u00e7\u00e3o e explora\u00e7\u00e3o n\u00e3o autorizada? <\/span><\/p>\n<p><span style=\"font-weight: 400;\">N\u00e3o h\u00e1 ainda respostas prontas para esses questionamentos. Os direitos de propriedade intelectual tiveram, e ainda tem, um papel central no modelo econ\u00f4mico capitalista, mas <\/span><span style=\"font-weight: 400;\">pensar em como esses institutos v\u00e3o funcionar no futuro \u00e9 urgente, e representa uma grande parte de como n\u00f3s vamos nos desenvolver enquanto humanidade.\u00a0<\/span><\/p>\n<p><img loading=\"lazy\" decoding=\"async\" class=\"alignleft wp-image-126 \" src=\"http:\/\/hq-advisory.com\/wp-content\/uploads\/2016\/04\/aline-150x150.png\" alt=\"aline\" width=\"100\" height=\"100\" srcset=\"http:\/\/hq-advisory.com\/wp-content\/uploads\/2016\/04\/aline-150x150.png 150w, http:\/\/hq-advisory.com\/wp-content\/uploads\/2016\/04\/aline-96x96.png 96w, http:\/\/hq-advisory.com\/wp-content\/uploads\/2016\/04\/aline-192x192.png 192w, http:\/\/hq-advisory.com\/wp-content\/uploads\/2016\/04\/aline.png 252w\" sizes=\"auto, (max-width: 100px) 100vw, 100px\" \/><\/p>\n<p><strong>Aline Schraier de Quadros<\/strong><\/p>\n<p>\u00e9 advogada de Propriedade Intelectual, formada na UFPR e Universidade de Coimbra, tem experi\u00eancia nas \u00e1reas de Propriedade Intelectual, Estrat\u00e9gia, Transfer\u00eancia de Tecnologia, Contratos e Direito Empresarial. Conecte-se com Aline pelo\u00a0<a href=\"https:\/\/goo.gl\/XPwCTI\">LinkedIn<\/a>.<\/p>\n<p>&nbsp;<\/p>\n<p><span style=\"color: #808080;\">Esse texto &#8220;Os desafios do futuro da Propriedade Intelectual&#8221; \u00e9 livre e <i>open source. <\/i>Voc\u00ea tem permiss\u00e3o para republicar esse texto sob licen\u00e7a Creative Commons (<a style=\"color: #808080;\" href=\"https:\/\/creativecommons.org\/licenses\/by\/3.0\/br\/\" target=\"_blank\">https:\/\/creativecommons.org\/<wbr \/>licenses\/by\/3.0\/br\/<\/a>) , atribuindo a autoria a &#8220;Aline Schraier de Quadros&#8221;, HQ Advisory, 30 de abril de 2016, 22h39.\u00a0<span style=\"font-size: 16px; line-height: 1.5;\">Se voc\u00ea identificar algum erro de digita\u00e7\u00e3o, mande um e-mail para <\/span><a style=\"font-size: 16px; line-height: 1.5; color: #808080;\" href=\"mailto:contato@hq-advisory.com\" target=\"_blank\">contato@hq-advisory.com<\/a><\/span><\/p>\n","protected":false},"excerpt":{"rendered":"<p>A produ\u00e7\u00e3o de conte\u00fado digital e a velocidade e facilidade com que esse conte\u00fado circula, se adapta e se transforma, t\u00eam alterado a nossa percep\u00e7\u00e3o de propriedade de modo geral. Ora, n\u00e3o era de se estranhar que o nosso entendimento de o que \u00e9 propriedade intelectual, e como ela deve ser garantida, sofresse abalos diante &hellip; <a href=\"http:\/\/hq-advisory.com\/en\/blog\/futuro-da-pi\/\" class=\"more-link\">Continue reading <span class=\"screen-reader-text\">Os desafios do futuro da Propriedade Intelectual<\/span><\/a><\/p>\n","protected":false},"author":1,"featured_media":0,"parent":69,"menu_order":2,"comment_status":"closed","ping_status":"closed","template":"page-templates\/full-width-page.php","meta":{"_exactmetrics_skip_tracking":false,"_exactmetrics_sitenote_active":false,"_exactmetrics_sitenote_note":"","_exactmetrics_sitenote_category":0,"jetpack_post_was_ever_published":false,"footnotes":""},"class_list":["post-122","page","type-page","status-publish","hentry"],"translation":{"provider":"WPGlobus","version":"3.0.0","language":"en","enabled_languages":["br","en"],"languages":{"br":{"title":true,"content":true,"excerpt":false},"en":{"title":false,"content":false,"excerpt":false}}},"yoast_head":"<!-- This site is optimized with the Yoast SEO plugin v27.4 - https:\/\/yoast.com\/product\/yoast-seo-wordpress\/ -->\n<title>Os desafios do futuro da Propriedade Intelectual - HQ Advisory - The Innovation HeadQuarters<\/title>\n<meta name=\"robots\" content=\"index, follow, max-snippet:-1, max-image-preview:large, max-video-preview:-1\" \/>\n<link rel=\"canonical\" href=\"http:\/\/hq-advisory.com\/en\/blog\/futuro-da-pi\/\" \/>\n<meta property=\"og:locale\" content=\"en_US\" \/>\n<meta property=\"og:type\" content=\"article\" \/>\n<meta property=\"og:title\" content=\"Os desafios do futuro da Propriedade Intelectual - HQ Advisory - The Innovation HeadQuarters\" \/>\n<meta property=\"og:url\" content=\"http:\/\/hq-advisory.com\/en\/blog\/futuro-da-pi\/\" \/>\n<meta property=\"og:site_name\" content=\"HQ Advisory - The Innovation HeadQuarters\" \/>\n<meta property=\"article:publisher\" content=\"https:\/\/www.facebook.com\/hqadvisory\" \/>\n<meta property=\"article:modified_time\" content=\"2016-06-30T19:42:25+00:00\" \/>\n<meta property=\"og:image\" content=\"http:\/\/hq-advisory.com\/wp-content\/uploads\/2016\/04\/aline-150x150.png\" \/>\n<meta name=\"twitter:card\" content=\"summary_large_image\" \/>\n<meta name=\"twitter:label1\" content=\"Est. reading time\" \/>\n\t<meta name=\"twitter:data1\" content=\"5 minutes\" \/>\n<script type=\"application\/ld+json\" class=\"yoast-schema-graph\">{\"@context\":\"https:\\\/\\\/schema.org\",\"@graph\":[{\"@type\":\"WebPage\",\"@id\":\"http:\\\/\\\/hq-advisory.com\\\/en\\\/blog\\\/futuro-da-pi\\\/\",\"url\":\"http:\\\/\\\/hq-advisory.com\\\/en\\\/blog\\\/futuro-da-pi\\\/\",\"name\":\"Os desafios do futuro da Propriedade Intelectual - HQ Advisory - The Innovation HeadQuarters\",\"isPartOf\":{\"@id\":\"http:\\\/\\\/hq-advisory.com\\\/en\\\/#website\"},\"primaryImageOfPage\":{\"@id\":\"http:\\\/\\\/hq-advisory.com\\\/en\\\/blog\\\/futuro-da-pi\\\/#primaryimage\"},\"image\":{\"@id\":\"http:\\\/\\\/hq-advisory.com\\\/en\\\/blog\\\/futuro-da-pi\\\/#primaryimage\"},\"thumbnailUrl\":\"http:\\\/\\\/hq-advisory.com\\\/wp-content\\\/uploads\\\/2016\\\/04\\\/aline-150x150.png\",\"datePublished\":\"2016-04-30T22:39:42+00:00\",\"dateModified\":\"2016-06-30T19:42:25+00:00\",\"description\":\"Algo feito em impress\u00e3o 3D pode ser patenteado? Empresas podem proteger hashtags? O mundo est\u00e1 mudando e a Propriedade Intelectual vai evoluir junto.\",\"breadcrumb\":{\"@id\":\"http:\\\/\\\/hq-advisory.com\\\/en\\\/blog\\\/futuro-da-pi\\\/#breadcrumb\"},\"inLanguage\":\"en-US\",\"potentialAction\":[{\"@type\":\"ReadAction\",\"target\":[\"http:\\\/\\\/hq-advisory.com\\\/en\\\/blog\\\/futuro-da-pi\\\/\"]}]},{\"@type\":\"ImageObject\",\"inLanguage\":\"en-US\",\"@id\":\"http:\\\/\\\/hq-advisory.com\\\/en\\\/blog\\\/futuro-da-pi\\\/#primaryimage\",\"url\":\"http:\\\/\\\/hq-advisory.com\\\/wp-content\\\/uploads\\\/2016\\\/04\\\/aline-150x150.png\",\"contentUrl\":\"http:\\\/\\\/hq-advisory.com\\\/wp-content\\\/uploads\\\/2016\\\/04\\\/aline-150x150.png\"},{\"@type\":\"BreadcrumbList\",\"@id\":\"http:\\\/\\\/hq-advisory.com\\\/en\\\/blog\\\/futuro-da-pi\\\/#breadcrumb\",\"itemListElement\":[{\"@type\":\"ListItem\",\"position\":1,\"name\":\"In\u00edcio\",\"item\":\"http:\\\/\\\/hq-advisory.com\\\/en\\\/\"},{\"@type\":\"ListItem\",\"position\":2,\"name\":\"BLOG\",\"item\":\"http:\\\/\\\/hq-advisory.com\\\/blog\\\/\"},{\"@type\":\"ListItem\",\"position\":3,\"name\":\"Os desafios do futuro da Propriedade Intelectual\"}]},{\"@type\":\"WebSite\",\"@id\":\"http:\\\/\\\/hq-advisory.com\\\/en\\\/#website\",\"url\":\"http:\\\/\\\/hq-advisory.com\\\/en\\\/\",\"name\":\"HQ Advisory - The Innovation HeadQuarters\",\"description\":\"A HQ Advisory oferece servi\u00e7os de valida\u00e7\u00e3o jur\u00eddica , prote\u00e7\u00e3o de propriedade Intelectual, registro de patentes e marcas, reda\u00e7\u00e3o de contratos, cursos e treinamentos. O Quartel General da Inova\u00e7\u00e3o\",\"publisher\":{\"@id\":\"http:\\\/\\\/hq-advisory.com\\\/en\\\/#organization\"},\"potentialAction\":[{\"@type\":\"SearchAction\",\"target\":{\"@type\":\"EntryPoint\",\"urlTemplate\":\"http:\\\/\\\/hq-advisory.com\\\/en\\\/?s={search_term_string}\"},\"query-input\":{\"@type\":\"PropertyValueSpecification\",\"valueRequired\":true,\"valueName\":\"search_term_string\"}}],\"inLanguage\":\"en-US\"},{\"@type\":\"Organization\",\"@id\":\"http:\\\/\\\/hq-advisory.com\\\/en\\\/#organization\",\"name\":\"HQ Advisory\",\"url\":\"http:\\\/\\\/hq-advisory.com\\\/en\\\/\",\"logo\":{\"@type\":\"ImageObject\",\"inLanguage\":\"en-US\",\"@id\":\"http:\\\/\\\/hq-advisory.com\\\/en\\\/#\\\/schema\\\/logo\\\/image\\\/\",\"url\":\"http:\\\/\\\/hq-advisory.com\\\/wp-content\\\/uploads\\\/2016\\\/02\\\/hq-logo.png\",\"contentUrl\":\"http:\\\/\\\/hq-advisory.com\\\/wp-content\\\/uploads\\\/2016\\\/02\\\/hq-logo.png\",\"width\":1252,\"height\":588,\"caption\":\"HQ Advisory\"},\"image\":{\"@id\":\"http:\\\/\\\/hq-advisory.com\\\/en\\\/#\\\/schema\\\/logo\\\/image\\\/\"},\"sameAs\":[\"https:\\\/\\\/www.facebook.com\\\/hqadvisory\",\"https:\\\/\\\/www.instagram.com\\\/hq_advisory\\\/\",\"https:\\\/\\\/www.linkedin.com\\\/company\\\/hq-advisory\"]}]}<\/script>\n<!-- \/ Yoast SEO plugin. -->","yoast_head_json":{"title":"Os desafios do futuro da Propriedade Intelectual - HQ Advisory - The Innovation HeadQuarters","robots":{"index":"index","follow":"follow","max-snippet":"max-snippet:-1","max-image-preview":"max-image-preview:large","max-video-preview":"max-video-preview:-1"},"canonical":"http:\/\/hq-advisory.com\/en\/blog\/futuro-da-pi\/","og_locale":"en_US","og_type":"article","og_title":"Os desafios do futuro da Propriedade Intelectual - HQ Advisory - The Innovation HeadQuarters","og_url":"http:\/\/hq-advisory.com\/en\/blog\/futuro-da-pi\/","og_site_name":"HQ Advisory - The Innovation HeadQuarters","article_publisher":"https:\/\/www.facebook.com\/hqadvisory","article_modified_time":"2016-06-30T19:42:25+00:00","og_image":[{"url":"http:\/\/hq-advisory.com\/wp-content\/uploads\/2016\/04\/aline-150x150.png","type":"","width":"","height":""}],"twitter_card":"summary_large_image","twitter_misc":{"Est. reading time":"5 minutes"},"schema":{"@context":"https:\/\/schema.org","@graph":[{"@type":"WebPage","@id":"http:\/\/hq-advisory.com\/en\/blog\/futuro-da-pi\/","url":"http:\/\/hq-advisory.com\/en\/blog\/futuro-da-pi\/","name":"Os desafios do futuro da Propriedade Intelectual - HQ Advisory - The Innovation HeadQuarters","isPartOf":{"@id":"http:\/\/hq-advisory.com\/en\/#website"},"primaryImageOfPage":{"@id":"http:\/\/hq-advisory.com\/en\/blog\/futuro-da-pi\/#primaryimage"},"image":{"@id":"http:\/\/hq-advisory.com\/en\/blog\/futuro-da-pi\/#primaryimage"},"thumbnailUrl":"http:\/\/hq-advisory.com\/wp-content\/uploads\/2016\/04\/aline-150x150.png","datePublished":"2016-04-30T22:39:42+00:00","dateModified":"2016-06-30T19:42:25+00:00","description":"Algo feito em impress\u00e3o 3D pode ser patenteado? Empresas podem proteger hashtags? O mundo est\u00e1 mudando e a Propriedade Intelectual vai evoluir junto.","breadcrumb":{"@id":"http:\/\/hq-advisory.com\/en\/blog\/futuro-da-pi\/#breadcrumb"},"inLanguage":"en-US","potentialAction":[{"@type":"ReadAction","target":["http:\/\/hq-advisory.com\/en\/blog\/futuro-da-pi\/"]}]},{"@type":"ImageObject","inLanguage":"en-US","@id":"http:\/\/hq-advisory.com\/en\/blog\/futuro-da-pi\/#primaryimage","url":"http:\/\/hq-advisory.com\/wp-content\/uploads\/2016\/04\/aline-150x150.png","contentUrl":"http:\/\/hq-advisory.com\/wp-content\/uploads\/2016\/04\/aline-150x150.png"},{"@type":"BreadcrumbList","@id":"http:\/\/hq-advisory.com\/en\/blog\/futuro-da-pi\/#breadcrumb","itemListElement":[{"@type":"ListItem","position":1,"name":"In\u00edcio","item":"http:\/\/hq-advisory.com\/en\/"},{"@type":"ListItem","position":2,"name":"BLOG","item":"http:\/\/hq-advisory.com\/blog\/"},{"@type":"ListItem","position":3,"name":"Os desafios do futuro da Propriedade Intelectual"}]},{"@type":"WebSite","@id":"http:\/\/hq-advisory.com\/en\/#website","url":"http:\/\/hq-advisory.com\/en\/","name":"HQ Advisory - The Innovation HeadQuarters","description":"A HQ Advisory oferece servi\u00e7os de valida\u00e7\u00e3o jur\u00eddica , prote\u00e7\u00e3o de propriedade Intelectual, registro de patentes e marcas, reda\u00e7\u00e3o de contratos, cursos e treinamentos. O Quartel General da Inova\u00e7\u00e3o","publisher":{"@id":"http:\/\/hq-advisory.com\/en\/#organization"},"potentialAction":[{"@type":"SearchAction","target":{"@type":"EntryPoint","urlTemplate":"http:\/\/hq-advisory.com\/en\/?s={search_term_string}"},"query-input":{"@type":"PropertyValueSpecification","valueRequired":true,"valueName":"search_term_string"}}],"inLanguage":"en-US"},{"@type":"Organization","@id":"http:\/\/hq-advisory.com\/en\/#organization","name":"HQ Advisory","url":"http:\/\/hq-advisory.com\/en\/","logo":{"@type":"ImageObject","inLanguage":"en-US","@id":"http:\/\/hq-advisory.com\/en\/#\/schema\/logo\/image\/","url":"http:\/\/hq-advisory.com\/wp-content\/uploads\/2016\/02\/hq-logo.png","contentUrl":"http:\/\/hq-advisory.com\/wp-content\/uploads\/2016\/02\/hq-logo.png","width":1252,"height":588,"caption":"HQ Advisory"},"image":{"@id":"http:\/\/hq-advisory.com\/en\/#\/schema\/logo\/image\/"},"sameAs":["https:\/\/www.facebook.com\/hqadvisory","https:\/\/www.instagram.com\/hq_advisory\/","https:\/\/www.linkedin.com\/company\/hq-advisory"]}]}},"jetpack_sharing_enabled":true,"jetpack_shortlink":"https:\/\/wp.me\/P7Gted-1Y","_links":{"self":[{"href":"http:\/\/hq-advisory.com\/en\/wp-json\/wp\/v2\/pages\/122","targetHints":{"allow":["GET"]}}],"collection":[{"href":"http:\/\/hq-advisory.com\/en\/wp-json\/wp\/v2\/pages"}],"about":[{"href":"http:\/\/hq-advisory.com\/en\/wp-json\/wp\/v2\/types\/page"}],"author":[{"embeddable":true,"href":"http:\/\/hq-advisory.com\/en\/wp-json\/wp\/v2\/users\/1"}],"replies":[{"embeddable":true,"href":"http:\/\/hq-advisory.com\/en\/wp-json\/wp\/v2\/comments?post=122"}],"version-history":[{"count":8,"href":"http:\/\/hq-advisory.com\/en\/wp-json\/wp\/v2\/pages\/122\/revisions"}],"predecessor-version":[{"id":161,"href":"http:\/\/hq-advisory.com\/en\/wp-json\/wp\/v2\/pages\/122\/revisions\/161"}],"up":[{"embeddable":true,"href":"http:\/\/hq-advisory.com\/en\/wp-json\/wp\/v2\/pages\/69"}],"wp:attachment":[{"href":"http:\/\/hq-advisory.com\/en\/wp-json\/wp\/v2\/media?parent=122"}],"curies":[{"name":"wp","href":"https:\/\/api.w.org\/{rel}","templated":true}]}}