{"id":387,"date":"2019-03-21T18:20:50","date_gmt":"2019-03-21T18:20:50","guid":{"rendered":"http:\/\/hq-advisory.com\/?page_id=387"},"modified":"2019-03-21T18:21:11","modified_gmt":"2019-03-21T18:21:11","slug":"inteligencia-artificial-original","status":"publish","type":"page","link":"http:\/\/hq-advisory.com\/en\/blog\/inteligencia-artificial-original\/","title":{"rendered":"Mas o que \u00e9 intelig\u00eancia artificial? Um rob\u00f4 pode mesmo criar algo original?"},"content":{"rendered":"<p><em>Para compreender o impacto da intelig\u00eancia artificial no processo criativo, faz-se necess\u00e1rio verificar, mesmo que brevemente, de que se trata, afinal, intelig\u00eancia artificial.<\/em><\/p>\n<p>Para mais informa\u00e7\u00f5es sobre o tema de autoria de obras geradas por Intelig\u00eancia Artificial, confira tamb\u00e9m:<\/p>\n<h6 class=\"page-title\"><a href=\"http:\/\/hq-advisory.com\/blog\/autor-obra-gerada-inteligencia-artificial\/\">Quem \u00e9 autor de obras geradas por intelig\u00eancia artificial? O rob\u00f4, o desenvolvedor, ningu\u00e9m?<\/a><\/h6>\n<h6 class=\"page-title\"><a href=\"http:\/\/hq-advisory.com\/blog\/um-robo-pode-ser-autor\/\">Qual o conceito de autoria? Quem \u00e9 autor? Um rob\u00f4 pode ser autor?<\/a><\/h6>\n<h6 class=\"page-title\"><a href=\"http:\/\/hq-advisory.com\/blog\/direitos-autorais-inteligencia-artificial\/\">Qual \u00e9 a rela\u00e7\u00e3o entre Direitos Autorais e obras geradas por intelig\u00eancia artificial?<\/a><\/h6>\n<p>Intelig\u00eancia artificial \u00e9 a composi\u00e7\u00e3o de softwares que imitam a configura\u00e7\u00e3o das redes neurais humanas. Essas redes s\u00e3o formadas por dispositivos que podem trabalhar em conjunto para acessar informa\u00e7\u00e3o e criar novos trabalhos diferentes do estado da arte anterior. Pode-se dizer que a intelig\u00eancia artificial se diferencia dos demais algoritmos tradicionais a partir do momento que \u00e9 capaz de treinar a si mesma atrav\u00e9s do ac\u00famulo de experi\u00eancias anteriores pr\u00f3prias e de outros agentes.<\/p>\n<p>Para demonstrar a relev\u00e2ncia e a imin\u00eancia das discuss\u00f5es acerca da autoria de obras geradas por intelig\u00eancia artificial, destaca-se abaixo alguns exemplos de casos recentes que chamam aten\u00e7\u00e3o para o potencial criativo desses algoritmos.<\/p>\n<p>Em 2016, um grupo de museus e pesquisadores da Holanda revelou um retrato intitulado <a href=\"https:\/\/www.nextrembrandt.com\/\">The Next Rembrandt<\/a>, uma nova obra de arte gerada por um computador que analisou milhares de obras do artista holand\u00eas Rembrandt Harmenszoon van Rijn, do s\u00e9culo XVII 1 . Um<a href=\"https:\/\/hypescience.com\/inteligencia-artificial-escreve-romance\/\"> pequeno romance escrito por um programa de computador japon\u00eas<\/a> em 2016 alcan\u00e7ou a segunda<br \/>\nrodada de um pr\u00eamio liter\u00e1rio nacional 2 . E a <a href=\"https:\/\/deepmind.com\/\">Deep Mind<\/a>, empresa de intelig\u00eancia artificial de propriedade do Google, criou um software capaz de <a href=\"https:\/\/magenta.tensorflow.org\/\">gerar m\u00fasica ouvindo grava\u00e7\u00f5es<\/a>.<\/p>\n<p>Ainda, a Christie\u2019s, famosa galeria de arte do Reino Unido, em seus 252 anos de hist\u00f3ria, inovou ao <a href=\"https:\/\/www.christies.com\/features\/A-collaboration-between-two-artists-one-human-one-a-machine-9332-1.aspx\">leiloar obra de arte gerada pela Intelig\u00eancia Artificial<\/a>.\u00a0 O quadro \u201cRetrato de Edmond de Belamy\u201d, criado pelo grupo de arte franc\u00eas Obvious, integra uma s\u00e9rie de pinturas da fam\u00edlia fict\u00edcia Belamy geradas por um algoritmo de duas partes, denominado GAN &#8211; abrevia\u00e7\u00e3o de \u201crede de advers\u00e1rios generativos\u201d \u2013 alimentado com um conjunto de dados de quinze mil retratos pintados entre os s\u00e9culos XIV e XX, em que uma parte cria uma nova imagem com base no conjunto de informa\u00e7\u00f5es e a outra parte \u00e9 levada a \u201cpensar\u201d que as novas imagens s\u00e3o reais.<\/p>\n<p>N\u00e3o \u00e9 pac\u00edfico no meio cient\u00edfico se algoritmos de intelig\u00eancia artificial teriam mesmo potencial criativo. Alguns pensadores, inclusive, criaram formas de questionar a criatividade da intelig\u00eancia artificial, por exemplo Alan Turing pai da ci\u00eancia da computa\u00e7\u00e3o e Ada Lovelace, pioneira da computa\u00e7\u00e3o que criou o <a href=\"https:\/\/motherboard.vice.com\/en_us\/article\/pgaany\/forget-turing-the-lovelace-test-has-a-better-shot-at-spotting-ai\"><em>Lovelace Test<\/em><\/a>.<\/p>\n<p><img loading=\"lazy\" decoding=\"async\" class=\"alignleft wp-image-126 \" src=\"http:\/\/hq-advisory.com\/wp-content\/uploads\/2016\/04\/aline-150x150.png\" sizes=\"auto, (max-width: 100px) 100vw, 100px\" srcset=\"http:\/\/hq-advisory.com\/wp-content\/uploads\/2016\/04\/aline-150x150.png 150w, http:\/\/hq-advisory.com\/wp-content\/uploads\/2016\/04\/aline-96x96.png 96w, http:\/\/hq-advisory.com\/wp-content\/uploads\/2016\/04\/aline-192x192.png 192w, http:\/\/hq-advisory.com\/wp-content\/uploads\/2016\/04\/aline.png 252w\" alt=\"aline\" width=\"100\" height=\"100\" \/><\/p>\n<p><strong>Aline Schraier de Quadros<\/strong><\/p>\n<p>\u00e9 advogada de Propriedade Intelectual, formada na UFPR e Universidade de Coimbra, tem experi\u00eancia nas \u00e1reas de Propriedade Intelectual, Estrat\u00e9gia, Transfer\u00eancia de Tecnologia, Contratos e Direito Empresarial. Conecte-se com Aline pelo\u00a0<a href=\"https:\/\/goo.gl\/XPwCTI\">LinkedIn<\/a>.<\/p>\n<p><span style=\"color: #808080;\">Esse texto \u201cMas o que \u00e9 intelig\u00eancia artificial? Um rob\u00f4 pode mesmo criar algo original?\u201d \u00e9 livre e\u00a0<i>open source.\u00a0<\/i>Voc\u00ea tem permiss\u00e3o para republicar esse texto sob licen\u00e7a Creative Commons (<a style=\"color: #808080;\" href=\"https:\/\/creativecommons.org\/licenses\/by\/3.0\/br\/\" target=\"_blank\" rel=\"noopener\">https:\/\/creativecommons.org\/<wbr \/>licenses\/by\/3.0\/br\/<\/a>) , atribuindo a autoria a \u201cAline Schraier de Quadros\u201d, HQ Advisory, 21 de mar\u00e7o de 2019, 15h20.\u00a0Se voc\u00ea identificar algum erro de digita\u00e7\u00e3o, mande um e-mail para\u00a0<a style=\"color: #808080;\" href=\"mailto:contato@hq-advisory.com\" target=\"_blank\" rel=\"noopener\">contato@hq-advisory.com<\/a><\/span><\/p>\n","protected":false},"excerpt":{"rendered":"<p>Para compreender o impacto da intelig\u00eancia artificial no processo criativo, faz-se necess\u00e1rio verificar, mesmo que brevemente, de que se trata, afinal, intelig\u00eancia artificial. Para mais informa\u00e7\u00f5es sobre o tema de autoria de obras geradas por Intelig\u00eancia Artificial, confira tamb\u00e9m: Quem \u00e9 autor de obras geradas por intelig\u00eancia artificial? O rob\u00f4, o desenvolvedor, ningu\u00e9m? Qual o &hellip; <a href=\"http:\/\/hq-advisory.com\/en\/blog\/inteligencia-artificial-original\/\" class=\"more-link\">Continue reading <span class=\"screen-reader-text\">Mas o que \u00e9 intelig\u00eancia artificial? Um rob\u00f4 pode mesmo criar algo original?<\/span><\/a><\/p>\n","protected":false},"author":1,"featured_media":0,"parent":69,"menu_order":3,"comment_status":"closed","ping_status":"closed","template":"page-templates\/full-width-page.php","meta":{"_exactmetrics_skip_tracking":false,"_exactmetrics_sitenote_active":false,"_exactmetrics_sitenote_note":"","_exactmetrics_sitenote_category":0,"jetpack_post_was_ever_published":false,"footnotes":""},"class_list":["post-387","page","type-page","status-publish","hentry"],"translation":{"provider":"WPGlobus","version":"3.0.0","language":"en","enabled_languages":["br","en"],"languages":{"br":{"title":true,"content":true,"excerpt":false},"en":{"title":false,"content":false,"excerpt":false}}},"yoast_head":"<!-- This site is optimized with the Yoast SEO plugin v27.5 - https:\/\/yoast.com\/product\/yoast-seo-wordpress\/ -->\n<title>Mas o que \u00e9 intelig\u00eancia artificial? Um rob\u00f4 pode mesmo criar algo original?<\/title>\n<meta name=\"robots\" content=\"index, follow, max-snippet:-1, max-image-preview:large, max-video-preview:-1\" \/>\n<link rel=\"canonical\" href=\"http:\/\/hq-advisory.com\/blog\/inteligencia-artificial-original\/\" \/>\n<meta property=\"og:locale\" content=\"en_US\" \/>\n<meta property=\"og:type\" content=\"article\" \/>\n<meta property=\"og:title\" content=\"Mas o que \u00e9 intelig\u00eancia artificial? Um rob\u00f4 pode mesmo criar algo original? - HQ Advisory - The Innovation HeadQuarters\" \/>\n<meta property=\"og:url\" content=\"http:\/\/hq-advisory.com\/blog\/inteligencia-artificial-original\/\" \/>\n<meta property=\"og:site_name\" content=\"HQ Advisory - The Innovation HeadQuarters\" \/>\n<meta property=\"article:publisher\" content=\"https:\/\/www.facebook.com\/hqadvisory\" \/>\n<meta property=\"article:modified_time\" content=\"2019-03-21T18:21:11+00:00\" \/>\n<meta property=\"og:image\" content=\"http:\/\/hq-advisory.com\/wp-content\/uploads\/2016\/04\/aline-150x150.png\" \/>\n<meta name=\"twitter:card\" content=\"summary_large_image\" \/>\n<meta name=\"twitter:label1\" content=\"Est. reading time\" \/>\n\t<meta name=\"twitter:data1\" content=\"3 minutes\" \/>\n<script type=\"application\/ld+json\" class=\"yoast-schema-graph\">{\"@context\":\"https:\\\/\\\/schema.org\",\"@graph\":[{\"@type\":\"WebPage\",\"@id\":\"http:\\\/\\\/hq-advisory.com\\\/blog\\\/inteligencia-artificial-original\\\/\",\"url\":\"http:\\\/\\\/hq-advisory.com\\\/blog\\\/inteligencia-artificial-original\\\/\",\"name\":\"Mas o que \u00e9 intelig\u00eancia artificial? Um rob\u00f4 pode mesmo criar algo original?\",\"isPartOf\":{\"@id\":\"http:\\\/\\\/hq-advisory.com\\\/en\\\/#website\"},\"primaryImageOfPage\":{\"@id\":\"http:\\\/\\\/hq-advisory.com\\\/blog\\\/inteligencia-artificial-original\\\/#primaryimage\"},\"image\":{\"@id\":\"http:\\\/\\\/hq-advisory.com\\\/blog\\\/inteligencia-artificial-original\\\/#primaryimage\"},\"thumbnailUrl\":\"http:\\\/\\\/hq-advisory.com\\\/wp-content\\\/uploads\\\/2016\\\/04\\\/aline-150x150.png\",\"datePublished\":\"2019-03-21T18:20:50+00:00\",\"dateModified\":\"2019-03-21T18:21:11+00:00\",\"description\":\"Pode-se dizer que a intelig\u00eancia artificial se diferencia dos demais algoritmos tradicionais a partir do momento que \u00e9 capaz de treinar a si mesma atrav\u00e9s do ac\u00famulo de experi\u00eancias anteriores pr\u00f3prias e de outros agentes - o que cria a possibilidade de cria\u00e7\u00e3o de obras originais.\",\"breadcrumb\":{\"@id\":\"http:\\\/\\\/hq-advisory.com\\\/blog\\\/inteligencia-artificial-original\\\/#breadcrumb\"},\"inLanguage\":\"en-US\",\"potentialAction\":[{\"@type\":\"ReadAction\",\"target\":[\"http:\\\/\\\/hq-advisory.com\\\/blog\\\/inteligencia-artificial-original\\\/\"]}]},{\"@type\":\"ImageObject\",\"inLanguage\":\"en-US\",\"@id\":\"http:\\\/\\\/hq-advisory.com\\\/blog\\\/inteligencia-artificial-original\\\/#primaryimage\",\"url\":\"http:\\\/\\\/hq-advisory.com\\\/wp-content\\\/uploads\\\/2016\\\/04\\\/aline-150x150.png\",\"contentUrl\":\"http:\\\/\\\/hq-advisory.com\\\/wp-content\\\/uploads\\\/2016\\\/04\\\/aline-150x150.png\"},{\"@type\":\"BreadcrumbList\",\"@id\":\"http:\\\/\\\/hq-advisory.com\\\/blog\\\/inteligencia-artificial-original\\\/#breadcrumb\",\"itemListElement\":[{\"@type\":\"ListItem\",\"position\":1,\"name\":\"In\u00edcio\",\"item\":\"http:\\\/\\\/hq-advisory.com\\\/en\\\/\"},{\"@type\":\"ListItem\",\"position\":2,\"name\":\"BLOG\",\"item\":\"http:\\\/\\\/hq-advisory.com\\\/blog\\\/\"},{\"@type\":\"ListItem\",\"position\":3,\"name\":\"Mas o que \u00e9 intelig\u00eancia artificial? Um rob\u00f4 pode mesmo criar algo original?\"}]},{\"@type\":\"WebSite\",\"@id\":\"http:\\\/\\\/hq-advisory.com\\\/en\\\/#website\",\"url\":\"http:\\\/\\\/hq-advisory.com\\\/en\\\/\",\"name\":\"HQ Advisory - The Innovation HeadQuarters\",\"description\":\"A HQ Advisory oferece servi\u00e7os de valida\u00e7\u00e3o jur\u00eddica , prote\u00e7\u00e3o de propriedade Intelectual, registro de patentes e marcas, reda\u00e7\u00e3o de contratos, cursos e treinamentos. O Quartel General da Inova\u00e7\u00e3o\",\"publisher\":{\"@id\":\"http:\\\/\\\/hq-advisory.com\\\/en\\\/#organization\"},\"potentialAction\":[{\"@type\":\"SearchAction\",\"target\":{\"@type\":\"EntryPoint\",\"urlTemplate\":\"http:\\\/\\\/hq-advisory.com\\\/en\\\/?s={search_term_string}\"},\"query-input\":{\"@type\":\"PropertyValueSpecification\",\"valueRequired\":true,\"valueName\":\"search_term_string\"}}],\"inLanguage\":\"en-US\"},{\"@type\":\"Organization\",\"@id\":\"http:\\\/\\\/hq-advisory.com\\\/en\\\/#organization\",\"name\":\"HQ Advisory\",\"url\":\"http:\\\/\\\/hq-advisory.com\\\/en\\\/\",\"logo\":{\"@type\":\"ImageObject\",\"inLanguage\":\"en-US\",\"@id\":\"http:\\\/\\\/hq-advisory.com\\\/en\\\/#\\\/schema\\\/logo\\\/image\\\/\",\"url\":\"http:\\\/\\\/hq-advisory.com\\\/wp-content\\\/uploads\\\/2016\\\/02\\\/hq-logo.png\",\"contentUrl\":\"http:\\\/\\\/hq-advisory.com\\\/wp-content\\\/uploads\\\/2016\\\/02\\\/hq-logo.png\",\"width\":1252,\"height\":588,\"caption\":\"HQ Advisory\"},\"image\":{\"@id\":\"http:\\\/\\\/hq-advisory.com\\\/en\\\/#\\\/schema\\\/logo\\\/image\\\/\"},\"sameAs\":[\"https:\\\/\\\/www.facebook.com\\\/hqadvisory\",\"https:\\\/\\\/www.instagram.com\\\/hq_advisory\\\/\",\"https:\\\/\\\/www.linkedin.com\\\/company\\\/hq-advisory\"]}]}<\/script>\n<!-- \/ Yoast SEO plugin. -->","yoast_head_json":{"title":"Mas o que \u00e9 intelig\u00eancia artificial? Um rob\u00f4 pode mesmo criar algo original?","robots":{"index":"index","follow":"follow","max-snippet":"max-snippet:-1","max-image-preview":"max-image-preview:large","max-video-preview":"max-video-preview:-1"},"canonical":"http:\/\/hq-advisory.com\/blog\/inteligencia-artificial-original\/","og_locale":"en_US","og_type":"article","og_title":"Mas o que \u00e9 intelig\u00eancia artificial? Um rob\u00f4 pode mesmo criar algo original? - HQ Advisory - The Innovation HeadQuarters","og_url":"http:\/\/hq-advisory.com\/blog\/inteligencia-artificial-original\/","og_site_name":"HQ Advisory - The Innovation HeadQuarters","article_publisher":"https:\/\/www.facebook.com\/hqadvisory","article_modified_time":"2019-03-21T18:21:11+00:00","og_image":[{"url":"http:\/\/hq-advisory.com\/wp-content\/uploads\/2016\/04\/aline-150x150.png","type":"","width":"","height":""}],"twitter_card":"summary_large_image","twitter_misc":{"Est. reading time":"3 minutes"},"schema":{"@context":"https:\/\/schema.org","@graph":[{"@type":"WebPage","@id":"http:\/\/hq-advisory.com\/blog\/inteligencia-artificial-original\/","url":"http:\/\/hq-advisory.com\/blog\/inteligencia-artificial-original\/","name":"Mas o que \u00e9 intelig\u00eancia artificial? Um rob\u00f4 pode mesmo criar algo original?","isPartOf":{"@id":"http:\/\/hq-advisory.com\/en\/#website"},"primaryImageOfPage":{"@id":"http:\/\/hq-advisory.com\/blog\/inteligencia-artificial-original\/#primaryimage"},"image":{"@id":"http:\/\/hq-advisory.com\/blog\/inteligencia-artificial-original\/#primaryimage"},"thumbnailUrl":"http:\/\/hq-advisory.com\/wp-content\/uploads\/2016\/04\/aline-150x150.png","datePublished":"2019-03-21T18:20:50+00:00","dateModified":"2019-03-21T18:21:11+00:00","description":"Pode-se dizer que a intelig\u00eancia artificial se diferencia dos demais algoritmos tradicionais a partir do momento que \u00e9 capaz de treinar a si mesma atrav\u00e9s do ac\u00famulo de experi\u00eancias anteriores pr\u00f3prias e de outros agentes - o que cria a possibilidade de cria\u00e7\u00e3o de obras originais.","breadcrumb":{"@id":"http:\/\/hq-advisory.com\/blog\/inteligencia-artificial-original\/#breadcrumb"},"inLanguage":"en-US","potentialAction":[{"@type":"ReadAction","target":["http:\/\/hq-advisory.com\/blog\/inteligencia-artificial-original\/"]}]},{"@type":"ImageObject","inLanguage":"en-US","@id":"http:\/\/hq-advisory.com\/blog\/inteligencia-artificial-original\/#primaryimage","url":"http:\/\/hq-advisory.com\/wp-content\/uploads\/2016\/04\/aline-150x150.png","contentUrl":"http:\/\/hq-advisory.com\/wp-content\/uploads\/2016\/04\/aline-150x150.png"},{"@type":"BreadcrumbList","@id":"http:\/\/hq-advisory.com\/blog\/inteligencia-artificial-original\/#breadcrumb","itemListElement":[{"@type":"ListItem","position":1,"name":"In\u00edcio","item":"http:\/\/hq-advisory.com\/en\/"},{"@type":"ListItem","position":2,"name":"BLOG","item":"http:\/\/hq-advisory.com\/blog\/"},{"@type":"ListItem","position":3,"name":"Mas o que \u00e9 intelig\u00eancia artificial? Um rob\u00f4 pode mesmo criar algo original?"}]},{"@type":"WebSite","@id":"http:\/\/hq-advisory.com\/en\/#website","url":"http:\/\/hq-advisory.com\/en\/","name":"HQ Advisory - The Innovation HeadQuarters","description":"A HQ Advisory oferece servi\u00e7os de valida\u00e7\u00e3o jur\u00eddica , prote\u00e7\u00e3o de propriedade Intelectual, registro de patentes e marcas, reda\u00e7\u00e3o de contratos, cursos e treinamentos. O Quartel General da Inova\u00e7\u00e3o","publisher":{"@id":"http:\/\/hq-advisory.com\/en\/#organization"},"potentialAction":[{"@type":"SearchAction","target":{"@type":"EntryPoint","urlTemplate":"http:\/\/hq-advisory.com\/en\/?s={search_term_string}"},"query-input":{"@type":"PropertyValueSpecification","valueRequired":true,"valueName":"search_term_string"}}],"inLanguage":"en-US"},{"@type":"Organization","@id":"http:\/\/hq-advisory.com\/en\/#organization","name":"HQ Advisory","url":"http:\/\/hq-advisory.com\/en\/","logo":{"@type":"ImageObject","inLanguage":"en-US","@id":"http:\/\/hq-advisory.com\/en\/#\/schema\/logo\/image\/","url":"http:\/\/hq-advisory.com\/wp-content\/uploads\/2016\/02\/hq-logo.png","contentUrl":"http:\/\/hq-advisory.com\/wp-content\/uploads\/2016\/02\/hq-logo.png","width":1252,"height":588,"caption":"HQ Advisory"},"image":{"@id":"http:\/\/hq-advisory.com\/en\/#\/schema\/logo\/image\/"},"sameAs":["https:\/\/www.facebook.com\/hqadvisory","https:\/\/www.instagram.com\/hq_advisory\/","https:\/\/www.linkedin.com\/company\/hq-advisory"]}]}},"jetpack_sharing_enabled":true,"jetpack_shortlink":"https:\/\/wp.me\/P7Gted-6f","_links":{"self":[{"href":"http:\/\/hq-advisory.com\/en\/wp-json\/wp\/v2\/pages\/387","targetHints":{"allow":["GET"]}}],"collection":[{"href":"http:\/\/hq-advisory.com\/en\/wp-json\/wp\/v2\/pages"}],"about":[{"href":"http:\/\/hq-advisory.com\/en\/wp-json\/wp\/v2\/types\/page"}],"author":[{"embeddable":true,"href":"http:\/\/hq-advisory.com\/en\/wp-json\/wp\/v2\/users\/1"}],"replies":[{"embeddable":true,"href":"http:\/\/hq-advisory.com\/en\/wp-json\/wp\/v2\/comments?post=387"}],"version-history":[{"count":3,"href":"http:\/\/hq-advisory.com\/en\/wp-json\/wp\/v2\/pages\/387\/revisions"}],"predecessor-version":[{"id":456,"href":"http:\/\/hq-advisory.com\/en\/wp-json\/wp\/v2\/pages\/387\/revisions\/456"}],"up":[{"embeddable":true,"href":"http:\/\/hq-advisory.com\/en\/wp-json\/wp\/v2\/pages\/69"}],"wp:attachment":[{"href":"http:\/\/hq-advisory.com\/en\/wp-json\/wp\/v2\/media?parent=387"}],"curies":[{"name":"wp","href":"https:\/\/api.w.org\/{rel}","templated":true}]}}