{"id":193,"date":"2016-07-26T21:03:37","date_gmt":"2016-07-26T21:03:37","guid":{"rendered":"http:\/\/hq-advisory.com\/?page_id=193"},"modified":"2017-10-23T04:22:21","modified_gmt":"2017-10-23T04:22:21","slug":"publicacoes-da-hq-advisory","status":"publish","type":"page","link":"http:\/\/hq-advisory.com\/en\/publicacoes-da-hq-advisory\/","title":{"rendered":"Publica\u00e7\u00f5es da HQ Advisory"},"content":{"rendered":"<p style=\"text-align: left;\">A equipe da HQ Advisory se envolve ativamente em diversos ambientes do ecossistema de inova\u00e7\u00e3o , contribuindo na elabora\u00e7\u00e3o de diversos materiais com conte\u00fados nas \u00e1reas de Propriedade Intelectual e Inova\u00e7\u00e3o.<\/p>\n<p style=\"text-align: left;\">Tamb\u00e9m n\u00e3o deixe de conferir nossos textos no\u00a0<a href=\"http:\/\/hq-advisory.com\/blog\/\">BLOG da HQ<\/a>.<\/p>\n<table>\n<tbody>\n<tr>\n<td style=\"text-align: center;\" width=\"425\">Ideias Iniciais em Reda\u00e7\u00e3o de Patentes de Inven\u00e7\u00e3o<a href=\"http:\/\/hq-advisory.com\/wp-content\/uploads\/2016\/07\/ideiais-iniciais_site.pdf\"><img loading=\"lazy\" decoding=\"async\" class=\"wp-image-196 size-medium aligncenter\" src=\"http:\/\/hq-advisory.com\/wp-content\/uploads\/2016\/07\/ideias-iniciais-233x300.png\" alt=\"ideias iniciais\" width=\"233\" height=\"300\" srcset=\"http:\/\/hq-advisory.com\/wp-content\/uploads\/2016\/07\/ideias-iniciais-233x300.png 233w, http:\/\/hq-advisory.com\/wp-content\/uploads\/2016\/07\/ideias-iniciais-768x990.png 768w, http:\/\/hq-advisory.com\/wp-content\/uploads\/2016\/07\/ideias-iniciais-795x1024.png 795w, http:\/\/hq-advisory.com\/wp-content\/uploads\/2016\/07\/ideias-iniciais-648x835.png 648w, http:\/\/hq-advisory.com\/wp-content\/uploads\/2016\/07\/ideias-iniciais-149x192.png 149w, http:\/\/hq-advisory.com\/wp-content\/uploads\/2016\/07\/ideias-iniciais.png 838w\" sizes=\"auto, (max-width: 233px) 100vw, 233px\" \/><\/a><\/td>\n<td width=\"425\">\n<p style=\"text-align: center;\">Por que sua empresa de base tecnol\u00f3gica precisa se preocupar com Propriedade Intelectual?<\/p>\n<p style=\"text-align: center;\"><a href=\"http:\/\/hq-advisory.com\/wp-content\/uploads\/2016\/07\/EBT-Por-que-sua-empresa-de-base-tecnol\u00f3gica-precisa-se-preocupar-com-Propriedade-Intelectual.pdf\" target=\"_blank\" rel=\"noopener\"><img loading=\"lazy\" decoding=\"async\" class=\"aligncenter wp-image-249 size-medium\" src=\"http:\/\/hq-advisory.com\/wp-content\/uploads\/2016\/07\/201703-e-book-EBT-e1490127364155-300x238.png\" width=\"300\" height=\"238\" srcset=\"http:\/\/hq-advisory.com\/wp-content\/uploads\/2016\/07\/201703-e-book-EBT-e1490127364155-300x238.png 300w, http:\/\/hq-advisory.com\/wp-content\/uploads\/2016\/07\/201703-e-book-EBT-e1490127364155-768x610.png 768w, http:\/\/hq-advisory.com\/wp-content\/uploads\/2016\/07\/201703-e-book-EBT-e1490127364155-1024x813.png 1024w, http:\/\/hq-advisory.com\/wp-content\/uploads\/2016\/07\/201703-e-book-EBT-e1490127364155-648x515.png 648w, http:\/\/hq-advisory.com\/wp-content\/uploads\/2016\/07\/201703-e-book-EBT-e1490127364155-242x192.png 242w, http:\/\/hq-advisory.com\/wp-content\/uploads\/2016\/07\/201703-e-book-EBT-e1490127364155.png 1244w\" sizes=\"auto, (max-width: 300px) 100vw, 300px\" \/><\/a><\/p>\n<\/td>\n<\/tr>\n<tr>\n<td style=\"text-align: center;\" width=\"425\">Transfer\u00eancia de Tecnologia como neg\u00f3cio jur\u00eddico inominado<a href=\"http:\/\/acervodigital.ufpr.br\/bitstream\/handle\/1884\/49100\/M1659.pdf?sequence=1&amp;isAllowed=y\" target=\"_blank\" rel=\"noopener\"><img loading=\"lazy\" decoding=\"async\" class=\"aligncenter wp-image-339 size-medium\" src=\"http:\/\/hq-advisory.com\/wp-content\/uploads\/2016\/07\/30461160594_e403cb1dd9_o-221x300.jpg\" alt=\"\" width=\"221\" height=\"300\" srcset=\"http:\/\/hq-advisory.com\/wp-content\/uploads\/2016\/07\/30461160594_e403cb1dd9_o-221x300.jpg 221w, http:\/\/hq-advisory.com\/wp-content\/uploads\/2016\/07\/30461160594_e403cb1dd9_o-768x1042.jpg 768w, http:\/\/hq-advisory.com\/wp-content\/uploads\/2016\/07\/30461160594_e403cb1dd9_o-755x1024.jpg 755w, http:\/\/hq-advisory.com\/wp-content\/uploads\/2016\/07\/30461160594_e403cb1dd9_o-648x879.jpg 648w, http:\/\/hq-advisory.com\/wp-content\/uploads\/2016\/07\/30461160594_e403cb1dd9_o-142x192.jpg 142w\" sizes=\"auto, (max-width: 221px) 100vw, 221px\" \/><\/a><\/td>\n<td width=\"425\">\n<p style=\"text-align: center;\">Integrated Biorefinery: From Sugar Cane to Biojet Fuels<\/p>\n<p style=\"text-align: center;\"><a href=\"http:\/\/hq-advisory.com\/wp-content\/uploads\/2016\/07\/Integrated-Biorefinery_From-Sugar-Cane-to-Biojet-Fuels.pdf\" target=\"_blank\" rel=\"noopener\"><img loading=\"lazy\" decoding=\"async\" class=\"aligncenter wp-image-236 size-medium\" src=\"http:\/\/hq-advisory.com\/wp-content\/uploads\/2016\/07\/File_000-300x225.jpeg\" width=\"300\" height=\"225\" srcset=\"http:\/\/hq-advisory.com\/wp-content\/uploads\/2016\/07\/File_000-300x225.jpeg 300w, http:\/\/hq-advisory.com\/wp-content\/uploads\/2016\/07\/File_000-768x576.jpeg 768w, http:\/\/hq-advisory.com\/wp-content\/uploads\/2016\/07\/File_000-1024x768.jpeg 1024w, http:\/\/hq-advisory.com\/wp-content\/uploads\/2016\/07\/File_000-648x486.jpeg 648w, http:\/\/hq-advisory.com\/wp-content\/uploads\/2016\/07\/File_000-256x192.jpeg 256w\" sizes=\"auto, (max-width: 300px) 100vw, 300px\" \/><\/a><\/p>\n<\/td>\n<\/tr>\n<tr>\n<td style=\"text-align: center;\" width=\"425\"><a href=\"http:\/\/hq-advisory.com\/wp-content\/uploads\/2016\/07\/ideiais-iniciais_site.pdf\">\u00a0<\/a><\/td>\n<td width=\"425\">\n<p style=\"text-align: center;\">\n<\/td>\n<\/tr>\n<\/tbody>\n<\/table>\n","protected":false},"excerpt":{"rendered":"<p>A equipe da HQ Advisory se envolve ativamente em diversos ambientes do ecossistema de inova\u00e7\u00e3o , contribuindo na elabora\u00e7\u00e3o de diversos materiais com conte\u00fados nas \u00e1reas de Propriedade Intelectual e Inova\u00e7\u00e3o. Tamb\u00e9m n\u00e3o deixe de conferir nossos textos no\u00a0BLOG da HQ. Ideias Iniciais em Reda\u00e7\u00e3o de Patentes de Inven\u00e7\u00e3o Por que sua empresa de base &hellip; <a href=\"http:\/\/hq-advisory.com\/en\/publicacoes-da-hq-advisory\/\" class=\"more-link\">Continue reading <span class=\"screen-reader-text\">Publica\u00e7\u00f5es da HQ Advisory<\/span><\/a><\/p>\n","protected":false},"author":1,"featured_media":205,"parent":0,"menu_order":0,"comment_status":"closed","ping_status":"closed","template":"page-templates\/full-width-page.php","meta":{"_exactmetrics_skip_tracking":false,"_exactmetrics_sitenote_active":false,"_exactmetrics_sitenote_note":"","_exactmetrics_sitenote_category":0,"jetpack_post_was_ever_published":false,"footnotes":""},"class_list":["post-193","page","type-page","status-publish","has-post-thumbnail","hentry"],"translation":{"provider":"WPGlobus","version":"3.0.0","language":"en","enabled_languages":["br","en"],"languages":{"br":{"title":true,"content":true,"excerpt":false},"en":{"title":false,"content":false,"excerpt":false}}},"yoast_head":"<!-- This site is optimized with the Yoast SEO plugin v27.4 - https:\/\/yoast.com\/product\/yoast-seo-wordpress\/ -->\n<title>Propriedade Intelectual, Inova\u00e7\u00e3o - Publica\u00e7\u00f5es da HQ Advisory<\/title>\n<meta name=\"robots\" content=\"index, follow, max-snippet:-1, max-image-preview:large, max-video-preview:-1\" \/>\n<link rel=\"canonical\" href=\"http:\/\/hq-advisory.com\/publicacoes-da-hq-advisory\/\" \/>\n<meta property=\"og:locale\" content=\"en_US\" \/>\n<meta property=\"og:type\" content=\"article\" \/>\n<meta property=\"og:title\" content=\"Publica\u00e7\u00f5es da HQ Advisory - HQ Advisory - The Innovation HeadQuarters\" \/>\n<meta property=\"og:url\" content=\"http:\/\/hq-advisory.com\/publicacoes-da-hq-advisory\/\" \/>\n<meta property=\"og:site_name\" content=\"HQ Advisory - The Innovation HeadQuarters\" \/>\n<meta property=\"article:publisher\" content=\"https:\/\/www.facebook.com\/hqadvisory\" \/>\n<meta property=\"article:modified_time\" content=\"2017-10-23T04:22:21+00:00\" \/>\n<meta property=\"og:image\" content=\"http:\/\/hq-advisory.com\/wp-content\/uploads\/2016\/07\/publica\u00e7\u00f5es.png\" \/>\n\t<meta property=\"og:image:width\" content=\"1280\" \/>\n\t<meta property=\"og:image:height\" content=\"720\" \/>\n\t<meta property=\"og:image:type\" content=\"image\/png\" \/>\n<meta name=\"twitter:card\" content=\"summary_large_image\" \/>\n<script type=\"application\/ld+json\" class=\"yoast-schema-graph\">{\"@context\":\"https:\\\/\\\/schema.org\",\"@graph\":[{\"@type\":\"WebPage\",\"@id\":\"http:\\\/\\\/hq-advisory.com\\\/publicacoes-da-hq-advisory\\\/\",\"url\":\"http:\\\/\\\/hq-advisory.com\\\/publicacoes-da-hq-advisory\\\/\",\"name\":\"Propriedade Intelectual, Inova\u00e7\u00e3o - Publica\u00e7\u00f5es da HQ Advisory\",\"isPartOf\":{\"@id\":\"http:\\\/\\\/hq-advisory.com\\\/en\\\/#website\"},\"primaryImageOfPage\":{\"@id\":\"http:\\\/\\\/hq-advisory.com\\\/publicacoes-da-hq-advisory\\\/#primaryimage\"},\"image\":{\"@id\":\"http:\\\/\\\/hq-advisory.com\\\/publicacoes-da-hq-advisory\\\/#primaryimage\"},\"thumbnailUrl\":\"http:\\\/\\\/hq-advisory.com\\\/wp-content\\\/uploads\\\/2016\\\/07\\\/publica\u00e7\u00f5es.png\",\"datePublished\":\"2016-07-26T21:03:37+00:00\",\"dateModified\":\"2017-10-23T04:22:21+00:00\",\"description\":\"Materiais sobre Marcas, Patentes, Propriedade Intelectual e Inova\u00e7\u00e3o.\",\"breadcrumb\":{\"@id\":\"http:\\\/\\\/hq-advisory.com\\\/publicacoes-da-hq-advisory\\\/#breadcrumb\"},\"inLanguage\":\"en-US\",\"potentialAction\":[{\"@type\":\"ReadAction\",\"target\":[\"http:\\\/\\\/hq-advisory.com\\\/publicacoes-da-hq-advisory\\\/\"]}]},{\"@type\":\"ImageObject\",\"inLanguage\":\"en-US\",\"@id\":\"http:\\\/\\\/hq-advisory.com\\\/publicacoes-da-hq-advisory\\\/#primaryimage\",\"url\":\"http:\\\/\\\/hq-advisory.com\\\/wp-content\\\/uploads\\\/2016\\\/07\\\/publica\u00e7\u00f5es.png\",\"contentUrl\":\"http:\\\/\\\/hq-advisory.com\\\/wp-content\\\/uploads\\\/2016\\\/07\\\/publica\u00e7\u00f5es.png\",\"width\":1280,\"height\":720},{\"@type\":\"BreadcrumbList\",\"@id\":\"http:\\\/\\\/hq-advisory.com\\\/publicacoes-da-hq-advisory\\\/#breadcrumb\",\"itemListElement\":[{\"@type\":\"ListItem\",\"position\":1,\"name\":\"In\u00edcio\",\"item\":\"http:\\\/\\\/hq-advisory.com\\\/en\\\/\"},{\"@type\":\"ListItem\",\"position\":2,\"name\":\"Publica\u00e7\u00f5es da HQ Advisory\"}]},{\"@type\":\"WebSite\",\"@id\":\"http:\\\/\\\/hq-advisory.com\\\/en\\\/#website\",\"url\":\"http:\\\/\\\/hq-advisory.com\\\/en\\\/\",\"name\":\"HQ Advisory - The Innovation HeadQuarters\",\"description\":\"A HQ Advisory oferece servi\u00e7os de valida\u00e7\u00e3o jur\u00eddica , prote\u00e7\u00e3o de propriedade Intelectual, registro de patentes e marcas, reda\u00e7\u00e3o de contratos, cursos e treinamentos. O Quartel General da Inova\u00e7\u00e3o\",\"publisher\":{\"@id\":\"http:\\\/\\\/hq-advisory.com\\\/en\\\/#organization\"},\"potentialAction\":[{\"@type\":\"SearchAction\",\"target\":{\"@type\":\"EntryPoint\",\"urlTemplate\":\"http:\\\/\\\/hq-advisory.com\\\/en\\\/?s={search_term_string}\"},\"query-input\":{\"@type\":\"PropertyValueSpecification\",\"valueRequired\":true,\"valueName\":\"search_term_string\"}}],\"inLanguage\":\"en-US\"},{\"@type\":\"Organization\",\"@id\":\"http:\\\/\\\/hq-advisory.com\\\/en\\\/#organization\",\"name\":\"HQ Advisory\",\"url\":\"http:\\\/\\\/hq-advisory.com\\\/en\\\/\",\"logo\":{\"@type\":\"ImageObject\",\"inLanguage\":\"en-US\",\"@id\":\"http:\\\/\\\/hq-advisory.com\\\/en\\\/#\\\/schema\\\/logo\\\/image\\\/\",\"url\":\"http:\\\/\\\/hq-advisory.com\\\/wp-content\\\/uploads\\\/2016\\\/02\\\/hq-logo.png\",\"contentUrl\":\"http:\\\/\\\/hq-advisory.com\\\/wp-content\\\/uploads\\\/2016\\\/02\\\/hq-logo.png\",\"width\":1252,\"height\":588,\"caption\":\"HQ Advisory\"},\"image\":{\"@id\":\"http:\\\/\\\/hq-advisory.com\\\/en\\\/#\\\/schema\\\/logo\\\/image\\\/\"},\"sameAs\":[\"https:\\\/\\\/www.facebook.com\\\/hqadvisory\",\"https:\\\/\\\/www.instagram.com\\\/hq_advisory\\\/\",\"https:\\\/\\\/www.linkedin.com\\\/company\\\/hq-advisory\"]}]}<\/script>\n<!-- \/ Yoast SEO plugin. -->","yoast_head_json":{"title":"Propriedade Intelectual, Inova\u00e7\u00e3o - Publica\u00e7\u00f5es da HQ Advisory","robots":{"index":"index","follow":"follow","max-snippet":"max-snippet:-1","max-image-preview":"max-image-preview:large","max-video-preview":"max-video-preview:-1"},"canonical":"http:\/\/hq-advisory.com\/publicacoes-da-hq-advisory\/","og_locale":"en_US","og_type":"article","og_title":"Publica\u00e7\u00f5es da HQ Advisory - HQ Advisory - The Innovation HeadQuarters","og_url":"http:\/\/hq-advisory.com\/publicacoes-da-hq-advisory\/","og_site_name":"HQ Advisory - The Innovation HeadQuarters","article_publisher":"https:\/\/www.facebook.com\/hqadvisory","article_modified_time":"2017-10-23T04:22:21+00:00","og_image":[{"width":1280,"height":720,"url":"http:\/\/hq-advisory.com\/wp-content\/uploads\/2016\/07\/publica\u00e7\u00f5es.png","type":"image\/png"}],"twitter_card":"summary_large_image","schema":{"@context":"https:\/\/schema.org","@graph":[{"@type":"WebPage","@id":"http:\/\/hq-advisory.com\/publicacoes-da-hq-advisory\/","url":"http:\/\/hq-advisory.com\/publicacoes-da-hq-advisory\/","name":"Propriedade Intelectual, Inova\u00e7\u00e3o - Publica\u00e7\u00f5es da HQ Advisory","isPartOf":{"@id":"http:\/\/hq-advisory.com\/en\/#website"},"primaryImageOfPage":{"@id":"http:\/\/hq-advisory.com\/publicacoes-da-hq-advisory\/#primaryimage"},"image":{"@id":"http:\/\/hq-advisory.com\/publicacoes-da-hq-advisory\/#primaryimage"},"thumbnailUrl":"http:\/\/hq-advisory.com\/wp-content\/uploads\/2016\/07\/publica\u00e7\u00f5es.png","datePublished":"2016-07-26T21:03:37+00:00","dateModified":"2017-10-23T04:22:21+00:00","description":"Materiais sobre Marcas, Patentes, Propriedade Intelectual e Inova\u00e7\u00e3o.","breadcrumb":{"@id":"http:\/\/hq-advisory.com\/publicacoes-da-hq-advisory\/#breadcrumb"},"inLanguage":"en-US","potentialAction":[{"@type":"ReadAction","target":["http:\/\/hq-advisory.com\/publicacoes-da-hq-advisory\/"]}]},{"@type":"ImageObject","inLanguage":"en-US","@id":"http:\/\/hq-advisory.com\/publicacoes-da-hq-advisory\/#primaryimage","url":"http:\/\/hq-advisory.com\/wp-content\/uploads\/2016\/07\/publica\u00e7\u00f5es.png","contentUrl":"http:\/\/hq-advisory.com\/wp-content\/uploads\/2016\/07\/publica\u00e7\u00f5es.png","width":1280,"height":720},{"@type":"BreadcrumbList","@id":"http:\/\/hq-advisory.com\/publicacoes-da-hq-advisory\/#breadcrumb","itemListElement":[{"@type":"ListItem","position":1,"name":"In\u00edcio","item":"http:\/\/hq-advisory.com\/en\/"},{"@type":"ListItem","position":2,"name":"Publica\u00e7\u00f5es da HQ Advisory"}]},{"@type":"WebSite","@id":"http:\/\/hq-advisory.com\/en\/#website","url":"http:\/\/hq-advisory.com\/en\/","name":"HQ Advisory - The Innovation HeadQuarters","description":"A HQ Advisory oferece servi\u00e7os de valida\u00e7\u00e3o jur\u00eddica , prote\u00e7\u00e3o de propriedade Intelectual, registro de patentes e marcas, reda\u00e7\u00e3o de contratos, cursos e treinamentos. O Quartel General da Inova\u00e7\u00e3o","publisher":{"@id":"http:\/\/hq-advisory.com\/en\/#organization"},"potentialAction":[{"@type":"SearchAction","target":{"@type":"EntryPoint","urlTemplate":"http:\/\/hq-advisory.com\/en\/?s={search_term_string}"},"query-input":{"@type":"PropertyValueSpecification","valueRequired":true,"valueName":"search_term_string"}}],"inLanguage":"en-US"},{"@type":"Organization","@id":"http:\/\/hq-advisory.com\/en\/#organization","name":"HQ Advisory","url":"http:\/\/hq-advisory.com\/en\/","logo":{"@type":"ImageObject","inLanguage":"en-US","@id":"http:\/\/hq-advisory.com\/en\/#\/schema\/logo\/image\/","url":"http:\/\/hq-advisory.com\/wp-content\/uploads\/2016\/02\/hq-logo.png","contentUrl":"http:\/\/hq-advisory.com\/wp-content\/uploads\/2016\/02\/hq-logo.png","width":1252,"height":588,"caption":"HQ Advisory"},"image":{"@id":"http:\/\/hq-advisory.com\/en\/#\/schema\/logo\/image\/"},"sameAs":["https:\/\/www.facebook.com\/hqadvisory","https:\/\/www.instagram.com\/hq_advisory\/","https:\/\/www.linkedin.com\/company\/hq-advisory"]}]}},"jetpack_sharing_enabled":true,"jetpack_shortlink":"https:\/\/wp.me\/P7Gted-37","_links":{"self":[{"href":"http:\/\/hq-advisory.com\/en\/wp-json\/wp\/v2\/pages\/193","targetHints":{"allow":["GET"]}}],"collection":[{"href":"http:\/\/hq-advisory.com\/en\/wp-json\/wp\/v2\/pages"}],"about":[{"href":"http:\/\/hq-advisory.com\/en\/wp-json\/wp\/v2\/types\/page"}],"author":[{"embeddable":true,"href":"http:\/\/hq-advisory.com\/en\/wp-json\/wp\/v2\/users\/1"}],"replies":[{"embeddable":true,"href":"http:\/\/hq-advisory.com\/en\/wp-json\/wp\/v2\/comments?post=193"}],"version-history":[{"count":15,"href":"http:\/\/hq-advisory.com\/en\/wp-json\/wp\/v2\/pages\/193\/revisions"}],"predecessor-version":[{"id":340,"href":"http:\/\/hq-advisory.com\/en\/wp-json\/wp\/v2\/pages\/193\/revisions\/340"}],"wp:featuredmedia":[{"embeddable":true,"href":"http:\/\/hq-advisory.com\/en\/wp-json\/wp\/v2\/media\/205"}],"wp:attachment":[{"href":"http:\/\/hq-advisory.com\/en\/wp-json\/wp\/v2\/media?parent=193"}],"curies":[{"name":"wp","href":"https:\/\/api.w.org\/{rel}","templated":true}]}}