{"id":101,"date":"2016-03-13T20:40:32","date_gmt":"2016-03-13T20:40:32","guid":{"rendered":"http:\/\/hq-advisory.com\/?page_id=101"},"modified":"2017-04-20T18:33:27","modified_gmt":"2017-04-20T18:33:27","slug":"sobre-arte-de-descobrir-aquilo-que-voce-nao-estava-procurando","status":"publish","type":"page","link":"http:\/\/hq-advisory.com\/en\/blog\/sobre-arte-de-descobrir-aquilo-que-voce-nao-estava-procurando\/","title":{"rendered":"Sobre a arte de descobrir aquilo que voc\u00ea n\u00e3o estava procurando"},"content":{"rendered":"<figure id=\"attachment_102\" aria-describedby=\"caption-attachment-102\" style=\"width: 236px\" class=\"wp-caption alignleft\"><img loading=\"lazy\" decoding=\"async\" class=\"wp-image-102 \" title=\"descobertas por acaso\" src=\"http:\/\/hq-advisory.com\/wp-content\/uploads\/2016\/03\/00006-225x300.jpg\" alt=\"descobertas por acaso\" width=\"236\" height=\"315\" srcset=\"http:\/\/hq-advisory.com\/wp-content\/uploads\/2016\/03\/00006-225x300.jpg 225w, http:\/\/hq-advisory.com\/wp-content\/uploads\/2016\/03\/00006-144x192.jpg 144w, http:\/\/hq-advisory.com\/wp-content\/uploads\/2016\/03\/00006.jpg 600w\" sizes=\"auto, (max-width: 236px) 100vw, 236px\" \/><figcaption id=\"caption-attachment-102\" class=\"wp-caption-text\"><i><span style=\"font-weight: 400;\">Esse \u00e9 um amigo meu de faculdade, em seu primeiro dia em um laborat\u00f3rio, pensando \u201cNossa, eu mando muito bem nisso!\u201d. Hoje, quase 10 anos depois e muito mais experi\u00eancia, ele est\u00e1 envolvido em experimentos cient\u00edficos mais avan\u00e7ados do que a an\u00e1lise da qualidade do vinagre retratada por esta foto.<\/span><\/i><\/figcaption><\/figure>\n<p><span style=\"font-weight: 400;\">Uma das minhas primeiras e mais marcantes experi\u00eancias na vida acad\u00eamica e cient\u00edfica aconteceu em um aula pr\u00e1tica de Qu\u00edmica Org\u00e2nica, logo no in\u00edcio da minha faculdade. Eu estava apenas no in\u00edcio do longo processo de adquirir destreza em manusear vidrarias, preparar experimentos e lidar com volumes precisos. Eu ainda n\u00e3o sabia disso e estava convicta que estava arrasando &#8211; e quem j\u00e1 trabalhou em um laborat\u00f3rio de qu\u00edmica pode testemunhar que essa \u00e9 uma habilidade conquistada com muito tempo e pr\u00e1tica.<\/span><\/p>\n<p><span style=\"font-weight: 400;\">At\u00e9 que, em uma fat\u00eddica aula, um simples experimento n\u00e3o deu certo.<\/span><\/p>\n<p><span style=\"font-weight: 400;\">A primeira rea\u00e7\u00e3o, minha e de meus colegas, foi: <\/span><\/p>\n<p><span style=\"font-weight: 400;\">\u201cGalera, corre, vamos repetir tudo para fazer dar certo!\u201d E foi exatamente isso que come\u00e7amos a fazer.<\/span><\/p>\n<p><span style=\"font-weight: 400;\">At\u00e9 que ouvimos o professor declarar: <\/span><\/p>\n<p><span style=\"font-weight: 400;\">\u201cParem com isso! O que voc\u00eas est\u00e3o fazendo?\u201d<\/span><\/p>\n<p><span style=\"font-weight: 400;\">E foi nesse momento em que eu fui apresentada a um dos <\/span><span style=\"font-weight: 400;\">principais pilares do m\u00e9todo cient\u00edfico:<\/span><\/p>\n<p><span style=\"font-weight: 400;\">Deu errado? A sua primeira rea\u00e7\u00e3o <strong>n\u00e3o<\/strong> deve ser refazer at\u00e9 dar certo.<\/span><\/p>\n<p><span style=\"font-weight: 400;\">A primeira pergunta a ser feita \u00e9: <\/span><\/p>\n<p><span style=\"text-decoration: underline;\"><span style=\"font-weight: 400;\">\u201cO que aconteceu para produzir esse resultado inesperado?\u201d<\/span><\/span><\/p>\n<h2><b>O \u201cconceito\u201d por tr\u00e1s disso<\/b><\/h2>\n<p><span style=\"font-weight: 400;\">N\u00e3o \u00e9 recente a observa\u00e7\u00e3o do potencial de realiza\u00e7\u00e3o de descobertas a partir de resultados inesperados.<\/span><\/p>\n<p><span style=\"font-weight: 400;\">A palavra Serendipismo, adapta\u00e7\u00e3o em portugu\u00eas do ingl\u00eas <\/span><i><span style=\"font-weight: 400;\">Serendipity<\/span><\/i><span style=\"font-weight: 400;\">, foi criada em 1754 pelo escritor Horace Walpole ao adaptar para o ingl\u00eas o conto persa infantil <\/span><i><span style=\"font-weight: 400;\">Os tr\u00eas pr\u00edncipes de Serendip<\/span><\/i><span style=\"font-weight: 400;\">. Na hist\u00f3ria \u00e9 destacada a seguinte realidade:<\/span><\/p>\n<p><i><span style=\"font-weight: 400;\">\u201c\u00c0 medida que os pr\u00edncipes viajavam, eles sempre faziam novas descobertas, por acidente e com sagacidade, de coisas que eles n\u00e3o estavam \u00e0 procura.\u201d<\/span><\/i><\/p>\n<h2><b>Sobre descobertas por acaso<\/b><\/h2>\n<p><span style=\"font-weight: 400;\">Basta voc\u00ea pesquisar por \u201cdescobertas por acaso\u201d na internet e encontrar\u00e1 diversas listas com exemplos de produtos do dia-a-dia que foram desenvolvidos por observa\u00e7\u00e3o de fen\u00f4menos inesperados e sua adapta\u00e7\u00e3o para prop\u00f3sitos diferentes &#8211; e geralmente mais promissores &#8211; que os iniciais, desde a penicilina at\u00e9 o forno microondas.<\/span><\/p>\n<p><span style=\"font-weight: 400;\">Mas esse tipo de descobertas n\u00e3o se limitam \u00e0 \u00e1rea cient\u00edfica. <\/span><\/p>\n<p><span style=\"font-weight: 400;\">Ferramentas recentes para constru\u00e7\u00e3o de novas empresas e <\/span><i><span style=\"font-weight: 400;\">startups<\/span><\/i><span style=\"font-weight: 400;\">, com destaque ao <\/span><i><span style=\"font-weight: 400;\">Customer Development<\/span><\/i><span style=\"font-weight: 400;\">, ressaltam a import\u00e2ncia de testar ideias de produtos e servi\u00e7os no mercado. <\/span><\/p>\n<p><span style=\"font-weight: 400;\">Estas ferramentas consideram que solu\u00e7\u00f5es para demandas de mercado se baseiam em hip\u00f3teses &#8211; <em>ser\u00e1 que os seus clientes realmente t\u00eam esse problema? Eles estariam dispostos a pagar por sua solu\u00e7\u00e3o?<\/em> E justamente por serem hip\u00f3teses, devem ser testadas, validadas e renovadas.<\/span><\/p>\n<p>A\u00a0l\u00f3gica por tr\u00e1s dessa estrat\u00e9gia de consolidar\u00a0ideias \u00e9 evidente, mas seu sucesso depende de um fator important\u00edssimo: o desapego.<\/p>\n<p>Voc\u00ea j\u00e1 deve ter visto (a falta de) desapego de ideias em a\u00e7\u00e3o. Frases como &#8220;ningu\u00e9m entendeu a minha ideia&#8221;, &#8220;ele n\u00e3o sabe que precisa disso&#8221;, &#8220;comigo vai ser diferente&#8221;, usualmente n\u00e3o contribuem muito na valida\u00e7\u00e3o de hip\u00f3teses e consolida\u00e7\u00e3o de ideias que se adequem \u00e0s melhores oportunidades.<\/p>\n<p>Ou seja, buscar entender o real motivo de uma falha e de o porqu\u00ea uma hip\u00f3tese n\u00e3o \u00e9 v\u00e1lida, aumenta a possibilidade de identificar novas oportunidades, muitas vezes mais disruptivas que as ideias iniciais.<\/p>\n<p>Outro lado do &#8220;desapego de ideias&#8221;, \u00e9 ilustrado pelo\u00a0exemplo que iniciou esse artigo: meus colegas e eu acabamos sem fazer descoberta inesperada alguma, mas a reflex\u00e3o dos motivos pelos quais n\u00e3o obtivemos os resultados previstos nos tornou mais conscientes dos pontos de melhoria de nossas habilidades naquele tipo de ambiente. Caso tiv\u00e9ssemos repetido todos os procedimentos at\u00e9 alcan\u00e7ar o resultado esperado, talvez fosse demorar um pouco mais para notarmos nossas limita\u00e7\u00f5es.<\/p>\n<p><span style=\"font-weight: 400;\">Em outras palavras, desde a concep\u00e7\u00e3o de novos produtos e servi\u00e7os at\u00e9 descobertas cient\u00edficas, \u00e9 fundamental a habilidade de manter a mente aberta para m\u00faltiplas possibilidades e para buscar as causas de resultados inesperados.\u00a0<\/span><span style=\"font-weight: 400;\">Especialmente em tempos de crise, a capacidade de renova\u00e7\u00e3o e adapta\u00e7\u00e3o a cen\u00e1rios din\u00e2micos pode ser o diferencial para a manuten\u00e7\u00e3o e crescimento de empresas.<\/span><\/p>\n<p>&#8212;&#8212;&#8212;&#8212;&#8212;<\/p>\n<p>Quer saber mais sobre o assunto?<\/p>\n<p><a href=\"http:\/\/www.nytimes.com\/2016\/01\/03\/opinion\/how-to-cultivate-the-art-of-serendipity.html?_r=1\" target=\"_blank\">How to Cultivate the Art of Serendipity &#8211; The New York Times<\/a> <em>[em ingl\u00eas]<\/em><\/p>\n<p><a href=\"http:\/\/noticias.uol.com.br\/ciencia\/album\/2014\/11\/27\/veja-20-coisas-que-foram-descobertas-sem-querer.htm\" target=\"_blank\">Veja 20 descobertas da ci\u00eancia que surgiram por acaso &#8211; UOL<\/a><\/p>\n<p><a href=\"http:\/\/www.avon.com.pt\/PRSuite\/history.page\" target=\"_blank\">A Hist\u00f3ria da Avon <\/a>&#8211; voc\u00ea sabia que o fundador da Avon come\u00e7ou como\u00a0vendedor de livros? Quando ele come\u00e7ou a distribuir perfumes como brindes \u00e0s suas clientes, ele observou que os perfumes passaram a ser mais requisitados do que os livros. E, a partir dessa observa\u00e7\u00e3o, ele decidiu trocar de ramo e fundou a Avon, hoje com mais de um s\u00e9culo de exist\u00eancia.<\/p>\n<p>&#8212;&#8212;&#8212;&#8212;&#8212;<\/p>\n<p><strong>Caro<img loading=\"lazy\" decoding=\"async\" class=\"alignleft wp-image-31 \" src=\"https:\/\/hqadvisory.files.wordpress.com\/2015\/01\/carolina_site.png?w=96&amp;h=96&amp;crop=1\" alt=\"Carolina_site\" width=\"120\" height=\"120\" \/>lina Heimann<\/strong><br \/>\n\u00e9 engenheira de bioprocessos e biotecnologista pela UFPR, e tem experi\u00eancia nas \u00e1reas de Propriedade Intelectual, Estrat\u00e9gia, Transfer\u00eancia de Tecnologia, Gest\u00e3o e Inova\u00e7\u00e3o.<\/p>\n<p>&nbsp;<\/p>\n<p><span style=\"color: #808080;\">Esse texto &#8220;Sobre a arte de descobrir aquilo que voc\u00ea n\u00e3o estava procurando&#8221; \u00e9 livre e <i>open source. <\/i>Voc\u00ea tem permiss\u00e3o para republicar esse texto sob licen\u00e7a Creative Commons (<a style=\"color: #808080;\" href=\"https:\/\/creativecommons.org\/licenses\/by\/3.0\/br\/\" target=\"_blank\">https:\/\/creativecommons.org\/<wbr \/>licenses\/by\/3.0\/br\/<\/a>) , atribuindo a autoria a &#8220;Carolina Heimann&#8221;, HQ Advisory, 13 de mar\u00e7o\u00a0de 2016, 20h40.\u00a0<span style=\"font-size: 16px; line-height: 1.5;\">Se voc\u00ea identificar algum erro de digita\u00e7\u00e3o, mande um e-mail para <\/span><a style=\"font-size: 16px; line-height: 1.5; color: #808080;\" href=\"mailto:contato@hq-advisory.com\" target=\"_blank\">contato@hq-advisory.com<\/a><\/span><\/p>\n","protected":false},"excerpt":{"rendered":"<p>Uma das minhas primeiras e mais marcantes experi\u00eancias na vida acad\u00eamica e cient\u00edfica aconteceu em um aula pr\u00e1tica de Qu\u00edmica Org\u00e2nica, logo no in\u00edcio da minha faculdade. Eu estava apenas no in\u00edcio do longo processo de adquirir destreza em manusear vidrarias, preparar experimentos e lidar com volumes precisos. Eu ainda n\u00e3o sabia disso e estava &hellip; <a href=\"http:\/\/hq-advisory.com\/en\/blog\/sobre-arte-de-descobrir-aquilo-que-voce-nao-estava-procurando\/\" class=\"more-link\">Continue reading <span class=\"screen-reader-text\">Sobre a arte de descobrir aquilo que voc\u00ea n\u00e3o estava procurando<\/span><\/a><\/p>\n","protected":false},"author":1,"featured_media":0,"parent":69,"menu_order":4,"comment_status":"closed","ping_status":"closed","template":"page-templates\/full-width-page.php","meta":{"_exactmetrics_skip_tracking":false,"_exactmetrics_sitenote_active":false,"_exactmetrics_sitenote_note":"","_exactmetrics_sitenote_category":0,"jetpack_post_was_ever_published":false,"footnotes":""},"class_list":["post-101","page","type-page","status-publish","hentry"],"translation":{"provider":"WPGlobus","version":"3.0.0","language":"en","enabled_languages":["br","en"],"languages":{"br":{"title":true,"content":true,"excerpt":false},"en":{"title":false,"content":false,"excerpt":false}}},"yoast_head":"<!-- This site is optimized with the Yoast SEO plugin v27.5 - https:\/\/yoast.com\/product\/yoast-seo-wordpress\/ -->\n<title>Sobre a arte de descobrir aquilo que voc\u00ea n\u00e3o estava procurando - HQ Advisory - The Innovation HeadQuarters<\/title>\n<meta name=\"robots\" content=\"index, follow, max-snippet:-1, max-image-preview:large, max-video-preview:-1\" \/>\n<link rel=\"canonical\" href=\"http:\/\/hq-advisory.com\/blog\/sobre-arte-de-descobrir-aquilo-que-voce-nao-estava-procurando\/\" \/>\n<meta property=\"og:locale\" content=\"en_US\" \/>\n<meta property=\"og:type\" content=\"article\" \/>\n<meta property=\"og:title\" content=\"Sobre a arte de descobrir aquilo que voc\u00ea n\u00e3o estava procurando - HQ Advisory - The Innovation HeadQuarters\" \/>\n<meta property=\"og:url\" content=\"http:\/\/hq-advisory.com\/blog\/sobre-arte-de-descobrir-aquilo-que-voce-nao-estava-procurando\/\" \/>\n<meta property=\"og:site_name\" content=\"HQ Advisory - The Innovation HeadQuarters\" \/>\n<meta property=\"article:publisher\" content=\"https:\/\/www.facebook.com\/hqadvisory\" \/>\n<meta property=\"article:modified_time\" content=\"2017-04-20T18:33:27+00:00\" \/>\n<meta property=\"og:image\" content=\"http:\/\/hq-advisory.com\/wp-content\/uploads\/2016\/03\/00006-225x300.jpg\" \/>\n<meta name=\"twitter:card\" content=\"summary_large_image\" \/>\n<meta name=\"twitter:label1\" content=\"Est. reading time\" \/>\n\t<meta name=\"twitter:data1\" content=\"5 minutes\" \/>\n<script type=\"application\/ld+json\" class=\"yoast-schema-graph\">{\"@context\":\"https:\\\/\\\/schema.org\",\"@graph\":[{\"@type\":\"WebPage\",\"@id\":\"http:\\\/\\\/hq-advisory.com\\\/blog\\\/sobre-arte-de-descobrir-aquilo-que-voce-nao-estava-procurando\\\/\",\"url\":\"http:\\\/\\\/hq-advisory.com\\\/blog\\\/sobre-arte-de-descobrir-aquilo-que-voce-nao-estava-procurando\\\/\",\"name\":\"Sobre a arte de descobrir aquilo que voc\u00ea n\u00e3o estava procurando - HQ Advisory - The Innovation HeadQuarters\",\"isPartOf\":{\"@id\":\"http:\\\/\\\/hq-advisory.com\\\/en\\\/#website\"},\"primaryImageOfPage\":{\"@id\":\"http:\\\/\\\/hq-advisory.com\\\/blog\\\/sobre-arte-de-descobrir-aquilo-que-voce-nao-estava-procurando\\\/#primaryimage\"},\"image\":{\"@id\":\"http:\\\/\\\/hq-advisory.com\\\/blog\\\/sobre-arte-de-descobrir-aquilo-que-voce-nao-estava-procurando\\\/#primaryimage\"},\"thumbnailUrl\":\"http:\\\/\\\/hq-advisory.com\\\/wp-content\\\/uploads\\\/2016\\\/03\\\/00006-225x300.jpg\",\"datePublished\":\"2016-03-13T20:40:32+00:00\",\"dateModified\":\"2017-04-20T18:33:27+00:00\",\"description\":\"Descobertas por acaso mostram que se algo saiu fora do planejado, a sua primeira rea\u00e7\u00e3o n\u00e3o deve ser refazer at\u00e9 dar certo, mas entender a causa do erro.\",\"breadcrumb\":{\"@id\":\"http:\\\/\\\/hq-advisory.com\\\/blog\\\/sobre-arte-de-descobrir-aquilo-que-voce-nao-estava-procurando\\\/#breadcrumb\"},\"inLanguage\":\"en-US\",\"potentialAction\":[{\"@type\":\"ReadAction\",\"target\":[\"http:\\\/\\\/hq-advisory.com\\\/blog\\\/sobre-arte-de-descobrir-aquilo-que-voce-nao-estava-procurando\\\/\"]}]},{\"@type\":\"ImageObject\",\"inLanguage\":\"en-US\",\"@id\":\"http:\\\/\\\/hq-advisory.com\\\/blog\\\/sobre-arte-de-descobrir-aquilo-que-voce-nao-estava-procurando\\\/#primaryimage\",\"url\":\"http:\\\/\\\/hq-advisory.com\\\/wp-content\\\/uploads\\\/2016\\\/03\\\/00006-225x300.jpg\",\"contentUrl\":\"http:\\\/\\\/hq-advisory.com\\\/wp-content\\\/uploads\\\/2016\\\/03\\\/00006-225x300.jpg\"},{\"@type\":\"BreadcrumbList\",\"@id\":\"http:\\\/\\\/hq-advisory.com\\\/blog\\\/sobre-arte-de-descobrir-aquilo-que-voce-nao-estava-procurando\\\/#breadcrumb\",\"itemListElement\":[{\"@type\":\"ListItem\",\"position\":1,\"name\":\"In\u00edcio\",\"item\":\"http:\\\/\\\/hq-advisory.com\\\/en\\\/\"},{\"@type\":\"ListItem\",\"position\":2,\"name\":\"BLOG\",\"item\":\"http:\\\/\\\/hq-advisory.com\\\/blog\\\/\"},{\"@type\":\"ListItem\",\"position\":3,\"name\":\"Sobre a arte de descobrir aquilo que voc\u00ea n\u00e3o estava procurando\"}]},{\"@type\":\"WebSite\",\"@id\":\"http:\\\/\\\/hq-advisory.com\\\/en\\\/#website\",\"url\":\"http:\\\/\\\/hq-advisory.com\\\/en\\\/\",\"name\":\"HQ Advisory - The Innovation HeadQuarters\",\"description\":\"A HQ Advisory oferece servi\u00e7os de valida\u00e7\u00e3o jur\u00eddica , prote\u00e7\u00e3o de propriedade Intelectual, registro de patentes e marcas, reda\u00e7\u00e3o de contratos, cursos e treinamentos. O Quartel General da Inova\u00e7\u00e3o\",\"publisher\":{\"@id\":\"http:\\\/\\\/hq-advisory.com\\\/en\\\/#organization\"},\"potentialAction\":[{\"@type\":\"SearchAction\",\"target\":{\"@type\":\"EntryPoint\",\"urlTemplate\":\"http:\\\/\\\/hq-advisory.com\\\/en\\\/?s={search_term_string}\"},\"query-input\":{\"@type\":\"PropertyValueSpecification\",\"valueRequired\":true,\"valueName\":\"search_term_string\"}}],\"inLanguage\":\"en-US\"},{\"@type\":\"Organization\",\"@id\":\"http:\\\/\\\/hq-advisory.com\\\/en\\\/#organization\",\"name\":\"HQ Advisory\",\"url\":\"http:\\\/\\\/hq-advisory.com\\\/en\\\/\",\"logo\":{\"@type\":\"ImageObject\",\"inLanguage\":\"en-US\",\"@id\":\"http:\\\/\\\/hq-advisory.com\\\/en\\\/#\\\/schema\\\/logo\\\/image\\\/\",\"url\":\"http:\\\/\\\/hq-advisory.com\\\/wp-content\\\/uploads\\\/2016\\\/02\\\/hq-logo.png\",\"contentUrl\":\"http:\\\/\\\/hq-advisory.com\\\/wp-content\\\/uploads\\\/2016\\\/02\\\/hq-logo.png\",\"width\":1252,\"height\":588,\"caption\":\"HQ Advisory\"},\"image\":{\"@id\":\"http:\\\/\\\/hq-advisory.com\\\/en\\\/#\\\/schema\\\/logo\\\/image\\\/\"},\"sameAs\":[\"https:\\\/\\\/www.facebook.com\\\/hqadvisory\",\"https:\\\/\\\/www.instagram.com\\\/hq_advisory\\\/\",\"https:\\\/\\\/www.linkedin.com\\\/company\\\/hq-advisory\"]}]}<\/script>\n<!-- \/ Yoast SEO plugin. -->","yoast_head_json":{"title":"Sobre a arte de descobrir aquilo que voc\u00ea n\u00e3o estava procurando - HQ Advisory - The Innovation HeadQuarters","robots":{"index":"index","follow":"follow","max-snippet":"max-snippet:-1","max-image-preview":"max-image-preview:large","max-video-preview":"max-video-preview:-1"},"canonical":"http:\/\/hq-advisory.com\/blog\/sobre-arte-de-descobrir-aquilo-que-voce-nao-estava-procurando\/","og_locale":"en_US","og_type":"article","og_title":"Sobre a arte de descobrir aquilo que voc\u00ea n\u00e3o estava procurando - HQ Advisory - The Innovation HeadQuarters","og_url":"http:\/\/hq-advisory.com\/blog\/sobre-arte-de-descobrir-aquilo-que-voce-nao-estava-procurando\/","og_site_name":"HQ Advisory - The Innovation HeadQuarters","article_publisher":"https:\/\/www.facebook.com\/hqadvisory","article_modified_time":"2017-04-20T18:33:27+00:00","og_image":[{"url":"http:\/\/hq-advisory.com\/wp-content\/uploads\/2016\/03\/00006-225x300.jpg","type":"","width":"","height":""}],"twitter_card":"summary_large_image","twitter_misc":{"Est. reading time":"5 minutes"},"schema":{"@context":"https:\/\/schema.org","@graph":[{"@type":"WebPage","@id":"http:\/\/hq-advisory.com\/blog\/sobre-arte-de-descobrir-aquilo-que-voce-nao-estava-procurando\/","url":"http:\/\/hq-advisory.com\/blog\/sobre-arte-de-descobrir-aquilo-que-voce-nao-estava-procurando\/","name":"Sobre a arte de descobrir aquilo que voc\u00ea n\u00e3o estava procurando - HQ Advisory - The Innovation HeadQuarters","isPartOf":{"@id":"http:\/\/hq-advisory.com\/en\/#website"},"primaryImageOfPage":{"@id":"http:\/\/hq-advisory.com\/blog\/sobre-arte-de-descobrir-aquilo-que-voce-nao-estava-procurando\/#primaryimage"},"image":{"@id":"http:\/\/hq-advisory.com\/blog\/sobre-arte-de-descobrir-aquilo-que-voce-nao-estava-procurando\/#primaryimage"},"thumbnailUrl":"http:\/\/hq-advisory.com\/wp-content\/uploads\/2016\/03\/00006-225x300.jpg","datePublished":"2016-03-13T20:40:32+00:00","dateModified":"2017-04-20T18:33:27+00:00","description":"Descobertas por acaso mostram que se algo saiu fora do planejado, a sua primeira rea\u00e7\u00e3o n\u00e3o deve ser refazer at\u00e9 dar certo, mas entender a causa do erro.","breadcrumb":{"@id":"http:\/\/hq-advisory.com\/blog\/sobre-arte-de-descobrir-aquilo-que-voce-nao-estava-procurando\/#breadcrumb"},"inLanguage":"en-US","potentialAction":[{"@type":"ReadAction","target":["http:\/\/hq-advisory.com\/blog\/sobre-arte-de-descobrir-aquilo-que-voce-nao-estava-procurando\/"]}]},{"@type":"ImageObject","inLanguage":"en-US","@id":"http:\/\/hq-advisory.com\/blog\/sobre-arte-de-descobrir-aquilo-que-voce-nao-estava-procurando\/#primaryimage","url":"http:\/\/hq-advisory.com\/wp-content\/uploads\/2016\/03\/00006-225x300.jpg","contentUrl":"http:\/\/hq-advisory.com\/wp-content\/uploads\/2016\/03\/00006-225x300.jpg"},{"@type":"BreadcrumbList","@id":"http:\/\/hq-advisory.com\/blog\/sobre-arte-de-descobrir-aquilo-que-voce-nao-estava-procurando\/#breadcrumb","itemListElement":[{"@type":"ListItem","position":1,"name":"In\u00edcio","item":"http:\/\/hq-advisory.com\/en\/"},{"@type":"ListItem","position":2,"name":"BLOG","item":"http:\/\/hq-advisory.com\/blog\/"},{"@type":"ListItem","position":3,"name":"Sobre a arte de descobrir aquilo que voc\u00ea n\u00e3o estava procurando"}]},{"@type":"WebSite","@id":"http:\/\/hq-advisory.com\/en\/#website","url":"http:\/\/hq-advisory.com\/en\/","name":"HQ Advisory - The Innovation HeadQuarters","description":"A HQ Advisory oferece servi\u00e7os de valida\u00e7\u00e3o jur\u00eddica , prote\u00e7\u00e3o de propriedade Intelectual, registro de patentes e marcas, reda\u00e7\u00e3o de contratos, cursos e treinamentos. O Quartel General da Inova\u00e7\u00e3o","publisher":{"@id":"http:\/\/hq-advisory.com\/en\/#organization"},"potentialAction":[{"@type":"SearchAction","target":{"@type":"EntryPoint","urlTemplate":"http:\/\/hq-advisory.com\/en\/?s={search_term_string}"},"query-input":{"@type":"PropertyValueSpecification","valueRequired":true,"valueName":"search_term_string"}}],"inLanguage":"en-US"},{"@type":"Organization","@id":"http:\/\/hq-advisory.com\/en\/#organization","name":"HQ Advisory","url":"http:\/\/hq-advisory.com\/en\/","logo":{"@type":"ImageObject","inLanguage":"en-US","@id":"http:\/\/hq-advisory.com\/en\/#\/schema\/logo\/image\/","url":"http:\/\/hq-advisory.com\/wp-content\/uploads\/2016\/02\/hq-logo.png","contentUrl":"http:\/\/hq-advisory.com\/wp-content\/uploads\/2016\/02\/hq-logo.png","width":1252,"height":588,"caption":"HQ Advisory"},"image":{"@id":"http:\/\/hq-advisory.com\/en\/#\/schema\/logo\/image\/"},"sameAs":["https:\/\/www.facebook.com\/hqadvisory","https:\/\/www.instagram.com\/hq_advisory\/","https:\/\/www.linkedin.com\/company\/hq-advisory"]}]}},"jetpack_sharing_enabled":true,"jetpack_shortlink":"https:\/\/wp.me\/P7Gted-1D","_links":{"self":[{"href":"http:\/\/hq-advisory.com\/en\/wp-json\/wp\/v2\/pages\/101","targetHints":{"allow":["GET"]}}],"collection":[{"href":"http:\/\/hq-advisory.com\/en\/wp-json\/wp\/v2\/pages"}],"about":[{"href":"http:\/\/hq-advisory.com\/en\/wp-json\/wp\/v2\/types\/page"}],"author":[{"embeddable":true,"href":"http:\/\/hq-advisory.com\/en\/wp-json\/wp\/v2\/users\/1"}],"replies":[{"embeddable":true,"href":"http:\/\/hq-advisory.com\/en\/wp-json\/wp\/v2\/comments?post=101"}],"version-history":[{"count":7,"href":"http:\/\/hq-advisory.com\/en\/wp-json\/wp\/v2\/pages\/101\/revisions"}],"predecessor-version":[{"id":162,"href":"http:\/\/hq-advisory.com\/en\/wp-json\/wp\/v2\/pages\/101\/revisions\/162"}],"up":[{"embeddable":true,"href":"http:\/\/hq-advisory.com\/en\/wp-json\/wp\/v2\/pages\/69"}],"wp:attachment":[{"href":"http:\/\/hq-advisory.com\/en\/wp-json\/wp\/v2\/media?parent=101"}],"curies":[{"name":"wp","href":"https:\/\/api.w.org\/{rel}","templated":true}]}}